{"id":9847,"date":"2025-03-19T16:13:44","date_gmt":"2025-03-19T14:13:44","guid":{"rendered":"https:\/\/vitaminbutiken.multi.fi\/?post_type=product&#038;p=9847"},"modified":"2026-04-08T18:36:50","modified_gmt":"2026-04-08T16:36:50","slug":"kanelbark-extrakt-lamberts","status":"publish","type":"product","link":"https:\/\/vitaminbutiken.com\/en\/produkt\/kanelbark-extrakt-lamberts\/","title":{"rendered":"KANELBARK EXTRAKT &#8211; LAMBERTS"},"content":{"rendered":"<h5 class=\"page-title\">KANELBARK EXTRAKT &#8211; LAMBERTS<\/h5>\n<p>N\u00e4r Lamberts\u00ae anv\u00e4nder \u00f6rter och kryddor i kosttillskott ser de alltid till att anv\u00e4nda den mest potenta formen av det verksamma \u00e4mnet. Detta \u00e4r anledningen till att man i denna produkt anv\u00e4nder sig av kanelbarken till skillnad fr\u00e5n kaneloljan, eftersom det \u00e4r kanel barken som inneh\u00e5ller h\u00f6gsta halten kanel som anv\u00e4nts i olika studier. Lamberts har \u00e4ven anv\u00e4nt sig av samma kanel extrakt m\u00e4ngd som anv\u00e4nts i flera forskningstudier.<\/p>\n<div class=\"textToBottomArt\">Varje Lamberts Cinnamon (kanelbark) tablett inneh\u00e5ller 100mg kanelextrakt.<\/p>\n<p><strong> Dosering<\/strong>: 1 tablett dagligen i samband med m\u00e5ltid.<\/p>\n<table style=\"height: 80px;\" border=\"1\" width=\"621\" cellspacing=\"0\" cellpadding=\"0\">\n<tbody>\n<tr>\n<td valign=\"top\" width=\"30%\"><strong>1 tablett inneh\u00e5ller<\/strong><\/td>\n<td valign=\"top\" width=\"20%\"><strong> M\u00e4ngd<\/strong><\/td>\n<td valign=\"top\" width=\"30%\"><strong>%DRI*<\/strong><\/td>\n<\/tr>\n<tr>\n<td valign=\"top\" width=\"30%\">Kanelbark<br \/>\nTillhandah\u00e5lls av 100 mg av ett 25:1 extrakt<\/td>\n<td valign=\"top\" width=\"20%\">2500<\/td>\n<td valign=\"top\" width=\"20%\">**<\/td>\n<\/tr>\n<\/tbody>\n<\/table>\n<p><strong><em>*DRI (dagligt referensintag) ej fastst\u00e4llt.\u00a0<\/em><\/strong><\/p>\n<p><strong>Ingredienser<\/strong>: Fyllnadsmedel (kalciumkarbonat, cellulosa), kanelbarkextrakt (Cinnamomum cassia), tablettskal (polydextros,<br \/>\nkalciumkarbonat, hydroxypropylmetylcellulosa, f\u00e4rg: kopparklorofyllin), klumpf\u00f6rebyggande medel (kiseldioxid, stearinsyra, magnesiumsalter av fettsyror), tv\u00e4rbunden cellulosagummi.<\/p>\n<p>Ett dagligt intag av kosttillskott kan ibland f\u00f6rhindra att brist symptom uppst\u00e5r hos m\u00e4nniskor med ensidiga kostvanor, men tillskott kan aldrig ers\u00e4tta en varierad och balanserad kost.<br \/>\nProdukten f\u00f6rvaras o\u00e5tkomligt f\u00f6r sm\u00e5 barn.<\/p>\n<\/div>\n","protected":false},"excerpt":{"rendered":"<p>Lamberts Kanel \u00e4r ett kanel bark extrakt tillskott.<\/p>\n<p><strong>60 tabletter<\/strong><\/p>\n","protected":false},"featured_media":9932,"comment_status":"closed","ping_status":"closed","template":"","meta":{"_kad_blocks_custom_css":"","_kad_blocks_head_custom_js":"","_kad_blocks_body_custom_js":"","_kad_blocks_footer_custom_js":"","_kadence_starter_templates_imported_post":false,"_kad_post_transparent":"default","_kad_post_title":"","_kad_post_layout":"default","_kad_post_sidebar_id":"","_kad_post_content_style":"default","_kad_post_vertical_padding":"default","_kad_post_feature":"","_kad_post_feature_position":"","_kad_post_header":false,"_kad_post_footer":false,"_kad_post_classname":""},"product_brand":[],"product_cat":[1234,431,149],"product_tag":[2024,788,205,2025,1964,1969,1465,1507,1971,2026,2027,1986,2019,2006,1973,1995,1996,1515,2028],"class_list":{"0":"post-9847","1":"product","2":"type-product","3":"status-publish","4":"has-post-thumbnail","6":"product_cat-lamberts","7":"product_cat-mage-tarm","8":"product_cat-orter","9":"product_tag-2500-mg","10":"product_tag-antiinflammatorisk","11":"product_tag-antioxidant","12":"product_tag-aptitkontroll","13":"product_tag-blodsockerkontroll","14":"product_tag-glukosmetabolism","15":"product_tag-gmp-standard","16":"product_tag-hog-styrka","17":"product_tag-insulinresistens","18":"product_tag-kanel","19":"product_tag-kanelbarksextrakt","20":"product_tag-kardiovaskular-halsa","21":"product_tag-kolesterolbalans","22":"product_tag-matsmaltningshalsa","23":"product_tag-metabolisk-halsa","24":"product_tag-traditionell-medicin","25":"product_tag-vaxtbaserat","26":"product_tag-vegansk","27":"product_tag-viktkontroll","29":"first","30":"instock","31":"taxable","32":"shipping-taxable","33":"purchasable","34":"product-type-simple","35":"entry","36":"content-bg","37":"loop-entry"},"taxonomy_info":{"product_cat":[{"value":1234,"label":"Lamberts"},{"value":431,"label":"Mage &amp; Tarm"},{"value":149,"label":"\u00d6rter"}],"product_tag":[{"value":2024,"label":"2500 mg"},{"value":788,"label":"antiinflammatorisk"},{"value":205,"label":"antioxidant"},{"value":2025,"label":"aptitkontroll"},{"value":1964,"label":"blodsockerkontroll"},{"value":1969,"label":"glukosmetabolism"},{"value":1465,"label":"GMP-standard"},{"value":1507,"label":"h\u00f6g styrka"},{"value":1971,"label":"insulinresistens"},{"value":2026,"label":"kanel"},{"value":2027,"label":"kanelbarksextrakt"},{"value":1986,"label":"kardiovaskul\u00e4r h\u00e4lsa"},{"value":2019,"label":"kolesterolbalans"},{"value":2006,"label":"matsm\u00e4ltningsh\u00e4lsa"},{"value":1973,"label":"metabolisk h\u00e4lsa"},{"value":1995,"label":"traditionell medicin"},{"value":1996,"label":"v\u00e4xtbaserat"},{"value":1515,"label":"vegansk"},{"value":2028,"label":"viktkontroll"}]},"featured_image_src_large":["https:\/\/vitaminbutiken.com\/wp-content\/uploads\/2025\/03\/8572-60-Cinnamon-2500-mg-780x700.jpg",780,700,true],"author_info":[],"comment_info":0,"_links":{"self":[{"href":"https:\/\/vitaminbutiken.com\/en\/wp-json\/wp\/v2\/product\/9847","targetHints":{"allow":["GET"]}}],"collection":[{"href":"https:\/\/vitaminbutiken.com\/en\/wp-json\/wp\/v2\/product"}],"about":[{"href":"https:\/\/vitaminbutiken.com\/en\/wp-json\/wp\/v2\/types\/product"}],"replies":[{"embeddable":true,"href":"https:\/\/vitaminbutiken.com\/en\/wp-json\/wp\/v2\/comments?post=9847"}],"wp:featuredmedia":[{"embeddable":true,"href":"https:\/\/vitaminbutiken.com\/en\/wp-json\/wp\/v2\/media\/9932"}],"wp:attachment":[{"href":"https:\/\/vitaminbutiken.com\/en\/wp-json\/wp\/v2\/media?parent=9847"}],"wp:term":[{"taxonomy":"product_brand","embeddable":true,"href":"https:\/\/vitaminbutiken.com\/en\/wp-json\/wp\/v2\/product_brand?post=9847"},{"taxonomy":"product_cat","embeddable":true,"href":"https:\/\/vitaminbutiken.com\/en\/wp-json\/wp\/v2\/product_cat?post=9847"},{"taxonomy":"product_tag","embeddable":true,"href":"https:\/\/vitaminbutiken.com\/en\/wp-json\/wp\/v2\/product_tag?post=9847"}],"curies":[{"name":"wp","href":"https:\/\/api.w.org\/{rel}","templated":true}]}}