{"id":9846,"date":"2025-03-19T16:13:43","date_gmt":"2025-03-19T14:13:43","guid":{"rendered":"https:\/\/vitaminbutiken.multi.fi\/?post_type=product&#038;p=9846"},"modified":"2026-03-31T10:07:07","modified_gmt":"2026-03-31T08:07:07","slug":"maxi-hair-multivitamin-for-haret-hartillvaxt","status":"publish","type":"product","link":"https:\/\/vitaminbutiken.com\/en\/produkt\/maxi-hair-multivitamin-for-haret-hartillvaxt\/","title":{"rendered":"MAXI-HAIR (Multivitamin f\u00f6r h\u00e5ret\/h\u00e5rtillv\u00e4xt)"},"content":{"rendered":"<h5 class=\"page-title\"><span class=\"base\" data-ui-id=\"page-title-wrapper\">MAXI-HAIR (Multivitamin f\u00f6r h\u00e5ret\/h\u00e5rtillv\u00e4xt)<\/span><\/h5>\n<p>Friskt h\u00e5r \u00e4r ett yttre tecken p\u00e5 h\u00e4lsa, och denna produkt inneh\u00e5ller 23 viktiga mikron\u00e4rings\u00e4mnen f\u00f6r att hj\u00e4lpa dig att h\u00e5lla dig vid optimal h\u00e4lsa. Den inneh\u00e5ller en bra spridning av n\u00e4rings\u00e4mnen inklusive B-vitaminer och biotin som kan hj\u00e4lpa till att uppr\u00e4tth\u00e5lla frisk hud h\u00e5r och naglar.<\/p>\n<p>N\u00e4rings\u00e4mnena i Maxi-Hair\u00ae presenteras alla i betydande niv\u00e5er och s\u00e5 denna produkt kan anv\u00e4ndas som en komplett multi, och b\u00f6r ers\u00e4tta alla andra multi som tas. Faktum \u00e4r att niv\u00e5n av B-vitaminer och magnesium i Maxi-Hair\u00ae \u00f6verstiger m\u00e4ngderna som finns i typiska high street multis. Mineralet krom finns ocks\u00e5 p\u00e5 en h\u00f6g niv\u00e5 liksom vitamin D och folsyra.<\/p>\n<p><strong> Dosering<\/strong>: 1 tablett dagligen i samband med m\u00e5ltid<\/p>\n<table style=\"height: 80px;\" border=\"1\" width=\"621\" cellspacing=\"0\" cellpadding=\"0\">\n<tbody>\n<tr>\n<td valign=\"top\" width=\"30%\"><strong>1 tablett inneh\u00e5ller<\/strong><\/td>\n<td valign=\"top\" width=\"20%\"><strong> M\u00e4ngd<\/strong><\/td>\n<td valign=\"top\" width=\"30%\"><strong>%DRI*<\/strong><\/td>\n<\/tr>\n<tr>\n<td valign=\"top\" width=\"30%\">Vitamin D<\/td>\n<td valign=\"top\" width=\"20%\">10 \u00b5g<\/td>\n<td valign=\"top\" width=\"20%\">200 %<\/td>\n<\/tr>\n<tr>\n<td valign=\"top\" width=\"30%\">Vitamin E<\/td>\n<td valign=\"top\" width=\"20%\">10 mg a-TE<\/td>\n<td valign=\"top\" width=\"20%\">83 %<\/td>\n<\/tr>\n<tr>\n<td valign=\"top\" width=\"30%\">Vitamin K<\/td>\n<td valign=\"top\" width=\"20%\">70 \u00b5g<\/td>\n<td valign=\"top\" width=\"20%\">93 %<\/td>\n<\/tr>\n<tr>\n<td valign=\"top\" width=\"30%\">Vitamin C<\/td>\n<td valign=\"top\" width=\"20%\">80 mg<\/td>\n<td valign=\"top\" width=\"20%\">100 %<\/td>\n<\/tr>\n<tr>\n<td valign=\"top\" width=\"30%\">Tiamin (B1)<\/td>\n<td valign=\"top\" width=\"20%\">10 mg<\/td>\n<td valign=\"top\" width=\"20%\">910 %<\/td>\n<\/tr>\n<tr>\n<td valign=\"top\" width=\"30%\">Riboflavin (B2)<\/td>\n<td valign=\"top\" width=\"20%\">10 mg<\/td>\n<td valign=\"top\" width=\"20%\">714 %<\/td>\n<\/tr>\n<tr>\n<td valign=\"top\" width=\"30%\">Niasin (B3)<\/td>\n<td valign=\"top\" width=\"20%\">20 mg NE<\/td>\n<td valign=\"top\" width=\"20%\">125 %<\/td>\n<\/tr>\n<tr>\n<td valign=\"top\" width=\"30%\">Vitamin B6<\/td>\n<td valign=\"top\" width=\"20%\">10 mg<\/td>\n<td valign=\"top\" width=\"20%\">714 %<\/td>\n<\/tr>\n<tr>\n<td valign=\"top\" width=\"30%\">Folsyra<\/td>\n<td valign=\"top\" width=\"20%\">400 \u00b5g<\/td>\n<td valign=\"top\" width=\"20%\">200 %<\/td>\n<\/tr>\n<tr>\n<td valign=\"top\" width=\"30%\">Vitamin B12<\/td>\n<td valign=\"top\" width=\"20%\">6 \u00b5g<\/td>\n<td valign=\"top\" width=\"20%\">240 %<\/td>\n<\/tr>\n<tr>\n<td valign=\"top\" width=\"30%\">Biotin<\/td>\n<td valign=\"top\" width=\"20%\">350 \u00b5g<\/td>\n<td valign=\"top\" width=\"20%\">700 %<\/td>\n<\/tr>\n<tr>\n<td valign=\"top\" width=\"30%\">Pantotensyra<\/td>\n<td valign=\"top\" width=\"20%\">5 mg<\/td>\n<td valign=\"top\" width=\"20%\">83 %<\/td>\n<\/tr>\n<tr>\n<td valign=\"top\" width=\"30%\">Kalcium<\/td>\n<td valign=\"top\" width=\"20%\">120 mg<\/td>\n<td valign=\"top\" width=\"20%\">15 %<\/td>\n<\/tr>\n<tr>\n<td valign=\"top\" width=\"30%\">Magnesium<\/td>\n<td valign=\"top\" width=\"20%\">150 mg<\/td>\n<td valign=\"top\" width=\"20%\">40 %<\/td>\n<\/tr>\n<tr>\n<td valign=\"top\" width=\"30%\">J\u00e4rn<\/td>\n<td valign=\"top\" width=\"20%\">17 mg<\/td>\n<td valign=\"top\" width=\"20%\">121 %<\/td>\n<\/tr>\n<tr>\n<td valign=\"top\" width=\"30%\">Zink<\/td>\n<td valign=\"top\" width=\"20%\">15 mg<\/td>\n<td valign=\"top\" width=\"20%\">150 %<\/td>\n<\/tr>\n<tr>\n<td valign=\"top\" width=\"30%\">Koppar<\/td>\n<td valign=\"top\" width=\"20%\">1000 \u00b5g<\/td>\n<td valign=\"top\" width=\"20%\">100 %<\/td>\n<\/tr>\n<tr>\n<td valign=\"top\" width=\"30%\">Mangan<\/td>\n<td valign=\"top\" width=\"20%\">0,5 mg<\/td>\n<td valign=\"top\" width=\"20%\">25 %<\/td>\n<\/tr>\n<tr>\n<td valign=\"top\" width=\"30%\">Selen<\/td>\n<td valign=\"top\" width=\"20%\">100 \u00b5g<\/td>\n<td valign=\"top\" width=\"20%\">182 %<\/td>\n<\/tr>\n<tr>\n<td valign=\"top\" width=\"30%\">Krom<\/td>\n<td valign=\"top\" width=\"20%\">80\u00a0\u00b5g<\/td>\n<td valign=\"top\" width=\"20%\">200 %<\/td>\n<\/tr>\n<tr>\n<td valign=\"top\" width=\"30%\">Jod<\/td>\n<td valign=\"top\" width=\"20%\">150 \u00b5g<\/td>\n<td valign=\"top\" width=\"20%\">100 %<\/td>\n<\/tr>\n<tr>\n<td valign=\"top\" width=\"30%\">Kolin<\/td>\n<td valign=\"top\" width=\"20%\">5 mg<\/td>\n<td valign=\"top\" width=\"20%\">**<\/td>\n<\/tr>\n<tr>\n<td valign=\"top\" width=\"30%\">Inositol<\/td>\n<td valign=\"top\" width=\"20%\">5 mg<\/td>\n<td valign=\"top\" width=\"20%\">**<\/td>\n<\/tr>\n<\/tbody>\n<\/table>\n<p><strong><em>*DRI \u00e4r dagligt referensintag. **DRI ej fastst\u00e4llt.\u00a0<\/em><\/strong><\/p>\n<p><strong>Ingredienser:<\/strong> Kalciumkarbonat, fyllnadsmedel (cellulosa), magnesiumoxid, vitamin C (askorbinsyra), j\u00e4rn (j\u00e4rnfumarat), zinkcitrat,<br \/>\nklumpf\u00f6rebyggande medel (magnesiumsalter av fettsyror, kiseldioxid, stearinsyra), tablettskal (kalciumkarbonat, isomalt,<br \/>\nhydroxypropylmetylcellulosa, f\u00e4rg: j\u00e4rnoxider), vitamin E (dl-alfa-tokoferol acetat), niacin (nikotinamid), tiaminmononitrat,<br \/>\nvitamin B6 (pyridoxinhydroklorid), riboflavin, tv\u00e4rbundet cellulosagummi, pantotensyra (kalciumpantotenat), vitamin D3 (kolekalciferol),<br \/>\ninositol, kolinbitartrat, kopparsulfat, mangansulfat, vitamin K1 (fyllokinon), krompikolinat, vitamin B12 (cyanokobalamin), folsyra, biotin, selen (natriumselenit), kaliumjodid.<\/p>\n<p>Rekommenderad dos b\u00f6r ej \u00f6verskridas.<br \/>\nKosttillskott ers\u00e4tter inte en varierad kost.<br \/>\nProdukten f\u00f6rvaras o\u00e5tkomligt f\u00f6r sm\u00e5 barn.<br \/>\nRekommenderas inte till gravida eller ammande.<\/p>\n","protected":false},"excerpt":{"rendered":"<p>En omfattande multiformel som ger n\u00e4rings\u00e4mnen som \u00e4r relevanta f\u00f6r friskt h\u00e5r.<\/p>\n<p><strong>60 Tabletter<\/strong><\/p>\n","protected":false},"featured_media":9930,"comment_status":"closed","ping_status":"closed","template":"","meta":{"_kad_blocks_custom_css":"","_kad_blocks_head_custom_js":"","_kad_blocks_body_custom_js":"","_kad_blocks_footer_custom_js":"","_kadence_starter_templates_imported_post":false,"_kad_post_transparent":"default","_kad_post_title":"","_kad_post_layout":"default","_kad_post_sidebar_id":"","_kad_post_content_style":"default","_kad_post_vertical_padding":"default","_kad_post_feature":"","_kad_post_feature_position":"","_kad_post_header":false,"_kad_post_footer":false,"_kad_post_classname":""},"product_brand":[],"product_cat":[348,195,1234,2822,2806],"product_tag":[2023,205,673,477,1967,441,1447,1468,710,724,1096,486,1204,1126,866,287,1129,1974,1165,1472,497,500,1132,369,347,1137,1209,1210,1211,714,343],"class_list":{"0":"post-9846","1":"product","2":"type-product","3":"status-publish","4":"has-post-thumbnail","6":"product_cat-b-vitamin","7":"product_cat-hud-skonhet","8":"product_cat-lamberts","9":"product_cat-multi-produkter","10":"product_cat-multi-vitamin","11":"product_tag-25-mikronaringsamnen","12":"product_tag-antioxidant","13":"product_tag-b-vitaminer","14":"product_tag-biotin","15":"product_tag-energimetabolism","16":"product_tag-folsyra","17":"product_tag-harhalsa","18":"product_tag-hudhalsa","19":"product_tag-inositol","20":"product_tag-jarn","21":"product_tag-jod","22":"product_tag-kalcium","23":"product_tag-kolin","24":"product_tag-koppar","25":"product_tag-krom","26":"product_tag-magnesium","27":"product_tag-mangan","28":"product_tag-multimineral","29":"product_tag-multivitamin","30":"product_tag-nagelhalsa","31":"product_tag-niacin","32":"product_tag-pantotensyra","33":"product_tag-pyridoxin","34":"product_tag-riboflavin","35":"product_tag-selen","36":"product_tag-tiamin","37":"product_tag-vitamin-c","38":"product_tag-vitamin-d","39":"product_tag-vitamin-e","40":"product_tag-vitamin-k","41":"product_tag-zink","43":"first","44":"instock","45":"taxable","46":"shipping-taxable","47":"purchasable","48":"product-type-simple","49":"entry","50":"content-bg","51":"loop-entry"},"taxonomy_info":{"product_cat":[{"value":348,"label":"B-vitamin"},{"value":195,"label":"Hud &amp; Sk\u00f6nhet"},{"value":1234,"label":"Lamberts"},{"value":2822,"label":"Multi produkter"},{"value":2806,"label":"Multi-vitamin"}],"product_tag":[{"value":2023,"label":"25 mikron\u00e4rings\u00e4mnen"},{"value":205,"label":"antioxidant"},{"value":673,"label":"b-vitaminer"},{"value":477,"label":"Biotin"},{"value":1967,"label":"energimetabolism"},{"value":441,"label":"folsyra"},{"value":1447,"label":"H\u00e5rh\u00e4lsa"},{"value":1468,"label":"Hudh\u00e4lsa"},{"value":710,"label":"inositol"},{"value":724,"label":"j\u00e4rn"},{"value":1096,"label":"Jod"},{"value":486,"label":"Kalcium"},{"value":1204,"label":"Kolin"},{"value":1126,"label":"koppar"},{"value":866,"label":"Krom"},{"value":287,"label":"magnesium"},{"value":1129,"label":"Mangan"},{"value":1974,"label":"multimineral"},{"value":1165,"label":"multivitamin"},{"value":1472,"label":"nagelh\u00e4lsa"},{"value":497,"label":"Niacin"},{"value":500,"label":"Pantotensyra"},{"value":1132,"label":"pyridoxin"},{"value":369,"label":"riboflavin"},{"value":347,"label":"Selen"},{"value":1137,"label":"Tiamin"},{"value":1209,"label":"Vitamin C"},{"value":1210,"label":"vitamin d"},{"value":1211,"label":"Vitamin E"},{"value":714,"label":"vitamin K"},{"value":343,"label":"Zink"}]},"featured_image_src_large":["https:\/\/vitaminbutiken.com\/wp-content\/uploads\/2025\/03\/8446-Maxi-Hair-780x700.jpg",780,700,true],"author_info":[],"comment_info":0,"_links":{"self":[{"href":"https:\/\/vitaminbutiken.com\/en\/wp-json\/wp\/v2\/product\/9846","targetHints":{"allow":["GET"]}}],"collection":[{"href":"https:\/\/vitaminbutiken.com\/en\/wp-json\/wp\/v2\/product"}],"about":[{"href":"https:\/\/vitaminbutiken.com\/en\/wp-json\/wp\/v2\/types\/product"}],"replies":[{"embeddable":true,"href":"https:\/\/vitaminbutiken.com\/en\/wp-json\/wp\/v2\/comments?post=9846"}],"wp:featuredmedia":[{"embeddable":true,"href":"https:\/\/vitaminbutiken.com\/en\/wp-json\/wp\/v2\/media\/9930"}],"wp:attachment":[{"href":"https:\/\/vitaminbutiken.com\/en\/wp-json\/wp\/v2\/media?parent=9846"}],"wp:term":[{"taxonomy":"product_brand","embeddable":true,"href":"https:\/\/vitaminbutiken.com\/en\/wp-json\/wp\/v2\/product_brand?post=9846"},{"taxonomy":"product_cat","embeddable":true,"href":"https:\/\/vitaminbutiken.com\/en\/wp-json\/wp\/v2\/product_cat?post=9846"},{"taxonomy":"product_tag","embeddable":true,"href":"https:\/\/vitaminbutiken.com\/en\/wp-json\/wp\/v2\/product_tag?post=9846"}],"curies":[{"name":"wp","href":"https:\/\/api.w.org\/{rel}","templated":true}]}}