{"id":9845,"date":"2025-03-19T16:13:43","date_gmt":"2025-03-19T14:13:43","guid":{"rendered":"https:\/\/vitaminbutiken.multi.fi\/?post_type=product&#038;p=9845"},"modified":"2026-04-01T14:00:55","modified_gmt":"2026-04-01T12:00:55","slug":"koenzym-q10-lamberts","status":"publish","type":"product","link":"https:\/\/vitaminbutiken.com\/en\/produkt\/koenzym-q10-lamberts\/","title":{"rendered":"KOENZYM Q10 &#8211; Lamberts\u00a0"},"content":{"rendered":"<h4 class=\"page-title\"><span class=\"base\" data-ui-id=\"page-title-wrapper\">KOENZYM Q10 &#8211; Lamberts\u00a0<\/span><\/h4>\n<p>Koenzym Q10 tillh\u00f6r en grupp av substanser, ubikinoner, vilka kan syntetiseras endogent (d v s kroppen tillverkar dem sj\u00e4lv). Coenzym Q 10 \u00e4r ett \u00e4mne som f\u00f6rekommer \u00f6verallt i kroppens celler. De h\u00f6gsta koncentrationerna har p\u00e5visats i hj\u00e4rtmuskel, lever, binjurar och skelettmuskel. Hos m\u00e4nniska syntetiseras coenzym Q10 i alla celler fr\u00e5n tyrosin (eller fenylalanin) och mevalonat. Coenzym Q10 f\u00f6rekommer huvudsakligen i feta livsmedel som exempelvis vegetabiliska oljor, feta fiskar, k\u00f6tt och n\u00f6tter. I gr\u00f6nsaker har coenzym Q10 p\u00e5visats i t ex spenat och broccoli samt i cerealier i riskli och vetegroddar.<\/p>\n<p>Q10 \u00e4r \u00e4ven k\u00e4nt som ubikinon (eng. ubiquinone).\u00a0 Koenzym Q10 (f\u00f6rkortas ofta CoQ10) uppt\u00e4cktes i m\u00e4nniskan av Lamberts konsult Dr Len Mervyn. CoQ10 \u00e4r ett vitaminliknande \u00e4mne som finns inne i mitokondrierna i varje cell i kroppen. Det \u00e4r i mitokondrierna som ungef\u00e4r 50 procent av energin fr\u00e5n maten vi \u00e4ter utvinns. Q10 finns \u00e4ven i stor m\u00e4ngd i de organ som regenereras (v\u00e4vnaden oms\u00e4tts) ofta, till exempel tandk\u00f6ttet.<\/p>\n<p>CoQ10 finns i mat, framf\u00f6rallt in\u00e4lvsmat, men tillagning och processmetoder har en tendens att f\u00f6rst\u00f6ra det. Det tillverkas i kroppen men den tillverkningen minskar med \u00e5ldern. Som med alla n\u00e4rings\u00e4mnen \u00e4r absorptionen otroligt viktigt. V\u00e5r CoQ10 ges i en oljebaserad f\u00f6r att l\u00e4ttare absorberas.<\/p>\n<p><strong>F\u00f6rdelar med Lamberts Q10 100mg kapslar<\/strong><\/p>\n<ul>\n<li>Inneh\u00e5ller l\u00e4ttabsorberat koenzym Q10<\/li>\n<li>H\u00f6gkoncentrerad 100mg form<\/li>\n<li>Kapslarna \u00e4r l\u00e4tta att sv\u00e4lja\n<p><b>Dosering:<\/b>\u00a01 kapsel dagligen i samband med m\u00e5ltid.<\/p>\n<table style=\"height: 80px;\" border=\"1\" width=\"621\" cellspacing=\"0\" cellpadding=\"0\">\n<tbody>\n<tr>\n<td valign=\"top\" width=\"30%\"><strong>1 kapsel inneh\u00e5ller<\/strong><\/td>\n<td valign=\"top\" width=\"20%\"><strong> M\u00e4ngd<\/strong><\/td>\n<td valign=\"top\" width=\"30%\"><strong>%DRI*<\/strong><\/td>\n<\/tr>\n<tr>\n<td valign=\"top\" width=\"30%\">Koenzym Q10 (Ubikinon)<\/td>\n<td valign=\"top\" width=\"20%\">100 mg<\/td>\n<td valign=\"top\" width=\"20%\">**<\/td>\n<\/tr>\n<\/tbody>\n<\/table>\n<p><strong><em>*DRI (dagligt referensintag) ej fastst\u00e4llt.\u00a0<\/em><\/strong><\/p>\n<p><b>Ingredienser:<\/b>\u00a0Fyllnadsmedel (solrosolja), kapselh\u00f6lje (gelatin, glycerol), f\u00e4rg\u00e4mne (j\u00e4rnoxid), koenzym Q10 100mg, emulgeringmedel\u00a0 (solroslecitin, glycerylmonostearat).<\/p>\n<p>Rekommenderat intag b\u00f6r inte \u00f6verskridas.<br \/>\nKosttillskott b\u00f6r inte anv\u00e4ndas som alternativ till en varierad kost. Det \u00e4r viktigt med en m\u00e5ngsidig och balanserad kost och en h\u00e4lsosam livsstil.<br \/>\nF\u00f6rvaras o\u00e5tkomligt f\u00f6r sm\u00e5 barn<\/p>\n<p><b>Observera:<\/b> Rekommenderas inte till gravida eller ammande.<\/p>\n<p>Lamberts koenzym Q10 100mg kosttillskott \u00e4r tillverkad i Storbritannien enligt god livsmedelsstandard och kvalitetss\u00e4krad enligt ISO 9001:2008.<\/li>\n<\/ul>\n","protected":false},"excerpt":{"rendered":"<div class=\"product attribute overview\">\n<div class=\"value\">\n<p>Lamberts KOENZYM Q10 100mg \u00e4r ett coq10 kosttillskott. Koenzym kallas ocks\u00e5 f\u00f6r ubikinon och kan tas som kosttillskott dagligen.<\/p>\n<\/div>\n<\/div>\n<div class=\"product-add-form\"><\/div>\n<div class=\"product-social-links\"><strong>60 kapslar<\/strong><\/div>\n","protected":false},"featured_media":9928,"comment_status":"closed","ping_status":"closed","template":"","meta":{"_kad_blocks_custom_css":"","_kad_blocks_head_custom_js":"","_kad_blocks_body_custom_js":"","_kad_blocks_footer_custom_js":"","_kadence_starter_templates_imported_post":false,"_kad_post_transparent":"default","_kad_post_title":"","_kad_post_layout":"default","_kad_post_sidebar_id":"","_kad_post_content_style":"default","_kad_post_vertical_padding":"default","_kad_post_feature":"","_kad_post_feature_position":"","_kad_post_header":false,"_kad_post_footer":false,"_kad_post_classname":""},"product_brand":[],"product_cat":[176,1234,1393,278],"product_tag":[2015,205,1038,2016,2017,1584,2018,1465,1648,1467,1028,1880,2019,285,2020,1651,2021,2022,1475,1264],"class_list":{"0":"post-9845","1":"product","2":"type-product","3":"status-publish","4":"has-post-thumbnail","6":"product_cat-immunforsvar","7":"product_cat-lamberts","8":"product_cat-ovriga-kosttillskott","9":"product_cat-traning","10":"product_tag-aldrande","11":"product_tag-antioxidant","12":"product_tag-blodtryck","13":"product_tag-cellenergi","14":"product_tag-coq10","15":"product_tag-energiomsattning","16":"product_tag-fettloslig","17":"product_tag-gmp-standard","18":"product_tag-hjarthalsa","19":"product_tag-hog-biotillganglighet","20":"product_tag-immunforsvar","21":"product_tag-koenzym-q10","22":"product_tag-kolesterolbalans","23":"product_tag-kosttillskott","24":"product_tag-mitokondriell-funktion","25":"product_tag-muskelhalsa","26":"product_tag-ubiquinon","27":"product_tag-uthallighet","28":"product_tag-veganvanlig","29":"product_tag-vitalitet","31":"first","32":"instock","33":"taxable","34":"shipping-taxable","35":"purchasable","36":"product-type-simple","37":"entry","38":"content-bg","39":"loop-entry"},"taxonomy_info":{"product_cat":[{"value":176,"label":"Immunf\u00f6rsvar"},{"value":1234,"label":"Lamberts"},{"value":1393,"label":"\u00d6vriga kosttillskott"},{"value":278,"label":"Tr\u00e4ning"}],"product_tag":[{"value":2015,"label":"\u00e5ldrande"},{"value":205,"label":"antioxidant"},{"value":1038,"label":"blodtryck"},{"value":2016,"label":"cellenergi"},{"value":2017,"label":"CoQ10"},{"value":1584,"label":"Energioms\u00e4ttning"},{"value":2018,"label":"fettl\u00f6slig"},{"value":1465,"label":"GMP-standard"},{"value":1648,"label":"hj\u00e4rth\u00e4lsa"},{"value":1467,"label":"H\u00f6g biotillg\u00e4nglighet"},{"value":1028,"label":"immunf\u00f6rsvar"},{"value":1880,"label":"Koenzym Q10"},{"value":2019,"label":"kolesterolbalans"},{"value":285,"label":"kosttillskott"},{"value":2020,"label":"mitokondriell funktion"},{"value":1651,"label":"Muskelh\u00e4lsa"},{"value":2021,"label":"ubiquinon"},{"value":2022,"label":"uth\u00e5llighet"},{"value":1475,"label":"veganv\u00e4nlig"},{"value":1264,"label":"Vitalitet"}]},"featured_image_src_large":["https:\/\/vitaminbutiken.com\/wp-content\/uploads\/2025\/03\/8533-60-Co-Enzyme-Q10-100-mg-780x700.jpg",780,700,true],"author_info":[],"comment_info":0,"_links":{"self":[{"href":"https:\/\/vitaminbutiken.com\/en\/wp-json\/wp\/v2\/product\/9845","targetHints":{"allow":["GET"]}}],"collection":[{"href":"https:\/\/vitaminbutiken.com\/en\/wp-json\/wp\/v2\/product"}],"about":[{"href":"https:\/\/vitaminbutiken.com\/en\/wp-json\/wp\/v2\/types\/product"}],"replies":[{"embeddable":true,"href":"https:\/\/vitaminbutiken.com\/en\/wp-json\/wp\/v2\/comments?post=9845"}],"wp:featuredmedia":[{"embeddable":true,"href":"https:\/\/vitaminbutiken.com\/en\/wp-json\/wp\/v2\/media\/9928"}],"wp:attachment":[{"href":"https:\/\/vitaminbutiken.com\/en\/wp-json\/wp\/v2\/media?parent=9845"}],"wp:term":[{"taxonomy":"product_brand","embeddable":true,"href":"https:\/\/vitaminbutiken.com\/en\/wp-json\/wp\/v2\/product_brand?post=9845"},{"taxonomy":"product_cat","embeddable":true,"href":"https:\/\/vitaminbutiken.com\/en\/wp-json\/wp\/v2\/product_cat?post=9845"},{"taxonomy":"product_tag","embeddable":true,"href":"https:\/\/vitaminbutiken.com\/en\/wp-json\/wp\/v2\/product_tag?post=9845"}],"curies":[{"name":"wp","href":"https:\/\/api.w.org\/{rel}","templated":true}]}}