{"id":9844,"date":"2025-03-19T16:13:42","date_gmt":"2025-03-19T14:13:42","guid":{"rendered":"https:\/\/vitaminbutiken.multi.fi\/?post_type=product&#038;p=9844"},"modified":"2026-03-31T13:55:49","modified_gmt":"2026-03-31T11:55:49","slug":"probioguard-med-4-olika-stammar-av-goda-mjolksyra-bakterier","status":"publish","type":"product","link":"https:\/\/vitaminbutiken.com\/en\/produkt\/probioguard-med-4-olika-stammar-av-goda-mjolksyra-bakterier\/","title":{"rendered":"Probioguard (med 4 olika stammar av goda mj\u00f6lksyra bakterier)"},"content":{"rendered":"<h5 class=\"page-title\"><span class=\"base\" data-ui-id=\"page-title-wrapper\">Probioguard (med 4 olika stammar av goda mj\u00f6lksyra bakterier)<\/span><\/h5>\n<p>Lamberts \u00ae Probioguard \u2122 inneh\u00e5ller fyra noga utvalda stammar av s\u00e5 kallade goda mj\u00f6lksyrabakterier, acidophilus Lactobacillus, Bifidobacterium, Streptococcus thermophilus och Lactobacillus delbrueckii bulgaricus SSP.<\/p>\n<p>Dessa arter av goda bakterier \u00e4r s\u00e4rskilt utvalda f\u00f6r att anv\u00e4ndas vid resor, eftersom lokala r\u00e4tter kan uts\u00e4tta tarmen f\u00f6r nya utmaningar d\u00e4r olika bakteriestammar kan f\u00f6rekomma och detta kan oroa matsm\u00e4ltningen.<\/p>\n<p><strong>Dosering:<\/strong>\u00a02 kapslar dagligen eller enligt anvisningar fr\u00e5n terapeut. Ta helst med ett glas vatten det f\u00f6rsta du g\u00f6r p\u00e5 morgonen n\u00e4r pH-v\u00e4rdet i magen \u00e4r som h\u00f6gst (dvs inte s\u00e5 sur).<br \/>\nSv\u00e4lj inte kapslar med varma drycker, v\u00e4rme d\u00f6dar bakterier.<\/p>\n<p><strong>Inneh\u00e5ll per dagsdos 2 kapslar:<\/strong><br \/>\nBifidobakterier bifidus, Lactobacillus Acidophilus,<br \/>\nStreptococcus Thermophilus och Lactobacillus Delbrueckii),<br \/>\n4&#215;109 (4 miljarder levande bakterier*)<br \/>\n<em>*vid produktionstillf\u00e4llet.<\/em><\/p>\n<p><strong>Observera:<\/strong>\u00a0Rekommenderas inte till gravida eller ammande.<\/p>\n<p><strong>Ingredienser:<\/strong>\u00a0Bakteriekultur (som ger bifidobakterier bifidus, lactobacillus acidophilus, streptococcus thermophilus och lactobacillus delbrueckii). Kapselskal (Hydroxipropylmetylcellulosa), klumpf\u00f6rebyggande medel (stearinsyra).<\/p>\n<p>Tid f\u00f6r\u00a0kapseln att l\u00f6sas upp: Mindre \u00e4n 1 timma<\/p>\n<p>Kosttillskott b\u00f6r inte anv\u00e4ndas som alternativ till en varierad kost.<br \/>\nF\u00f6rvaras torrt i temperatur under 20 grader (helst i kylsk\u00e5p) och utom r\u00e4ckh\u00e5ll f\u00f6r barn.<\/p>\n","protected":false},"excerpt":{"rendered":"<p>Lamberts Probioguard \u00e4r ett kosttillskott med 4 olika stammar av goda\u00a0mj\u00f6lksyrabakterier i en och samma produkt. Produkten anv\u00e4nds ofta av m\u00e4nniskor f\u00f6r att \u00f6ka m\u00e4ngden goda bakterier i tarmfloran. Produkten inneh\u00e5ller: Lactobacillus acidophilus, Bifidobacterium, Streptococcus thermophilus and Lactobacillus delbrueckii ssp bulgaricus<\/p>\n<p><strong>60 kapslar<\/strong><\/p>\n","protected":false},"featured_media":9926,"comment_status":"closed","ping_status":"closed","template":"","meta":{"_kad_blocks_custom_css":"","_kad_blocks_head_custom_js":"","_kad_blocks_body_custom_js":"","_kad_blocks_footer_custom_js":"","_kadence_starter_templates_imported_post":false,"_kad_post_transparent":"default","_kad_post_title":"","_kad_post_layout":"default","_kad_post_sidebar_id":"","_kad_post_content_style":"default","_kad_post_vertical_padding":"default","_kad_post_feature":"","_kad_post_feature_position":"","_kad_post_header":false,"_kad_post_footer":false,"_kad_post_classname":""},"product_brand":[],"product_cat":[176,1234,431,2820],"product_tag":[1997,1998,1999,1506,2000,1028,2001,2002,2003,2004,2005,2006,2007,2008,2009,2010,2011,2012,2013,2014,1475,1930],"class_list":{"0":"post-9844","1":"product","2":"type-product","3":"status-publish","4":"has-post-thumbnail","6":"product_cat-immunforsvar","7":"product_cat-lamberts","8":"product_cat-mage-tarm","9":"product_cat-mjolksyrebakterier","10":"product_tag-4-miljarder-levande-bakterier","11":"product_tag-antibiotikabehandling","12":"product_tag-bifidobacterium-bifidum","13":"product_tag-dagligt-tillskott","14":"product_tag-fordrojd-frisattning","15":"product_tag-immunforsvar","16":"product_tag-kapslar","17":"product_tag-lactobacillus-acidophilus","18":"product_tag-lactobacillus-bulgaricus","19":"product_tag-lamberts","20":"product_tag-maghalsa","21":"product_tag-matsmaltningshalsa","22":"product_tag-mjolksyrabakterier","23":"product_tag-probioguard","24":"product_tag-probiotika","25":"product_tag-resor","26":"product_tag-sockerfri-diet","27":"product_tag-streptococcus-thermophilus","28":"product_tag-tarmbalans","29":"product_tag-tarmflora","30":"product_tag-veganvanlig","31":"product_tag-vegetabiliska-kapslar","33":"first","34":"instock","35":"taxable","36":"shipping-taxable","37":"purchasable","38":"product-type-simple","39":"entry","40":"content-bg","41":"loop-entry"},"taxonomy_info":{"product_cat":[{"value":176,"label":"Immunf\u00f6rsvar"},{"value":1234,"label":"Lamberts"},{"value":431,"label":"Mage &amp; Tarm"},{"value":2820,"label":"Mj\u00f6lksyrebakterier"}],"product_tag":[{"value":1997,"label":"4 miljarder levande bakterier"},{"value":1998,"label":"antibiotikabehandling"},{"value":1999,"label":"Bifidobacterium bifidum"},{"value":1506,"label":"Dagligt tillskott"},{"value":2000,"label":"f\u00f6rdr\u00f6jd fris\u00e4ttning"},{"value":1028,"label":"immunf\u00f6rsvar"},{"value":2001,"label":"kapslar"},{"value":2002,"label":"Lactobacillus acidophilus"},{"value":2003,"label":"Lactobacillus bulgaricus"},{"value":2004,"label":"Lamberts"},{"value":2005,"label":"magh\u00e4lsa"},{"value":2006,"label":"matsm\u00e4ltningsh\u00e4lsa"},{"value":2007,"label":"mj\u00f6lksyrabakterier"},{"value":2008,"label":"Probioguard"},{"value":2009,"label":"probiotika"},{"value":2010,"label":"resor"},{"value":2011,"label":"sockerfri diet"},{"value":2012,"label":"Streptococcus thermophilus"},{"value":2013,"label":"tarmbalans"},{"value":2014,"label":"tarmflora"},{"value":1475,"label":"veganv\u00e4nlig"},{"value":1930,"label":"Vegetabiliska kapslar"}]},"featured_image_src_large":["https:\/\/vitaminbutiken.com\/wp-content\/uploads\/2025\/03\/8419-60-Probioguard-1000x700.jpg",1000,700,true],"author_info":[],"comment_info":0,"_links":{"self":[{"href":"https:\/\/vitaminbutiken.com\/en\/wp-json\/wp\/v2\/product\/9844","targetHints":{"allow":["GET"]}}],"collection":[{"href":"https:\/\/vitaminbutiken.com\/en\/wp-json\/wp\/v2\/product"}],"about":[{"href":"https:\/\/vitaminbutiken.com\/en\/wp-json\/wp\/v2\/types\/product"}],"replies":[{"embeddable":true,"href":"https:\/\/vitaminbutiken.com\/en\/wp-json\/wp\/v2\/comments?post=9844"}],"wp:featuredmedia":[{"embeddable":true,"href":"https:\/\/vitaminbutiken.com\/en\/wp-json\/wp\/v2\/media\/9926"}],"wp:attachment":[{"href":"https:\/\/vitaminbutiken.com\/en\/wp-json\/wp\/v2\/media?parent=9844"}],"wp:term":[{"taxonomy":"product_brand","embeddable":true,"href":"https:\/\/vitaminbutiken.com\/en\/wp-json\/wp\/v2\/product_brand?post=9844"},{"taxonomy":"product_cat","embeddable":true,"href":"https:\/\/vitaminbutiken.com\/en\/wp-json\/wp\/v2\/product_cat?post=9844"},{"taxonomy":"product_tag","embeddable":true,"href":"https:\/\/vitaminbutiken.com\/en\/wp-json\/wp\/v2\/product_tag?post=9844"}],"curies":[{"name":"wp","href":"https:\/\/api.w.org\/{rel}","templated":true}]}}