{"id":9843,"date":"2025-03-19T16:13:42","date_gmt":"2025-03-19T14:13:42","guid":{"rendered":"https:\/\/vitaminbutiken.multi.fi\/?post_type=product&#038;p=9843"},"modified":"2026-04-03T10:25:17","modified_gmt":"2026-04-03T08:25:17","slug":"ingefara-kapslar-lamberts","status":"publish","type":"product","link":"https:\/\/vitaminbutiken.com\/en\/produkt\/ingefara-kapslar-lamberts\/","title":{"rendered":"Ingef\u00e4ra kapslar &#8211; Lamberts"},"content":{"rendered":"<h5 class=\"page-title\"><span class=\"base\" data-ui-id=\"page-title-wrapper\">Ingef\u00e4ra kapslar &#8211; Lamberts\u00a0<\/span><\/h5>\n<p>Ingef\u00e4ra, (Zingiber offi-cinale), h\u00e4rstammar fr\u00e5n Asien, d\u00e4r den \u00e4r en vanlig ingrediens i maten. Smaken \u00e4r het och angen\u00e4m. Roten anv\u00e4nds f\u00e4rsk, inlagd eller torkad. Vi t\u00e4nker oftast p\u00e5 ingef\u00e4ra som krydda i pepparkakor, men i det japanska k\u00f6ket \u00e4r ingef\u00e4ra ofta ett tillbeh\u00f6r till sushi, i kinesisk mat som krydda i gr\u00f6nsaksr\u00e4tter, k\u00f6tt-, f\u00e5gel-, och fiskr\u00e4tter och \u00e4ven i efterr\u00e4tter.<\/p>\n<p>Ingef\u00e4ran inneh\u00e5ller bl.a. flera sorters gineroler och \u00e4ven alkaloiden capsaicin, som ocks\u00e5 finns i chilipeppar. Gingerol \u00e4r ett \u00e4mne i ingef\u00e4ra och finns i ingef\u00e4rsroten. Inneh\u00e5llet varierar beroende p\u00e5 klimat och odlingsf\u00f6rh\u00e5llanden och f\u00f6r att alltid garantera konsumenterna r\u00e4tt m\u00e4ngda aktiva \u00e4mnen, framst\u00e4lls idag kapslar, med ett standardiserat extrakt.<\/p>\n<p>Lamberts Ingef\u00e4ra kosttillskott \u00e4r ett standardiserat extrakt med mycket h\u00f6g kvalitet.<\/p>\n<p><strong>Dosering:<\/strong> 1 kapsel dagligen i samband med m\u00e5ltid.<\/p>\n<table style=\"height: 80px;\" border=\"1\" width=\"621\" cellspacing=\"0\" cellpadding=\"0\">\n<tbody>\n<tr>\n<td valign=\"top\" width=\"30%\"><strong>1 kapsel inneh\u00e5ller<\/strong><\/td>\n<td valign=\"top\" width=\"20%\"><strong> M\u00e4ngd<\/strong><\/td>\n<td valign=\"top\" width=\"30%\"><strong>%DRI*<\/strong><\/td>\n<\/tr>\n<tr>\n<td valign=\"top\" width=\"30%\">F\u00e4rsk ingef\u00e4ra rot<br \/>\n(Tillhandah\u00e5lls av 120 mg av ett 120:1-extrakt)<\/td>\n<td valign=\"top\" width=\"20%\">14 400 mg<\/td>\n<td valign=\"top\" width=\"20%\">**<\/td>\n<\/tr>\n<\/tbody>\n<\/table>\n<p><strong><em>*DRI (dagligt referensintag) ej fastst\u00e4llt.\u00a0<\/em><\/strong><\/p>\n<p><strong>Ingredienser<\/strong>: Kapselskal (modifierad st\u00e4rkelse, glycerol, karragenan, f\u00e4rg: j\u00e4rnoxid, surhetsreglerande medel: natriumkarbonat), solrosfr\u00f6olja, ingef\u00e4ra rotextrakt (Zingiber officinale), klumpf\u00f6rebyggande medel (kiseldioxid).<\/p>\n<p>Rekommenderad dos b\u00f6r ej \u00f6verskridas.<br \/>\nKosttillskott ers\u00e4tter inte en varierad kost.<br \/>\nProdukten f\u00f6rvaras o\u00e5tkomligt f\u00f6r sm\u00e5 barn.<br \/>\nRekommenderas inte till gravida eller ammande.<\/p>\n","protected":false},"excerpt":{"rendered":"<p>Lamberts Ingef\u00e4ra \u00e4r ett ingef\u00e4ra rot kostillskott. Ingef\u00e4rskapslar \u00e4r ett kosttillskott av h\u00f6g kvalitet.<\/p>\n<p><strong>60 kapslar\u00a0<\/strong><\/p>\n","protected":false},"featured_media":9924,"comment_status":"closed","ping_status":"closed","template":"","meta":{"_kad_blocks_custom_css":"","_kad_blocks_head_custom_js":"","_kad_blocks_body_custom_js":"","_kad_blocks_footer_custom_js":"","_kadence_starter_templates_imported_post":false,"_kad_post_transparent":"default","_kad_post_title":"","_kad_post_layout":"default","_kad_post_sidebar_id":"","_kad_post_content_style":"default","_kad_post_vertical_padding":"default","_kad_post_feature":"","_kad_post_feature_position":"","_kad_post_header":false,"_kad_post_footer":false,"_kad_post_classname":""},"product_brand":[],"product_cat":[1234,149],"product_tag":[1990,1991,236,788,205,1992,1465,1467,523,1028,1118,1993,1622,1994,1995,1996,1515],"class_list":{"0":"post-9843","1":"product","2":"type-product","3":"status-publish","4":"has-post-thumbnail","6":"product_cat-lamberts","7":"product_cat-orter","8":"product_tag-120-mg-extrakt","9":"product_tag-24-mg-gingeroler","10":"product_tag-aksjuka","11":"product_tag-antiinflammatorisk","12":"product_tag-antioxidant","13":"product_tag-cirkulationsstod","14":"product_tag-gmp-standard","15":"product_tag-hog-biotillganglighet","16":"product_tag-illamaende","17":"product_tag-immunforsvar","18":"product_tag-ingefara","19":"product_tag-ingefarskapslar","20":"product_tag-ledhalsa","21":"product_tag-matsmaltningsstod","22":"product_tag-traditionell-medicin","23":"product_tag-vaxtbaserat","24":"product_tag-vegansk","26":"first","27":"instock","28":"taxable","29":"shipping-taxable","30":"purchasable","31":"product-type-simple","32":"entry","33":"content-bg","34":"loop-entry"},"taxonomy_info":{"product_cat":[{"value":1234,"label":"Lamberts"},{"value":149,"label":"\u00d6rter"}],"product_tag":[{"value":1990,"label":"120 mg extrakt"},{"value":1991,"label":"24 mg gingeroler"},{"value":236,"label":"\u00e5ksjuka"},{"value":788,"label":"antiinflammatorisk"},{"value":205,"label":"antioxidant"},{"value":1992,"label":"cirkulationsst\u00f6d"},{"value":1465,"label":"GMP-standard"},{"value":1467,"label":"H\u00f6g biotillg\u00e4nglighet"},{"value":523,"label":"Illam\u00e5ende"},{"value":1028,"label":"immunf\u00f6rsvar"},{"value":1118,"label":"ingef\u00e4ra"},{"value":1993,"label":"ingef\u00e4rskapslar"},{"value":1622,"label":"Ledh\u00e4lsa"},{"value":1994,"label":"matsm\u00e4ltningsst\u00f6d"},{"value":1995,"label":"traditionell medicin"},{"value":1996,"label":"v\u00e4xtbaserat"},{"value":1515,"label":"vegansk"}]},"featured_image_src_large":["https:\/\/vitaminbutiken.com\/wp-content\/uploads\/2025\/03\/8565-60-Ginger-Capsules-780x700.jpg",780,700,true],"author_info":[],"comment_info":0,"_links":{"self":[{"href":"https:\/\/vitaminbutiken.com\/en\/wp-json\/wp\/v2\/product\/9843","targetHints":{"allow":["GET"]}}],"collection":[{"href":"https:\/\/vitaminbutiken.com\/en\/wp-json\/wp\/v2\/product"}],"about":[{"href":"https:\/\/vitaminbutiken.com\/en\/wp-json\/wp\/v2\/types\/product"}],"replies":[{"embeddable":true,"href":"https:\/\/vitaminbutiken.com\/en\/wp-json\/wp\/v2\/comments?post=9843"}],"wp:featuredmedia":[{"embeddable":true,"href":"https:\/\/vitaminbutiken.com\/en\/wp-json\/wp\/v2\/media\/9924"}],"wp:attachment":[{"href":"https:\/\/vitaminbutiken.com\/en\/wp-json\/wp\/v2\/media?parent=9843"}],"wp:term":[{"taxonomy":"product_brand","embeddable":true,"href":"https:\/\/vitaminbutiken.com\/en\/wp-json\/wp\/v2\/product_brand?post=9843"},{"taxonomy":"product_cat","embeddable":true,"href":"https:\/\/vitaminbutiken.com\/en\/wp-json\/wp\/v2\/product_cat?post=9843"},{"taxonomy":"product_tag","embeddable":true,"href":"https:\/\/vitaminbutiken.com\/en\/wp-json\/wp\/v2\/product_tag?post=9843"}],"curies":[{"name":"wp","href":"https:\/\/api.w.org\/{rel}","templated":true}]}}