{"id":9842,"date":"2025-03-19T16:13:41","date_gmt":"2025-03-19T14:13:41","guid":{"rendered":"https:\/\/vitaminbutiken.multi.fi\/?post_type=product&#038;p=9842"},"modified":"2026-03-26T11:30:16","modified_gmt":"2026-03-26T10:30:16","slug":"quercetin-500mg-quercitin-bioflavonoider-kosttillskott","status":"publish","type":"product","link":"https:\/\/vitaminbutiken.com\/en\/produkt\/quercetin-500mg-quercitin-bioflavonoider-kosttillskott\/","title":{"rendered":"Quercetin 500mg (quercitin bioflavonoider kosttillskott)"},"content":{"rendered":"<h5 class=\"page-title\"><span class=\"base\" data-ui-id=\"page-title-wrapper\">Quercetin 500mg (quercitin bioflavonoider kosttillskott)<\/span><\/h5>\n<p><strong>Allm\u00e4n information om Quercetin (Dvs inte produkt specifik f\u00f6r Lamberts Quercetin 500mg kosttillskott)<\/strong><\/p>\n<p>Quercetin \u00e4r en av de mest aktiva bioflavonoiderna.<\/p>\n<p>I naturen finns Quercetin i mindre m\u00e4gder i m\u00e5nga frukter, gr\u00f6nsaker och v\u00e4xter, speciellt i bark, \u00e4pplen, l\u00f6k (speciellt r\u00f6dl\u00f6k) och i fruktskal. Det finns \u00e4ven quercetin i vindruvor, bl\u00e5b\u00e4r, te, broccoli och r\u00f6tt vin.<\/p>\n<p>Varje Lamberts Quercetin tablett ger hela 500mg quercetin. Detta motsvarar ungef\u00e4r Quercetin m\u00e4ngden som finns i 1 kg \u00e4pplen.<\/p>\n<p><strong>Dosering:<\/strong>\u00a01 tablett per dag med m\u00e5ltid.<\/p>\n<table style=\"height: 80px;\" border=\"1\" width=\"621\" cellspacing=\"0\" cellpadding=\"0\">\n<tbody>\n<tr>\n<td valign=\"top\" width=\"30%\"><strong>1 tablett inneh\u00e5ller<\/strong><\/td>\n<td valign=\"top\" width=\"20%\"><strong> M\u00e4ngd<\/strong><\/td>\n<td valign=\"top\" width=\"30%\"><strong>%DRI*<\/strong><\/td>\n<\/tr>\n<tr>\n<td valign=\"top\" width=\"30%\">Quercetin<\/td>\n<td valign=\"top\" width=\"20%\">500 mg<\/td>\n<td valign=\"top\" width=\"20%\">**<\/td>\n<\/tr>\n<\/tbody>\n<\/table>\n<p><strong><em>*DRI (dagligt referensintag) ej fastst\u00e4llt.\u00a0<\/em><\/strong><\/p>\n<p><strong>Ingredienser<\/strong>: Quercetin-dihydrat, kalciumkarbonat, cellulosa, klumpf\u00f6rebyggande medel (stearinsyra, kiseldioxid, magnesiumsalter av fettsyror), tablettskal (hydroxypropylmetylcellulosa, glycerin), tv\u00e4rbundet cellulosagummi.<\/p>\n<p>Rekommenderas inte tille gravida eller ammande.<br \/>\nRekommenderad dos b\u00f6r ej \u00f6verskridas.<br \/>\nProdukten f\u00f6rvaras o\u00e5tkomligt f\u00f6r sm\u00e5 barn.<\/p>\n<p>Ett dagligt intag av quercetin kosttillskott kan ibland vara l\u00e4mpligt hos m\u00e4nniskor med ensidiga kostvanor d\u00e4r quercetin rika \u00e4mnen inte intas regelbundet via kosten.<br \/>\nQuercetin kosttillskott tillskott kan dock aldrig\u00a0ers\u00e4tta en varierad och balanserad kost.<\/p>\n","protected":false},"excerpt":{"rendered":"<p>Lamberts Quercetin 500 mg \u00e4r ett bioflavonoid antioxidant kosttillskott.<\/p>\n<p><strong>60 tabletter<\/strong><\/p>\n","protected":false},"featured_media":9914,"comment_status":"closed","ping_status":"closed","template":"","meta":{"_kad_blocks_custom_css":"","_kad_blocks_head_custom_js":"","_kad_blocks_body_custom_js":"","_kad_blocks_footer_custom_js":"","_kadence_starter_templates_imported_post":false,"_kad_post_transparent":"default","_kad_post_title":"","_kad_post_layout":"default","_kad_post_sidebar_id":"","_kad_post_content_style":"default","_kad_post_vertical_padding":"default","_kad_post_feature":"","_kad_post_feature_position":"","_kad_post_header":false,"_kad_post_footer":false,"_kad_post_classname":""},"product_brand":[],"product_cat":[176,1234,1393],"product_tag":[1461,1984,1415,1217,788,159,1985,1548,1647,1465,1466,1467,1028,1986,1987,1219,1962,1988,1989,1475],"class_list":{"0":"post-9842","1":"product","2":"type-product","3":"status-publish","4":"has-post-thumbnail","6":"product_cat-immunforsvar","7":"product_cat-lamberts","8":"product_cat-ovriga-kosttillskott","9":"product_tag-500-mg","10":"product_tag-allergistod","11":"product_tag-anti-aging","12":"product_tag-antihistamin","13":"product_tag-antiinflammatorisk","14":"product_tag-aterhamtning","15":"product_tag-bioflavonoid","16":"product_tag-cellskydd","17":"product_tag-energiproduktion","18":"product_tag-gmp-standard","19":"product_tag-histaminreglering","20":"product_tag-hog-biotillganglighet","21":"product_tag-immunforsvar","22":"product_tag-kardiovaskular-halsa","23":"product_tag-naturlig-antioxidant","24":"product_tag-quercetin","25":"product_tag-traningsstod","26":"product_tag-vaxtbaserad","27":"product_tag-vaxtextrakt","28":"product_tag-veganvanlig","30":"first","31":"instock","32":"taxable","33":"shipping-taxable","34":"purchasable","35":"product-type-simple","36":"entry","37":"content-bg","38":"loop-entry"},"taxonomy_info":{"product_cat":[{"value":176,"label":"Immunf\u00f6rsvar"},{"value":1234,"label":"Lamberts"},{"value":1393,"label":"\u00d6vriga kosttillskott"}],"product_tag":[{"value":1461,"label":"500 mg"},{"value":1984,"label":"allergist\u00f6d"},{"value":1415,"label":"Anti-aging"},{"value":1217,"label":"antihistamin"},{"value":788,"label":"antiinflammatorisk"},{"value":159,"label":"\u00e5terh\u00e4mtning"},{"value":1985,"label":"bioflavonoid"},{"value":1548,"label":"Cellskydd"},{"value":1647,"label":"energiproduktion"},{"value":1465,"label":"GMP-standard"},{"value":1466,"label":"histaminreglering"},{"value":1467,"label":"H\u00f6g biotillg\u00e4nglighet"},{"value":1028,"label":"immunf\u00f6rsvar"},{"value":1986,"label":"kardiovaskul\u00e4r h\u00e4lsa"},{"value":1987,"label":"naturlig antioxidant"},{"value":1219,"label":"Quercetin"},{"value":1962,"label":"tr\u00e4ningsst\u00f6d"},{"value":1988,"label":"v\u00e4xtbaserad"},{"value":1989,"label":"v\u00e4xtextrakt"},{"value":1475,"label":"veganv\u00e4nlig"}]},"featured_image_src_large":["https:\/\/vitaminbutiken.com\/wp-content\/uploads\/2025\/03\/8523-60-Quercetin-500-mg-780x700.jpg",780,700,true],"author_info":[],"comment_info":0,"_links":{"self":[{"href":"https:\/\/vitaminbutiken.com\/en\/wp-json\/wp\/v2\/product\/9842","targetHints":{"allow":["GET"]}}],"collection":[{"href":"https:\/\/vitaminbutiken.com\/en\/wp-json\/wp\/v2\/product"}],"about":[{"href":"https:\/\/vitaminbutiken.com\/en\/wp-json\/wp\/v2\/types\/product"}],"replies":[{"embeddable":true,"href":"https:\/\/vitaminbutiken.com\/en\/wp-json\/wp\/v2\/comments?post=9842"}],"wp:featuredmedia":[{"embeddable":true,"href":"https:\/\/vitaminbutiken.com\/en\/wp-json\/wp\/v2\/media\/9914"}],"wp:attachment":[{"href":"https:\/\/vitaminbutiken.com\/en\/wp-json\/wp\/v2\/media?parent=9842"}],"wp:term":[{"taxonomy":"product_brand","embeddable":true,"href":"https:\/\/vitaminbutiken.com\/en\/wp-json\/wp\/v2\/product_brand?post=9842"},{"taxonomy":"product_cat","embeddable":true,"href":"https:\/\/vitaminbutiken.com\/en\/wp-json\/wp\/v2\/product_cat?post=9842"},{"taxonomy":"product_tag","embeddable":true,"href":"https:\/\/vitaminbutiken.com\/en\/wp-json\/wp\/v2\/product_tag?post=9842"}],"curies":[{"name":"wp","href":"https:\/\/api.w.org\/{rel}","templated":true}]}}