{"id":9827,"date":"2025-03-19T16:13:12","date_gmt":"2025-03-19T14:13:12","guid":{"rendered":"https:\/\/vitaminbutiken.multi.fi\/?post_type=product&#038;p=9827"},"modified":"2026-03-30T00:50:34","modified_gmt":"2026-03-29T22:50:34","slug":"l-ornitin-hydroklorid-500mg","status":"publish","type":"product","link":"https:\/\/vitaminbutiken.com\/en\/produkt\/l-ornitin-hydroklorid-500mg\/","title":{"rendered":"L-Ornitin HCl 500mg &#8211; Lamberts"},"content":{"rendered":"<p data-start=\"132\" data-end=\"184\"><strong data-start=\"135\" data-end=\"182\">L-Ornitin HCl 500 mg (Free Form) \u2013 Lamberts<\/strong><\/p>\n<p data-start=\"185\" data-end=\"209\">Ren aminosyra i fri form<\/p>\n<p data-start=\"211\" data-end=\"472\">Lamberts L-Ornitin HCl 500 mg \u00e4r ett h\u00f6gkvalitativt kosttillskott som inneh\u00e5ller L-ornitin i fri form (free form). Det inneb\u00e4r att aminosyran inte \u00e4r bunden till protein och d\u00e4rf\u00f6r \u00e4r redo att absorberas utan att f\u00f6rst beh\u00f6va brytas ned av matsm\u00e4ltningsenzymer.<\/p>\n<p data-start=\"474\" data-end=\"603\">Varje kapsel ger 500 mg L-ornitin hydroklorid (HCl), en stabil och v\u00e4lupptaglig form som anv\u00e4nds i kosttillskott av h\u00f6g kvalitet.<\/p>\n<div data-start=\"610\" data-end=\"635\"><strong data-start=\"614\" data-end=\"635\">Vad \u00e4r L-ornitin?<\/strong><\/div>\n<p data-start=\"637\" data-end=\"809\">L-ornitin \u00e4r en aminosyraliknande f\u00f6rening som bildas i kroppen fr\u00e5n aminosyran arginin. Den f\u00f6rekommer naturligt i kroppen och \u00e4r involverad i flera metaboliska processer.<\/p>\n<p data-start=\"811\" data-end=\"1030\">\n<div data-start=\"1037\" data-end=\"1075\"><strong data-start=\"1041\" data-end=\"1075\">Free Form \u2013 direkt tillg\u00e4nglig<\/strong><\/div>\n<p data-start=\"1077\" data-end=\"1105\">Den fria formen inneb\u00e4r att:<\/p>\n<ul data-start=\"1107\" data-end=\"1234\">\n<li data-start=\"1107\" data-end=\"1149\">\n<p data-start=\"1109\" data-end=\"1149\">aminosyran inte \u00e4r bunden till protein<\/p>\n<\/li>\n<li data-start=\"1150\" data-end=\"1200\">\n<p data-start=\"1152\" data-end=\"1200\">den inte beh\u00f6ver spj\u00e4lkas under matsm\u00e4ltningen<\/p>\n<\/li>\n<li data-start=\"1201\" data-end=\"1234\">\n<p data-start=\"1203\" data-end=\"1234\">kroppen kan ta upp den direkt<\/p>\n<\/li>\n<\/ul>\n<p data-start=\"1236\" data-end=\"1374\">Detta g\u00f6r produkten s\u00e4rskilt l\u00e4mplig f\u00f6r personer som vill ha ett rent och l\u00e4ttillg\u00e4ngligt aminosyratillskott i kapsel- eller tablettform.<\/p>\n<div data-start=\"1381\" data-end=\"1424\"><strong data-start=\"1385\" data-end=\"1424\">500 mg per kapsel \u2013 praktisk styrka<\/strong><\/div>\n<p data-start=\"1426\" data-end=\"1599\">Varje kapsel inneh\u00e5ller 500 mg L-ornitin HCl, vilket ger en effektiv och praktisk dos i en smidig kapsel.<\/p>\n<p data-start=\"1601\" data-end=\"1718\">\n<div data-start=\"1725\" data-end=\"1752\"><strong data-start=\"1729\" data-end=\"1752\">Renhet och kvalitet<\/strong><\/div>\n<p data-start=\"1754\" data-end=\"1958\">Lamberts \u00e4r k\u00e4nt f\u00f6r sina h\u00f6ga kvalitetsstandarder och noggrant utvalda r\u00e5varor. L-Ornitin HCl 500 mg tillverkas i Storbritannien enligt strikta farmaceutiska GMP-standarder (Good Manufacturing Practice).<\/p>\n<p data-start=\"1960\" data-end=\"1979\">Detta s\u00e4kerst\u00e4ller:<\/p>\n<ul data-start=\"1981\" data-end=\"2080\">\n<li data-start=\"1981\" data-end=\"2020\">\n<p data-start=\"1983\" data-end=\"2020\">noggrant kontrollerade ingredienser<\/p>\n<\/li>\n<li data-start=\"2021\" data-end=\"2050\">\n<p data-start=\"2023\" data-end=\"2050\">korrekt och j\u00e4mn dosering<\/p>\n<\/li>\n<li data-start=\"2051\" data-end=\"2080\">\n<p data-start=\"2053\" data-end=\"2080\">h\u00f6g renhet och stabilitet<\/p>\n<\/li>\n<\/ul>\n<p data-start=\"2082\" data-end=\"2158\">Produkten \u00e4r utvecklad med fokus p\u00e5 kvalitet, s\u00e4kerhet och tillf\u00f6rlitlighet.<\/p>\n<div data-start=\"2165\" data-end=\"2202\"><strong data-start=\"2169\" data-end=\"2202\">F\u00f6r vem passar L-Ornitin HCl?<\/strong><\/div>\n<p data-start=\"2204\" data-end=\"2245\">Produkten kan vara s\u00e4rskilt relevant f\u00f6r:<\/p>\n<ul data-start=\"2247\" data-end=\"2451\">\n<li data-start=\"2247\" data-end=\"2305\">\n<p data-start=\"2249\" data-end=\"2305\">personer som vill komplettera sitt intag av aminosyror<\/p>\n<\/li>\n<li data-start=\"2306\" data-end=\"2337\">\n<p data-start=\"2308\" data-end=\"2337\">personer med aktiv livsstil<\/p>\n<\/li>\n<li data-start=\"2338\" data-end=\"2373\">\n<p data-start=\"2340\" data-end=\"2373\">personer som tr\u00e4nar regelbundet<\/p>\n<\/li>\n<li data-start=\"2374\" data-end=\"2422\">\n<p data-start=\"2376\" data-end=\"2422\">personer som f\u00f6redrar kapslar framf\u00f6r pulver<\/p>\n<\/li>\n<li data-start=\"2423\" data-end=\"2451\">\n<p data-start=\"2425\" data-end=\"2451\">vegetarianer och veganer<\/p>\n<\/li>\n<\/ul>\n<p><strong>Dosering:<\/strong> 1 till\u00a03 kapslar dagligen med vatten eller juice. Aminosyror tas b\u00e4st upp i kroppen om de intas 1\/2 timme innan m\u00e5ltid eller vid s\u00e4ngg\u00e5ende p\u00e5 kv\u00e4llen.<\/p>\n<table style=\"height: 80px;\" border=\"1\" width=\"621\" cellspacing=\"0\" cellpadding=\"0\">\n<tbody>\n<tr>\n<td valign=\"top\" width=\"30%\"><strong>1 kapsel inneh\u00e5ller<\/strong><\/td>\n<td valign=\"top\" width=\"20%\"><strong> M\u00e4ngd<\/strong><\/td>\n<td valign=\"top\" width=\"30%\"><strong>%DRI*<\/strong><\/td>\n<\/tr>\n<tr>\n<td valign=\"top\" width=\"30%\">L-Ornitin<\/td>\n<td valign=\"top\" width=\"20%\">500 mg<\/td>\n<td valign=\"top\" width=\"20%\">**<\/td>\n<\/tr>\n<\/tbody>\n<\/table>\n<p><strong><em>*DRI (dagligt referensintag) ej fastst\u00e4llt.\u00a0<\/em><\/strong><\/p>\n<p><strong>Ingredienser:<\/strong> Ornitinhydroklorid, kapselskal (hydroxypropylmetylcellulosa), mikrokristallin cellulosa, silikondioxid, magnesiumsalter av fettsyror.<\/p>\n<p>Rekommenderat dagligt intag b\u00f6r inte \u00f6verskridas.<br \/>\nKosttillskott b\u00f6r inte anv\u00e4ndas som alternativ till en varierad kost. Det \u00e4r viktigt med en m\u00e5ngsidig och balanserad kost och h\u00e4lsosam livsstil.<br \/>\nF\u00f6rvaras o\u00e5tkomligt f\u00f6r sm\u00e5 barn.<br \/>\nRekommenderas inte till gravida och ammande.<\/p>\n<p>F\u00f6rvaras torrt i rumstemperatur.<\/p>\n<p>L\u00e4mplig f\u00f6r vegetarianer\/veganer.<\/p>\n","protected":false},"excerpt":{"rendered":"<p>L-Ornitin HCl 500 mg fr\u00e5n Lamberts \u00e4r ett h\u00f6gkvalitativt tillskott av en aminosyraliknande f\u00f6rening i fri form. Med 500 mg per kapsel erbjuder produkten en praktisk och l\u00e4ttillg\u00e4nglig l\u00f6sning f\u00f6r dagligt bruk, tillverkad enligt h\u00f6ga kvalitetsstandarder.<\/p>\n<p><strong>60 kapslar<\/strong><\/p>\n","protected":false},"featured_media":9906,"comment_status":"closed","ping_status":"closed","template":"","meta":{"_kad_blocks_custom_css":"","_kad_blocks_head_custom_js":"","_kad_blocks_body_custom_js":"","_kad_blocks_footer_custom_js":"","_kadence_starter_templates_imported_post":false,"_kad_post_transparent":"default","_kad_post_title":"","_kad_post_layout":"default","_kad_post_sidebar_id":"","_kad_post_content_style":"default","_kad_post_vertical_padding":"default","_kad_post_feature":"","_kad_post_feature_position":"","_kad_post_header":false,"_kad_post_footer":false,"_kad_post_classname":""},"product_brand":[],"product_cat":[337,1234],"product_tag":[1461,564,159,691,1647,1464,1465,1028,1953,1954,1955,1956,1957,1958,1959,1960,1961,1962,1963,1515],"class_list":{"0":"post-9827","1":"product","2":"type-product","3":"status-publish","4":"has-post-thumbnail","6":"product_cat-aminosyror","7":"product_cat-lamberts","8":"product_tag-500-mg","9":"product_tag-aminosyra","10":"product_tag-aterhamtning","11":"product_tag-avgiftning","12":"product_tag-energiproduktion","13":"product_tag-fri-form","14":"product_tag-gmp-standard","15":"product_tag-immunforsvar","16":"product_tag-kvavebalans","17":"product_tag-l-ornithine","18":"product_tag-leverfunktion","19":"product_tag-maximal-absorption","20":"product_tag-muskelaterhamtning","21":"product_tag-muskelbyggnad","22":"product_tag-prestationsformaga","23":"product_tag-proteinsyntes","24":"product_tag-tillvaxthormon","25":"product_tag-traningsstod","26":"product_tag-urea-cykel","27":"product_tag-vegansk","29":"first","30":"instock","31":"taxable","32":"shipping-taxable","33":"purchasable","34":"product-type-simple","35":"entry","36":"content-bg","37":"loop-entry"},"taxonomy_info":{"product_cat":[{"value":337,"label":"Aminosyror"},{"value":1234,"label":"Lamberts"}],"product_tag":[{"value":1461,"label":"500 mg"},{"value":564,"label":"aminosyra"},{"value":159,"label":"\u00e5terh\u00e4mtning"},{"value":691,"label":"avgiftning"},{"value":1647,"label":"energiproduktion"},{"value":1464,"label":"fri form"},{"value":1465,"label":"GMP-standard"},{"value":1028,"label":"immunf\u00f6rsvar"},{"value":1953,"label":"kv\u00e4vebalans"},{"value":1954,"label":"L-Ornithine"},{"value":1955,"label":"leverfunktion"},{"value":1956,"label":"maximal absorption"},{"value":1957,"label":"muskel\u00e5terh\u00e4mtning"},{"value":1958,"label":"muskelbyggnad"},{"value":1959,"label":"prestationsf\u00f6rm\u00e5ga"},{"value":1960,"label":"proteinsyntes"},{"value":1961,"label":"tillv\u00e4xthormon"},{"value":1962,"label":"tr\u00e4ningsst\u00f6d"},{"value":1963,"label":"urea-cykel"},{"value":1515,"label":"vegansk"}]},"featured_image_src_large":["https:\/\/vitaminbutiken.com\/wp-content\/uploads\/2025\/03\/8319-60-L-Ornithine-HCl-780x700.jpg",780,700,true],"author_info":[],"comment_info":0,"_links":{"self":[{"href":"https:\/\/vitaminbutiken.com\/en\/wp-json\/wp\/v2\/product\/9827","targetHints":{"allow":["GET"]}}],"collection":[{"href":"https:\/\/vitaminbutiken.com\/en\/wp-json\/wp\/v2\/product"}],"about":[{"href":"https:\/\/vitaminbutiken.com\/en\/wp-json\/wp\/v2\/types\/product"}],"replies":[{"embeddable":true,"href":"https:\/\/vitaminbutiken.com\/en\/wp-json\/wp\/v2\/comments?post=9827"}],"wp:featuredmedia":[{"embeddable":true,"href":"https:\/\/vitaminbutiken.com\/en\/wp-json\/wp\/v2\/media\/9906"}],"wp:attachment":[{"href":"https:\/\/vitaminbutiken.com\/en\/wp-json\/wp\/v2\/media?parent=9827"}],"wp:term":[{"taxonomy":"product_brand","embeddable":true,"href":"https:\/\/vitaminbutiken.com\/en\/wp-json\/wp\/v2\/product_brand?post=9827"},{"taxonomy":"product_cat","embeddable":true,"href":"https:\/\/vitaminbutiken.com\/en\/wp-json\/wp\/v2\/product_cat?post=9827"},{"taxonomy":"product_tag","embeddable":true,"href":"https:\/\/vitaminbutiken.com\/en\/wp-json\/wp\/v2\/product_tag?post=9827"}],"curies":[{"name":"wp","href":"https:\/\/api.w.org\/{rel}","templated":true}]}}