{"id":9826,"date":"2025-03-19T16:13:11","date_gmt":"2025-03-19T14:13:11","guid":{"rendered":"https:\/\/vitaminbutiken.multi.fi\/?post_type=product&#038;p=9826"},"modified":"2026-04-08T15:12:17","modified_gmt":"2026-04-08T13:12:17","slug":"neuro-logical-plus","status":"publish","type":"product","link":"https:\/\/vitaminbutiken.com\/en\/produkt\/neuro-logical-plus\/","title":{"rendered":"Neuro-Logical PLUS"},"content":{"rendered":"<p><strong>Neuro-Logical PLUS &#8211; Lamberts\u00a0<\/strong><\/p>\n<ul>\n<li>Neuro-Logical PLUS anv\u00e4nder PEA av h\u00f6gsta kvalitet (OptiPEA\u00ae)<\/li>\n<li>Dubbla dosen PEA j\u00e4mf\u00f6rt med v\u00e5r ursprungliga neurologiska formel<\/li>\n<li>OptiPEA\u00ae kommer fr\u00e5n h\u00e5llbart och tillverkas helt i Europa med en patenterad produktionsprocess<\/li>\n<li>Effekten av PEA har visats i flera kliniska pr\u00f6vningar<\/li>\n<li>Palmitoyletanolamid kan produceras i n\u00e4stan varje cell genom on-demand-syntes vid behov och dess produktion \u00f6kar naturligt i situationer d\u00e4r celler eller v\u00e4vnader skadas<\/li>\n<li>Med vitamin B1, B6 och B12, som bidrar till normala neurologiska och psykologiska funktioner.<\/li>\n<\/ul>\n<p>Lamberts\u00ae Neuro-Logical PLUS anv\u00e4nder palmitoyletanolamid av h\u00f6gsta kvalitet, annars k\u00e4nd som PEA (OptiPEA\u00ae), f\u00f6rst\u00e4rkt med vitamin B1, B6 och B12 som \u00e4r k\u00e4nda f\u00f6r att st\u00f6dja normala neurologiska och psykologiska funktioner.<\/p>\n<p><strong>Dosering<\/strong>: 1 kapsel 2 g\u00e5nger per dag i samband med m\u00e5ltid.<\/p>\n<table style=\"height: 80px;\" border=\"1\" width=\"621\" cellspacing=\"0\" cellpadding=\"0\">\n<tbody>\n<tr>\n<td valign=\"top\" width=\"30%\"><strong>1 kapsel inneh\u00e5ller<\/strong><\/td>\n<td valign=\"top\" width=\"20%\"><strong> M\u00e4ngd<\/strong><\/td>\n<td valign=\"top\" width=\"30%\"><strong>%DRI*<\/strong><\/td>\n<\/tr>\n<tr>\n<td valign=\"top\" width=\"30%\">Palmityletanolamid<\/td>\n<td valign=\"top\" width=\"20%\">400 mg<\/td>\n<td valign=\"top\" width=\"20%\">**<\/td>\n<\/tr>\n<tr>\n<td valign=\"top\" width=\"30%\">Tiamin (B1)<\/td>\n<td valign=\"top\" width=\"20%\">4,4 mg<\/td>\n<td valign=\"top\" width=\"20%\">400 %<\/td>\n<\/tr>\n<tr>\n<td valign=\"top\" width=\"30%\">Vitamin B6<\/td>\n<td valign=\"top\" width=\"20%\">2,8 mg<\/td>\n<td valign=\"top\" width=\"20%\">200 %<\/td>\n<\/tr>\n<tr>\n<td valign=\"top\" width=\"30%\">Vitamin B12<\/td>\n<td valign=\"top\" width=\"20%\">50 \u00b5g<\/td>\n<td valign=\"top\" width=\"20%\">2000 %<\/td>\n<\/tr>\n<\/tbody>\n<\/table>\n<p><strong><em>*DRI \u00e4r dagligt referensintag. **DRI ej fastst\u00e4llt.\u00a0<\/em><\/strong><\/p>\n<p><strong>Ingredienser<\/strong>: OptiPEA\u00ae (palmitoyletanolamid), kapselskal (hydroxypropylmetylcellulosa), Fyllnadsmedel (cellulosa), klumpf\u00f6rebyggande medel (magnesiumsalter av fettsyror), Vitamin B1 (tiaminhydroklorid), vitamin B6 (pyridoxinhydroklorid), vitamin B12 (cyanokobalamin).<\/p>\n<p>L\u00e4mplig f\u00f6r veganer<\/p>\n<p>Rekommenderad dos b\u00f6r ej \u00f6verskridas.<br \/>\nKosttillskott ers\u00e4tter inte en varierad kost.<br \/>\nProdukten f\u00f6rvaras o\u00e5tkomligt f\u00f6r sm\u00e5 barn.<br \/>\nRekommenderas inte till gravida och ammande.<\/p>\n","protected":false},"excerpt":{"rendered":"<p>Dubbelstyrka Palmitoyletanolamid (PEA) med vitamin B1, B6 och B12<\/p>\n<p><strong>60 Kapslar<\/strong><\/p>\n","protected":false},"featured_media":9904,"comment_status":"closed","ping_status":"closed","template":"","meta":{"_kad_blocks_custom_css":"","_kad_blocks_head_custom_js":"","_kad_blocks_body_custom_js":"","_kad_blocks_footer_custom_js":"","_kadence_starter_templates_imported_post":false,"_kad_post_transparent":"default","_kad_post_title":"","_kad_post_layout":"default","_kad_post_sidebar_id":"","_kad_post_content_style":"default","_kad_post_vertical_padding":"default","_kad_post_feature":"","_kad_post_feature_position":"","_kad_post_header":false,"_kad_post_footer":false,"_kad_post_classname":""},"product_brand":[],"product_cat":[329,1234,277,1393,146],"product_tag":[1943,1153,1892,1936,1597,1937,1938,450,1640,1944,1945,1946,1940,1947,1948,1949,1950,1951,1952,1207,1208],"class_list":{"0":"post-9826","1":"product","2":"type-product","3":"status-publish","4":"has-post-thumbnail","6":"product_cat-hjarna-och-minne","7":"product_cat-lamberts","8":"product_cat-muskler-och-leder","9":"product_cat-ovriga-kosttillskott","10":"product_cat-stressad-och-trott","11":"product_tag-cbd-alternativ","12":"product_tag-inflammation","13":"product_tag-kognitiv-funktion","14":"product_tag-nervfunktion","15":"product_tag-nervhalsa","16":"product_tag-nervskydd","17":"product_tag-nervstod","18":"product_tag-nervsystem","19":"product_tag-nervsystemets-halsa","20":"product_tag-nervsystemsfunktion","21":"product_tag-nervsystemshalsa","22":"product_tag-nervsystemsskydd","23":"product_tag-nervsystemsstod","24":"product_tag-neurologisk-funktion","25":"product_tag-optipea","26":"product_tag-palmitoyletanolamid","27":"product_tag-pea","28":"product_tag-psykologisk-funktion","29":"product_tag-vitamin-b1","30":"product_tag-vitamin-b12","31":"product_tag-vitamin-b6","33":"first","34":"instock","35":"taxable","36":"shipping-taxable","37":"purchasable","38":"product-type-simple","39":"entry","40":"content-bg","41":"loop-entry"},"taxonomy_info":{"product_cat":[{"value":329,"label":"Hj\u00e4rna &amp; Minne"},{"value":1234,"label":"Lamberts"},{"value":277,"label":"Muskler &amp; Leder"},{"value":1393,"label":"\u00d6vriga kosttillskott"},{"value":146,"label":"Stressad &amp; Tr\u00f6tt"}],"product_tag":[{"value":1943,"label":"CBD-alternativ"},{"value":1153,"label":"inflammation"},{"value":1892,"label":"Kognitiv funktion"},{"value":1936,"label":"nervfunktion"},{"value":1597,"label":"Nervh\u00e4lsa"},{"value":1937,"label":"nervskydd"},{"value":1938,"label":"nervst\u00f6d"},{"value":450,"label":"nervsystem"},{"value":1640,"label":"Nervsystemets h\u00e4lsa"},{"value":1944,"label":"nervsystemsfunktion"},{"value":1945,"label":"nervsystemsh\u00e4lsa"},{"value":1946,"label":"nervsystemsskydd"},{"value":1940,"label":"nervsystemsst\u00f6d"},{"value":1947,"label":"neurologisk funktion"},{"value":1948,"label":"OptiPEA"},{"value":1949,"label":"palmitoyletanolamid"},{"value":1950,"label":"PEA"},{"value":1951,"label":"psykologisk funktion"},{"value":1952,"label":"vitamin B1"},{"value":1207,"label":"Vitamin B12"},{"value":1208,"label":"vitamin B6"}]},"featured_image_src_large":["https:\/\/vitaminbutiken.com\/wp-content\/uploads\/2025\/03\/8527-60-Neuro-logical-plus-780x700.jpg",780,700,true],"author_info":[],"comment_info":0,"_links":{"self":[{"href":"https:\/\/vitaminbutiken.com\/en\/wp-json\/wp\/v2\/product\/9826","targetHints":{"allow":["GET"]}}],"collection":[{"href":"https:\/\/vitaminbutiken.com\/en\/wp-json\/wp\/v2\/product"}],"about":[{"href":"https:\/\/vitaminbutiken.com\/en\/wp-json\/wp\/v2\/types\/product"}],"replies":[{"embeddable":true,"href":"https:\/\/vitaminbutiken.com\/en\/wp-json\/wp\/v2\/comments?post=9826"}],"wp:featuredmedia":[{"embeddable":true,"href":"https:\/\/vitaminbutiken.com\/en\/wp-json\/wp\/v2\/media\/9904"}],"wp:attachment":[{"href":"https:\/\/vitaminbutiken.com\/en\/wp-json\/wp\/v2\/media?parent=9826"}],"wp:term":[{"taxonomy":"product_brand","embeddable":true,"href":"https:\/\/vitaminbutiken.com\/en\/wp-json\/wp\/v2\/product_brand?post=9826"},{"taxonomy":"product_cat","embeddable":true,"href":"https:\/\/vitaminbutiken.com\/en\/wp-json\/wp\/v2\/product_cat?post=9826"},{"taxonomy":"product_tag","embeddable":true,"href":"https:\/\/vitaminbutiken.com\/en\/wp-json\/wp\/v2\/product_tag?post=9826"}],"curies":[{"name":"wp","href":"https:\/\/api.w.org\/{rel}","templated":true}]}}