{"id":9823,"date":"2025-03-19T16:13:10","date_gmt":"2025-03-19T14:13:10","guid":{"rendered":"https:\/\/vitaminbutiken.multi.fi\/?post_type=product&#038;p=9823"},"modified":"2026-03-31T08:33:22","modified_gmt":"2026-03-31T06:33:22","slug":"eyewise-lamberts","status":"publish","type":"product","link":"https:\/\/vitaminbutiken.com\/en\/produkt\/eyewise-lamberts\/","title":{"rendered":"EYEWISE &#8211; Lamberts"},"content":{"rendered":"<p><strong>EYEWISE &#8211; Lamberts<\/strong><\/p>\n<div class=\"preamble\">\n<p>Eyewise\u00ae \u00e4r ett unikt kosttillskott sammansatt av v\u00e4xter med anti-oxidant verkan.<\/p>\n<p>&nbsp;<\/p>\n<\/div>\n<p>Bl\u00e5b\u00e4r tillh\u00f6r sl\u00e4ktet <em>Vaccinium myrtillus<\/em>. B\u00e4ren inneh\u00e5ller organiska syror, garv\u00e4mnen (av tannintyp), antocyanosider (olika slags sockermolekyler bundna till cyanin, delphinidin, malvindin och petunidin), betakaroten (ett f\u00f6rstadium till vitamin A), vitamin C samt mangan och lutein. Antocyanosider \u00e4r pigment (av olika sorter) som ger bl\u00e5b\u00e4ret dess f\u00e4rg. Antocyanglykosiderna i b\u00e4ren f\u00f6rebygger bildningen av blodproppar och f\u00f6rb\u00e4ttrar dessutom \u00f6gats f\u00f6rm\u00e5ga att snabbt anpassa synsk\u00e4rpan vid nedsatt m\u00f6rkerseende.<\/p>\n<p>Den gula karotenoiden lutein skyddar v\u00e5ra \u00f6gons n\u00e4thinnor mot kortv\u00e5gigt bl\u00e5tt ljus.<em>\u00a0[anm. h\u00f6ga halter finns i gr\u00f6nk\u00e5l, spenat och persilja].<\/em>\u00a0 Vid \u00f6gonsjukdomen makuladegeneration minskar m\u00e4ngden lutein (och zeaxanthin) i n\u00e4thinnans gula fl\u00e4ck (makula) och sjukdomen \u00e4r en av de vanligaste orsakerna till att m\u00e5nga \u00e4ldre f\u00e5r en f\u00f6rs\u00e4mrad syn. I en \u00e5rsl\u00e5ng amerikansk studie har 90 patienter med makulageneration delats in i tre grupper. Efter ett \u00e5r m\u00e4ttes m\u00e4ngden av lutein och zeaxanthin i n\u00e4thinnans gula fl\u00e4ck, synsk\u00e4rpan och kontrastseendet. Deltagarna fick \u00e4ven svara p\u00e5 fr\u00e5gor om hur de sj\u00e4lva uppfattade sin synf\u00f6rm\u00e5ga.<\/p>\n<p><strong>Dosering:<\/strong> 1-2 tabletter dagligen i samband med m\u00e5ltid.<\/p>\n<table style=\"height: 80px;\" border=\"1\" width=\"621\" cellspacing=\"0\" cellpadding=\"0\">\n<tbody>\n<tr>\n<td valign=\"top\" width=\"30%\"><strong>1 tablett inneh\u00e5ller<\/strong><\/td>\n<td valign=\"top\" width=\"20%\"><strong> M\u00e4ngd<\/strong><\/td>\n<td valign=\"top\" width=\"30%\"><strong>%DRI*<\/strong><\/td>\n<\/tr>\n<tr>\n<td valign=\"top\" width=\"30%\"><strong>Riboflavin<\/strong><\/td>\n<td valign=\"top\" width=\"20%\">0,7 mg<\/td>\n<td valign=\"top\" width=\"20%\">50 %<\/td>\n<\/tr>\n<tr>\n<td valign=\"top\" width=\"30%\"><strong>Zink<\/strong><\/td>\n<td valign=\"top\" width=\"20%\">5 mg<\/td>\n<td valign=\"top\" width=\"20%\">50 %<\/td>\n<\/tr>\n<tr>\n<td valign=\"top\" width=\"30%\"><strong>Lutein Complex<\/strong><br \/>\nVarav:<\/td>\n<td valign=\"top\" width=\"20%\">100 mg<\/td>\n<td valign=\"top\" width=\"20%\">**<\/td>\n<\/tr>\n<tr>\n<td valign=\"top\" width=\"30%\">Lutein<\/td>\n<td valign=\"top\" width=\"20%\">20 mg<\/td>\n<td valign=\"top\" width=\"20%\">**<\/td>\n<\/tr>\n<tr>\n<td valign=\"top\" width=\"30%\">Zeaxanthin<\/td>\n<td valign=\"top\" width=\"20%\">1000 \u00b5g<\/td>\n<td valign=\"top\" width=\"20%\">**<\/td>\n<\/tr>\n<tr>\n<td valign=\"top\" width=\"30%\"><strong>Bl\u00e5b\u00e4r<\/strong><\/td>\n<td valign=\"top\" width=\"20%\">200 mg<\/td>\n<td valign=\"top\" width=\"20%\">**<\/td>\n<\/tr>\n<tr>\n<td valign=\"top\" width=\"30%\"><strong>Bj\u00f6rnb\u00e4r<\/strong><\/td>\n<td valign=\"top\" width=\"20%\">200 mg<\/td>\n<td valign=\"top\" width=\"20%\">**<\/td>\n<\/tr>\n<tr>\n<td valign=\"top\" width=\"30%\"><strong>Druvfr\u00f6<\/strong><\/td>\n<td valign=\"top\" width=\"20%\">700 mg<\/td>\n<td valign=\"top\" width=\"20%\">**<\/td>\n<\/tr>\n<\/tbody>\n<\/table>\n<p><strong><em>*DRI \u00e4r dagligt referensintag. **DRI ej fastst\u00e4llt.\u00a0<\/em><\/strong><\/p>\n<p><strong>Ingredienser<\/strong>: Kalcium karbonat, cellulosa, tablett\u00f6verdrag (hydroxypropyl metylcellulosa,<br \/>\nf\u00e4rg: titan dioxid, j\u00e4rn oxid), kisel dioxid, stearinsyra, magnesiumsalter av fettsyror.<\/p>\n<p>Rekommenderad dos b\u00f6r ej \u00f6verskridas.<br \/>\nKosttillskott ers\u00e4tter inte en varierad kost.<br \/>\nProdukten f\u00f6rvaras o\u00e5tkomligt f\u00f6r sm\u00e5 barn.<\/p>\n","protected":false},"excerpt":{"rendered":"<p>Lamberts Eyewise \u00e4r ett unikt lutein bl\u00e5b\u00e4r vindruvk\u00e4rnextrakt komplex kosttillskott av mycket h\u00f6g kvalitet. Dessa s\u00e5 kallade karotenoider har m\u00e5nga antioxidanta egenskaper.<\/p>\n<p><strong>60 tabletter<\/strong><\/p>\n","protected":false},"featured_media":9891,"comment_status":"closed","ping_status":"closed","template":"","meta":{"_kad_blocks_custom_css":"","_kad_blocks_head_custom_js":"","_kad_blocks_body_custom_js":"","_kad_blocks_footer_custom_js":"","_kadence_starter_templates_imported_post":false,"_kad_post_transparent":"default","_kad_post_title":"","_kad_post_layout":"default","_kad_post_sidebar_id":"","_kad_post_content_style":"default","_kad_post_vertical_padding":"default","_kad_post_feature":"","_kad_post_feature_position":"","_kad_post_header":false,"_kad_post_footer":false,"_kad_post_classname":""},"product_brand":[],"product_cat":[1234,2822,149],"product_tag":[1904,543,1905,1906,552,1907,1908,1909,1910,1911,1912,1913,1914,1915,1916,1917,561,1918,1919,1920],"class_list":{"0":"post-9823","1":"product","2":"type-product","3":"status-publish","4":"has-post-thumbnail","6":"product_cat-lamberts","7":"product_cat-multi-produkter","8":"product_cat-orter","9":"product_tag-aldersrelaterad-makuladegeneration","10":"product_tag-amd","11":"product_tag-antioxidativt-skydd","12":"product_tag-blatt-ljus","13":"product_tag-lutein","14":"product_tag-makular-halsa","15":"product_tag-meso-zeaxantin","16":"product_tag-nathinnans-halsa","17":"product_tag-ogonantioxidanter","18":"product_tag-ogonhalsa","19":"product_tag-ogonkomfort","20":"product_tag-ogonsupport","21":"product_tag-ogontrotthet","22":"product_tag-ogonvard","23":"product_tag-ogonvitaminer","24":"product_tag-synfunktion","25":"product_tag-synskarpa","26":"product_tag-synskydd","27":"product_tag-synstod","28":"product_tag-zeaxantin","30":"first","31":"instock","32":"taxable","33":"shipping-taxable","34":"purchasable","35":"product-type-simple","36":"entry","37":"content-bg","38":"loop-entry"},"taxonomy_info":{"product_cat":[{"value":1234,"label":"Lamberts"},{"value":2822,"label":"Multi produkter"},{"value":149,"label":"\u00d6rter"}],"product_tag":[{"value":1904,"label":"\u00e5ldersrelaterad makuladegeneration"},{"value":543,"label":"AMD"},{"value":1905,"label":"antioxidativt skydd"},{"value":1906,"label":"bl\u00e5tt ljus"},{"value":552,"label":"Lutein"},{"value":1907,"label":"makul\u00e4r h\u00e4lsa"},{"value":1908,"label":"meso-zeaxantin"},{"value":1909,"label":"n\u00e4thinnans h\u00e4lsa"},{"value":1910,"label":"\u00f6gonantioxidanter"},{"value":1911,"label":"\u00f6gonh\u00e4lsa"},{"value":1912,"label":"\u00f6gonkomfort"},{"value":1913,"label":"\u00f6gonsupport"},{"value":1914,"label":"\u00f6gontr\u00f6tthet"},{"value":1915,"label":"\u00f6gonv\u00e5rd"},{"value":1916,"label":"\u00f6gonvitaminer"},{"value":1917,"label":"synfunktion"},{"value":561,"label":"synsk\u00e4rpa"},{"value":1918,"label":"synskydd"},{"value":1919,"label":"synst\u00f6d"},{"value":1920,"label":"zeaxantin"}]},"featured_image_src_large":["https:\/\/vitaminbutiken.com\/wp-content\/uploads\/2025\/03\/8581-60-EYEWISE-780x700.jpg",780,700,true],"author_info":[],"comment_info":0,"_links":{"self":[{"href":"https:\/\/vitaminbutiken.com\/en\/wp-json\/wp\/v2\/product\/9823","targetHints":{"allow":["GET"]}}],"collection":[{"href":"https:\/\/vitaminbutiken.com\/en\/wp-json\/wp\/v2\/product"}],"about":[{"href":"https:\/\/vitaminbutiken.com\/en\/wp-json\/wp\/v2\/types\/product"}],"replies":[{"embeddable":true,"href":"https:\/\/vitaminbutiken.com\/en\/wp-json\/wp\/v2\/comments?post=9823"}],"wp:featuredmedia":[{"embeddable":true,"href":"https:\/\/vitaminbutiken.com\/en\/wp-json\/wp\/v2\/media\/9891"}],"wp:attachment":[{"href":"https:\/\/vitaminbutiken.com\/en\/wp-json\/wp\/v2\/media?parent=9823"}],"wp:term":[{"taxonomy":"product_brand","embeddable":true,"href":"https:\/\/vitaminbutiken.com\/en\/wp-json\/wp\/v2\/product_brand?post=9823"},{"taxonomy":"product_cat","embeddable":true,"href":"https:\/\/vitaminbutiken.com\/en\/wp-json\/wp\/v2\/product_cat?post=9823"},{"taxonomy":"product_tag","embeddable":true,"href":"https:\/\/vitaminbutiken.com\/en\/wp-json\/wp\/v2\/product_tag?post=9823"}],"curies":[{"name":"wp","href":"https:\/\/api.w.org\/{rel}","templated":true}]}}