{"id":9822,"date":"2025-03-19T16:13:09","date_gmt":"2025-03-19T14:13:09","guid":{"rendered":"https:\/\/vitaminbutiken.multi.fi\/?post_type=product&#038;p=9822"},"modified":"2026-04-09T10:36:40","modified_gmt":"2026-04-09T08:36:40","slug":"neuro-logical-palmitoyletanolamid-200mg","status":"publish","type":"product","link":"https:\/\/vitaminbutiken.com\/en\/produkt\/neuro-logical-palmitoyletanolamid-200mg\/","title":{"rendered":"Neuro-Logical Palmitoyletanolamid 200mg"},"content":{"rendered":"<p><strong>Neuro-Logical Palmitoyletanolamid 200mg\u00a0<\/strong><\/p>\n<p>PEA \u00e4r en fascinerande n\u00e4rings\u00e4mne som ofta beskrivs som ett nytt super livsmedel. \u00c4ven om PEA f\u00f6rst uppt\u00e4cktes f\u00f6r \u00f6ver 50 \u00e5r sedan, har de senaste decennierna sett f\u00f6rnyad forskning f\u00f6r att f\u00f6rst\u00e5 PEA:s verkningsmekanism. PEA produceras naturligt i m\u00e4nniskokroppen.\u00a0 Fram till 90-talet visste ingen varf\u00f6r det var s\u00e5, tills Nobelpristagaren Rita Levi-Montalcini uppt\u00e4ckte hur PEA fungerar i kroppen.<\/p>\n<p>Lamberts\u00ae Neuro-Logical anv\u00e4nder palmitoyletanolamid av h\u00f6gsta kvalitet, \u00e4ven k\u00e4nd som PEA (OptiPEA\u00ae), f\u00f6rst\u00e4rkt med vitaminerna B1, B6 och B12 som \u00e4r k\u00e4nda f\u00f6r att st\u00f6dja normala neurologiska och mentala funktioner.<\/p>\n<p><strong>Dosering:<\/strong> 2 kapslar dagligen i samband med m\u00e5ltid. Tre kapslar kan tas dagligen de f\u00f6rsta fyra veckorna eller enligt ordination.<\/p>\n<table style=\"height: 80px;\" border=\"1\" width=\"621\" cellspacing=\"0\" cellpadding=\"0\">\n<tbody>\n<tr>\n<td valign=\"top\" width=\"30%\"><strong>1 kapsel inneh\u00e5ller<\/strong><\/td>\n<td valign=\"top\" width=\"20%\"><strong> M\u00e4ngd<\/strong><\/td>\n<td valign=\"top\" width=\"30%\"><strong>%DRI*<\/strong><\/td>\n<\/tr>\n<tr>\n<td valign=\"top\" width=\"30%\">Palmitoyletanolamid (PEA)<\/td>\n<td valign=\"top\" width=\"20%\">400 mg<\/td>\n<td valign=\"top\" width=\"20%\">**<\/td>\n<\/tr>\n<tr>\n<td valign=\"top\" width=\"30%\">Tiamin (B1)<\/td>\n<td valign=\"top\" width=\"20%\">8,8 mg<\/td>\n<td valign=\"top\" width=\"20%\">800 %<\/td>\n<\/tr>\n<tr>\n<td valign=\"top\" width=\"30%\">Vitamin B6<\/td>\n<td valign=\"top\" width=\"20%\">11,2 mg<\/td>\n<td valign=\"top\" width=\"20%\">800 %<\/td>\n<\/tr>\n<tr>\n<td valign=\"top\" width=\"30%\">Vitamin B12<\/td>\n<td valign=\"top\" width=\"20%\">100 mcg<\/td>\n<td valign=\"top\" width=\"20%\">4000 %<\/td>\n<\/tr>\n<\/tbody>\n<\/table>\n<p><strong><em>*DRI \u00e4r dagligt referensintag. **DRI ej fastst\u00e4llt.\u00a0<\/em><\/strong><\/p>\n<p><strong>Ingredienser:<\/strong> OptiPEA\u00ae (Palmitoyletanolamid), kapselskal (hydroxypropylmetylcellulosa), fyllnadsmedel (cellulosa), klumpf\u00f6rebyggande medel (magnesiumsalter av fettsyror, kiseldioxid), vitamin B6 (pyridoxinhydroklorid), tiaminhydroklorid, vitamin B12 (cyanokobalamin).<\/p>\n<p>&#8211; L\u00e4mplig f\u00f6r vegetarianer &amp; veganer.<\/p>\n<p>Rekommenderat intag b\u00f6r inte \u00f6verskridas.<br \/>\nKosttillskott b\u00f6r inte anv\u00e4ndas som alternativ till en varierad kost.<br \/>\nProdukten f\u00f6rvaras o\u00e5tkomligt f\u00f6r sm\u00e5 barn.<br \/>\nRekommenderas inte till gravida och ammande.<\/p>\n","protected":false},"excerpt":{"rendered":"<p>Nu finns Lamberts Neuro-Logical med Palmitoyletanolamid (PEA) 200mg att k\u00f6pa som kosttillskott.\u00a0 Neurological inneh\u00e5ller \u00e4ven vitamin B1, B6 och B12, som bidrar till normala neurologiska och mentala funktioner. P\u00e5 engelska \u00e4r PEA k\u00e4nt som palmitoylethanolamide.<\/p>\n<p><strong>60 kapslar\u00a0<\/strong><\/p>\n","protected":false},"featured_media":9889,"comment_status":"closed","ping_status":"closed","template":"","meta":{"_kad_blocks_custom_css":"","_kad_blocks_head_custom_js":"","_kad_blocks_body_custom_js":"","_kad_blocks_footer_custom_js":"","_kadence_starter_templates_imported_post":false,"_kad_post_transparent":"default","_kad_post_title":"","_kad_post_layout":"default","_kad_post_sidebar_id":"","_kad_post_content_style":"default","_kad_post_vertical_padding":"default","_kad_post_feature":"","_kad_post_feature_position":"","_kad_post_header":false,"_kad_post_footer":false,"_kad_post_classname":""},"product_brand":[],"product_cat":[329,1234,1393,146],"product_tag":[1698,1887,1888,1889,1890,1891,1892,1893,1894,1895,1640,1896,1897,1898,1899,1900,1901,1430,1902,1903],"class_list":{"0":"post-9822","1":"product","2":"type-product","3":"status-publish","4":"has-post-thumbnail","6":"product_cat-hjarna-och-minne","7":"product_cat-lamberts","8":"product_cat-ovriga-kosttillskott","9":"product_cat-stressad-och-trott","10":"product_tag-antioxidantstod","11":"product_tag-dagligt-nervstod","12":"product_tag-hjarnans-funktion","13":"product_tag-hjarnhalsa","14":"product_tag-immunforsvar-och-inflammation","15":"product_tag-inflammationsstod","16":"product_tag-kognitiv-funktion","17":"product_tag-lamberts-neuro-logical","18":"product_tag-mental-skarpa","19":"product_tag-nervsmarta-och-balans","20":"product_tag-nervsystemets-halsa","21":"product_tag-neuro-logical","22":"product_tag-neurologiskt-stod","23":"product_tag-neurotransmittorer","24":"product_tag-palmitoyletanolamid-pea","25":"product_tag-pea-tillskott","26":"product_tag-premiumtillskott-for-nervsystemet","27":"product_tag-reviva-finland","28":"product_tag-smartlindring-och-nervhalsa","29":"product_tag-stod-for-nervceller","31":"first","32":"instock","33":"taxable","34":"shipping-taxable","35":"purchasable","36":"product-type-simple","37":"entry","38":"content-bg","39":"loop-entry"},"taxonomy_info":{"product_cat":[{"value":329,"label":"Hj\u00e4rna &amp; Minne"},{"value":1234,"label":"Lamberts"},{"value":1393,"label":"\u00d6vriga kosttillskott"},{"value":146,"label":"Stressad &amp; Tr\u00f6tt"}],"product_tag":[{"value":1698,"label":"Antioxidantst\u00f6d"},{"value":1887,"label":"Dagligt nervst\u00f6d"},{"value":1888,"label":"Hj\u00e4rnans funktion"},{"value":1889,"label":"Hj\u00e4rnh\u00e4lsa"},{"value":1890,"label":"Immunf\u00f6rsvar och inflammation"},{"value":1891,"label":"Inflammationsst\u00f6d"},{"value":1892,"label":"Kognitiv funktion"},{"value":1893,"label":"Lamberts Neuro Logical"},{"value":1894,"label":"mental sk\u00e4rpa"},{"value":1895,"label":"Nervsm\u00e4rta och balans"},{"value":1640,"label":"Nervsystemets h\u00e4lsa"},{"value":1896,"label":"Neuro Logical"},{"value":1897,"label":"Neurologiskt st\u00f6d"},{"value":1898,"label":"Neurotransmittorer"},{"value":1899,"label":"Palmitoyletanolamid (PEA)"},{"value":1900,"label":"PEA-tillskott"},{"value":1901,"label":"Premiumtillskott f\u00f6r nervsystemet"},{"value":1430,"label":"Reviva Finland"},{"value":1902,"label":"Sm\u00e4rtlindring och nervh\u00e4lsa"},{"value":1903,"label":"St\u00f6d f\u00f6r nervceller"}]},"featured_image_src_large":["https:\/\/vitaminbutiken.com\/wp-content\/uploads\/2025\/03\/Neuro-logical-8526-60-780x700.jpg",780,700,true],"author_info":[],"comment_info":0,"_links":{"self":[{"href":"https:\/\/vitaminbutiken.com\/en\/wp-json\/wp\/v2\/product\/9822","targetHints":{"allow":["GET"]}}],"collection":[{"href":"https:\/\/vitaminbutiken.com\/en\/wp-json\/wp\/v2\/product"}],"about":[{"href":"https:\/\/vitaminbutiken.com\/en\/wp-json\/wp\/v2\/types\/product"}],"replies":[{"embeddable":true,"href":"https:\/\/vitaminbutiken.com\/en\/wp-json\/wp\/v2\/comments?post=9822"}],"wp:featuredmedia":[{"embeddable":true,"href":"https:\/\/vitaminbutiken.com\/en\/wp-json\/wp\/v2\/media\/9889"}],"wp:attachment":[{"href":"https:\/\/vitaminbutiken.com\/en\/wp-json\/wp\/v2\/media?parent=9822"}],"wp:term":[{"taxonomy":"product_brand","embeddable":true,"href":"https:\/\/vitaminbutiken.com\/en\/wp-json\/wp\/v2\/product_brand?post=9822"},{"taxonomy":"product_cat","embeddable":true,"href":"https:\/\/vitaminbutiken.com\/en\/wp-json\/wp\/v2\/product_cat?post=9822"},{"taxonomy":"product_tag","embeddable":true,"href":"https:\/\/vitaminbutiken.com\/en\/wp-json\/wp\/v2\/product_tag?post=9822"}],"curies":[{"name":"wp","href":"https:\/\/api.w.org\/{rel}","templated":true}]}}