{"id":9821,"date":"2025-03-19T16:13:09","date_gmt":"2025-03-19T14:13:09","guid":{"rendered":"https:\/\/vitaminbutiken.multi.fi\/?post_type=product&#038;p=9821"},"modified":"2026-03-31T14:20:09","modified_gmt":"2026-03-31T12:20:09","slug":"ubiquinol-100mg-kosttillskott","status":"publish","type":"product","link":"https:\/\/vitaminbutiken.com\/en\/produkt\/ubiquinol-100mg-kosttillskott\/","title":{"rendered":"Ubiquinol 100mg kosttillskott"},"content":{"rendered":"<h3>Ubiquinol 100mg kosttillskott &#8211; Lamberts<\/h3>\n<p>\u2022 100 mg per kapsel<br \/>\n\u2022 Kommer fr\u00e5n co-enzym Q10<br \/>\n\u2022 Av st\u00f6rre betydelse f\u00f6r personer \u00f6ver 40 \u00e5r, eller drabbade av \u00e5ldersrelaterade h\u00e4lsotillst\u00e5nd, p\u00e5 grund av dess f\u00f6rb\u00e4ttrade absorption<\/p>\n<p><strong>Produktbeskrivning:<\/strong><br \/>\nUbiquinol \u00e4r den reducerade aktiva formen av Co-Enzyme Q10 (ubiqinon). Och precis som co-enzym Q10, \u00e4r det avg\u00f6rande f\u00f6r den cellul\u00e4ra ATP-produktionscykeln (energi). Utan n\u00e4rvaron av b\u00e5da dessa i kroppens celler kan cellul\u00e4r energi inte genereras eller uppr\u00e4tth\u00e5llas.<\/p>\n<p>Det enda s\u00e4ttet att \u00f6ka ubiquinolniv\u00e5erna i kroppen var, tills nyligen, fr\u00e5n omvandlingen av det fr\u00e5n koenzym Q10, vilket forskning har visat blir allt sv\u00e5rare med \u00e5ldern.<\/p>\n<p><strong>Dosering: <\/strong>2 kapslar dagligen i samband med m\u00e5ltid under de f\u00f6rsta 2 veckorna. Ta d\u00e4refter 1 kapsel dagligen.<\/p>\n<table style=\"height: 80px;\" border=\"1\" width=\"621\" cellspacing=\"0\" cellpadding=\"0\">\n<tbody>\n<tr>\n<td valign=\"top\" width=\"30%\"><strong>1 kapsel inneh\u00e5ller<\/strong><\/td>\n<td valign=\"top\" width=\"20%\"><strong> M\u00e4ngd<\/strong><\/td>\n<td valign=\"top\" width=\"30%\"><strong>%DRI*<\/strong><\/td>\n<\/tr>\n<tr>\n<td valign=\"top\" width=\"30%\">Ubiquinol<\/td>\n<td valign=\"top\" width=\"20%\">100 mg<\/td>\n<td valign=\"top\" width=\"20%\">**<\/td>\n<\/tr>\n<\/tbody>\n<\/table>\n<p><strong><em>**DRI (dagligt referensintag) ej fastst\u00e4llt.\u00a0<\/em><\/strong><\/p>\n<p><strong>Ingredienser:<\/strong>\u00a0 Solrosfr\u00f6olja, kapselskal (gelatin, glycerin, f\u00e4rg: j\u00e4rnoxid), kiseldioxid.<br \/>\nPresentation: En svart mjuk kapsel<\/p>\n<p>F\u00f6rvaras p\u00e5 en sval torr plats och skyddad fr\u00e5n ljus.<\/p>\n<p>Rekommenderad dos b\u00f6r ej \u00f6verskridas.<br \/>\nKosttillskott ers\u00e4tter inte en varierad kost.<br \/>\nProdukten f\u00f6rvaras o\u00e5tkomligt f\u00f6r sm\u00e5 barn.<\/p>\n","protected":false},"excerpt":{"rendered":"<p>Lamberts Ubiquinol 100mg \u00e4r ett av de\u00a0starkaste q 10 kosttillskotten p\u00e5 marknaden. Coenzym Q10 kallas \u00e4ven f\u00f6r\u00a0ubikuinon och \u00e4r ett tillskott som kan tas dagligen.<\/p>\n<p><strong>60 kapslar<\/strong><\/p>\n","protected":false},"featured_media":9887,"comment_status":"closed","ping_status":"closed","template":"","meta":{"_kad_blocks_custom_css":"","_kad_blocks_head_custom_js":"","_kad_blocks_body_custom_js":"","_kad_blocks_footer_custom_js":"","_kadence_starter_templates_imported_post":false,"_kad_post_transparent":"default","_kad_post_title":"","_kad_post_layout":"default","_kad_post_sidebar_id":"","_kad_post_content_style":"default","_kad_post_vertical_padding":"default","_kad_post_feature":"","_kad_post_feature_position":"","_kad_post_header":false,"_kad_post_footer":false,"_kad_post_classname":""},"product_brand":[],"product_cat":[176,1234,277,1393,278],"product_tag":[1873,1698,1874,1506,1875,1876,1792,1877,1878,1879,1880,1881,1882,1039,1883,1884,1885,1430,1845,1886],"class_list":{"0":"post-9821","1":"product","2":"type-product","3":"status-publish","4":"has-post-thumbnail","6":"product_cat-immunforsvar","7":"product_cat-lamberts","8":"product_cat-muskler-och-leder","9":"product_cat-ovriga-kosttillskott","10":"product_cat-traning","11":"product_tag-aldrande-och-vitalitet","12":"product_tag-antioxidantstod","13":"product_tag-biotillganglig-q10","14":"product_tag-dagligt-tillskott","15":"product_tag-energi-och-uthallighet","16":"product_tag-for-cellernas-energiproduktion","17":"product_tag-halsa-och-valmaende","18":"product_tag-hjart-och-karlhalsa","19":"product_tag-hogupptagligt-q10","20":"product_tag-immunsystemets-stod","21":"product_tag-koenzym-q10","22":"product_tag-lamberts-ubiquinol","23":"product_tag-mitokondriestod","24":"product_tag-muskelfunktion","25":"product_tag-naturligt-kosttillskott","26":"product_tag-premium-q10","27":"product_tag-q10-tillskott","28":"product_tag-reviva-finland","29":"product_tag-traning-och-aterhamtning","30":"product_tag-ubiquinol","32":"first","33":"instock","34":"taxable","35":"shipping-taxable","36":"purchasable","37":"product-type-simple","38":"entry","39":"content-bg","40":"loop-entry"},"taxonomy_info":{"product_cat":[{"value":176,"label":"Immunf\u00f6rsvar"},{"value":1234,"label":"Lamberts"},{"value":277,"label":"Muskler &amp; Leder"},{"value":1393,"label":"\u00d6vriga kosttillskott"},{"value":278,"label":"Tr\u00e4ning"}],"product_tag":[{"value":1873,"label":"\u00c5ldrande och vitalitet"},{"value":1698,"label":"Antioxidantst\u00f6d"},{"value":1874,"label":"Biotillg\u00e4nglig Q10"},{"value":1506,"label":"Dagligt tillskott"},{"value":1875,"label":"Energi och uth\u00e5llighet"},{"value":1876,"label":"F\u00f6r cellernas energiproduktion"},{"value":1792,"label":"H\u00e4lsa och v\u00e4lm\u00e5ende"},{"value":1877,"label":"Hj\u00e4rt- och k\u00e4rlh\u00e4lsa"},{"value":1878,"label":"H\u00f6gupptagligt Q10"},{"value":1879,"label":"Immunsystemets st\u00f6d"},{"value":1880,"label":"Koenzym Q10"},{"value":1881,"label":"Lamberts Ubiquinol"},{"value":1882,"label":"Mitokondriest\u00f6d"},{"value":1039,"label":"muskelfunktion"},{"value":1883,"label":"Naturligt kosttillskott"},{"value":1884,"label":"Premium Q10"},{"value":1885,"label":"Q10-tillskott"},{"value":1430,"label":"Reviva Finland"},{"value":1845,"label":"Tr\u00e4ning och \u00e5terh\u00e4mtning"},{"value":1886,"label":"Ubiquinol"}]},"featured_image_src_large":["https:\/\/vitaminbutiken.com\/wp-content\/uploads\/2025\/03\/Ubiquinol-100mg-780x700.jpg",780,700,true],"author_info":[],"comment_info":0,"_links":{"self":[{"href":"https:\/\/vitaminbutiken.com\/en\/wp-json\/wp\/v2\/product\/9821","targetHints":{"allow":["GET"]}}],"collection":[{"href":"https:\/\/vitaminbutiken.com\/en\/wp-json\/wp\/v2\/product"}],"about":[{"href":"https:\/\/vitaminbutiken.com\/en\/wp-json\/wp\/v2\/types\/product"}],"replies":[{"embeddable":true,"href":"https:\/\/vitaminbutiken.com\/en\/wp-json\/wp\/v2\/comments?post=9821"}],"wp:featuredmedia":[{"embeddable":true,"href":"https:\/\/vitaminbutiken.com\/en\/wp-json\/wp\/v2\/media\/9887"}],"wp:attachment":[{"href":"https:\/\/vitaminbutiken.com\/en\/wp-json\/wp\/v2\/media?parent=9821"}],"wp:term":[{"taxonomy":"product_brand","embeddable":true,"href":"https:\/\/vitaminbutiken.com\/en\/wp-json\/wp\/v2\/product_brand?post=9821"},{"taxonomy":"product_cat","embeddable":true,"href":"https:\/\/vitaminbutiken.com\/en\/wp-json\/wp\/v2\/product_cat?post=9821"},{"taxonomy":"product_tag","embeddable":true,"href":"https:\/\/vitaminbutiken.com\/en\/wp-json\/wp\/v2\/product_tag?post=9821"}],"curies":[{"name":"wp","href":"https:\/\/api.w.org\/{rel}","templated":true}]}}