{"id":9806,"date":"2025-03-19T16:12:41","date_gmt":"2025-03-19T14:12:41","guid":{"rendered":"https:\/\/vitaminbutiken.multi.fi\/?post_type=product&#038;p=9806"},"modified":"2026-03-31T13:41:50","modified_gmt":"2026-03-31T11:41:50","slug":"osteoguard-advance-for-skelettet-benhalsa","status":"publish","type":"product","link":"https:\/\/vitaminbutiken.com\/en\/produkt\/osteoguard-advance-for-skelettet-benhalsa\/","title":{"rendered":"OSTEOGUARD &#8211; Advance f\u00f6r skelettet &#038; benh\u00e4lsa"},"content":{"rendered":"<h6>OSTEOGUARD &#8211; Advance f\u00f6r skelettet &amp; benh\u00e4lsa<\/h6>\n<h6>\u2022 Premium benh\u00e4lsoformel<br \/>\n\u2022 Unik blandning av 3 olika magnesiumf\u00f6reningar<br \/>\n\u2022 500 mg kalcium fr\u00e5n 2 olika f\u00f6reningar<br \/>\n\u2022 En rik k\u00e4lla till vitamin K2 och D3<br \/>\n\u2022 Vitamin K2 \u00e4r fritt fr\u00e5n cis-isomerer<\/h6>\n<p>Produktbeskrivning:<br \/>\nVi \u00e4r glada \u00f6ver att introducera Osteoguard\u00ae Advance i Lamberts\u00ae-sortimentet.<\/p>\n<p>Denna h\u00f6ga styrka allt i ett benh\u00e4lsoformel ger hela 250 mg magnesium och 500 mg kalcium per tv\u00e5 tabletter. Magnesiumet \u00e4r i form av en unik blandning av tre olika magnesiumf\u00f6reningar &#8211; citrat, hydroxid och karbonat, plus kalcium som b\u00e5de karbonat och citrat.<\/p>\n<p>Men det som verkligen f\u00e5r v\u00e5r formel att sticka ut \u00e4r inkluderingen av vitamin K2 p\u00e5 90 \u00b5g per daglig dos eftersom detta vitamin, och i synnerhet formen K2 Menaquinone (MK-7), \u00e4r avg\u00f6rande f\u00f6r benh\u00e4lsan. Dessutom \u00e4r v\u00e5rt vitamin K2 naturligt h\u00e4rlett fr\u00e5n kik\u00e4rtsprotein och \u00e4r fri fr\u00e5n cis-isomerer.<\/p>\n<p>Vi har ocks\u00e5 tillsatt hela 10 \u00b5g vitamin D3 eftersom det nu dyker upp bevis fr\u00e5n studier om de synergistiska effekterna av vitamin K2 och vitamin D3 p\u00e5 benh\u00e4lsan.<\/p>\n<p><strong>Dosering<\/strong>: 2 tablett dagligen i samband med m\u00e5ltid.<\/p>\n<table style=\"height: 80px;\" border=\"1\" width=\"621\" cellspacing=\"0\" cellpadding=\"0\">\n<tbody>\n<tr>\n<td valign=\"top\" width=\"30%\"><strong>2 tabletter inneh\u00e5ller<\/strong><\/td>\n<td valign=\"top\" width=\"20%\"><strong> M\u00e4ngd<\/strong><\/td>\n<td valign=\"top\" width=\"30%\"><strong>%DRI*<\/strong><\/td>\n<\/tr>\n<tr>\n<td valign=\"top\" width=\"30%\">Vitamin D<\/td>\n<td valign=\"top\" width=\"20%\">10 \u00b5g<\/td>\n<td valign=\"top\" width=\"20%\">\u00a0200 %<\/td>\n<\/tr>\n<tr>\n<td valign=\"top\" width=\"30%\">Vitamin K<\/td>\n<td valign=\"top\" width=\"20%\">90 \u00b5g<\/td>\n<td valign=\"top\" width=\"20%\">\u00a0120 %<\/td>\n<\/tr>\n<tr>\n<td valign=\"top\" width=\"30%\">Kalcium<\/td>\n<td valign=\"top\" width=\"20%\">500 mg<\/td>\n<td valign=\"top\" width=\"20%\">\u00a063%<\/td>\n<\/tr>\n<tr>\n<td valign=\"top\" width=\"30%\">Magnesium<\/td>\n<td valign=\"top\" width=\"20%\">250 mg<\/td>\n<td valign=\"top\" width=\"20%\">\u00a067 %<\/td>\n<\/tr>\n<\/tbody>\n<\/table>\n<p><strong><em>*DRI \u00e4r dagligt referensintag.\u00a0<\/em><\/strong><\/p>\n<p><strong>Ingredienser:<\/strong> Kalcium (karbonat &amp; citrat), Magnesium (citrat, hydroxid &amp; karbonat), fyllnadsmedel (cellulosa), klumpf\u00f6rebyggande medel<br \/>\n(kiseldioxid, stearinsyra, magnesiumsalter av fettsyror), tv\u00e4rbundet cellulosagummi, vitamin K2 (menakinon-7), tablettskal (hydroxipropylmetylcellulosa,<br \/>\nglycerol), vitamin D3 (kolekalciferol).<\/p>\n<p><strong>OBS! Inneh\u00e5ller vitamin K. Om du tar blodf\u00f6rtunnande<br \/>\nl\u00e4kemedel, ta inte produkten utan l\u00e4kares rekommendation.<\/strong><\/p>\n<p>Rekommenderad dos b\u00f6r ej \u00f6verskridas.<br \/>\nKosttillskott ers\u00e4tter inte en varierad kost.<br \/>\nProdukten f\u00f6rvaras o\u00e5tkomligt f\u00f6r sm\u00e5 barn.<\/p>\n","protected":false},"excerpt":{"rendered":"<p>En avancerad formula utvecklad p\u00e5 basis av den senaste forskningen f\u00f6r att tillhandah\u00e5lla en rik k\u00e4lla till kalcium och kofaktorer inklusive vitamin D.<br \/>\nTabletterna \u00e4r mycket absorberbara former av n\u00e4rings\u00e4mnen f\u00f6r effektiv anv\u00e4ndning av kroppen.<\/p>\n<p><strong>90 tabletter<\/strong><\/p>\n","protected":false},"featured_media":9885,"comment_status":"closed","ping_status":"closed","template":"","meta":{"_kad_blocks_custom_css":"","_kad_blocks_head_custom_js":"","_kad_blocks_body_custom_js":"","_kad_blocks_footer_custom_js":"","_kadence_starter_templates_imported_post":false,"_kad_post_transparent":"default","_kad_post_title":"","_kad_post_layout":"default","_kad_post_sidebar_id":"","_kad_post_content_style":"default","_kad_post_vertical_padding":"default","_kad_post_feature":"","_kad_post_feature_position":"","_kad_post_header":false,"_kad_post_footer":false,"_kad_post_classname":""},"product_brand":[],"product_cat":[1088,1022,2812,1234,625,281,2821,277],"product_tag":[1645,1865,1866,1851,1867,1791,1792,1833,1037,1853,1855,1840,1622,1637,1539,1868,1869,1859,1870,1032,1430,1861,1862,1871,1863,1845,713,1872],"class_list":{"0":"post-9806","1":"product","2":"type-product","3":"status-publish","4":"has-post-thumbnail","6":"product_cat-d-vitamin","7":"product_cat-k-vitamin","8":"product_cat-kalcium","9":"product_cat-lamberts","10":"product_cat-magnesium","11":"product_cat-mineraler","12":"product_cat-multi-mineral","13":"product_cat-muskler-och-leder","14":"product_tag-benhalsa","15":"product_tag-benskorhet","16":"product_tag-benstarkande-tillskott","17":"product_tag-benvavnad","18":"product_tag-dagligt-tillskott-for-skelettet","19":"product_tag-hallbar-halsa","20":"product_tag-halsa-och-valmaende","21":"product_tag-halsokost","22":"product_tag-k2-vitamin","23":"product_tag-kalcium-och-magnesium","24":"product_tag-kalciumtillskott","25":"product_tag-kost-och-naring","26":"product_tag-ledhalsa","27":"product_tag-magnesiumtillskott","28":"product_tag-mineralbalans","29":"product_tag-mineraler-for-kroppen","30":"product_tag-naturlig-halsa","31":"product_tag-optimal-benhalsa","32":"product_tag-osteoguard-advance","33":"product_tag-osteoporos","34":"product_tag-reviva-finland","35":"product_tag-skelett-och-muskler","36":"product_tag-skelettstarkande","37":"product_tag-skelettstod","38":"product_tag-starka-ben","39":"product_tag-traning-och-aterhamtning","40":"product_tag-vitamin-d3","41":"product_tag-vitamin-och-mineralkomplex","43":"first","44":"instock","45":"taxable","46":"shipping-taxable","47":"purchasable","48":"product-type-simple","49":"entry","50":"content-bg","51":"loop-entry"},"taxonomy_info":{"product_cat":[{"value":1088,"label":"D-vitamin"},{"value":1022,"label":"K-vitamin"},{"value":2812,"label":"Kalcium"},{"value":1234,"label":"Lamberts"},{"value":625,"label":"Magnesium"},{"value":281,"label":"Mineraler"},{"value":2821,"label":"Multi-mineral"},{"value":277,"label":"Muskler &amp; Leder"}],"product_tag":[{"value":1645,"label":"Benh\u00e4lsa"},{"value":1865,"label":"Bensk\u00f6rhet"},{"value":1866,"label":"Benst\u00e4rkande tillskott"},{"value":1851,"label":"Benv\u00e4vnad"},{"value":1867,"label":"Dagligt tillskott f\u00f6r skelettet"},{"value":1791,"label":"H\u00e5llbar h\u00e4lsa"},{"value":1792,"label":"H\u00e4lsa och v\u00e4lm\u00e5ende"},{"value":1833,"label":"H\u00e4lsokost"},{"value":1037,"label":"k2 vitamin"},{"value":1853,"label":"Kalcium och magnesium"},{"value":1855,"label":"Kalciumtillskott"},{"value":1840,"label":"Kost och n\u00e4ring"},{"value":1622,"label":"Ledh\u00e4lsa"},{"value":1637,"label":"Magnesiumtillskott"},{"value":1539,"label":"Mineralbalans"},{"value":1868,"label":"Mineraler f\u00f6r kroppen"},{"value":1869,"label":"Naturlig h\u00e4lsa"},{"value":1859,"label":"Optimal benh\u00e4lsa"},{"value":1870,"label":"Osteoguard Advance"},{"value":1032,"label":"osteoporos"},{"value":1430,"label":"Reviva Finland"},{"value":1861,"label":"Skelett och muskler"},{"value":1862,"label":"Skelettst\u00e4rkande"},{"value":1871,"label":"Skelettst\u00f6d"},{"value":1863,"label":"Starka ben"},{"value":1845,"label":"Tr\u00e4ning och \u00e5terh\u00e4mtning"},{"value":713,"label":"vitamin D3"},{"value":1872,"label":"Vitamin- och mineralkomplex"}]},"featured_image_src_large":["https:\/\/vitaminbutiken.com\/wp-content\/uploads\/2025\/03\/8227-90-Osteoguard-Advance-780x700.jpg",780,700,true],"author_info":[],"comment_info":0,"_links":{"self":[{"href":"https:\/\/vitaminbutiken.com\/en\/wp-json\/wp\/v2\/product\/9806","targetHints":{"allow":["GET"]}}],"collection":[{"href":"https:\/\/vitaminbutiken.com\/en\/wp-json\/wp\/v2\/product"}],"about":[{"href":"https:\/\/vitaminbutiken.com\/en\/wp-json\/wp\/v2\/types\/product"}],"replies":[{"embeddable":true,"href":"https:\/\/vitaminbutiken.com\/en\/wp-json\/wp\/v2\/comments?post=9806"}],"wp:featuredmedia":[{"embeddable":true,"href":"https:\/\/vitaminbutiken.com\/en\/wp-json\/wp\/v2\/media\/9885"}],"wp:attachment":[{"href":"https:\/\/vitaminbutiken.com\/en\/wp-json\/wp\/v2\/media?parent=9806"}],"wp:term":[{"taxonomy":"product_brand","embeddable":true,"href":"https:\/\/vitaminbutiken.com\/en\/wp-json\/wp\/v2\/product_brand?post=9806"},{"taxonomy":"product_cat","embeddable":true,"href":"https:\/\/vitaminbutiken.com\/en\/wp-json\/wp\/v2\/product_cat?post=9806"},{"taxonomy":"product_tag","embeddable":true,"href":"https:\/\/vitaminbutiken.com\/en\/wp-json\/wp\/v2\/product_tag?post=9806"}],"curies":[{"name":"wp","href":"https:\/\/api.w.org\/{rel}","templated":true}]}}