{"id":9805,"date":"2025-03-19T16:12:41","date_gmt":"2025-03-19T14:12:41","guid":{"rendered":"https:\/\/vitaminbutiken.multi.fi\/?post_type=product&#038;p=9805"},"modified":"2026-03-31T13:44:04","modified_gmt":"2026-03-31T11:44:04","slug":"osteoguard-kalcium-magnesium-bor","status":"publish","type":"product","link":"https:\/\/vitaminbutiken.com\/en\/produkt\/osteoguard-kalcium-magnesium-bor\/","title":{"rendered":"OSTEOGUARD &#8211; Kalcium Magnesium Bor"},"content":{"rendered":"<h5>OSTEOGUARD &#8211; Kalcium Magnesium Bor &#8211; bensk\u00f6rhetsskyddande multimineral<\/h5>\n<p>Det \u00e4r vanligt att m\u00e5nga f\u00e5r i sig f\u00f6r lite kalcium, speciellt ton\u00e5ringar och \u00e4ldre. Kvinnor beh\u00f6ver \u00e4ven h\u00f6gre intag f\u00f6r att uppr\u00e4tth\u00e5lla normalt skellett.<\/p>\n<p>Osteoguard\u00ae \u00e4r en multimineral med b\u00e5de kalcium och magnesium i ett\u00a02:1 f\u00f6rh\u00e5llande,\u00a0plus boron, vitamin K\u00a0och vitamin D. En tablett om dagen r\u00e4cker f\u00f6r de flesta, tv\u00e5 tabletter rekommenderas till\u00a0personer som undviker mj\u00f6lkprodukter och kvinnor i \u00f6verg\u00e5ngs\u00e5ldern.\u00a0Detta kosttillskott kan tas tillsammans med vitaminer\/multi-vitaminer.<\/p>\n<p><strong>Dosering:<\/strong> 1-2 tabletter dagligen i samband med m\u00e5ltid.<\/p>\n<table style=\"height: 80px;\" border=\"1\" width=\"621\" cellspacing=\"0\" cellpadding=\"0\">\n<tbody>\n<tr>\n<td valign=\"top\" width=\"30%\"><strong>1 tablett inneh\u00e5ller<\/strong><\/td>\n<td valign=\"top\" width=\"20%\"><strong> M\u00e4ngd<\/strong><\/td>\n<td valign=\"top\" width=\"30%\"><strong>%DRI*<\/strong><\/td>\n<\/tr>\n<tr>\n<td valign=\"top\" width=\"30%\">Vitamin D<\/td>\n<td valign=\"top\" width=\"20%\">5 \u00b5g<\/td>\n<td valign=\"top\" width=\"20%\">100 %<\/td>\n<\/tr>\n<tr>\n<td valign=\"top\" width=\"30%\">Vitamin K<\/td>\n<td valign=\"top\" width=\"20%\">38 \u00b5g<\/td>\n<td valign=\"top\" width=\"20%\">51 %<\/td>\n<\/tr>\n<tr>\n<td valign=\"top\" width=\"30%\">Kalcium<\/td>\n<td valign=\"top\" width=\"20%\">500 mg<\/td>\n<td valign=\"top\" width=\"20%\">63 %<\/td>\n<\/tr>\n<tr>\n<td valign=\"top\" width=\"30%\">Magnesium<\/td>\n<td valign=\"top\" width=\"20%\">125 mg<\/td>\n<td valign=\"top\" width=\"20%\">33 %<\/td>\n<\/tr>\n<tr>\n<td valign=\"top\" width=\"30%\">Bor<\/td>\n<td valign=\"top\" width=\"20%\">1,5 mg<\/td>\n<td valign=\"top\" width=\"20%\">**<\/td>\n<\/tr>\n<\/tbody>\n<\/table>\n<p><strong><em>*DRI \u00e4r dagligt referensintag. **DRI ej fastst\u00e4llt.<\/em><\/strong><\/p>\n<p><strong>Ingredienser: <\/strong>Acacia, tablettskal (hydroxypropylhetylsellulosa, F\u00e4rg\u00e4mne: titandioxid, glycerin), cellulosa, tv\u00e4rbundet cellulosagummi, stearinsyra, kiseldioxid.<\/p>\n<p><strong>OBS!:<\/strong> \u00d6ver 400mg magnesium per dag kan orsaka l\u00f6s avf\u00f6ring hos k\u00e4nsliga personer.<\/p>\n<p>Rekommenderad dos b\u00f6r ej \u00f6verskridas.<br \/>\nKosttillskott ers\u00e4tter inte en varierad kost.<br \/>\nProdukten f\u00f6rvaras o\u00e5tkomligt f\u00f6r sm\u00e5 barn.<\/p>\n","protected":false},"excerpt":{"rendered":"<p>Lamberts Osteogaurd kalcium-magnesium-bor \u00e4r ett mineral kosttillskott av h\u00f6g kvalitet.<\/p>\n<p><strong>90 tabletter<\/strong><\/p>\n","protected":false},"featured_media":9883,"comment_status":"closed","ping_status":"closed","template":"","meta":{"_kad_blocks_custom_css":"","_kad_blocks_head_custom_js":"","_kad_blocks_body_custom_js":"","_kad_blocks_footer_custom_js":"","_kadence_starter_templates_imported_post":false,"_kad_post_transparent":"default","_kad_post_title":"","_kad_post_layout":"default","_kad_post_sidebar_id":"","_kad_post_content_style":"default","_kad_post_vertical_padding":"default","_kad_post_feature":"","_kad_post_feature_position":"","_kad_post_header":false,"_kad_post_footer":false,"_kad_post_classname":""},"product_brand":[],"product_cat":[2812,1234,625,281,2821,277],"product_tag":[1645,1851,1109,1626,1791,1792,1833,1852,1853,1854,1855,1840,1856,1637,1539,1857,1639,1858,1859,1860,1032,1430,1861,1862,1863,1802,1864,1845,1850],"class_list":{"0":"post-9805","1":"product","2":"type-product","3":"status-publish","4":"has-post-thumbnail","6":"product_cat-kalcium","7":"product_cat-lamberts","8":"product_cat-magnesium","9":"product_cat-mineraler","10":"product_cat-multi-mineral","11":"product_cat-muskler-och-leder","12":"product_tag-benhalsa","13":"product_tag-benvavnad","14":"product_tag-bor","15":"product_tag-dagligt-mineraltillskott","16":"product_tag-hallbar-halsa","17":"product_tag-halsa-och-valmaende","18":"product_tag-halsokost","19":"product_tag-hogkvalitativa-mineraler","20":"product_tag-kalcium-och-magnesium","21":"product_tag-kalciumkomplex","22":"product_tag-kalciumtillskott","23":"product_tag-kost-och-naring","24":"product_tag-magnesium-for-kroppen","25":"product_tag-magnesiumtillskott","26":"product_tag-mineralbalans","27":"product_tag-mineraler-for-hela-kroppen","28":"product_tag-muskelavslappning","29":"product_tag-naturligt-kalcium","30":"product_tag-optimal-benhalsa","31":"product_tag-osteoguard","32":"product_tag-osteoporos","33":"product_tag-reviva-finland","34":"product_tag-skelett-och-muskler","35":"product_tag-skelettstarkande","36":"product_tag-starka-ben","37":"product_tag-stod-for-amnesomsattning","38":"product_tag-stod-for-leder","39":"product_tag-traning-och-aterhamtning","40":"product_tag-vitala-mineraler","42":"first","43":"instock","44":"taxable","45":"shipping-taxable","46":"purchasable","47":"product-type-simple","48":"entry","49":"content-bg","50":"loop-entry"},"taxonomy_info":{"product_cat":[{"value":2812,"label":"Kalcium"},{"value":1234,"label":"Lamberts"},{"value":625,"label":"Magnesium"},{"value":281,"label":"Mineraler"},{"value":2821,"label":"Multi-mineral"},{"value":277,"label":"Muskler &amp; Leder"}],"product_tag":[{"value":1645,"label":"Benh\u00e4lsa"},{"value":1851,"label":"Benv\u00e4vnad"},{"value":1109,"label":"bor"},{"value":1626,"label":"Dagligt mineraltillskott"},{"value":1791,"label":"H\u00e5llbar h\u00e4lsa"},{"value":1792,"label":"H\u00e4lsa och v\u00e4lm\u00e5ende"},{"value":1833,"label":"H\u00e4lsokost"},{"value":1852,"label":"H\u00f6gkvalitativa mineraler"},{"value":1853,"label":"Kalcium och magnesium"},{"value":1854,"label":"Kalciumkomplex"},{"value":1855,"label":"Kalciumtillskott"},{"value":1840,"label":"Kost och n\u00e4ring"},{"value":1856,"label":"Magnesium f\u00f6r kroppen"},{"value":1637,"label":"Magnesiumtillskott"},{"value":1539,"label":"Mineralbalans"},{"value":1857,"label":"Mineraler f\u00f6r hela kroppen"},{"value":1639,"label":"Muskelavslappning"},{"value":1858,"label":"Naturligt kalcium"},{"value":1859,"label":"Optimal benh\u00e4lsa"},{"value":1860,"label":"Osteoguard"},{"value":1032,"label":"osteoporos"},{"value":1430,"label":"Reviva Finland"},{"value":1861,"label":"Skelett och muskler"},{"value":1862,"label":"Skelettst\u00e4rkande"},{"value":1863,"label":"Starka ben"},{"value":1802,"label":"St\u00f6d f\u00f6r \u00e4mnesoms\u00e4ttning"},{"value":1864,"label":"St\u00f6d f\u00f6r leder"},{"value":1845,"label":"Tr\u00e4ning och \u00e5terh\u00e4mtning"},{"value":1850,"label":"Vitala mineraler"}]},"featured_image_src_large":["https:\/\/vitaminbutiken.com\/wp-content\/uploads\/2025\/03\/8226-90-Osteoguard-780x700.jpg",780,700,true],"author_info":[],"comment_info":0,"_links":{"self":[{"href":"https:\/\/vitaminbutiken.com\/en\/wp-json\/wp\/v2\/product\/9805","targetHints":{"allow":["GET"]}}],"collection":[{"href":"https:\/\/vitaminbutiken.com\/en\/wp-json\/wp\/v2\/product"}],"about":[{"href":"https:\/\/vitaminbutiken.com\/en\/wp-json\/wp\/v2\/types\/product"}],"replies":[{"embeddable":true,"href":"https:\/\/vitaminbutiken.com\/en\/wp-json\/wp\/v2\/comments?post=9805"}],"wp:featuredmedia":[{"embeddable":true,"href":"https:\/\/vitaminbutiken.com\/en\/wp-json\/wp\/v2\/media\/9883"}],"wp:attachment":[{"href":"https:\/\/vitaminbutiken.com\/en\/wp-json\/wp\/v2\/media?parent=9805"}],"wp:term":[{"taxonomy":"product_brand","embeddable":true,"href":"https:\/\/vitaminbutiken.com\/en\/wp-json\/wp\/v2\/product_brand?post=9805"},{"taxonomy":"product_cat","embeddable":true,"href":"https:\/\/vitaminbutiken.com\/en\/wp-json\/wp\/v2\/product_cat?post=9805"},{"taxonomy":"product_tag","embeddable":true,"href":"https:\/\/vitaminbutiken.com\/en\/wp-json\/wp\/v2\/product_tag?post=9805"}],"curies":[{"name":"wp","href":"https:\/\/api.w.org\/{rel}","templated":true}]}}