{"id":9804,"date":"2025-03-19T16:12:40","date_gmt":"2025-03-19T14:12:40","guid":{"rendered":"https:\/\/vitaminbutiken.multi.fi\/?post_type=product&#038;p=9804"},"modified":"2026-03-13T12:12:26","modified_gmt":"2026-03-13T11:12:26","slug":"jarn-20mg-vegankomplex-b12-lysin","status":"publish","type":"product","link":"https:\/\/vitaminbutiken.com\/en\/produkt\/jarn-20mg-vegankomplex-b12-lysin\/","title":{"rendered":"Bio Iron Complex &#8211; J\u00e4rn med B12 &#038; Lysin &#8211; Lamberts"},"content":{"rendered":"<p data-start=\"240\" data-end=\"314\"><strong data-start=\"240\" data-end=\"314\">Skonsamt och effektivt j\u00e4rn f\u00f6r blodbildning, energi och syretransport<\/strong><\/p>\n<p data-start=\"316\" data-end=\"598\">Lamberts Bio Iron Complex \u00e4r en genomt\u00e4nkt kombination av j\u00e4rn i form av j\u00e4rnbisglycinat tillsammans med vitamin B12 och aminosyran L-lysin. Formulan \u00e4r utvecklad f\u00f6r att ge ett v\u00e4lupptagligt och skonsamt j\u00e4rntillskott som st\u00f6djer kroppens normala blodbildning och energiproduktion.<\/p>\n<p data-start=\"600\" data-end=\"701\">J\u00e4rnbisglycinat \u00e4r en kelaterad form av j\u00e4rn som \u00e4r k\u00e4nd f\u00f6r sin goda biotillg\u00e4nglighet och tolerans.<\/p>\n<p data-start=\"600\" data-end=\"701\"><strong>Blodbildning och syretransport<\/strong><\/p>\n<p data-start=\"746\" data-end=\"751\">J\u00e4rn:<\/p>\n<ul data-start=\"753\" data-end=\"866\">\n<li data-start=\"753\" data-end=\"819\">\n<p data-start=\"755\" data-end=\"819\">bidrar till normal bildning av r\u00f6da blodkroppar och hemoglobin<\/p>\n<\/li>\n<li data-start=\"820\" data-end=\"866\">\n<p data-start=\"822\" data-end=\"866\">bidrar till normal syretransport i kroppen<\/p>\n<\/li>\n<\/ul>\n<p data-start=\"868\" data-end=\"880\">Vitamin B12:<\/p>\n<ul data-start=\"882\" data-end=\"933\">\n<li data-start=\"882\" data-end=\"933\">\n<p data-start=\"884\" data-end=\"933\">bidrar till normal bildning av r\u00f6da blodkroppar<\/p>\n<\/li>\n<\/ul>\n<p data-start=\"935\" data-end=\"1052\">J\u00e4rn och vitamin B12 samverkar i produktionen av r\u00f6da blodkroppar, vilket \u00e4r avg\u00f6rande f\u00f6r syretransporten i kroppen.<\/p>\n<p data-start=\"935\" data-end=\"1052\"><strong>Energi och minskad tr\u00f6tthet<\/strong><\/p>\n<p data-start=\"1093\" data-end=\"1098\">J\u00e4rn:<\/p>\n<ul data-start=\"1100\" data-end=\"1190\">\n<li data-start=\"1100\" data-end=\"1139\">\n<p data-start=\"1102\" data-end=\"1139\">bidrar till normal energioms\u00e4ttning<\/p>\n<\/li>\n<li data-start=\"1140\" data-end=\"1190\">\n<p data-start=\"1142\" data-end=\"1190\">bidrar till att minska tr\u00f6tthet och utmattning<\/p>\n<\/li>\n<\/ul>\n<p data-start=\"1192\" data-end=\"1204\">Vitamin B12:<\/p>\n<ul data-start=\"1206\" data-end=\"1296\">\n<li data-start=\"1206\" data-end=\"1245\">\n<p data-start=\"1208\" data-end=\"1245\">bidrar till normal energioms\u00e4ttning<\/p>\n<\/li>\n<li data-start=\"1246\" data-end=\"1296\">\n<p data-start=\"1248\" data-end=\"1296\">bidrar till att minska tr\u00f6tthet och utmattning<\/p>\n<\/li>\n<\/ul>\n<p data-start=\"1298\" data-end=\"1459\">Ett tillr\u00e4ckligt intag av j\u00e4rn och B12 \u00e4r viktigt f\u00f6r kroppens normala energiproduktion och kan vara s\u00e4rskilt relevant vid tr\u00f6tthet kopplad till l\u00e5ga j\u00e4rnniv\u00e5er.<\/p>\n<p data-start=\"1298\" data-end=\"1459\"><strong>Kognitiv funktion och nervsystem<\/strong><\/p>\n<p data-start=\"1506\" data-end=\"1511\">J\u00e4rn:<\/p>\n<ul data-start=\"1513\" data-end=\"1553\">\n<li data-start=\"1513\" data-end=\"1553\">\n<p data-start=\"1515\" data-end=\"1553\">bidrar till normal kognitiv funktion<\/p>\n<\/li>\n<\/ul>\n<p data-start=\"1555\" data-end=\"1567\">Vitamin B12:<\/p>\n<ul data-start=\"1569\" data-end=\"1659\">\n<li data-start=\"1569\" data-end=\"1615\">\n<p data-start=\"1571\" data-end=\"1615\">bidrar till nervsystemets normala funktion<\/p>\n<\/li>\n<li data-start=\"1616\" data-end=\"1659\">\n<p data-start=\"1618\" data-end=\"1659\">bidrar till normal psykologisk funktion<\/p>\n<\/li>\n<\/ul>\n<p data-start=\"1703\" data-end=\"1708\"><strong>Immunf\u00f6rsvar och celldelning<\/strong><\/p>\n<p data-start=\"1703\" data-end=\"1708\">J\u00e4rn:<\/p>\n<ul data-start=\"1710\" data-end=\"1797\">\n<li data-start=\"1710\" data-end=\"1757\">\n<p data-start=\"1712\" data-end=\"1757\">bidrar till immunsystemets normala funktion<\/p>\n<\/li>\n<li data-start=\"1758\" data-end=\"1797\">\n<p data-start=\"1760\" data-end=\"1797\">har en roll i celldelningsprocessen<\/p>\n<\/li>\n<\/ul>\n<p data-start=\"1799\" data-end=\"1811\">Vitamin B12:<\/p>\n<ul data-start=\"1813\" data-end=\"1852\">\n<li data-start=\"1813\" data-end=\"1852\">\n<p data-start=\"1815\" data-end=\"1852\">har en roll i celldelningsprocessen<\/p>\n<\/li>\n<\/ul>\n<p data-start=\"1911\" data-end=\"2048\"><strong>J\u00e4rnbisglycinat &#8211; skonsam och v\u00e4lupptaglig form<\/strong><\/p>\n<p data-start=\"1911\" data-end=\"2048\">Denna produkt inneh\u00e5ller j\u00e4rn i form av bisglycinat, en kelaterad form d\u00e4r j\u00e4rn \u00e4r bundet till aminosyran glycin. Denna form \u00e4r k\u00e4nd f\u00f6r:<\/p>\n<ul data-start=\"2050\" data-end=\"2157\">\n<li data-start=\"2050\" data-end=\"2075\">\n<p data-start=\"2052\" data-end=\"2075\">god biotillg\u00e4nglighet<\/p>\n<\/li>\n<li data-start=\"2076\" data-end=\"2092\">\n<p data-start=\"2078\" data-end=\"2092\">god tolerans<\/p>\n<\/li>\n<li data-start=\"2093\" data-end=\"2157\">\n<p data-start=\"2095\" data-end=\"2157\">mindre risk f\u00f6r magbesv\u00e4r j\u00e4mf\u00f6rt med vissa andra j\u00e4rnformer<\/p>\n<\/li>\n<\/ul>\n<p data-start=\"2159\" data-end=\"2259\">Formulan \u00e4r dessutom berikad med L-lysin, en essentiell aminosyra som ofta inkluderas i j\u00e4rnkomplex.<\/p>\n<p data-start=\"2159\" data-end=\"2259\"><strong>F\u00f6r vem passar Bio Iron Complex?<\/strong><\/p>\n<p data-start=\"2303\" data-end=\"2344\">Produkten kan vara s\u00e4rskilt relevant f\u00f6r:<\/p>\n<ul data-start=\"2346\" data-end=\"2534\">\n<li data-start=\"2346\" data-end=\"2372\">\n<p data-start=\"2348\" data-end=\"2372\">kvinnor i fertil \u00e5lder<\/p>\n<\/li>\n<li data-start=\"2373\" data-end=\"2404\">\n<p data-start=\"2375\" data-end=\"2404\">personer med \u00f6kat j\u00e4rnbehov<\/p>\n<\/li>\n<li data-start=\"2405\" data-end=\"2447\">\n<p data-start=\"2407\" data-end=\"2447\">personer med l\u00e5gt j\u00e4rnintag via kosten<\/p>\n<\/li>\n<li data-start=\"2448\" data-end=\"2476\">\n<p data-start=\"2450\" data-end=\"2476\">vegetarianer och veganer<\/p>\n<\/li>\n<li data-start=\"2477\" data-end=\"2534\">\n<p data-start=\"2479\" data-end=\"2534\">personer som upplever tr\u00f6tthet kopplad till j\u00e4rnbrist<\/p>\n<\/li>\n<\/ul>\n<p data-start=\"2651\" data-end=\"2849\"><strong>Kvalitet fr\u00e5n lamberts<\/strong><\/p>\n<p data-start=\"2651\" data-end=\"2849\">Lamberts \u00e4r k\u00e4nt f\u00f6r sina h\u00f6ga kvalitetsstandarder och noggrant utvalda r\u00e5varor. Bio Iron Complex tillverkas enligt strikta kvalitetskrav f\u00f6r att s\u00e4kerst\u00e4lla stabilitet, renhet och korrekt dosering.<\/p>\n<p data-start=\"2851\" data-end=\"2923\">Tabletterna \u00e4r framtagna f\u00f6r dagligt bruk enligt rekommenderad dosering.<\/p>\n<p><strong>Dosering: <\/strong>2 tabletter dagligen i samband med m\u00e5ltid.<\/p>\n<table style=\"height: 80px;\" border=\"1\" width=\"621\" cellspacing=\"0\" cellpadding=\"0\">\n<tbody>\n<tr>\n<td valign=\"top\" width=\"30%\">\u00a0<strong>2 tabletter inneh\u00e5ller<\/strong><\/td>\n<td valign=\"top\" width=\"20%\"><strong>\u00a0M\u00e4ngd<\/strong><\/td>\n<td valign=\"top\" width=\"30%\">\u00a0<strong>%DRI*<\/strong><\/td>\n<\/tr>\n<tr>\n<td valign=\"top\" width=\"30%\">\u00a0Vitamin B12 (metylkobalamin)<\/td>\n<td valign=\"top\" width=\"20%\">\u00a0250 \u00b5g<\/td>\n<td valign=\"top\" width=\"20%\">\u00a010 000 %<\/td>\n<\/tr>\n<tr>\n<td valign=\"top\" width=\"30%\">\u00a0J\u00e4rn (j\u00e4rnbisglycinat)<\/td>\n<td valign=\"top\" width=\"20%\">\u00a020 mg<\/td>\n<td valign=\"top\" width=\"20%\">\u00a0142 %<\/td>\n<\/tr>\n<tr>\n<td valign=\"top\" width=\"30%\">L-Lysinhydroklorid<br \/>\nSom ger:<br \/>\nL-Lysin<\/td>\n<td valign=\"top\" width=\"20%\">\u00a01 250 mg<\/p>\n<p>1 000 mg<\/td>\n<td valign=\"top\" width=\"20%\">**<\/p>\n<p>**<\/td>\n<\/tr>\n<\/tbody>\n<\/table>\n<p><em>*DRI \u00e4r dagligt referensintag. **DRI ej fastst\u00e4llt.<\/em><\/p>\n<p><strong>Ingredienser:<\/strong> L-Lysinhydroklorid, fyllnadsmedel (dikalciumfosfat-dihydrat, cellulosa), j\u00e4rn (j\u00e4rnbisglycinat), klumpf\u00f6rebyggande medel (kiseldioxid, stearinsyra, magnesiumsalter av fettsyror), ytbehandlingsmedel (hydroxypropylmetylcellulosa, glycerin), Vitamin B12 (metylkobalamin).<\/p>\n<p><strong>V-<\/strong><strong>\u00a0<\/strong>L\u00e4mplig f\u00f6r vegetarianer och veganer.<\/p>\n<p>Rekommenderad daglig dos b\u00f6r ej \u00f6verskridas.<br \/>\nKosttillskott ers\u00e4tter inte en varierad kost.<br \/>\nProdukten f\u00f6rvaras o\u00e5tkomligt f\u00f6r sm\u00e5 barn.<\/p>\n","protected":false},"excerpt":{"rendered":"<p>Bio Iron Complex \u2013 J\u00e4rn (bisglycinat) med B12 &amp; Lysin fr\u00e5n Lamberts \u00e4r ett skonsamt och h\u00f6gkvalitativt j\u00e4rntillskott som bidrar till normal blodbildning, syretransport, energioms\u00e4ttning, kognitiv funktion och minskad tr\u00f6tthet \u2013 i en biotillg\u00e4nglig och genomt\u00e4nkt kombination.<\/p>\n<p>J\u00e4rnbisglycinat \u00e4r mer skonsam f\u00f6r magen och tas b\u00e4ttre upp av kroppen en m\u00e5nga andra former av j\u00e4rntillskott.<\/p>\n<p><strong>120 tabletter<\/strong><\/p>\n","protected":false},"featured_media":9881,"comment_status":"closed","ping_status":"closed","template":"","meta":{"_kad_blocks_custom_css":"","_kad_blocks_head_custom_js":"","_kad_blocks_body_custom_js":"","_kad_blocks_footer_custom_js":"","_kadence_starter_templates_imported_post":false,"_kad_post_transparent":"default","_kad_post_title":"","_kad_post_layout":"default","_kad_post_sidebar_id":"","_kad_post_content_style":"default","_kad_post_vertical_padding":"default","_kad_post_feature":"","_kad_post_feature_position":"","_kad_post_header":false,"_kad_post_footer":false,"_kad_post_classname":""},"product_brand":[],"product_cat":[176,349,1234],"product_tag":[1828,1829,1830,1831,1832,1531,1792,1833,1834,1835,1028,1836,1837,1838,1839,1123,1840,1841,1842,1651,1843,1430,1844,1845,1846,1847,1848,1849,1850],"class_list":{"0":"post-9804","1":"product","2":"type-product","3":"status-publish","4":"has-post-thumbnail","6":"product_cat-immunforsvar","7":"product_cat-jarn","8":"product_cat-lamberts","9":"product_tag-aminosyror-och-jarn","10":"product_tag-b12-tillskott","11":"product_tag-blodbildning","12":"product_tag-blodvarde","13":"product_tag-dagligt-jarntillskott","14":"product_tag-energi-och-vitalitet","15":"product_tag-halsa-och-valmaende","16":"product_tag-halsokost","17":"product_tag-hemoglobin","18":"product_tag-hogkvalitativt-jarn","19":"product_tag-immunforsvar","20":"product_tag-jarn-for-kroppen","21":"product_tag-jarn-for-kvinnor","22":"product_tag-jarn-med-b12","23":"product_tag-jarnkomplex","24":"product_tag-jarntillskott","25":"product_tag-kost-och-naring","26":"product_tag-lattupptagligt-jarn","27":"product_tag-lysin","28":"product_tag-muskelhalsa","29":"product_tag-naturlig-energi","30":"product_tag-reviva-finland","31":"product_tag-stod-for-veganer","32":"product_tag-traning-och-aterhamtning","33":"product_tag-trotthet-och-utmattning","34":"product_tag-veganskt-jarn","35":"product_tag-veganskt-kosttillskott","36":"product_tag-veganvanligt","37":"product_tag-vitala-mineraler","39":"first","40":"instock","41":"taxable","42":"shipping-taxable","43":"purchasable","44":"product-type-simple","45":"entry","46":"content-bg","47":"loop-entry"},"taxonomy_info":{"product_cat":[{"value":176,"label":"Immunf\u00f6rsvar"},{"value":349,"label":"J\u00e4rn"},{"value":1234,"label":"Lamberts"}],"product_tag":[{"value":1828,"label":"Aminosyror och j\u00e4rn"},{"value":1829,"label":"B12-tillskott"},{"value":1830,"label":"Blodbildning"},{"value":1831,"label":"Blodv\u00e4rde"},{"value":1832,"label":"Dagligt j\u00e4rntillskott"},{"value":1531,"label":"Energi och vitalitet"},{"value":1792,"label":"H\u00e4lsa och v\u00e4lm\u00e5ende"},{"value":1833,"label":"H\u00e4lsokost"},{"value":1834,"label":"Hemoglobin"},{"value":1835,"label":"H\u00f6gkvalitativt j\u00e4rn"},{"value":1028,"label":"immunf\u00f6rsvar"},{"value":1836,"label":"J\u00e4rn f\u00f6r kroppen"},{"value":1837,"label":"J\u00e4rn f\u00f6r kvinnor"},{"value":1838,"label":"J\u00e4rn med B12"},{"value":1839,"label":"J\u00e4rnkomplex"},{"value":1123,"label":"j\u00e4rntillskott"},{"value":1840,"label":"Kost och n\u00e4ring"},{"value":1841,"label":"L\u00e4ttupptagligt j\u00e4rn"},{"value":1842,"label":"Lysin"},{"value":1651,"label":"Muskelh\u00e4lsa"},{"value":1843,"label":"Naturlig energi"},{"value":1430,"label":"Reviva Finland"},{"value":1844,"label":"St\u00f6d f\u00f6r veganer"},{"value":1845,"label":"Tr\u00e4ning och \u00e5terh\u00e4mtning"},{"value":1846,"label":"Tr\u00f6tthet och utmattning"},{"value":1847,"label":"Veganskt j\u00e4rn"},{"value":1848,"label":"Veganskt kosttillskott"},{"value":1849,"label":"Veganv\u00e4nligt"},{"value":1850,"label":"Vitala mineraler"}]},"featured_image_src_large":["https:\/\/vitaminbutiken.com\/wp-content\/uploads\/2025\/03\/8244-120-Bio-Iron-Complex-780x700.jpg",780,700,true],"author_info":[],"comment_info":0,"_links":{"self":[{"href":"https:\/\/vitaminbutiken.com\/en\/wp-json\/wp\/v2\/product\/9804","targetHints":{"allow":["GET"]}}],"collection":[{"href":"https:\/\/vitaminbutiken.com\/en\/wp-json\/wp\/v2\/product"}],"about":[{"href":"https:\/\/vitaminbutiken.com\/en\/wp-json\/wp\/v2\/types\/product"}],"replies":[{"embeddable":true,"href":"https:\/\/vitaminbutiken.com\/en\/wp-json\/wp\/v2\/comments?post=9804"}],"wp:featuredmedia":[{"embeddable":true,"href":"https:\/\/vitaminbutiken.com\/en\/wp-json\/wp\/v2\/media\/9881"}],"wp:attachment":[{"href":"https:\/\/vitaminbutiken.com\/en\/wp-json\/wp\/v2\/media?parent=9804"}],"wp:term":[{"taxonomy":"product_brand","embeddable":true,"href":"https:\/\/vitaminbutiken.com\/en\/wp-json\/wp\/v2\/product_brand?post=9804"},{"taxonomy":"product_cat","embeddable":true,"href":"https:\/\/vitaminbutiken.com\/en\/wp-json\/wp\/v2\/product_cat?post=9804"},{"taxonomy":"product_tag","embeddable":true,"href":"https:\/\/vitaminbutiken.com\/en\/wp-json\/wp\/v2\/product_tag?post=9804"}],"curies":[{"name":"wp","href":"https:\/\/api.w.org\/{rel}","templated":true}]}}