{"id":9803,"date":"2025-03-19T16:12:40","date_gmt":"2025-03-19T14:12:40","guid":{"rendered":"https:\/\/vitaminbutiken.multi.fi\/?post_type=product&#038;p=9803"},"modified":"2026-03-30T12:08:38","modified_gmt":"2026-03-30T10:08:38","slug":"ashwagandha-6000mg","status":"publish","type":"product","link":"https:\/\/vitaminbutiken.com\/en\/produkt\/ashwagandha-6000mg\/","title":{"rendered":"Ashwagandha 6000mg"},"content":{"rendered":"<h5><strong>Lamberts Ashwagandha kapslar 6000mg<\/strong><\/h5>\n<p><strong>St\u00f6djer immunsystemets normala funktion<\/strong><\/p>\n<p>USP:s unika omr\u00e5den:<\/p>\n<p>\u2022 Vi anv\u00e4nder ett fullspektrumrotextrakt p\u00e5 en niv\u00e5 som \u00f6verensst\u00e4mmer med publicerade studier<br \/>\n\u2022 De aktiva substanserna som kallas withanolider ing\u00e5r i sin optimala niv\u00e5<br \/>\n\u2022 Tillsatt vitamin C och zink, f\u00f6r immunf\u00f6rsvarets normala funktion<br \/>\n\u2022 En formel om dagen passar b\u00e5de veganer och vegetarianer<\/p>\n<p><strong>Produktbeskrivning:<\/strong><br \/>\nAshwagandha, \u00e4ven k\u00e4nd som indisk Ginseng, har anv\u00e4nts sedan urminnes tider och det finns hundratals studier av medicinska forskare som har studerat ashwagandha i flera \u00e5r med stort intresse.<\/p>\n<p>Lamberts\u00ae Ashwagandha kombinerar de viktiga egenskaper som finns i \u00f6rten tillsammans med tillsatt vitamin C och zink, f\u00f6r immunsystemets normala funktion.<\/p>\n<p>Vi anv\u00e4nder ett rotextrakt i hela spektrumet eftersom detta har varit i fokus under tusentals \u00e5r av traditionell anv\u00e4ndning och \u00f6verensst\u00e4mmer med publicerade studier. R\u00e5varan genomg\u00e5r en sofistikerad screeningprocess f\u00f6re tillverkning (i linje med alla v\u00e5ra \u00f6rter), f\u00f6r att s\u00e4kerst\u00e4lla att materialet uppfyller v\u00e5ra str\u00e4ngaste kvalitetsstandarder. Tyv\u00e4rr \u00e4r detta inte sant f\u00f6r alla ashwagandha-tillskott, d\u00e4r r\u00f6tter ofta blandas med luftdelar (f\u00f6r vilka den traditionella indikationen var som en topisk applicering) och andra v\u00e4xtdelar. M\u00e5nga av dessa produkter uppfyller inte deras m\u00e4rkning och i vissa fall inneh\u00e5ller de h\u00f6ga halter av f\u00f6roreningar.<\/p>\n<p>De aktiva f\u00f6reningarna som kallas withanolider ing\u00e5r i sin optimala niv\u00e5, 5 %, vilket \u00e4r hela 15 mg per kapsel. Detta \u00f6verensst\u00e4mmer med publicerade studier och en niv\u00e5 som \u00e4r mycket h\u00f6gre \u00e4n vad m\u00e5nga h\u00e4vdar f\u00f6r sin dagliga dos.<\/p>\n<p>V\u00e5r en om dagen-formel \u00e4r l\u00e4mplig f\u00f6r b\u00e5de veganer och vegetarianer, och \u00e4r en av de b\u00e4sta produkterna som finns tillg\u00e4ngliga f\u00f6r ut\u00f6vare b\u00e5de f\u00f6r sin kvalitet och pris.<\/p>\n<p><strong>Dosering:<\/strong>\u00a0 1 kapsel dagligen i samband med m\u00e5ltid.<\/p>\n<table style=\"height: 80px;\" border=\"1\" width=\"621\" cellspacing=\"0\" cellpadding=\"0\">\n<tbody>\n<tr>\n<td valign=\"top\" width=\"30%\">\u00a0<strong>1 kapsel inneh\u00e5ller<\/strong><\/td>\n<td valign=\"top\" width=\"20%\"><strong>\u00a0M\u00e4ngd<\/strong><\/td>\n<td valign=\"top\" width=\"30%\">\u00a0<strong>%DRI*<\/strong><\/td>\n<\/tr>\n<tr>\n<td valign=\"top\" width=\"30%\">\u00a0Vitamin C<\/td>\n<td valign=\"top\" width=\"20%\">\u00a040 mg<\/td>\n<td valign=\"top\" width=\"20%\">\u00a050 %<\/td>\n<\/tr>\n<tr>\n<td valign=\"top\" width=\"30%\">\u00a0Zink<\/td>\n<td valign=\"top\" width=\"20%\">\u00a05 mg<\/td>\n<td valign=\"top\" width=\"20%\">\u00a050 %<\/td>\n<\/tr>\n<tr>\n<td valign=\"top\" width=\"30%\">\u00a0Ashwagandha (som 300 mg av ett 20:1 extrakt)<br \/>\nSom ger:<br \/>\nWithanolider\u00a0 15 mg<\/td>\n<td valign=\"top\" width=\"20%\">\u00a06000 mg<\/td>\n<td valign=\"top\" width=\"20%\">\u00a0**<\/td>\n<\/tr>\n<\/tbody>\n<\/table>\n<p><em>*DRI \u00e4r dagligt referensintag. **DRI ej fastst\u00e4llt.\u00a0<\/em><\/p>\n<p><strong>Ingredienser:<\/strong> Kapselskal (hydroxypropylmetylcellulosa), vitamin C (askorbinsyra), zinkcitrat, klumpf\u00f6rebyggande medel<br \/>\n(magnesiumsalter av fettsyror, kiseldioxid), fyllnadsmedel (vitt rispulver).<\/p>\n<p>L\u00e4mplig f\u00f6r vegetarianer och veganer.<\/p>\n<p>Rekommenderad dos b\u00f6r ej \u00f6verskridas.<br \/>\nKosttillskott ers\u00e4tter inte en varierad kost.<br \/>\nProdukten f\u00f6rvaras o\u00e5tkomligt f\u00f6r sm\u00e5 barn.<\/p>\n<p>F\u00f6ljande lista \u00f6ver allergener \u00e4r uteslutna: Ingredienser som inneh\u00e5ller vete, j\u00e4st, mejeri, soja, n\u00f6tter och gluten.<\/p>\n<p><strong>OBS!<\/strong> Rekommenderas inte till gravid eller ammar.<\/p>\n<p>F\u00f6rvaras p\u00e5 en sval torr plats och skyddad fr\u00e5n ljus.<\/p>\n<p>&nbsp;<\/p>\n","protected":false},"excerpt":{"rendered":"<p>Lamberts Ashwagandha 6000mg \u00e4r ett kosttillskott.<\/p>\n<p><strong>60 kapslar<\/strong><\/p>\n","protected":false},"featured_media":9873,"comment_status":"closed","ping_status":"closed","template":"","meta":{"_kad_blocks_custom_css":"","_kad_blocks_head_custom_js":"","_kad_blocks_body_custom_js":"","_kad_blocks_footer_custom_js":"","_kadence_starter_templates_imported_post":false,"_kad_post_transparent":"default","_kad_post_title":"","_kad_post_layout":"default","_kad_post_sidebar_id":"","_kad_post_content_style":"default","_kad_post_vertical_padding":"default","_kad_post_feature":"","_kad_post_feature_position":"","_kad_post_header":false,"_kad_post_footer":false,"_kad_post_classname":""},"product_brand":[],"product_cat":[1234,149,146,278],"product_tag":[157,1170,1810,1558,1811,1812,1531,1813,1792,1814,1485,1538,1815,1816,1817,1818,1819,1820,1821,1822,1823,1430,1824,1674,1825,1542,1826,1827],"class_list":{"0":"post-9803","1":"product","2":"type-product","3":"status-publish","4":"has-post-thumbnail","6":"product_cat-lamberts","7":"product_cat-orter","8":"product_cat-stressad-och-trott","9":"product_cat-traning","10":"product_tag-adaptogen","11":"product_tag-ashwagandha","12":"product_tag-ashwagandha-extrakt","13":"product_tag-avslappning","14":"product_tag-ayurvedisk-ort","15":"product_tag-dagligt-adaptogen","16":"product_tag-energi-och-vitalitet","17":"product_tag-fokus-och-lugn","18":"product_tag-halsa-och-valmaende","19":"product_tag-hogdos-ashwagandha","20":"product_tag-holistisk-halsa","21":"product_tag-hormonbalans","22":"product_tag-immunstod","23":"product_tag-kosttillskott-for-balans","24":"product_tag-langvarig-energi","25":"product_tag-mental-fokus","26":"product_tag-naturlig-balans","27":"product_tag-naturlig-halsokost","28":"product_tag-naturlig-stressreducering","29":"product_tag-okad-uthallighet","30":"product_tag-premium-ashwagandha","31":"product_tag-reviva-finland","32":"product_tag-somn-och-aterhamtning","33":"product_tag-stod-for-nervsystemet","34":"product_tag-stressfri-vardag","35":"product_tag-stresshantering","36":"product_tag-traditionell-ayurveda","37":"product_tag-traning-och-prestation","39":"first","40":"instock","41":"taxable","42":"shipping-taxable","43":"purchasable","44":"product-type-simple","45":"entry","46":"content-bg","47":"loop-entry"},"taxonomy_info":{"product_cat":[{"value":1234,"label":"Lamberts"},{"value":149,"label":"\u00d6rter"},{"value":146,"label":"Stressad &amp; Tr\u00f6tt"},{"value":278,"label":"Tr\u00e4ning"}],"product_tag":[{"value":157,"label":"adaptogen"},{"value":1170,"label":"Ashwagandha"},{"value":1810,"label":"Ashwagandha extrakt"},{"value":1558,"label":"avslappning"},{"value":1811,"label":"Ayurvedisk \u00f6rt"},{"value":1812,"label":"Dagligt adaptogen"},{"value":1531,"label":"Energi och vitalitet"},{"value":1813,"label":"Fokus och lugn"},{"value":1792,"label":"H\u00e4lsa och v\u00e4lm\u00e5ende"},{"value":1814,"label":"H\u00f6gdos Ashwagandha"},{"value":1485,"label":"Holistisk h\u00e4lsa"},{"value":1538,"label":"Hormonbalans"},{"value":1815,"label":"Immunst\u00f6d"},{"value":1816,"label":"Kosttillskott f\u00f6r balans"},{"value":1817,"label":"L\u00e5ngvarig energi"},{"value":1818,"label":"Mental fokus"},{"value":1819,"label":"Naturlig balans"},{"value":1820,"label":"Naturlig h\u00e4lsokost"},{"value":1821,"label":"Naturlig stressreducering"},{"value":1822,"label":"\u00d6kad uth\u00e5llighet"},{"value":1823,"label":"Premium Ashwagandha"},{"value":1430,"label":"Reviva Finland"},{"value":1824,"label":"S\u00f6mn och \u00e5terh\u00e4mtning"},{"value":1674,"label":"St\u00f6d f\u00f6r nervsystemet"},{"value":1825,"label":"Stressfri vardag"},{"value":1542,"label":"Stresshantering"},{"value":1826,"label":"Traditionell ayurveda"},{"value":1827,"label":"Tr\u00e4ning och prestation"}]},"featured_image_src_large":["https:\/\/vitaminbutiken.com\/wp-content\/uploads\/2025\/03\/8576-60-Ashwagandha-780x700.jpg",780,700,true],"author_info":[],"comment_info":0,"_links":{"self":[{"href":"https:\/\/vitaminbutiken.com\/en\/wp-json\/wp\/v2\/product\/9803","targetHints":{"allow":["GET"]}}],"collection":[{"href":"https:\/\/vitaminbutiken.com\/en\/wp-json\/wp\/v2\/product"}],"about":[{"href":"https:\/\/vitaminbutiken.com\/en\/wp-json\/wp\/v2\/types\/product"}],"replies":[{"embeddable":true,"href":"https:\/\/vitaminbutiken.com\/en\/wp-json\/wp\/v2\/comments?post=9803"}],"wp:featuredmedia":[{"embeddable":true,"href":"https:\/\/vitaminbutiken.com\/en\/wp-json\/wp\/v2\/media\/9873"}],"wp:attachment":[{"href":"https:\/\/vitaminbutiken.com\/en\/wp-json\/wp\/v2\/media?parent=9803"}],"wp:term":[{"taxonomy":"product_brand","embeddable":true,"href":"https:\/\/vitaminbutiken.com\/en\/wp-json\/wp\/v2\/product_brand?post=9803"},{"taxonomy":"product_cat","embeddable":true,"href":"https:\/\/vitaminbutiken.com\/en\/wp-json\/wp\/v2\/product_cat?post=9803"},{"taxonomy":"product_tag","embeddable":true,"href":"https:\/\/vitaminbutiken.com\/en\/wp-json\/wp\/v2\/product_tag?post=9803"}],"curies":[{"name":"wp","href":"https:\/\/api.w.org\/{rel}","templated":true}]}}