{"id":9794,"date":"2025-03-19T16:12:13","date_gmt":"2025-03-19T14:12:13","guid":{"rendered":"https:\/\/vitaminbutiken.multi.fi\/?post_type=product&#038;p=9794"},"modified":"2026-03-29T21:20:44","modified_gmt":"2026-03-29T19:20:44","slug":"vitamin-b6-pyridoxin-50-mg","status":"publish","type":"product","link":"https:\/\/vitaminbutiken.com\/en\/produkt\/vitamin-b6-pyridoxin-50-mg\/","title":{"rendered":"Vitamin B6 (pyridoxin) 50 mg, Lamberts"},"content":{"rendered":"<p><strong>Vitamin B6 (pyridoxin) 50 mg tabletter<\/strong><\/p>\n<p data-start=\"777\" data-end=\"1064\">Vitamin B6, ocks\u00e5 kallat pyridoxin, \u00e4r ett vattenl\u00f6sligt vitamin inom B-vitaminfamiljen som kroppen beh\u00f6ver dagligen. Som ett essentiellt n\u00e4rings\u00e4mne ing\u00e5r det i flera viktiga processer och kan bidra till att uppr\u00e4tth\u00e5lla olika funktioner i kroppen.<\/p>\n<p data-start=\"1066\" data-end=\"1354\">Detta kosttillskott inneh\u00e5ller 50 mg vitamin B6 per kapsel i en v\u00e4l doserad form. Vitamin B6 \u00e4r s\u00e4rskilt anv\u00e4ndbart som komplement till kosten n\u00e4r man vill s\u00e4kerst\u00e4lla ett tillr\u00e4ckligt dagligt intag. Kapslarna \u00e4r l\u00e4tta att ta och passar bra f\u00f6r dagligt bruk enligt rekommenderad dosering.<\/p>\n<p data-start=\"1356\" data-end=\"1827\"><strong>Vitamin B6 bidrar till normal funktion av immunsystemet<\/strong>, <strong data-start=\"1519\" data-end=\"1546\">normal energioms\u00e4ttning<\/strong> och <strong data-start=\"1551\" data-end=\"1591\">normal ansamling av r\u00f6da blodkroppar<\/strong>.<\/p>\n<p data-start=\"1829\" data-end=\"2108\">Produkten \u00e4r tillverkad enligt h\u00f6ga kvalitetsstandarder och kan vara ett bra val f\u00f6r dig som vill komplettera ditt intag av vitamin B6 p\u00e5 ett enkelt och kontrollerat s\u00e4tt.<\/p>\n<p><strong>Dosering: <\/strong>1 tablett dagligen i samband med m\u00e5ltid.<\/p>\n<table style=\"height: 80px;\" border=\"1\" width=\"621\" cellspacing=\"0\" cellpadding=\"0\">\n<tbody>\n<tr>\n<td valign=\"top\" width=\"30%\"><strong>1 tablett inneh\u00e5ller<\/strong><\/td>\n<td valign=\"top\" width=\"20%\"><strong> M\u00e4ngd<\/strong><\/td>\n<td valign=\"top\" width=\"30%\"><strong>%DRI*<\/strong><\/td>\n<\/tr>\n<tr>\n<td valign=\"top\" width=\"30%\">Vitamin B6<\/td>\n<td valign=\"top\" width=\"20%\">50 mg<\/td>\n<td valign=\"top\" width=\"20%\">3 571 %<\/td>\n<\/tr>\n<\/tbody>\n<\/table>\n<p><strong><em>*DRI \u00e4r dagligt referensintag. <\/em><\/strong><\/p>\n<p><strong>Ingredienser:<\/strong> Fyllnadsmedel (dikalciumfosfat, cellulosa), vitamin B6 (pyridoxinhydroklorid),<br \/>\nklumpf\u00f6rebyggande medel (kiseldioxid, stearinsyra, magnesiumsalter av fettsyror).<\/p>\n<p>L\u00e4mplig f\u00f6r veganer och vegetarianer.<\/p>\n<p>Rekommenderad daglig dos b\u00f6r ej \u00f6verskridas.<br \/>\nKosttillskott ers\u00e4tter inte en varierad kost.<br \/>\nProdukten f\u00f6rvaras o\u00e5tkomligt f\u00f6r sm\u00e5 barn.<\/p>\n","protected":false},"excerpt":{"rendered":"<p>Vitamin B6 (pyridoxin) \u00e4r ett vattenl\u00f6sligt B-vitamin som bidrar till <strong data-start=\"471\" data-end=\"504\">normalt immunsystems funktion<\/strong>, <strong data-start=\"506\" data-end=\"547\">normal produktion av r\u00f6da blodkroppar<\/strong> och <strong data-start=\"552\" data-end=\"579\">normal energioms\u00e4ttning<\/strong>. Detta kosttillskott ger 50 mg pyridoxin per kapsel och \u00e4r ett enkelt s\u00e4tt att komplettera det dagliga intaget vid behov.<\/p>\n<p><strong>100 tabletter<\/strong><\/p>\n","protected":false},"featured_media":9867,"comment_status":"closed","ping_status":"closed","template":"","meta":{"_kad_blocks_custom_css":"","_kad_blocks_head_custom_js":"","_kad_blocks_body_custom_js":"","_kad_blocks_footer_custom_js":"","_kadence_starter_templates_imported_post":false,"_kad_post_transparent":"default","_kad_post_title":"","_kad_post_layout":"default","_kad_post_sidebar_id":"","_kad_post_content_style":"default","_kad_post_vertical_padding":"default","_kad_post_feature":"","_kad_post_feature_position":"","_kad_post_header":false,"_kad_post_footer":false,"_kad_post_classname":""},"product_brand":[],"product_cat":[348,1234,146,278,155],"product_tag":[1743,345,1744,1745,1746,1747,1748,1749,1750,1751,1752,1753,1754,1755,1706,1756,1757,1758,1759,1673,1760,1761,1762,1763,1764],"class_list":{"0":"post-9794","1":"product","2":"type-product","3":"status-publish","4":"has-post-thumbnail","6":"product_cat-b-vitamin","7":"product_cat-lamberts","8":"product_cat-stressad-och-trott","9":"product_cat-traning","10":"product_cat-vitaminer","11":"product_tag-aktiverat-b6-vitamin","12":"product_tag-b6-vitamin","13":"product_tag-bioaktiv-form-av-b6-p5p","14":"product_tag-for-forbattrad-matsmaltning","15":"product_tag-for-idrottare-och-aktiva-personer","16":"product_tag-for-individer-med-b6-brist","17":"product_tag-for-kvinnor-med-hormonell-obalans","18":"product_tag-for-mental-klarhet-och-fokus","19":"product_tag-for-nervhalsa-och-kognitiv-funktion","20":"product_tag-for-nervsystemets-funktion","21":"product_tag-for-reglering-av-homocysteinnivaer","22":"product_tag-for-stod-vid-nervsmarta-och-neuropati","23":"product_tag-for-stod-vid-pms-och-hormonella-besvar","24":"product_tag-for-stresshantering-och-mental-balans","25":"product_tag-fri-fran-artificiella-tillsatser","26":"product_tag-hogabsorberande-b6","27":"product_tag-hormonreglering","28":"product_tag-kliniskt-testad-renhet","29":"product_tag-lattupptaglig-och-effektiv-form","30":"product_tag-minskad-trotthet-och-utmattning","31":"product_tag-pyridoxal-5-fosfat-p5p","32":"product_tag-stod-for-energiomsattning","33":"product_tag-stod-for-protein-och-kolhydratmetabolism","34":"product_tag-veganskt-och-gmo-fritt-tillskott","35":"product_tag-vitamin-b6-tillskott","37":"first","38":"instock","39":"taxable","40":"shipping-taxable","41":"purchasable","42":"product-type-simple","43":"entry","44":"content-bg","45":"loop-entry"},"taxonomy_info":{"product_cat":[{"value":348,"label":"B-vitamin"},{"value":1234,"label":"Lamberts"},{"value":146,"label":"Stressad &amp; Tr\u00f6tt"},{"value":278,"label":"Tr\u00e4ning"},{"value":155,"label":"Vitaminer"}],"product_tag":[{"value":1743,"label":"Aktiverat B6-vitamin"},{"value":345,"label":"b6 vitamin"},{"value":1744,"label":"Bioaktiv form av B6 (P5P)"},{"value":1745,"label":"F\u00f6r f\u00f6rb\u00e4ttrad matsm\u00e4ltning"},{"value":1746,"label":"F\u00f6r idrottare och aktiva personer"},{"value":1747,"label":"F\u00f6r individer med B6-brist"},{"value":1748,"label":"F\u00f6r kvinnor med hormonell obalans"},{"value":1749,"label":"F\u00f6r mental klarhet och fokus"},{"value":1750,"label":"F\u00f6r nervh\u00e4lsa och kognitiv funktion"},{"value":1751,"label":"F\u00f6r nervsystemets funktion"},{"value":1752,"label":"F\u00f6r reglering av homocysteinniv\u00e5er"},{"value":1753,"label":"F\u00f6r st\u00f6d vid nervsm\u00e4rta och neuropati"},{"value":1754,"label":"F\u00f6r st\u00f6d vid PMS och hormonella besv\u00e4r"},{"value":1755,"label":"F\u00f6r stresshantering och mental balans"},{"value":1706,"label":"Fri fr\u00e5n artificiella tillsatser"},{"value":1756,"label":"H\u00f6gabsorberande B6"},{"value":1757,"label":"Hormonreglering"},{"value":1758,"label":"Kliniskt testad renhet"},{"value":1759,"label":"L\u00e4ttupptaglig och effektiv form"},{"value":1673,"label":"Minskad tr\u00f6tthet och utmattning"},{"value":1760,"label":"Pyridoxal-5-fosfat (P5P)"},{"value":1761,"label":"St\u00f6d f\u00f6r energioms\u00e4ttning"},{"value":1762,"label":"St\u00f6d f\u00f6r protein- och kolhydratmetabolism"},{"value":1763,"label":"Veganskt och GMO-fritt tillskott"},{"value":1764,"label":"Vitamin B6 tillskott"}]},"featured_image_src_large":["https:\/\/vitaminbutiken.com\/wp-content\/uploads\/2025\/03\/8061-100-Vitamin-B6-780x700.jpg",780,700,true],"author_info":[],"comment_info":0,"_links":{"self":[{"href":"https:\/\/vitaminbutiken.com\/en\/wp-json\/wp\/v2\/product\/9794","targetHints":{"allow":["GET"]}}],"collection":[{"href":"https:\/\/vitaminbutiken.com\/en\/wp-json\/wp\/v2\/product"}],"about":[{"href":"https:\/\/vitaminbutiken.com\/en\/wp-json\/wp\/v2\/types\/product"}],"replies":[{"embeddable":true,"href":"https:\/\/vitaminbutiken.com\/en\/wp-json\/wp\/v2\/comments?post=9794"}],"wp:featuredmedia":[{"embeddable":true,"href":"https:\/\/vitaminbutiken.com\/en\/wp-json\/wp\/v2\/media\/9867"}],"wp:attachment":[{"href":"https:\/\/vitaminbutiken.com\/en\/wp-json\/wp\/v2\/media?parent=9794"}],"wp:term":[{"taxonomy":"product_brand","embeddable":true,"href":"https:\/\/vitaminbutiken.com\/en\/wp-json\/wp\/v2\/product_brand?post=9794"},{"taxonomy":"product_cat","embeddable":true,"href":"https:\/\/vitaminbutiken.com\/en\/wp-json\/wp\/v2\/product_cat?post=9794"},{"taxonomy":"product_tag","embeddable":true,"href":"https:\/\/vitaminbutiken.com\/en\/wp-json\/wp\/v2\/product_tag?post=9794"}],"curies":[{"name":"wp","href":"https:\/\/api.w.org\/{rel}","templated":true}]}}