{"id":9793,"date":"2025-03-19T16:12:12","date_gmt":"2025-03-19T14:12:12","guid":{"rendered":"https:\/\/vitaminbutiken.multi.fi\/?post_type=product&#038;p=9793"},"modified":"2026-03-31T10:11:32","modified_gmt":"2026-03-31T08:11:32","slug":"meno-pause-complex","status":"publish","type":"product","link":"https:\/\/vitaminbutiken.com\/en\/produkt\/meno-pause-complex\/","title":{"rendered":"Meno-Pause Komplex"},"content":{"rendered":"<p>Meno-Pause Complex inneh\u00e5ller Lifenol\u00ae, ett patenterat extrakt av humle som garanterar en daglig dos av 8-prenylnaringenin (8PN). Humle har anv\u00e4nts i \u00e5rhundraden f\u00f6r att st\u00f6dja kvinnors h\u00e4lsa.<\/p>\n<p>Lamberts har \u00e4ven inkluderat sojaproteinextrakt i en niv\u00e5 j\u00e4mf\u00f6rbar med enskilda produkter, vilket ger 50 mg rena isoflavoner per tablett. Dessutom inneh\u00e5ller produkten salviaextrakt, med en noggrant kontrollerad l\u00e5g niv\u00e5 av tujon, tillsatt i en relevant dos. Denna kombination \u00e4r utformad f\u00f6r att naturligt st\u00f6dja kvinnor genom klimakteriet.<\/p>\n<p><strong>Dosering:<\/strong> 1 tablett per dag.<\/p>\n<table border=\"1\" cellspacing=\"0\" cellpadding=\"0\">\n<tbody>\n<tr>\n<td valign=\"top\" width=\"30%\"><b>\u00a01 tablett inneh\u00e5ller:<\/b><\/td>\n<td valign=\"top\" width=\"20%\"><b>M\u00e4ngd\u00a0<\/b><\/td>\n<td valign=\"top\" width=\"30%\"><strong> % DRI*<\/strong><\/td>\n<\/tr>\n<tr>\n<td valign=\"top\" width=\"30%\"><strong>\u00a0Humle\u00a0<\/strong><br \/>\nVarav:<br \/>\n8-prenylnaringenin<\/td>\n<td valign=\"top\" width=\"20%\">\u00a01500 mg<\/p>\n<p>100 \u00b5g<\/td>\n<td valign=\"top\" width=\"20%\">\u00a0**<\/td>\n<\/tr>\n<tr>\n<td valign=\"top\" width=\"30%\"><strong>\u00a0Sojab\u00f6nor\u00a0<\/strong><br \/>\nVarav:<br \/>\nIsoflavoner<\/td>\n<td valign=\"top\" width=\"20%\">\u00a050 000 mg<\/p>\n<p>50 mg<\/td>\n<td valign=\"top\" width=\"20%\">\u00a0**<\/td>\n<\/tr>\n<tr>\n<td valign=\"top\" width=\"30%\"><strong>\u00a0Salvia<br \/>\n<\/strong>\u00a0Varav:<br \/>\nRosmarinsyra (2,5 %)<\/td>\n<td valign=\"top\" width=\"20%\">\u00a0100 mg<\/td>\n<td valign=\"top\" width=\"20%\">\u00a0**<\/td>\n<\/tr>\n<\/tbody>\n<\/table>\n<p><span style=\"color: #000000;\"><strong>**DRI (dagligt referensintag) ej fastst\u00e4llt.<\/strong><\/span><\/p>\n<p><strong>Ingredienser:<\/strong> Fyllnadsmedel (kalciumkarbonat, cellulosa), soja b\u00f6nextrakt 200:1 (glycin max), humle blomextrakt 22:1<br \/>\n(<em>Humulus lupulus<\/em>), tablettskal (hydroxypropylmetylcellulosa), f\u00e4rg; spirulina, \u00e4pple, safflor, citron, hydroxypropylcellulosa),<br \/>\nklumpf\u00f6rebyggande medel (kiseldioxid, stearinsyra, magnesiumsalter av fettsyror), salvia bladextrakt 4,8:1 (<em>salvia officinalis<\/em>), tv\u00e4rbundet cellulosagummi.<\/p>\n<p><strong><span style=\"color: #094fb4;\">L\u00e4mplig f\u00f6r vegetarianer och veganer.<\/span><\/strong><\/p>\n<p><strong>Allergeninformation<\/strong><br \/>\nF\u00f6ljande allergener \u00e4r exkluderade: Vete, Korn, \u00c4gg, Mj\u00f6lk (och mj\u00f6lkprodukter), Laktos, N\u00f6tter, Sulfiter och ingredienser som inneh\u00e5ller Gluten.<br \/>\nSe avsnittet om produktinformation f\u00f6r ingredienser markerade i fetstil.<\/p>\n<p>Rekommenderad dos b\u00f6r ej \u00f6verskridas.<br \/>\nKosttillskott ers\u00e4tter inte en varierad kost.<br \/>\nProdukten f\u00f6rvaras o\u00e5tkomligt f\u00f6r sm\u00e5 barn.<br \/>\nRekommenderas inte till gravida eller ammande.<\/p>\n<p>En gr\u00f6n\u00f6verdragen tablett<\/p>\n","protected":false},"excerpt":{"rendered":"<div class=\"f-18 f-xspace f-color6 f-nobold\">\n<p><strong>Med sojaisoflavoner, humle och salvia, f\u00f6r under och efter klimakteriet<\/strong><\/p>\n<ul>\n<li>Ett v\u00e4lstuderat unikt humleextrakt (Lifenol\u00ae) som ger 100 \u03bcg 8PN, ett naturligt fyto\u00f6strogen.<\/li>\n<li>Naturlig k\u00e4lla till isoflavoner fr\u00e5n icke-GMO-soja, ett popul\u00e4rt val f\u00f6r kvinnor under klimakteriet.<\/li>\n<li>Inneh\u00e5ller \u00e4ven salvia, en \u00f6rt som blivit popul\u00e4r i kosttillskott f\u00f6r kvinnor under klimakteriet.<\/li>\n<\/ul>\n<p><strong>30 tabletter<\/strong><\/p>\n<\/div>\n","protected":false},"featured_media":9865,"comment_status":"closed","ping_status":"closed","template":"","meta":{"_kad_blocks_custom_css":"","_kad_blocks_head_custom_js":"","_kad_blocks_body_custom_js":"","_kad_blocks_footer_custom_js":"","_kadence_starter_templates_imported_post":false,"_kad_post_transparent":"default","_kad_post_title":"","_kad_post_layout":"default","_kad_post_sidebar_id":"","_kad_post_content_style":"default","_kad_post_vertical_padding":"default","_kad_post_feature":"","_kad_post_feature_position":"","_kad_post_header":false,"_kad_post_footer":false,"_kad_post_classname":""},"product_brand":[],"product_cat":[1234,2822,149],"product_tag":[1721,1722,1703,1723,1724,1725,1726,1706,1538,1727,1728,1729,1730,1731,1732,1733,1734,1735,1736,1737,1738,1739,1740,1741,1742],"class_list":{"0":"post-9793","1":"product","2":"type-product","3":"status-publish","4":"has-post-thumbnail","6":"product_cat-lamberts","7":"product_cat-multi-produkter","8":"product_cat-orter","9":"product_tag-dagligt-tillskott-for-hormonbalans","10":"product_tag-for-kvinnor-efter-klimakteriet","11":"product_tag-for-kvinnor-i-klimakteriet","12":"product_tag-for-kvinnor-som-soker-naturliga-alternativ","13":"product_tag-for-lindring-av-menopausala-symtom","14":"product_tag-framjar-somnkvalitet","15":"product_tag-framjar-valmaende-under-menopaus","16":"product_tag-fri-fran-artificiella-tillsatser","17":"product_tag-hormonbalans","18":"product_tag-innehaller-lifenol-humleextrakt","19":"product_tag-klimakterietillskott","20":"product_tag-kliniskt-testade-ingredienser","21":"product_tag-kvinnors-halsa","22":"product_tag-lindrar-klimakteriebesvar","23":"product_tag-meno-pause-complex","24":"product_tag-menopausstod","25":"product_tag-minskar-nattliga-svettningar","26":"product_tag-minskar-varmevallningar","27":"product_tag-naturlig-lindring-av-hormonella-obalanser","28":"product_tag-naturligt-stod-for-overgangsaldern","29":"product_tag-salviaextrakt-med-lag-tujonhalt","30":"product_tag-sojaextrakt-med-50-mg-isoflavoner-per-tablett","31":"product_tag-stodjer-benhalsa-under-menopaus","32":"product_tag-stodjer-emotionell-balans","33":"product_tag-stodjer-hormonell-balans","35":"first","36":"outofstock","37":"taxable","38":"shipping-taxable","39":"purchasable","40":"product-type-simple","41":"entry","42":"content-bg","43":"loop-entry"},"taxonomy_info":{"product_cat":[{"value":1234,"label":"Lamberts"},{"value":2822,"label":"Multi produkter"},{"value":149,"label":"\u00d6rter"}],"product_tag":[{"value":1721,"label":"Dagligt tillskott f\u00f6r hormonbalans"},{"value":1722,"label":"F\u00f6r kvinnor efter klimakteriet"},{"value":1703,"label":"F\u00f6r kvinnor i klimakteriet"},{"value":1723,"label":"F\u00f6r kvinnor som s\u00f6ker naturliga alternativ"},{"value":1724,"label":"F\u00f6r lindring av menopausala symtom"},{"value":1725,"label":"Fr\u00e4mjar s\u00f6mnkvalitet"},{"value":1726,"label":"Fr\u00e4mjar v\u00e4lm\u00e5ende under menopaus"},{"value":1706,"label":"Fri fr\u00e5n artificiella tillsatser"},{"value":1538,"label":"Hormonbalans"},{"value":1727,"label":"Inneh\u00e5ller Lifenol\u00ae (humleextrakt)"},{"value":1728,"label":"Klimakterietillskott"},{"value":1729,"label":"Kliniskt testade ingredienser"},{"value":1730,"label":"Kvinnors h\u00e4lsa"},{"value":1731,"label":"Lindrar klimakteriebesv\u00e4r"},{"value":1732,"label":"Meno-Pause Complex"},{"value":1733,"label":"Menopausst\u00f6d"},{"value":1734,"label":"Minskar nattliga svettningar"},{"value":1735,"label":"Minskar v\u00e4rmevallningar"},{"value":1736,"label":"Naturlig lindring av hormonella obalanser"},{"value":1737,"label":"Naturligt st\u00f6d f\u00f6r \u00f6verg\u00e5ngs\u00e5ldern"},{"value":1738,"label":"Salviaextrakt med l\u00e5g tujonhalt"},{"value":1739,"label":"Sojaextrakt med 50 mg isoflavoner per tablett"},{"value":1740,"label":"St\u00f6djer benh\u00e4lsa under menopaus"},{"value":1741,"label":"St\u00f6djer emotionell balans"},{"value":1742,"label":"St\u00f6djer hormonell balans"}]},"featured_image_src_large":["https:\/\/vitaminbutiken.com\/wp-content\/uploads\/2025\/03\/8525-30-MenoPause-complex-780x700.jpg",780,700,true],"author_info":[],"comment_info":0,"_links":{"self":[{"href":"https:\/\/vitaminbutiken.com\/en\/wp-json\/wp\/v2\/product\/9793","targetHints":{"allow":["GET"]}}],"collection":[{"href":"https:\/\/vitaminbutiken.com\/en\/wp-json\/wp\/v2\/product"}],"about":[{"href":"https:\/\/vitaminbutiken.com\/en\/wp-json\/wp\/v2\/types\/product"}],"replies":[{"embeddable":true,"href":"https:\/\/vitaminbutiken.com\/en\/wp-json\/wp\/v2\/comments?post=9793"}],"wp:featuredmedia":[{"embeddable":true,"href":"https:\/\/vitaminbutiken.com\/en\/wp-json\/wp\/v2\/media\/9865"}],"wp:attachment":[{"href":"https:\/\/vitaminbutiken.com\/en\/wp-json\/wp\/v2\/media?parent=9793"}],"wp:term":[{"taxonomy":"product_brand","embeddable":true,"href":"https:\/\/vitaminbutiken.com\/en\/wp-json\/wp\/v2\/product_brand?post=9793"},{"taxonomy":"product_cat","embeddable":true,"href":"https:\/\/vitaminbutiken.com\/en\/wp-json\/wp\/v2\/product_cat?post=9793"},{"taxonomy":"product_tag","embeddable":true,"href":"https:\/\/vitaminbutiken.com\/en\/wp-json\/wp\/v2\/product_tag?post=9793"}],"curies":[{"name":"wp","href":"https:\/\/api.w.org\/{rel}","templated":true}]}}