{"id":9792,"date":"2025-03-19T16:12:11","date_gmt":"2025-03-19T14:12:11","guid":{"rendered":"https:\/\/vitaminbutiken.multi.fi\/?post_type=product&#038;p=9792"},"modified":"2026-03-31T14:15:02","modified_gmt":"2026-03-31T12:15:02","slug":"soja-isoflavoner-50mg","status":"publish","type":"product","link":"https:\/\/vitaminbutiken.com\/en\/produkt\/soja-isoflavoner-50mg\/","title":{"rendered":"SOJA ISOFLAVONER 50mg"},"content":{"rendered":"<h5>SOJA ISOFLAVONER 50mg Kosttillskott<\/h5>\n<p>Lamberts \u00ae soja isoflavoner inneh\u00e5ller den profil av isoflavoner som anv\u00e4nds av forskare i vetenskapliga unders\u00f6kningar. Varje tablett inneh\u00e5ller 50 mg soja isoflavoner.\u00a0Lamberts soja isoflavonoid \u00e4r ett h\u00f6gkvalitets kosttillskott f\u00f6r den som \u00f6nskar \u00f6ka sitt dagliga intag av isoflavonoider.<\/p>\n<p><strong>Dosering: <\/strong>1-2 tabletter dagligen i samband med m\u00e5ltid.<\/p>\n<table border=\"1\" cellspacing=\"0\" cellpadding=\"0\">\n<tbody>\n<tr>\n<td valign=\"top\" width=\"30%\"><b>\u00a01 tablett inneh\u00e5ller\u00a0<\/b><\/td>\n<td valign=\"top\" width=\"20%\"><strong>\u00a0M\u00e4ngd<\/strong><\/td>\n<td valign=\"top\" width=\"30%\"><strong>\u00a0% DRI*<\/strong><\/td>\n<\/tr>\n<tr>\n<td valign=\"top\" width=\"30%\"><strong>\u00a0Sojab\u00f6na<\/strong><br \/>\nVarav:<br \/>\n<strong>Isoflavoner<\/strong><\/td>\n<td valign=\"top\" width=\"20%\">\u00a050 000 mg<\/p>\n<p>50 mg<\/td>\n<td valign=\"top\" width=\"20%\">\u00a0<strong>**<\/strong><\/p>\n<p><strong>**<\/strong><\/td>\n<\/tr>\n<\/tbody>\n<\/table>\n<p>**DRI (dagligt referensintag) ej fastst\u00e4llt.<\/p>\n<p>Rekommenderas inte till gravida eller ammande.<br \/>\nRekommenderad dos b\u00f6r ej \u00f6verskridas.<br \/>\nKosttillskott ers\u00e4tter inte en varierad kost.<br \/>\nProdukten f\u00f6rvaras o\u00e5tkomligt f\u00f6r sm\u00e5 barn.<\/p>\n","protected":false},"excerpt":{"rendered":"<p>Lamberts Soja isoflavoner \u00e4r ett soja isoflavonoid kosttillskott av mycket h\u00f6g kvalitet.<\/p>\n<p><strong>60 tabletter<\/strong><\/p>\n","protected":false},"featured_media":9863,"comment_status":"closed","ping_status":"closed","template":"","meta":{"_kad_blocks_custom_css":"","_kad_blocks_head_custom_js":"","_kad_blocks_body_custom_js":"","_kad_blocks_footer_custom_js":"","_kadence_starter_templates_imported_post":false,"_kad_post_transparent":"default","_kad_post_title":"","_kad_post_layout":"default","_kad_post_sidebar_id":"","_kad_post_content_style":"default","_kad_post_vertical_padding":"default","_kad_post_feature":"","_kad_post_feature_position":"","_kad_post_header":false,"_kad_post_footer":false,"_kad_post_classname":""},"product_brand":[],"product_cat":[1234,1393],"product_tag":[1697,1698,1658,1699,1700,1701,1702,1703,1704,1705,1706,1707,1708,1709,1710,1711,1712,1713,1714,1715,1716,1717,1718,1719,1720],"class_list":{"0":"post-9792","1":"product","2":"type-product","3":"status-publish","4":"has-post-thumbnail","6":"product_cat-lamberts","7":"product_cat-ovriga-kosttillskott","8":"product_tag-antioxidant-for-cellhalsa","9":"product_tag-antioxidantstod","10":"product_tag-dagligt-tillskott-for-optimal-halsa","11":"product_tag-for-dem-som-soker-ett-naturligt-alternativ-till-hormonbehandling","12":"product_tag-for-forbattrad-somn-under-klimakteriet","13":"product_tag-for-halsomedvetna-individer","14":"product_tag-for-hormonell-balans","15":"product_tag-for-kvinnor-i-klimakteriet","16":"product_tag-for-minskade-vallningar-och-svettningar","17":"product_tag-forbattrad-hudhalsa","18":"product_tag-fri-fran-artificiella-tillsatser","19":"product_tag-gmo-fritt-sojatillskott","20":"product_tag-hogkoncentrerade-isoflavonoider","21":"product_tag-hormonbalans-med-soja","22":"product_tag-isoflavoner-fran-soja","23":"product_tag-naturlig-hormonbalans","24":"product_tag-naturliga-fytoostrogener","25":"product_tag-naturligt-extrakt-fran-soja","26":"product_tag-naturligt-stod-for-hormoncykler","27":"product_tag-sojaisoflavonoid-tillskott","28":"product_tag-sojaisoflavonoider","29":"product_tag-stod-for-bentathet","30":"product_tag-stod-for-halsosamma-ostrogennivaer","31":"product_tag-stod-for-klimakteriebesvar","32":"product_tag-vegansk-och-vegetariskt-vanlig","34":"first","35":"instock","36":"taxable","37":"shipping-taxable","38":"purchasable","39":"product-type-simple","40":"entry","41":"content-bg","42":"loop-entry"},"taxonomy_info":{"product_cat":[{"value":1234,"label":"Lamberts"},{"value":1393,"label":"\u00d6vriga kosttillskott"}],"product_tag":[{"value":1697,"label":"Antioxidant f\u00f6r cellh\u00e4lsa"},{"value":1698,"label":"Antioxidantst\u00f6d"},{"value":1658,"label":"Dagligt tillskott f\u00f6r optimal h\u00e4lsa"},{"value":1699,"label":"F\u00f6r dem som s\u00f6ker ett naturligt alternativ till hormonbehandling"},{"value":1700,"label":"F\u00f6r f\u00f6rb\u00e4ttrad s\u00f6mn under klimakteriet"},{"value":1701,"label":"F\u00f6r h\u00e4lsomedvetna individer"},{"value":1702,"label":"F\u00f6r hormonell balans"},{"value":1703,"label":"F\u00f6r kvinnor i klimakteriet"},{"value":1704,"label":"F\u00f6r minskade vallningar och svettningar"},{"value":1705,"label":"F\u00f6rb\u00e4ttrad hudh\u00e4lsa"},{"value":1706,"label":"Fri fr\u00e5n artificiella tillsatser"},{"value":1707,"label":"GMO-fritt sojatillskott"},{"value":1708,"label":"H\u00f6gkoncentrerade isoflavonoider"},{"value":1709,"label":"Hormonbalans med soja"},{"value":1710,"label":"Isoflavoner fr\u00e5n soja"},{"value":1711,"label":"Naturlig hormonbalans"},{"value":1712,"label":"Naturliga fyto\u00f6strogener"},{"value":1713,"label":"Naturligt extrakt fr\u00e5n soja"},{"value":1714,"label":"Naturligt st\u00f6d f\u00f6r hormoncykler"},{"value":1715,"label":"Sojaisoflavonoid tillskott"},{"value":1716,"label":"Sojaisoflavonoider"},{"value":1717,"label":"St\u00f6d f\u00f6r bent\u00e4thet"},{"value":1718,"label":"St\u00f6d f\u00f6r h\u00e4lsosamma \u00f6strogenniv\u00e5er"},{"value":1719,"label":"St\u00f6d f\u00f6r klimakteriebesv\u00e4r"},{"value":1720,"label":"Vegansk och vegetariskt v\u00e4nlig"}]},"featured_image_src_large":["https:\/\/vitaminbutiken.com\/wp-content\/uploads\/2025\/03\/8562-60-Soya-Isoflavones-780x700.jpg",780,700,true],"author_info":[],"comment_info":0,"_links":{"self":[{"href":"https:\/\/vitaminbutiken.com\/en\/wp-json\/wp\/v2\/product\/9792","targetHints":{"allow":["GET"]}}],"collection":[{"href":"https:\/\/vitaminbutiken.com\/en\/wp-json\/wp\/v2\/product"}],"about":[{"href":"https:\/\/vitaminbutiken.com\/en\/wp-json\/wp\/v2\/types\/product"}],"replies":[{"embeddable":true,"href":"https:\/\/vitaminbutiken.com\/en\/wp-json\/wp\/v2\/comments?post=9792"}],"wp:featuredmedia":[{"embeddable":true,"href":"https:\/\/vitaminbutiken.com\/en\/wp-json\/wp\/v2\/media\/9863"}],"wp:attachment":[{"href":"https:\/\/vitaminbutiken.com\/en\/wp-json\/wp\/v2\/media?parent=9792"}],"wp:term":[{"taxonomy":"product_brand","embeddable":true,"href":"https:\/\/vitaminbutiken.com\/en\/wp-json\/wp\/v2\/product_brand?post=9792"},{"taxonomy":"product_cat","embeddable":true,"href":"https:\/\/vitaminbutiken.com\/en\/wp-json\/wp\/v2\/product_cat?post=9792"},{"taxonomy":"product_tag","embeddable":true,"href":"https:\/\/vitaminbutiken.com\/en\/wp-json\/wp\/v2\/product_tag?post=9792"}],"curies":[{"name":"wp","href":"https:\/\/api.w.org\/{rel}","templated":true}]}}