{"id":9785,"date":"2025-03-19T16:11:45","date_gmt":"2025-03-19T14:11:45","guid":{"rendered":"https:\/\/vitaminbutiken.multi.fi\/?post_type=product&#038;p=9785"},"modified":"2026-04-07T11:20:49","modified_gmt":"2026-04-07T09:20:49","slug":"vitamin-d-kolekalciferol-d3-4000iu","status":"publish","type":"product","link":"https:\/\/vitaminbutiken.com\/en\/produkt\/vitamin-d-kolekalciferol-d3-4000iu\/","title":{"rendered":"Vitamin D3 4000iu (100 \u00b5g), Lamberts"},"content":{"rendered":"<p><strong>Vitamin D (kolekalciferol D3) 4000iu (100\u00b5g) &#8211; 120 kapslar<br \/>\n<\/strong><\/p>\n<p data-start=\"187\" data-end=\"249\"><strong data-start=\"187\" data-end=\"249\">H\u00f6gstyrka vitamin D3 f\u00f6r skelett, muskler och immunf\u00f6rsvar<\/strong><\/p>\n<p data-start=\"251\" data-end=\"528\">Lamberts Vitamin D3 4000 IU (100 \u00b5g) \u00e4r ett h\u00f6gdoserat tillskott av vitamin D3 (kolekalciferol) \u2013 den form av vitamin D som kroppen naturligt producerar i huden vid exponering f\u00f6r solljus. Produkten \u00e4r framtagen f\u00f6r dig som vill s\u00e4kerst\u00e4lla ett h\u00f6gt dagligt intag av vitamin D.<\/p>\n<p data-start=\"530\" data-end=\"772\">I nordliga l\u00e4nder kan det vara sv\u00e5rt att uppr\u00e4tth\u00e5lla optimala D-vitaminniv\u00e5er, s\u00e4rskilt under h\u00f6st och vinter n\u00e4r solen st\u00e5r l\u00e5gt. Ett tillskott kan d\u00e4rf\u00f6r vara s\u00e4rskilt relevant under \u00e5rets m\u00f6rkare m\u00e5nader eller vid begr\u00e4nsad solexponering.<\/p>\n<p data-start=\"779\" data-end=\"808\"><strong>F\u00f6r skelett och t\u00e4nder<\/strong><\/p>\n<p data-start=\"810\" data-end=\"820\">Vitamin D:<\/p>\n<ul data-start=\"822\" data-end=\"1029\">\n<li data-start=\"822\" data-end=\"868\">\n<p data-start=\"824\" data-end=\"868\">bidrar till att bibeh\u00e5lla normal benstomme<\/p>\n<\/li>\n<li data-start=\"869\" data-end=\"913\">\n<p data-start=\"871\" data-end=\"913\">bidrar till att bibeh\u00e5lla normala t\u00e4nder<\/p>\n<\/li>\n<li data-start=\"914\" data-end=\"982\">\n<p data-start=\"916\" data-end=\"982\">bidrar till normalt upptag och utnyttjande av kalcium och fosfor<\/p>\n<\/li>\n<li data-start=\"983\" data-end=\"1029\">\n<p data-start=\"985\" data-end=\"1029\">bidrar till normala kalciumniv\u00e5er i blodet<\/p>\n<\/li>\n<\/ul>\n<p data-start=\"1031\" data-end=\"1152\">Vitamin D spelar en avg\u00f6rande roll i kroppens kalciumbalans och \u00e4r n\u00f6dv\u00e4ndigt f\u00f6r att uppr\u00e4tth\u00e5lla en normal benstruktur.<\/p>\n<p data-start=\"1159\" data-end=\"1180\"><strong>Muskelfunktion<\/strong><\/p>\n<p data-start=\"1182\" data-end=\"1192\">Vitamin D:<\/p>\n<ul data-start=\"1194\" data-end=\"1245\">\n<li data-start=\"1194\" data-end=\"1245\">\n<p data-start=\"1196\" data-end=\"1245\">bidrar till att bibeh\u00e5lla normal muskelfunktion<\/p>\n<\/li>\n<\/ul>\n<p data-start=\"1247\" data-end=\"1334\">Tillr\u00e4ckliga niv\u00e5er av vitamin D \u00e4r viktiga f\u00f6r muskelstyrka och normal muskelfunktion.<\/p>\n<p data-start=\"1341\" data-end=\"1377\"><strong>Immunf\u00f6rsvar och celldelning<\/strong><\/p>\n<p data-start=\"1379\" data-end=\"1389\">Vitamin D:<\/p>\n<ul data-start=\"1391\" data-end=\"1478\">\n<li data-start=\"1391\" data-end=\"1438\">\n<p data-start=\"1393\" data-end=\"1438\">bidrar till immunsystemets normala funktion<\/p>\n<\/li>\n<li data-start=\"1439\" data-end=\"1478\">\n<p data-start=\"1441\" data-end=\"1478\">har en roll i celldelningsprocessen<\/p>\n<\/li>\n<\/ul>\n<p data-start=\"1480\" data-end=\"1574\">Vitamin D \u00e4r en viktig n\u00e4ringsfaktor f\u00f6r kroppens \u00f6vergripande funktion och biologiska balans.<\/p>\n<p data-start=\"1480\" data-end=\"1574\"><strong>H\u00f6gdos f\u00f6r s\u00e4rskilda behov<\/strong><\/p>\n<p data-start=\"1613\" data-end=\"1709\">Med 100 \u00b5g (4000 IU) per kapsel \u00e4r detta en h\u00f6gstyrkeprodukt som kan vara s\u00e4rskilt relevant f\u00f6r:<\/p>\n<ul data-start=\"1711\" data-end=\"1889\">\n<li data-start=\"1711\" data-end=\"1748\">\n<p data-start=\"1713\" data-end=\"1748\">personer med l\u00e5ga D-vitaminniv\u00e5er<\/p>\n<\/li>\n<li data-start=\"1749\" data-end=\"1785\">\n<p data-start=\"1751\" data-end=\"1785\">personer som vistas lite i solen<\/p>\n<\/li>\n<li data-start=\"1786\" data-end=\"1795\">\n<p data-start=\"1788\" data-end=\"1795\">\u00e4ldre<\/p>\n<\/li>\n<li data-start=\"1796\" data-end=\"1836\">\n<p data-start=\"1798\" data-end=\"1836\">personer med \u00f6kat behov av vitamin D<\/p>\n<\/li>\n<li data-start=\"1837\" data-end=\"1889\">\n<p data-start=\"1839\" data-end=\"1889\">dig som vill s\u00e4kerst\u00e4lla ett h\u00f6gre dagligt intag<\/p>\n<\/li>\n<\/ul>\n<p data-start=\"1891\" data-end=\"1925\">Rekommenderad dosering b\u00f6r f\u00f6ljas.<\/p>\n<p data-start=\"1932\" data-end=\"1958\"><strong>Kvalitet fr\u00e5n Lamberts<\/strong><\/p>\n<p data-start=\"1960\" data-end=\"2166\">Lamberts \u00e4r k\u00e4nt f\u00f6r sina h\u00f6ga kvalitetsstandarder och noggrant kontrollerade r\u00e5varor. Vitamin D3 4000 IU tillverkas enligt strikta kvalitetskrav f\u00f6r att s\u00e4kerst\u00e4lla stabilitet, renhet och korrekt dosering.<\/p>\n<p data-start=\"2168\" data-end=\"2268\">Kapslarna \u00e4r sm\u00e5 och l\u00e4tta att sv\u00e4lja och l\u00e4mpar sig f\u00f6r dagligt bruk enligt rekommenderad dosering.<\/p>\n<p><strong>Dosering:<\/strong> 1 kapsel dagligen med m\u00e5ltid.<\/p>\n<table style=\"height: 80px;\" border=\"1\" width=\"621\" cellspacing=\"0\" cellpadding=\"0\">\n<tbody>\n<tr>\n<td valign=\"top\" width=\"30%\"><strong>1 kapsel inneh\u00e5ller<\/strong><\/td>\n<td valign=\"top\" width=\"20%\"><strong> M\u00e4ngd<\/strong><\/td>\n<td valign=\"top\" width=\"30%\"><strong>%DRI*<\/strong><\/td>\n<\/tr>\n<tr>\n<td valign=\"top\" width=\"30%\">Vitamin D3 (4000 iu)<\/td>\n<td valign=\"top\" width=\"20%\">100 \u00b5g<\/td>\n<td valign=\"top\" width=\"20%\">2 000 %<\/td>\n<\/tr>\n<\/tbody>\n<\/table>\n<p><strong><em>*DRI \u00e4r dagligt referensintag. <\/em><\/strong><\/p>\n<p><span style=\"font-family: var(--global-body-font-family); font-size: 17px; font-weight: normal;\"><strong>Ingredienser:<\/strong> Solrosfr\u00f6olja, kapselskal (glycerol, modifierad majsst\u00e4rkelse, f\u00f6rtjockningsmedel;karragenan), vitamin D3 (kolekalciferol, antioxidant:dl-alfa-tokoferol).<\/span><\/p>\n<p>Rekommenderad daglig dos b\u00f6r ej \u00f6verskridas.<br \/>\nKosttillskott ers\u00e4tter inte en varierad kost.<br \/>\nProdukten f\u00f6rvaras o\u00e5tkomligt f\u00f6r sm\u00e5 barn.<\/p>\n","protected":false},"excerpt":{"rendered":"<div class=\"product attribute overview\">\n<div class=\"value\">\n<p>Vitamin D3 4000 IU (100 \u00b5g) fr\u00e5n Lamberts \u00e4r ett h\u00f6gdoserat tillskott av kolekalciferol som bidrar till normal benstomme, muskelfunktion och immunf\u00f6rsvar samt till normalt upptag av kalcium \u2013 ett genomt\u00e4nkt val f\u00f6r dig som vill s\u00e4kerst\u00e4lla ett h\u00f6gt dagligt intag av vitamin D.<\/p>\n<p>Lamberts Vitamin D 4000iu (kolekalciferol D3) 100 mcg kapslar \u00e4r ett kosttillskott av h\u00f6g kvalitet.<\/p>\n<\/div>\n<\/div>\n<div class=\"product-add-form\"><\/div>\n<div class=\"product-social-links\"><strong>120 kapslar<\/strong><\/div>\n","protected":false},"featured_media":9856,"comment_status":"closed","ping_status":"closed","template":"","meta":{"_kad_blocks_custom_css":"","_kad_blocks_head_custom_js":"","_kad_blocks_body_custom_js":"","_kad_blocks_footer_custom_js":"","_kadence_starter_templates_imported_post":false,"_kad_post_transparent":"default","_kad_post_title":"","_kad_post_layout":"default","_kad_post_sidebar_id":"","_kad_post_content_style":"default","_kad_post_vertical_padding":"default","_kad_post_feature":"","_kad_post_feature_position":"","_kad_post_header":false,"_kad_post_footer":false,"_kad_post_classname":""},"product_brand":[],"product_cat":[1088,176,1234,155],"product_tag":[1625,1676,1677,1678,1658,1679,1680,1681,1682,1683,1684,1685,1686,1687,1571,1688,1689,1620,1690,1691,1692,1693,1694,1695,1696],"class_list":{"0":"post-9785","1":"product","2":"type-product","3":"status-publish","4":"has-post-thumbnail","6":"product_cat-d-vitamin","7":"product_cat-immunforsvar","8":"product_cat-lamberts","9":"product_cat-vitaminer","10":"product_tag-ben-och-tandhalsa","11":"product_tag-d-vitamin-4000-iu","12":"product_tag-d-vitamin-kapslar-tabletter","13":"product_tag-d3-vitamin-tillskott","14":"product_tag-dagligt-tillskott-for-optimal-halsa","15":"product_tag-for-aktiva-och-halsomedvetna-individer","16":"product_tag-for-att-forebygga-d-vitaminbrist","17":"product_tag-for-en-halsosam-och-balanserad-livsstil","18":"product_tag-for-energi-och-valmaende","19":"product_tag-for-personer-med-d-vitaminbrist","20":"product_tag-for-seniorer-och-vuxna","21":"product_tag-for-starkare-ben-och-muskler","22":"product_tag-for-vintermanader-och-lag-solexponering","23":"product_tag-fri-fran-artificiella-fargamnen-och-tillsatser","24":"product_tag-gmo-fritt-tillskott","25":"product_tag-hogdoserat-d-vitamin","26":"product_tag-hogpotent-d-vitamin","27":"product_tag-immunforsvarsstod","28":"product_tag-naturligt-d3-vitamin-kolekalciferol","29":"product_tag-stod-for-hjarthalsa-och-hormonfunktion","30":"product_tag-stod-for-immunforsvaret","31":"product_tag-stod-for-muskelhalsa","32":"product_tag-upptag-av-kalcium-och-fosfor","33":"product_tag-veganskt-alternativ-tillgangligt","34":"product_tag-vitamin-d3-4000-iu","36":"first","37":"instock","38":"taxable","39":"shipping-taxable","40":"purchasable","41":"product-type-simple","42":"entry","43":"content-bg","44":"loop-entry"},"taxonomy_info":{"product_cat":[{"value":1088,"label":"D-vitamin"},{"value":176,"label":"Immunf\u00f6rsvar"},{"value":1234,"label":"Lamberts"},{"value":155,"label":"Vitaminer"}],"product_tag":[{"value":1625,"label":"Ben- och tandh\u00e4lsa"},{"value":1676,"label":"D-vitamin 4000 IU"},{"value":1677,"label":"D-vitamin kapslar\/tabletter"},{"value":1678,"label":"D3-vitamin tillskott"},{"value":1658,"label":"Dagligt tillskott f\u00f6r optimal h\u00e4lsa"},{"value":1679,"label":"F\u00f6r aktiva och h\u00e4lsomedvetna individer"},{"value":1680,"label":"F\u00f6r att f\u00f6rebygga D-vitaminbrist"},{"value":1681,"label":"F\u00f6r en h\u00e4lsosam och balanserad livsstil"},{"value":1682,"label":"F\u00f6r energi och v\u00e4lm\u00e5ende"},{"value":1683,"label":"F\u00f6r personer med D-vitaminbrist"},{"value":1684,"label":"F\u00f6r seniorer och vuxna"},{"value":1685,"label":"F\u00f6r starkare ben och muskler"},{"value":1686,"label":"F\u00f6r vinterm\u00e5nader och l\u00e5g solexponering"},{"value":1687,"label":"Fri fr\u00e5n artificiella f\u00e4rg\u00e4mnen och tillsatser"},{"value":1571,"label":"GMO-fritt tillskott"},{"value":1688,"label":"H\u00f6gdoserat D-vitamin"},{"value":1689,"label":"H\u00f6gpotent D-vitamin"},{"value":1620,"label":"Immunf\u00f6rsvarsst\u00f6d"},{"value":1690,"label":"Naturligt D3-vitamin (kolekalciferol)"},{"value":1691,"label":"St\u00f6d f\u00f6r hj\u00e4rth\u00e4lsa och hormonfunktion"},{"value":1692,"label":"St\u00f6d f\u00f6r immunf\u00f6rsvaret"},{"value":1693,"label":"St\u00f6d f\u00f6r muskelh\u00e4lsa"},{"value":1694,"label":"Upptag av kalcium och fosfor"},{"value":1695,"label":"Veganskt alternativ tillg\u00e4ngligt"},{"value":1696,"label":"Vitamin D3 4000 IU"}]},"featured_image_src_large":["https:\/\/vitaminbutiken.com\/wp-content\/uploads\/2025\/03\/8142-120-Vitamin-D3-4000iu-780x700.jpg",780,700,true],"author_info":[],"comment_info":0,"_links":{"self":[{"href":"https:\/\/vitaminbutiken.com\/en\/wp-json\/wp\/v2\/product\/9785","targetHints":{"allow":["GET"]}}],"collection":[{"href":"https:\/\/vitaminbutiken.com\/en\/wp-json\/wp\/v2\/product"}],"about":[{"href":"https:\/\/vitaminbutiken.com\/en\/wp-json\/wp\/v2\/types\/product"}],"replies":[{"embeddable":true,"href":"https:\/\/vitaminbutiken.com\/en\/wp-json\/wp\/v2\/comments?post=9785"}],"wp:featuredmedia":[{"embeddable":true,"href":"https:\/\/vitaminbutiken.com\/en\/wp-json\/wp\/v2\/media\/9856"}],"wp:attachment":[{"href":"https:\/\/vitaminbutiken.com\/en\/wp-json\/wp\/v2\/media?parent=9785"}],"wp:term":[{"taxonomy":"product_brand","embeddable":true,"href":"https:\/\/vitaminbutiken.com\/en\/wp-json\/wp\/v2\/product_brand?post=9785"},{"taxonomy":"product_cat","embeddable":true,"href":"https:\/\/vitaminbutiken.com\/en\/wp-json\/wp\/v2\/product_cat?post=9785"},{"taxonomy":"product_tag","embeddable":true,"href":"https:\/\/vitaminbutiken.com\/en\/wp-json\/wp\/v2\/product_tag?post=9785"}],"curies":[{"name":"wp","href":"https:\/\/api.w.org\/{rel}","templated":true}]}}