{"id":9784,"date":"2025-03-19T16:11:44","date_gmt":"2025-03-19T14:11:44","guid":{"rendered":"https:\/\/vitaminbutiken.multi.fi\/?post_type=product&#038;p=9784"},"modified":"2026-04-08T14:11:01","modified_gmt":"2026-04-08T12:11:01","slug":"metyl-b-komplex","status":"publish","type":"product","link":"https:\/\/vitaminbutiken.com\/en\/produkt\/metyl-b-komplex\/","title":{"rendered":"Methyl B complex &#8211; Metylerad B-komplex, Lamberts"},"content":{"rendered":"<h3 data-start=\"145\" data-end=\"192\">Vad \u00e4r unikt med Lamberts\u00ae Metyl B-Komplex?<\/h3>\n<ul data-start=\"194\" data-end=\"751\">\n<li data-start=\"194\" data-end=\"289\">\n<p data-start=\"196\" data-end=\"289\">Inneh\u00e5ller <strong data-start=\"207\" data-end=\"230\">metylfolat (5-MTHF)<\/strong> \u2013 en aktiv form av folat som kroppen kan anv\u00e4nda direkt.<\/p>\n<\/li>\n<li data-start=\"290\" data-end=\"388\">\n<p data-start=\"292\" data-end=\"388\">Anv\u00e4nder <strong data-start=\"301\" data-end=\"317\">Quatrefolic\u00ae<\/strong>, en avancerad och stabil folatform med mycket h\u00f6g biotillg\u00e4nglighet.<\/p>\n<\/li>\n<li data-start=\"389\" data-end=\"543\">\n<p data-start=\"391\" data-end=\"543\">Inneh\u00e5ller <strong data-start=\"402\" data-end=\"430\">Pyridoxal-5-fosfat (P5P)<\/strong>, den aktiva formen av vitamin B6, samt <strong data-start=\"470\" data-end=\"488\">metylkobalamin<\/strong>, en l\u00e4ttabsorberad och effektiv form av vitamin B12.<\/p>\n<\/li>\n<li data-start=\"544\" data-end=\"645\">\n<p data-start=\"546\" data-end=\"645\">Flera B-vitaminer bidrar till <strong data-start=\"576\" data-end=\"611\">immunsystemets normala funktion<\/strong> och <strong data-start=\"616\" data-end=\"642\">normal mental funktion<\/strong>.<\/p>\n<\/li>\n<li data-start=\"646\" data-end=\"751\">\n<p data-start=\"648\" data-end=\"751\">Inneh\u00e5ller B-vitaminer som bidrar till att <strong data-start=\"691\" data-end=\"725\">minska tr\u00f6tthet och utmattning<\/strong> samt till <strong data-start=\"736\" data-end=\"750\">normal hud<\/strong>.<\/p>\n<\/li>\n<\/ul>\n<h3 data-start=\"758\" data-end=\"780\">Produktbeskrivning<\/h3>\n<p data-start=\"782\" data-end=\"1138\"><strong data-start=\"782\" data-end=\"811\">Lamberts\u00ae Metyl B-Komplex<\/strong> \u00e4r ett h\u00f6gkvalitativt B-komplex som \u00e4r utvecklat f\u00f6r optimal upptagning och effektivitet. Till skillnad fr\u00e5n traditionella B-komplex inneh\u00e5ller produkten inte vanlig folsyra, utan <strong data-start=\"992\" data-end=\"1015\">metylfolat (5-MTHF)<\/strong> \u2013 den naturliga och aktiva formen av folat som finns i bland annat gr\u00f6na bladgr\u00f6nsaker och som kroppen kan anv\u00e4nda direkt.<\/p>\n<p data-start=\"1140\" data-end=\"1324\">F\u00f6r b\u00e4sta m\u00f6jliga stabilitet och upptag har vi valt att anv\u00e4nda <strong data-start=\"1204\" data-end=\"1220\">Quatrefolic\u00ae<\/strong>, en av de mest avancerade folatformerna p\u00e5 marknaden, vilket bidrar till effektiv metylering i kroppen.<\/p>\n<p data-start=\"1326\" data-end=\"1561\">Vitamin B6 f\u00f6rekommer som <strong data-start=\"1352\" data-end=\"1380\">Pyridoxal-5-fosfat (P5P)<\/strong> och vitamin B12 som <strong data-start=\"1401\" data-end=\"1419\">metylkobalamin<\/strong>, b\u00e5da i aktiva och l\u00e4ttabsorberade former. Ut\u00f6ver detta inneh\u00e5ller Metyl B-komplexet samtliga \u00f6vriga B-vitaminer samt <strong data-start=\"1538\" data-end=\"1560\">inositol och kolin<\/strong>.<\/p>\n<p data-start=\"1563\" data-end=\"1621\">Produkten \u00e4r <strong data-start=\"1576\" data-end=\"1587\">j\u00e4stfri<\/strong> och <strong data-start=\"1592\" data-end=\"1620\">l\u00e4mplig f\u00f6r vegetarianer<\/strong>.<\/p>\n<p data-start=\"1623\" data-end=\"1828\">Flera av B-vitaminerna, s\u00e5som folat och vitamin B12, bidrar till <strong data-start=\"1688\" data-end=\"1723\">immunsystemets normala funktion<\/strong>, <strong data-start=\"1725\" data-end=\"1751\">normal mental funktion<\/strong>, <strong data-start=\"1753\" data-end=\"1788\">minskad tr\u00f6tthet och utmattning<\/strong> samt till att <strong data-start=\"1803\" data-end=\"1827\">bibeh\u00e5lla normal hud<\/strong>.<\/p>\n<p><strong>Dosering:\u00a0<\/strong>1-2 tablett dagligen i samband med m\u00e5ltid.<\/p>\n<table style=\"height: 80px;\" border=\"1\" width=\"621\" cellspacing=\"0\" cellpadding=\"0\">\n<tbody>\n<tr>\n<td valign=\"top\" width=\"30%\"><strong>1 tablett inneh\u00e5ller<\/strong><\/td>\n<td valign=\"top\" width=\"20%\"><strong> M\u00e4ngd<\/strong><\/td>\n<td valign=\"top\" width=\"30%\"><strong>%DRI*<\/strong><\/td>\n<\/tr>\n<tr>\n<td valign=\"top\" width=\"30%\">Tiamin (Vitamin B1)<\/td>\n<td valign=\"top\" width=\"20%\">25 mg<\/td>\n<td valign=\"top\" width=\"20%\">2273%<\/td>\n<\/tr>\n<tr>\n<td valign=\"top\" width=\"30%\">Riboflavin (Vitamin B2)<\/td>\n<td valign=\"top\" width=\"20%\">28 mg<\/td>\n<td valign=\"top\" width=\"20%\">2000%<\/td>\n<\/tr>\n<tr>\n<td valign=\"top\" width=\"30%\">Niacin (Vitamin B3 som nikotinamid)<\/td>\n<td valign=\"top\" width=\"20%\">32 mg<\/td>\n<td valign=\"top\" width=\"20%\">200 %<\/td>\n<\/tr>\n<tr>\n<td valign=\"top\" width=\"30%\">Vitamin B6 (pyridoxal 5 fosfat) P5P<\/td>\n<td valign=\"top\" width=\"20%\">12 mg<\/td>\n<td valign=\"top\" width=\"20%\">857 %<\/td>\n<\/tr>\n<tr>\n<td valign=\"top\" width=\"30%\">Folate (som metylfolat 5-MTHF, quatrefolic)<\/td>\n<td valign=\"top\" width=\"20%\">200 \u00b5g<\/td>\n<td valign=\"top\" width=\"20%\">100 %<\/td>\n<\/tr>\n<tr>\n<td valign=\"top\" width=\"30%\">Vitamin B12 (som metylkobalamin)<\/td>\n<td valign=\"top\" width=\"20%\">300 \u00b5g<\/td>\n<td valign=\"top\" width=\"20%\">12000%<\/td>\n<\/tr>\n<tr>\n<td valign=\"top\" width=\"30%\">Biotin<\/td>\n<td valign=\"top\" width=\"20%\">250 \u00b5g<\/td>\n<td valign=\"top\" width=\"20%\">500 %<\/td>\n<\/tr>\n<tr>\n<td valign=\"top\" width=\"30%\">Pantotensyra (Vitamin B5)<\/td>\n<td valign=\"top\" width=\"20%\">50 mg<\/td>\n<td valign=\"top\" width=\"20%\">833 %<\/td>\n<\/tr>\n<tr>\n<td valign=\"top\" width=\"30%\">Inositol<\/td>\n<td valign=\"top\" width=\"20%\">30 mg<\/td>\n<td valign=\"top\" width=\"20%\">**<\/td>\n<\/tr>\n<tr>\n<td valign=\"top\" width=\"30%\">Kolin<\/td>\n<td valign=\"top\" width=\"20%\">30 mg<\/td>\n<td valign=\"top\" width=\"20%\">**<\/td>\n<\/tr>\n<\/tbody>\n<\/table>\n<p><strong><em>*DRI \u00e4r dagligt referensintag. **DRI ej fastst\u00e4llt.<\/em><\/strong><\/p>\n<p><strong>Ingredienser: <\/strong>Modifierad st\u00e4rkelse, fyllnadsmedel (cellulosa), kolinbitartrat, pantotensyra (kalciumpantotenat), tiaminmononitrat, niacin (nikotinamid), inositol, riboflavin, vitamin B6 (pyridoxal 5-fosfatmonohydrat), klumpf\u00f6rebyggande medel (kiseldioxid, magnesiumsalter av fettsyror), tablettskal (hydroxypropylmetylcellulosa, glycerol), vitamin B12 (metylkobalamin), folsyra (kalcium-l-metylfolat), biotin.<\/p>\n<p><strong>Observera: <\/strong>Att ta denna produkt kan ibland resultera i en m\u00f6rkare gul f\u00e4rg av urinen, vilket \u00e4r helt ofarligt.<\/p>\n<p>Rekommenderad daglig dos b\u00f6r ej \u00f6verskridas.<br \/>\nKosttillskott ers\u00e4tter inte en varierad kost.<br \/>\nProdukten f\u00f6rvaras o\u00e5tkomligt f\u00f6r sm\u00e5 barn.<\/p>\n","protected":false},"excerpt":{"rendered":"<div class=\"product attribute overview\">\n<div class=\"value\">\n<p>Lamberts Metyl B Komplex tillskott \u00e4r ett h\u00f6gkvalitativt B vitamin kosttillskott som \u00e4r utformat f\u00f6r b\u00e4sta absorption i kroppen.<\/p>\n<\/div>\n<\/div>\n<div class=\"product-add-form\"><\/div>\n<div class=\"product-social-links\"><strong>60 tabletter<\/strong><\/div>\n","protected":false},"featured_media":9854,"comment_status":"closed","ping_status":"closed","template":"","meta":{"_kad_blocks_custom_css":"","_kad_blocks_head_custom_js":"","_kad_blocks_body_custom_js":"","_kad_blocks_footer_custom_js":"","_kadence_starter_templates_imported_post":false,"_kad_post_transparent":"default","_kad_post_title":"","_kad_post_layout":"default","_kad_post_sidebar_id":"","_kad_post_content_style":"default","_kad_post_vertical_padding":"default","_kad_post_feature":"","_kad_post_feature_position":"","_kad_post_header":false,"_kad_post_footer":false,"_kad_post_classname":""},"product_brand":[],"product_cat":[348,1234,278,155],"product_tag":[1655,1656,1657,1658,1584,1659,1660,1661,1662,1663,1664,1665,1666,1568,1667,1629,1467,1668,1538,1574,1669,1670,1671,1672,1673,1674,1675],"class_list":{"0":"post-9784","1":"product","2":"type-product","3":"status-publish","4":"has-post-thumbnail","6":"product_cat-b-vitamin","7":"product_cat-lamberts","8":"product_cat-traning","9":"product_cat-vitaminer","10":"product_tag-aktiverade-b-vitaminer","11":"product_tag-b-komplex-tillskott","12":"product_tag-b-vitamin-komplex","13":"product_tag-dagligt-tillskott-for-optimal-halsa","14":"product_tag-energiomsattning","15":"product_tag-for-battre-energi-och-fokus","16":"product_tag-for-energi-och-trotthet","17":"product_tag-for-halsosamma-homocysteinnivaer","18":"product_tag-for-hormonreglering","19":"product_tag-for-individer-med-nedsatt-metylering","20":"product_tag-for-nervfunktion-och-cellhalsa","21":"product_tag-for-personer-med-mthfr-genvariation","22":"product_tag-for-stod-vid-mental-stress","23":"product_tag-for-stresshantering","24":"product_tag-forbattrad-upptag-av-b-vitaminer","25":"product_tag-fri-fran-onodiga-tillsatser","26":"product_tag-hog-biotillganglighet","27":"product_tag-homocysteinbalans","28":"product_tag-hormonbalans","29":"product_tag-mental-klarhet","30":"product_tag-metylerad-b-komplex","31":"product_tag-metylerad-b12-metylkobalamin","32":"product_tag-metylerad-folat-5-mthf","33":"product_tag-metylerade-vitaminer","34":"product_tag-minskad-trotthet-och-utmattning","35":"product_tag-stod-for-nervsystemet","36":"product_tag-veganskt-och-gmo-fritt","38":"first","39":"instock","40":"taxable","41":"shipping-taxable","42":"purchasable","43":"product-type-simple","44":"entry","45":"content-bg","46":"loop-entry"},"taxonomy_info":{"product_cat":[{"value":348,"label":"B-vitamin"},{"value":1234,"label":"Lamberts"},{"value":278,"label":"Tr\u00e4ning"},{"value":155,"label":"Vitaminer"}],"product_tag":[{"value":1655,"label":"Aktiverade B-vitaminer"},{"value":1656,"label":"B-komplex tillskott"},{"value":1657,"label":"B-vitamin komplex"},{"value":1658,"label":"Dagligt tillskott f\u00f6r optimal h\u00e4lsa"},{"value":1584,"label":"Energioms\u00e4ttning"},{"value":1659,"label":"F\u00f6r b\u00e4ttre energi och fokus"},{"value":1660,"label":"F\u00f6r energi och tr\u00f6tthet"},{"value":1661,"label":"F\u00f6r h\u00e4lsosamma homocysteinniv\u00e5er"},{"value":1662,"label":"F\u00f6r hormonreglering"},{"value":1663,"label":"F\u00f6r individer med nedsatt metylering"},{"value":1664,"label":"F\u00f6r nervfunktion och cellh\u00e4lsa"},{"value":1665,"label":"F\u00f6r personer med MTHFR-genvariation"},{"value":1666,"label":"F\u00f6r st\u00f6d vid mental stress"},{"value":1568,"label":"F\u00f6r stresshantering"},{"value":1667,"label":"F\u00f6rb\u00e4ttrad upptag av B-vitaminer"},{"value":1629,"label":"Fri fr\u00e5n on\u00f6diga tillsatser"},{"value":1467,"label":"H\u00f6g biotillg\u00e4nglighet"},{"value":1668,"label":"Homocysteinbalans"},{"value":1538,"label":"Hormonbalans"},{"value":1574,"label":"Mental klarhet"},{"value":1669,"label":"Metylerad B-komplex"},{"value":1670,"label":"Metylerad B12 (metylkobalamin)"},{"value":1671,"label":"Metylerad folat (5-MTHF)"},{"value":1672,"label":"Metylerade vitaminer"},{"value":1673,"label":"Minskad tr\u00f6tthet och utmattning"},{"value":1674,"label":"St\u00f6d f\u00f6r nervsystemet"},{"value":1675,"label":"Veganskt och GMO-fritt"}]},"featured_image_src_large":["https:\/\/vitaminbutiken.com\/wp-content\/uploads\/2025\/03\/8027-60-Methyl-B-Complex-780x700.jpg",780,700,true],"author_info":[],"comment_info":0,"_links":{"self":[{"href":"https:\/\/vitaminbutiken.com\/en\/wp-json\/wp\/v2\/product\/9784","targetHints":{"allow":["GET"]}}],"collection":[{"href":"https:\/\/vitaminbutiken.com\/en\/wp-json\/wp\/v2\/product"}],"about":[{"href":"https:\/\/vitaminbutiken.com\/en\/wp-json\/wp\/v2\/types\/product"}],"replies":[{"embeddable":true,"href":"https:\/\/vitaminbutiken.com\/en\/wp-json\/wp\/v2\/comments?post=9784"}],"wp:featuredmedia":[{"embeddable":true,"href":"https:\/\/vitaminbutiken.com\/en\/wp-json\/wp\/v2\/media\/9854"}],"wp:attachment":[{"href":"https:\/\/vitaminbutiken.com\/en\/wp-json\/wp\/v2\/media?parent=9784"}],"wp:term":[{"taxonomy":"product_brand","embeddable":true,"href":"https:\/\/vitaminbutiken.com\/en\/wp-json\/wp\/v2\/product_brand?post=9784"},{"taxonomy":"product_cat","embeddable":true,"href":"https:\/\/vitaminbutiken.com\/en\/wp-json\/wp\/v2\/product_cat?post=9784"},{"taxonomy":"product_tag","embeddable":true,"href":"https:\/\/vitaminbutiken.com\/en\/wp-json\/wp\/v2\/product_tag?post=9784"}],"curies":[{"name":"wp","href":"https:\/\/api.w.org\/{rel}","templated":true}]}}