{"id":9782,"date":"2025-03-19T16:11:44","date_gmt":"2025-03-19T14:11:44","guid":{"rendered":"https:\/\/vitaminbutiken.multi.fi\/?post_type=product&#038;p=9782"},"modified":"2026-03-19T07:30:10","modified_gmt":"2026-03-19T06:30:10","slug":"magasorb-magnesiumcitrat-lamberts","status":"publish","type":"product","link":"https:\/\/vitaminbutiken.com\/en\/produkt\/magasorb-magnesiumcitrat-lamberts\/","title":{"rendered":"MAGASORB Magnesiumcitrat &#8211; Lamberts"},"content":{"rendered":"<h4 class=\"page-title\">MAGASORB Magnesiumcitrat &#8211; Lamberts<\/h4>\n<p>Magnesium \u00e4r det fj\u00e4rde viktigaste mineralet i kroppen. Magnesium deltar direkt eller indirekt i m\u00e5nga kemiska processer. Alla energiskapande enzymer inneh\u00e5ller magnesium ockh \u00e4r n\u00f6dv\u00e4ndigt f\u00f6r kroppens produktion av proteiner och f\u00f6r kolhydrat\u00e4mnesoms\u00e4ttningen. Magnesium bidrar till normal muskelfunktion.<\/p>\n<p>Lamberts\u00ae MagAsorb\u00ae\u00a0 magnesium ger 150mg magnesium per tablett i en form av magnesium (citrate) som kroppen l\u00e4ttare kan absorbera.<\/p>\n<p><strong>Dosering:\u00a0<\/strong>\u00a01 till 3 tabletter per dag\u00a0i samband med\u00a0m\u00e5ltid.<\/p>\n<table style=\"height: 80px;\" border=\"1\" width=\"621\" cellspacing=\"0\" cellpadding=\"0\">\n<tbody>\n<tr>\n<td valign=\"top\" width=\"30%\"><strong>1 tablett inneh\u00e5ller<\/strong><\/td>\n<td valign=\"top\" width=\"20%\"><strong> M\u00e4ngd<\/strong><\/td>\n<td valign=\"top\" width=\"30%\"><strong>%DRI*<\/strong><\/td>\n<\/tr>\n<tr>\n<td valign=\"top\" width=\"30%\">Magnesium (Som citrat)<\/td>\n<td valign=\"top\" width=\"20%\">150 mg<\/td>\n<td valign=\"top\" width=\"20%\">40 %<\/td>\n<\/tr>\n<\/tbody>\n<\/table>\n<p><strong><em>*DRI \u00e4r dagligt referensintag. <\/em><\/strong><\/p>\n<p><strong>Ingredienser<\/strong>: Magnesiumcitrat, modifierad st\u00e4rkelse, cellulosa, klumpf\u00f6rebyggande medel (stearinsyra, kiseldioxid, magnesiumsalter av fettsyror),<br \/>\nfyllnadsmedel (hydroxypropylcellulosa), tablettskal (hydroxypropylmetylcellulosa, glycerol), tv\u00e4rbundet cellulosagummi.<\/p>\n<p><strong>NOTERA<\/strong>: Personer med nedsatt njurfunktion b\u00f6r inte ta magnesiumtillskott utan att f\u00f6rst r\u00e5dg\u00f6ra med sin l\u00e4kare.<\/p>\n<p><strong>Tid f\u00f6r tabletten att l\u00f6sas upp<\/strong>: Mindre \u00e4n 1 timma.<\/p>\n<p>Ett dagligt intag av kosttillskott kan ibland f\u00f6rhindra att brist symptom uppst\u00e5r hos m\u00e4nniskor med ensidiga kostvanor, men tillskott kan aldrig ers\u00e4tta en varierad och balanserad kost.<br \/>\nRekommenderad dos b\u00f6r ej \u00f6verskridas.<br \/>\nProdukten f\u00f6rvaras o\u00e5tkomligt f\u00f6r sm\u00e5 barn.<\/p>\n","protected":false},"excerpt":{"rendered":"<p>Lamberts Magasorb kelaterat Magnesiumcitrat 150 mg \u00e4r ett mineral kosttillskott av h\u00f6g kvalitet.<\/p>\n<p><strong>60 \/ 180 tabletter<\/strong><\/p>\n","protected":false},"featured_media":9852,"comment_status":"closed","ping_status":"closed","template":"","meta":{"_kad_blocks_custom_css":"","_kad_blocks_head_custom_js":"","_kad_blocks_body_custom_js":"","_kad_blocks_footer_custom_js":"","_kadence_starter_templates_imported_post":false,"_kad_post_transparent":"default","_kad_post_title":"","_kad_post_layout":"default","_kad_post_sidebar_id":"","_kad_post_content_style":"default","_kad_post_vertical_padding":"default","_kad_post_feature":"","_kad_post_feature_position":"","_kad_post_header":false,"_kad_post_footer":false,"_kad_post_classname":""},"product_brand":[],"product_cat":[1234,625,281,277,146,278],"product_tag":[1644,1645,1646,1627,1647,1465,1648,1467,285,1649,287,1650,1651,1652,1653,1654,1475],"class_list":{"0":"post-9782","1":"product","2":"type-product","3":"status-publish","4":"has-post-thumbnail","6":"product_cat-lamberts","7":"product_cat-magnesium","8":"product_cat-mineraler","9":"product_cat-muskler-och-leder","10":"product_cat-stressad-och-trott","11":"product_cat-traning","12":"product_tag-150-mg","13":"product_tag-benhalsa","14":"product_tag-celldelning","15":"product_tag-elektrolytbalans","16":"product_tag-energiproduktion","17":"product_tag-gmp-standard","18":"product_tag-hjarthalsa","19":"product_tag-hog-biotillganglighet","20":"product_tag-kosttillskott","21":"product_tag-magasorb","22":"product_tag-magnesium","23":"product_tag-magnesiumcitrat","24":"product_tag-muskelhalsa","25":"product_tag-nervsystemets-funktion","26":"product_tag-proteinproduktion","27":"product_tag-trotthetsreducering","28":"product_tag-veganvanlig","30":"first","31":"instock","32":"taxable","33":"shipping-taxable","34":"purchasable","35":"product-type-variable","36":"entry","37":"content-bg","38":"loop-entry"},"taxonomy_info":{"product_cat":[{"value":1234,"label":"Lamberts"},{"value":625,"label":"Magnesium"},{"value":281,"label":"Mineraler"},{"value":277,"label":"Muskler &amp; Leder"},{"value":146,"label":"Stressad &amp; Tr\u00f6tt"},{"value":278,"label":"Tr\u00e4ning"}],"product_tag":[{"value":1644,"label":"150 mg"},{"value":1645,"label":"Benh\u00e4lsa"},{"value":1646,"label":"celldelning"},{"value":1627,"label":"Elektrolytbalans"},{"value":1647,"label":"energiproduktion"},{"value":1465,"label":"GMP-standard"},{"value":1648,"label":"hj\u00e4rth\u00e4lsa"},{"value":1467,"label":"H\u00f6g biotillg\u00e4nglighet"},{"value":285,"label":"kosttillskott"},{"value":1649,"label":"MagAsorb"},{"value":287,"label":"magnesium"},{"value":1650,"label":"magnesiumcitrat"},{"value":1651,"label":"Muskelh\u00e4lsa"},{"value":1652,"label":"nervsystemets funktion"},{"value":1653,"label":"proteinproduktion"},{"value":1654,"label":"tr\u00f6tthetsreducering"},{"value":1475,"label":"veganv\u00e4nlig"}]},"featured_image_src_large":["https:\/\/vitaminbutiken.com\/wp-content\/uploads\/2025\/03\/8239-180-MagAsorb-1024x700.webp",1024,700,true],"author_info":[],"comment_info":0,"_links":{"self":[{"href":"https:\/\/vitaminbutiken.com\/en\/wp-json\/wp\/v2\/product\/9782","targetHints":{"allow":["GET"]}}],"collection":[{"href":"https:\/\/vitaminbutiken.com\/en\/wp-json\/wp\/v2\/product"}],"about":[{"href":"https:\/\/vitaminbutiken.com\/en\/wp-json\/wp\/v2\/types\/product"}],"replies":[{"embeddable":true,"href":"https:\/\/vitaminbutiken.com\/en\/wp-json\/wp\/v2\/comments?post=9782"}],"wp:featuredmedia":[{"embeddable":true,"href":"https:\/\/vitaminbutiken.com\/en\/wp-json\/wp\/v2\/media\/9852"}],"wp:attachment":[{"href":"https:\/\/vitaminbutiken.com\/en\/wp-json\/wp\/v2\/media?parent=9782"}],"wp:term":[{"taxonomy":"product_brand","embeddable":true,"href":"https:\/\/vitaminbutiken.com\/en\/wp-json\/wp\/v2\/product_brand?post=9782"},{"taxonomy":"product_cat","embeddable":true,"href":"https:\/\/vitaminbutiken.com\/en\/wp-json\/wp\/v2\/product_cat?post=9782"},{"taxonomy":"product_tag","embeddable":true,"href":"https:\/\/vitaminbutiken.com\/en\/wp-json\/wp\/v2\/product_tag?post=9782"}],"curies":[{"name":"wp","href":"https:\/\/api.w.org\/{rel}","templated":true}]}}