{"id":9772,"date":"2025-03-19T16:11:14","date_gmt":"2025-03-19T14:11:14","guid":{"rendered":"https:\/\/vitaminbutiken.multi.fi\/?post_type=product&#038;p=9772"},"modified":"2026-03-31T14:50:58","modified_gmt":"2026-03-31T12:50:58","slug":"sojalecitin-1200mg-fosfatidylkolin-inositol-kosttillskott","status":"publish","type":"product","link":"https:\/\/vitaminbutiken.com\/en\/produkt\/sojalecitin-1200mg-fosfatidylkolin-inositol-kosttillskott\/","title":{"rendered":"Sojalecitin 1200mg (fosfatidylkolin inositol kosttillskott)"},"content":{"rendered":"<p>Lecitin uppt\u00e4cktes i mitten av 1800-talet och fick sitt namn (i svenskan sedan 1876) av grekiska lekitho = \u00e4ggula. Lecitin bildas i m\u00e4nniskokroppen av B-vitaminerna kolin och inositol. S\u00e4rskilt nerver och hj\u00e4rna inneh\u00e5ller mycket; vissa delar av hj\u00e4rnan best\u00e5r till 40 % av lecitin.\u00a0Lecitin best\u00e5r av m\u00e4ttade fettsyror, om\u00e4ttade fettsyror, fosfor och kolin. Det \u00e4r en viktig best\u00e5ndsdel i cellmembranen, mitokondrierna, bindv\u00e4ven, benv\u00e4vnad och nervv\u00e4vnaden. Det finns i h\u00f6g koncentration i nervv\u00e4vnaden och utg\u00f6r 30 % av hj\u00e4rnans torrvikt. Hos friska m\u00e4nniskor best\u00e5r mer \u00e4n 70 % av leverns fettv\u00e4v av lecitin. H\u00f6ga koncentrationer finns ocks\u00e5 i hj\u00e4rtat, benm\u00e4rgen, njurarna och k\u00f6nsk\u00f6rtlarna.<\/p>\n<p>Varje kapsel ger 1200 mg rent soja-lecitin extraherat fr\u00e5n sojab\u00f6nor av h\u00f6gsta kvalitet och ger en naturlig k\u00e4lla till dessa viktiga ingredienser. Lecitin \u00e4r en naturlig fettmolekyl och en<br \/>\nk\u00e4lla till fosfolipider, en funktionell komponent i alla celler. Det ger struktur \u00e5t cellmembranet och har en viktig uppgift att kontrollera passagen av n\u00e4rings\u00e4mnen in och ut ur cellerna.<\/p>\n<p><strong>Dosering: <\/strong>1-4 kapslar per dag i samband med m\u00e5ltid.<\/p>\n<table style=\"font-family: var(--global-body-font-family);\" border=\"1\" cellspacing=\"0\" cellpadding=\"0\">\n<tbody>\n<tr>\n<td valign=\"top\" width=\"30%\"><strong>Inneh\u00e5ll per kapsel:<\/strong><\/td>\n<td valign=\"top\" width=\"20%\">M\u00e4ngd<\/td>\n<\/tr>\n<tr>\n<td valign=\"top\" width=\"30%\">Sojalecitin<\/td>\n<td valign=\"top\" width=\"20%\">\u00a0*1200 mg<\/td>\n<\/tr>\n<tr>\n<td valign=\"top\" width=\"30%\">Som ger:<\/td>\n<td valign=\"top\" width=\"20%\"><\/td>\n<\/tr>\n<tr>\n<td valign=\"top\" width=\"30%\">Phosphatidyl Kolin<\/td>\n<td valign=\"top\" width=\"20%\">\u00a0*272 mg<\/td>\n<\/tr>\n<tr>\n<td valign=\"top\" width=\"30%\">Phosphatidyl Inositol<\/td>\n<td valign=\"top\" width=\"20%\">\u00a0*176 mg<\/td>\n<\/tr>\n<\/tbody>\n<\/table>\n<p><strong>*DRI (dagligt referensintag) ej fastst\u00e4llt.<\/strong><\/p>\n<p><strong>Ingredienser:<\/strong> Sojalecitin, kapselskal (<strong>bovint<\/strong> <strong>gelatin<\/strong>, glycerin, f\u00e4rg: j\u00e4rnoxider), sojab\u00f6nolja.<\/p>\n<p>Rekommenderad dos b\u00f6r ej \u00f6verskridas.<br \/>\nKosttillskott ers\u00e4tter inte en varierad kost.<br \/>\nProdukten f\u00f6rvaras o\u00e5tkomligt f\u00f6r sm\u00e5 barn.<\/p>\n","protected":false},"excerpt":{"rendered":"<p>Lamberts Sojalecitin 1200mg kapslar \u00e4r ett fosfatidylkolin inositol kosttillskott fr\u00e5n soja. Lecitin \u00e4r ett av de rikaste naturliga k\u00e4llorna av de tv\u00e5 viktiga n\u00e4rings\u00e4mnena inositol och kolin.<\/p>\n<p><strong>120 kapslar<\/strong><\/p>\n","protected":false},"featured_media":9848,"comment_status":"closed","ping_status":"closed","template":"","meta":{"_kad_blocks_custom_css":"","_kad_blocks_head_custom_js":"","_kad_blocks_body_custom_js":"","_kad_blocks_footer_custom_js":"","_kadence_starter_templates_imported_post":false,"_kad_post_transparent":"default","_kad_post_title":"","_kad_post_layout":"default","_kad_post_sidebar_id":"","_kad_post_content_style":"default","_kad_post_vertical_padding":"default","_kad_post_feature":"","_kad_post_feature_position":"","_kad_post_header":false,"_kad_post_footer":false,"_kad_post_classname":""},"product_brand":[],"product_cat":[328,1234,1393],"product_tag":[],"class_list":{"0":"post-9772","1":"product","2":"type-product","3":"status-publish","4":"has-post-thumbnail","6":"product_cat-fettsyror","7":"product_cat-lamberts","8":"product_cat-ovriga-kosttillskott","10":"first","11":"instock","12":"taxable","13":"shipping-taxable","14":"purchasable","15":"product-type-simple","16":"entry","17":"content-bg","18":"loop-entry"},"taxonomy_info":{"product_cat":[{"value":328,"label":"Fettsyror"},{"value":1234,"label":"Lamberts"},{"value":1393,"label":"\u00d6vriga kosttillskott"}]},"featured_image_src_large":["https:\/\/vitaminbutiken.com\/wp-content\/uploads\/2025\/03\/8537-120-Soya-Lecithin-780x700.jpg",780,700,true],"author_info":[],"comment_info":0,"_links":{"self":[{"href":"https:\/\/vitaminbutiken.com\/en\/wp-json\/wp\/v2\/product\/9772","targetHints":{"allow":["GET"]}}],"collection":[{"href":"https:\/\/vitaminbutiken.com\/en\/wp-json\/wp\/v2\/product"}],"about":[{"href":"https:\/\/vitaminbutiken.com\/en\/wp-json\/wp\/v2\/types\/product"}],"replies":[{"embeddable":true,"href":"https:\/\/vitaminbutiken.com\/en\/wp-json\/wp\/v2\/comments?post=9772"}],"wp:featuredmedia":[{"embeddable":true,"href":"https:\/\/vitaminbutiken.com\/en\/wp-json\/wp\/v2\/media\/9848"}],"wp:attachment":[{"href":"https:\/\/vitaminbutiken.com\/en\/wp-json\/wp\/v2\/media?parent=9772"}],"wp:term":[{"taxonomy":"product_brand","embeddable":true,"href":"https:\/\/vitaminbutiken.com\/en\/wp-json\/wp\/v2\/product_brand?post=9772"},{"taxonomy":"product_cat","embeddable":true,"href":"https:\/\/vitaminbutiken.com\/en\/wp-json\/wp\/v2\/product_cat?post=9772"},{"taxonomy":"product_tag","embeddable":true,"href":"https:\/\/vitaminbutiken.com\/en\/wp-json\/wp\/v2\/product_tag?post=9772"}],"curies":[{"name":"wp","href":"https:\/\/api.w.org\/{rel}","templated":true}]}}