{"id":9770,"date":"2025-03-19T16:11:13","date_gmt":"2025-03-19T14:11:13","guid":{"rendered":"https:\/\/vitaminbutiken.multi.fi\/?post_type=product&#038;p=9770"},"modified":"2026-03-13T12:11:27","modified_gmt":"2026-03-13T11:11:27","slug":"gurkmeja-200-mg","status":"publish","type":"product","link":"https:\/\/vitaminbutiken.com\/en\/produkt\/gurkmeja-200-mg\/","title":{"rendered":"GURKMEJA 200 mg"},"content":{"rendered":"<p><strong>GURKMEJA 200 mg Snabbfris\u00e4ttning<br \/>\n<\/strong><br \/>\nTillhandah\u00e5ller 95 % curcuminoider<\/p>\n<p>\u2022 H\u00f6gpotensrotextrakt standardiserat f\u00f6r att ge 95 % curcumin<br \/>\n\u2022 200 mg gurkmejarotextrakt, motsvarande hela 10 000 mg gurkmejakrydda per tablett<br \/>\n\u2022 Extrakt av renaste kvalitet<br \/>\n\u2022 Snabb sl\u00e4ppning, s\u00f6nderfaller inom 15 till 30 minuter.<br \/>\n\u2022 Passar b\u00e5de vegetarianer och veganer.<\/p>\n<p><strong>Produktbeskrivning:<\/strong><br \/>\nVarje tablett inneh\u00e5ller 200 mg gurkmejarotextrakt, motsvarande hela 10 000mg gurkmejakrydda (eller tv\u00e5 r\u00e5gade teskedar). Den \u00e4r standardiserad f\u00f6r att ge 95 % curcuminoider, vilket \u00e4r den niv\u00e5 som vanligtvis anv\u00e4nds i studier. Dessutom sl\u00e4pper v\u00e5ra gurkmejatabletter snabbt, s\u00f6nderfaller mellan 15 och 30 minuter f\u00f6r snabb absorption. Dessutom \u00e4r dessa en-om-dagen-tabletter l\u00e4mpliga f\u00f6r b\u00e5de vegetarianer och veganer.<\/p>\n<p><strong>Dosering:<\/strong> 1 tablett dagligen.<\/p>\n<p><strong>1 kapsel inneh\u00e5ller:<\/strong>\u00a0 Gurkmejarot extrakt *200 mg<br \/>\n<em>*DRI (dagligt referensintag) ej fastst\u00e4llt.<\/em><\/p>\n<p><strong>Ingredienser:<\/strong><br \/>\nKalciumkarbonat, cellulosa, antiklumpningsmedel (kiseldioxid och magnesiumsalter av fettsyror), tablettskal (hydroxypropylmetylcellulosa, glycerin),<br \/>\ntv\u00e4rbundet cellulosagummi, stearinsyra.<br \/>\n<strong>Uppl\u00f6sningstid:<\/strong> Mindre \u00e4n 30 minuter<\/p>\n<p>Rekommenderad dos b\u00f6r ej \u00f6verskridas.<br \/>\nKosttillskott ers\u00e4tter inte en varierad kost.<br \/>\nProdukten f\u00f6rvaras o\u00e5tkomligt f\u00f6r sm\u00e5 barn.<br \/>\nRekommenderas inte till gravida och ammande.<\/p>\n<p><strong>L\u00e4mplig f\u00f6r vegetarianer och veganer.<br \/>\n<\/strong><\/p>\n","protected":false},"excerpt":{"rendered":"<p>Lamberts GURKMEJA 200mg fast release tabletter<\/p>\n<p>Gurkmeja med snabb fris\u00e4ttning. H\u00f6gpotensrotextrakt standardiserat f\u00f6r att ge 95 % curcumin.<\/p>\n<p><strong>120 Tabletter<\/strong><\/p>\n<p>&nbsp;<\/p>\n","protected":false},"featured_media":9838,"comment_status":"closed","ping_status":"closed","template":"","meta":{"_kad_blocks_custom_css":"","_kad_blocks_head_custom_js":"","_kad_blocks_body_custom_js":"","_kad_blocks_footer_custom_js":"","_kadence_starter_templates_imported_post":false,"_kad_post_transparent":"default","_kad_post_title":"","_kad_post_layout":"default","_kad_post_sidebar_id":"","_kad_post_content_style":"default","_kad_post_vertical_padding":"default","_kad_post_feature":"","_kad_post_feature_position":"","_kad_post_header":false,"_kad_post_footer":false,"_kad_post_classname":""},"product_brand":[],"product_cat":[1234,198,149],"product_tag":[1415,205,1603,1147,1604,1605,1606,1607,1608,1588,1609,1610,1611,1612,1613,1614,1615,1616,1617,1618,1619,1620,1621,1622,1623,407,1624],"class_list":{"0":"post-9770","1":"product","2":"type-product","3":"status-publish","4":"has-post-thumbnail","6":"product_cat-lamberts","7":"product_cat-lever-och-njurar","8":"product_cat-orter","9":"product_tag-anti-aging","10":"product_tag-antioxidant","11":"product_tag-biotillgangligt-curcumin","12":"product_tag-curcumin","13":"product_tag-ekologiskt-gurkmejaextrakt","14":"product_tag-for-aktiva-personer-och-atleter","15":"product_tag-for-anti-inflammatorisk-kost","16":"product_tag-for-battre-aterhamtning-efter-traning","17":"product_tag-for-battre-matsmaltning","18":"product_tag-for-halsomedvetna","19":"product_tag-for-ledhalsa-och-flexibilitet","20":"product_tag-for-matsmaltning-och-tarmhalsa","21":"product_tag-for-minskad-inflammation","22":"product_tag-for-naturlig-smartlindring","23":"product_tag-for-personer-med-ledproblem","24":"product_tag-gmo-fritt-och-veganskt-tillskott","25":"product_tag-gurkmeja-med-svartpepparextrakt-piperin","26":"product_tag-gurkmejaextrakt","27":"product_tag-gurkmejarotextrakt","28":"product_tag-gurkmejatillskott","29":"product_tag-hogkoncentrerat-curcumin","30":"product_tag-immunforsvarsstod","31":"product_tag-inflammationsdampande","32":"product_tag-ledhalsa","33":"product_tag-naturligt-curcumin","34":"product_tag-smartlindring","35":"product_tag-stod-for-kroppens-naturliga-forsvar","37":"first","38":"instock","39":"taxable","40":"shipping-taxable","41":"purchasable","42":"product-type-variable","43":"entry","44":"content-bg","45":"loop-entry"},"taxonomy_info":{"product_cat":[{"value":1234,"label":"Lamberts"},{"value":198,"label":"Lever &amp; Njurar"},{"value":149,"label":"\u00d6rter"}],"product_tag":[{"value":1415,"label":"Anti-aging"},{"value":205,"label":"antioxidant"},{"value":1603,"label":"Biotillg\u00e4ngligt curcumin"},{"value":1147,"label":"curcumin"},{"value":1604,"label":"Ekologiskt gurkmejaextrakt"},{"value":1605,"label":"F\u00f6r aktiva personer och atleter"},{"value":1606,"label":"F\u00f6r anti-inflammatorisk kost"},{"value":1607,"label":"F\u00f6r b\u00e4ttre \u00e5terh\u00e4mtning efter tr\u00e4ning"},{"value":1608,"label":"F\u00f6r b\u00e4ttre matsm\u00e4ltning"},{"value":1588,"label":"F\u00f6r h\u00e4lsomedvetna"},{"value":1609,"label":"F\u00f6r ledh\u00e4lsa och flexibilitet"},{"value":1610,"label":"F\u00f6r matsm\u00e4ltning och tarmh\u00e4lsa"},{"value":1611,"label":"F\u00f6r minskad inflammation"},{"value":1612,"label":"F\u00f6r naturlig sm\u00e4rtlindring"},{"value":1613,"label":"F\u00f6r personer med ledproblem"},{"value":1614,"label":"GMO-fritt och veganskt tillskott"},{"value":1615,"label":"Gurkmeja med svartpepparextrakt (piperin)"},{"value":1616,"label":"Gurkmejaextrakt"},{"value":1617,"label":"Gurkmejarotextrakt"},{"value":1618,"label":"Gurkmejatillskott"},{"value":1619,"label":"H\u00f6gkoncentrerat curcumin"},{"value":1620,"label":"Immunf\u00f6rsvarsst\u00f6d"},{"value":1621,"label":"Inflammationsd\u00e4mpande"},{"value":1622,"label":"Ledh\u00e4lsa"},{"value":1623,"label":"Naturligt curcumin"},{"value":407,"label":"sm\u00e4rtlindring"},{"value":1624,"label":"St\u00f6d f\u00f6r kroppens naturliga f\u00f6rsvar"}]},"featured_image_src_large":["https:\/\/vitaminbutiken.com\/wp-content\/uploads\/2025\/03\/8548-120-Gurkmeja-780x700.jpg",780,700,true],"author_info":[],"comment_info":0,"_links":{"self":[{"href":"https:\/\/vitaminbutiken.com\/en\/wp-json\/wp\/v2\/product\/9770","targetHints":{"allow":["GET"]}}],"collection":[{"href":"https:\/\/vitaminbutiken.com\/en\/wp-json\/wp\/v2\/product"}],"about":[{"href":"https:\/\/vitaminbutiken.com\/en\/wp-json\/wp\/v2\/types\/product"}],"replies":[{"embeddable":true,"href":"https:\/\/vitaminbutiken.com\/en\/wp-json\/wp\/v2\/comments?post=9770"}],"wp:featuredmedia":[{"embeddable":true,"href":"https:\/\/vitaminbutiken.com\/en\/wp-json\/wp\/v2\/media\/9838"}],"wp:attachment":[{"href":"https:\/\/vitaminbutiken.com\/en\/wp-json\/wp\/v2\/media?parent=9770"}],"wp:term":[{"taxonomy":"product_brand","embeddable":true,"href":"https:\/\/vitaminbutiken.com\/en\/wp-json\/wp\/v2\/product_brand?post=9770"},{"taxonomy":"product_cat","embeddable":true,"href":"https:\/\/vitaminbutiken.com\/en\/wp-json\/wp\/v2\/product_cat?post=9770"},{"taxonomy":"product_tag","embeddable":true,"href":"https:\/\/vitaminbutiken.com\/en\/wp-json\/wp\/v2\/product_tag?post=9770"}],"curies":[{"name":"wp","href":"https:\/\/api.w.org\/{rel}","templated":true}]}}