{"id":9769,"date":"2025-03-19T16:11:13","date_gmt":"2025-03-19T14:11:13","guid":{"rendered":"https:\/\/vitaminbutiken.multi.fi\/?post_type=product&#038;p=9769"},"modified":"2026-04-01T10:21:45","modified_gmt":"2026-04-01T08:21:45","slug":"alfa-liponsyra-300mg","status":"publish","type":"product","link":"https:\/\/vitaminbutiken.com\/en\/produkt\/alfa-liponsyra-300mg\/","title":{"rendered":"Alfa Liponsyra 300mg"},"content":{"rendered":"<p><strong>Alfa Liponsyra 300mg (ALA)<\/strong><\/p>\n<p>Alfa liponyra (ALA) kallas ibland med r\u00e4tta f\u00f6r superantioxidanten nummer 1. Alfa-lponsyra \u00e4r tekniskt inte ett vitamin eftersom kroppen sj\u00e4lv klarar av att producera det.<\/p>\n<p>Alfa liponsyra (ALA) \u00e4r en sulfur inneh\u00e5llande fettsyra som tillverkas i kroppen. Den finns i varje cell och \u00e4r involverad i den biokemiska processen som omvandlar glukos till energi. ALA \u00e4r ocks\u00e5 en potent antioxidant som anv\u00e4nds av kroppen f\u00f6r att neutralisera fria radikaler. Det som \u00e4r s\u00e5 imponerande med alfa liponsyra \u00e4r att \u00e4mnet kan arbeta i milj\u00f6er med b\u00e5de vatten eller fett. De flesta antioxidanter kan bara fungera i en specifik milj\u00f6. Vitamin E till exempel kan bara arbeta i fettrika milj\u00f6er och vitamin C bara i vattenl\u00f6sliga. Det intressanta med ALA \u00e4r att forskning har visat att alfa liponsyran kan hj\u00e4lpa till att \u00e5teranv\u00e4nda andra antioxidanter som har blivit f\u00f6rst\u00f6rda n\u00e4r de arbetat med att neutralisera fria radikaler. Detta inneb\u00e4r att en E- eller C-vitamin som blir uttr\u00f6ttad och urlakad kan \u00e5terupplivas av alfa-liponsyra och forts\u00e4tta sin antioxidantverkan.<\/p>\n<p><strong>Produkt Specifikation Alfa Liponsyra (ALA) 300mg<\/strong><\/p>\n<p><strong>1 tablett inneh\u00e5ller<\/strong>: Alfaliponsyra 300mg<\/p>\n<p><strong>Ingredienser: <\/strong>Kalcium karbonat, cellulosa, tablettskal (hydroxypropylmetylcellulosa, glycerin), kiseldioxid, stearinsyra, magnesiumsalter av fettsyror.<\/p>\n<p><strong>Dosering:<\/strong> Tag upp till 2 tabletter per dag med m\u00e5ltid. F\u00f6r allm\u00e4nt antioxidant st\u00f6d r\u00e4cker det med att ta 1 tablett per dag.<\/p>\n<p><strong>OBS! <\/strong>Personer med diabetes b\u00f6r alltid r\u00e5dg\u00f6ra med sin l\u00e4kare innan de b\u00f6rjar ta detta kosttillskott. Alfa liponsyra kan n\u00e4mligen \u00f6ka insulin k\u00e4nsligheten i kroppen.<\/p>\n<p>Rekommenderad dos b\u00f6r ej \u00f6verskridas.<br \/>\nKosttillskott ers\u00e4tter inte en varierad kost.<br \/>\nProdukten f\u00f6rvaras o\u00e5tkomligt f\u00f6r sm\u00e5 barn.<br \/>\nRekommenderas inte till gravida och ammande.<\/p>\n","protected":false},"excerpt":{"rendered":"<p>Lamberts Alpha Liponsyra 300mg \u00e4r ett kosttillskott.<\/p>\n<p>Alfaliponsyra (ALA) kallas ibland med r\u00e4tta f\u00f6r superantioxidanten nummer 1 och anv\u00e4nds av kroppen f\u00f6r att neutralisera fria radikaler.<\/p>\n<p><strong>90 tabletter<\/strong><\/p>\n","protected":false},"featured_media":9836,"comment_status":"closed","ping_status":"closed","template":"","meta":{"_kad_blocks_custom_css":"","_kad_blocks_head_custom_js":"","_kad_blocks_body_custom_js":"","_kad_blocks_footer_custom_js":"","_kadence_starter_templates_imported_post":false,"_kad_post_transparent":"default","_kad_post_title":"","_kad_post_layout":"default","_kad_post_sidebar_id":"","_kad_post_content_style":"default","_kad_post_vertical_padding":"default","_kad_post_feature":"","_kad_post_feature_position":"","_kad_post_header":false,"_kad_post_footer":false,"_kad_post_classname":""},"product_brand":[],"product_cat":[176,1234,1393],"product_tag":[1581,178,1582,205,1583,1548,1584,1585,1586,1587,1588,1589,1590,1591,1592,925,1571,1593,1594,1595,1596,1597,1598,1599,1600,1601,1602],"class_list":{"0":"post-9769","1":"product","2":"type-product","3":"status-publish","4":"has-post-thumbnail","6":"product_cat-immunforsvar","7":"product_cat-lamberts","8":"product_cat-ovriga-kosttillskott","9":"product_tag-ala","10":"product_tag-alfaliponsyra","11":"product_tag-alfaliponsyra-tillskott","12":"product_tag-antioxidant","13":"product_tag-antioxidantskydd-for-kroppens-celler","14":"product_tag-cellskydd","15":"product_tag-energiomsattning","16":"product_tag-for-aktiva-personer","17":"product_tag-for-diabetiker-for-stod-av-blodsockernivaer","18":"product_tag-for-energi-och-vitalitet","19":"product_tag-for-halsomedvetna","20":"product_tag-for-hudvard-och-anti-aging","21":"product_tag-for-nervfunktion-och-skydd","22":"product_tag-for-personer-med-oxidativ-stress","23":"product_tag-forbattrad-insulinkanslighet","24":"product_tag-fria-radikaler","25":"product_tag-gmo-fritt-tillskott","26":"product_tag-halsosamt-aldrande","27":"product_tag-hogkvalitativ-alfaliponsyra","28":"product_tag-hudforyngring","29":"product_tag-naturligt-ala","30":"product_tag-nervhalsa","31":"product_tag-snabbupptaglig-ala","32":"product_tag-starkt-antioxidantstod","33":"product_tag-stod-for-blodsockerbalans","34":"product_tag-synergistiskt-med-andra-antioxidanter","35":"product_tag-vegansk-alfaliponsyra","37":"first","38":"instock","39":"taxable","40":"shipping-taxable","41":"purchasable","42":"product-type-simple","43":"entry","44":"content-bg","45":"loop-entry"},"taxonomy_info":{"product_cat":[{"value":176,"label":"Immunf\u00f6rsvar"},{"value":1234,"label":"Lamberts"},{"value":1393,"label":"\u00d6vriga kosttillskott"}],"product_tag":[{"value":1581,"label":"ALA"},{"value":178,"label":"alfaliponsyra"},{"value":1582,"label":"Alfaliponsyra tillskott"},{"value":205,"label":"antioxidant"},{"value":1583,"label":"Antioxidantskydd f\u00f6r kroppens celler"},{"value":1548,"label":"Cellskydd"},{"value":1584,"label":"Energioms\u00e4ttning"},{"value":1585,"label":"F\u00f6r aktiva personer"},{"value":1586,"label":"F\u00f6r diabetiker (f\u00f6r st\u00f6d av blodsockerniv\u00e5er)"},{"value":1587,"label":"F\u00f6r energi och vitalitet"},{"value":1588,"label":"F\u00f6r h\u00e4lsomedvetna"},{"value":1589,"label":"F\u00f6r hudv\u00e5rd och anti-aging"},{"value":1590,"label":"F\u00f6r nervfunktion och skydd"},{"value":1591,"label":"F\u00f6r personer med oxidativ stress"},{"value":1592,"label":"F\u00f6rb\u00e4ttrad insulink\u00e4nslighet"},{"value":925,"label":"fria radikaler"},{"value":1571,"label":"GMO-fritt tillskott"},{"value":1593,"label":"H\u00e4lsosamt \u00e5ldrande"},{"value":1594,"label":"H\u00f6gkvalitativ alfaliponsyra"},{"value":1595,"label":"Hudf\u00f6ryngring"},{"value":1596,"label":"Naturligt ALA"},{"value":1597,"label":"Nervh\u00e4lsa"},{"value":1598,"label":"Snabbupptaglig ALA"},{"value":1599,"label":"Starkt antioxidantst\u00f6d"},{"value":1600,"label":"St\u00f6d f\u00f6r blodsockerbalans"},{"value":1601,"label":"Synergistiskt med andra antioxidanter"},{"value":1602,"label":"Vegansk alfaliponsyra"}]},"featured_image_src_large":["https:\/\/vitaminbutiken.com\/wp-content\/uploads\/2025\/03\/8522-90-Alfaliponsyra-780x700.jpg",780,700,true],"author_info":[],"comment_info":0,"_links":{"self":[{"href":"https:\/\/vitaminbutiken.com\/en\/wp-json\/wp\/v2\/product\/9769","targetHints":{"allow":["GET"]}}],"collection":[{"href":"https:\/\/vitaminbutiken.com\/en\/wp-json\/wp\/v2\/product"}],"about":[{"href":"https:\/\/vitaminbutiken.com\/en\/wp-json\/wp\/v2\/types\/product"}],"replies":[{"embeddable":true,"href":"https:\/\/vitaminbutiken.com\/en\/wp-json\/wp\/v2\/comments?post=9769"}],"wp:featuredmedia":[{"embeddable":true,"href":"https:\/\/vitaminbutiken.com\/en\/wp-json\/wp\/v2\/media\/9836"}],"wp:attachment":[{"href":"https:\/\/vitaminbutiken.com\/en\/wp-json\/wp\/v2\/media?parent=9769"}],"wp:term":[{"taxonomy":"product_brand","embeddable":true,"href":"https:\/\/vitaminbutiken.com\/en\/wp-json\/wp\/v2\/product_brand?post=9769"},{"taxonomy":"product_cat","embeddable":true,"href":"https:\/\/vitaminbutiken.com\/en\/wp-json\/wp\/v2\/product_cat?post=9769"},{"taxonomy":"product_tag","embeddable":true,"href":"https:\/\/vitaminbutiken.com\/en\/wp-json\/wp\/v2\/product_tag?post=9769"}],"curies":[{"name":"wp","href":"https:\/\/api.w.org\/{rel}","templated":true}]}}