{"id":9760,"date":"2025-03-19T16:10:47","date_gmt":"2025-03-19T14:10:47","guid":{"rendered":"https:\/\/vitaminbutiken.multi.fi\/?post_type=product&#038;p=9760"},"modified":"2026-04-02T09:34:57","modified_gmt":"2026-04-02T07:34:57","slug":"l-teanin-lamberts","status":"publish","type":"product","link":"https:\/\/vitaminbutiken.com\/en\/produkt\/l-teanin-lamberts\/","title":{"rendered":"L-Teanin &#8211; Lamberts"},"content":{"rendered":"<p><strong>L-Teanin &#8211;<\/strong> <strong>Lamberts 200mg<\/strong><\/p>\n<p>L-teanin \u00e4r en aminosyra som f\u00f6rekommer i gr\u00f6nt te. Teanin finns \u00e4ven i svampen brunsopp (<em>boletus badius<\/em>). Teanin utg\u00f6r ungef\u00e4r h\u00e4lften av alla aminosyror i gr\u00f6nt te. Det produceras i roten av teplantan fr\u00e5n glutaminsyra och etylamid och transporteras sedan som teanin till bladen. Det utg\u00f6r ungef\u00e4r 1 \u2013 2 % av den torra vikten av te, vilket \u00e4r ungef\u00e4r 25 \u2013 60 mg per 200 ml te. Unga teblad inneh\u00e5ller mycket koffein medan de \u00e4ldre, och t.o.m. vissnande bladen, inneh\u00e5ller en st\u00f6rre m\u00e4ngd teanin. Om du dricker sex till \u00e5tta koppar gr\u00f6nt te kan du f\u00e5 i dig mellan 200-400 mg l-teanin men ocks\u00e5 h\u00f6ga halter koffein. Tar du kosttillskott slipper du den h\u00f6ga halten koffein.<\/p>\n<p><strong>Dosering:<\/strong>\u00a01 tablett dagligen i samband med m\u00e5ltid.<\/p>\n<table border=\"1\" cellspacing=\"0\" cellpadding=\"0\">\n<tbody>\n<tr>\n<td valign=\"top\" width=\"30%\"><strong>\u00a01 tablett inneh\u00e5ller:<\/strong><\/td>\n<td valign=\"top\" width=\"20%\"><strong>\u00a0M\u00e4ngd<\/strong><\/td>\n<td valign=\"top\" width=\"30%\"><strong>\u00a0% DRI*<\/strong><\/td>\n<\/tr>\n<tr>\n<td valign=\"top\" width=\"30%\">\u00a0L-teanin<\/td>\n<td valign=\"top\" width=\"20%\">\u00a0200 mg<\/td>\n<td valign=\"top\" width=\"20%\">\u00a0**<\/td>\n<\/tr>\n<\/tbody>\n<\/table>\n<p>*<em>DRI (<\/em><em>Dagligt referensintag) ej fastst\u00e4llt<\/em><\/p>\n<p><strong>Ingredienser:<\/strong> L-teanin, fyllnadsmedel (kalciumkarbonat, cellulosa), klumpf\u00f6rebyggande medel (kiseldioxid, stearinsyra, magnesiumsalter av fettsyror), ytbehandlingsmedel (hydroxypropylmetylcellulosa, glycerin), f\u00e4rg; titandioxid.<\/p>\n<p>Rekommenderat intag b\u00f6r inte \u00f6verskridas.<br \/>\nKosttillskott b\u00f6r inte anv\u00e4ndas som alternativ till en varierad kost.<br \/>\nF\u00f6rvaras o\u00e5tkomligt f\u00f6r sm\u00e5 barn.<br \/>\nRekommenderas inte till gravida eller ammande.<\/p>\n","protected":false},"excerpt":{"rendered":"<p>Lamberts L Teanin \u00e4r ett theanin kosttillskott av h\u00f6g kvalitet.<\/p>\n<p><strong>60 tabletter<\/strong><\/p>\n","protected":false},"featured_media":9834,"comment_status":"closed","ping_status":"closed","template":"","meta":{"_kad_blocks_custom_css":"","_kad_blocks_head_custom_js":"","_kad_blocks_body_custom_js":"","_kad_blocks_footer_custom_js":"","_kadence_starter_templates_imported_post":false,"_kad_post_transparent":"default","_kad_post_title":"","_kad_post_layout":"default","_kad_post_sidebar_id":"","_kad_post_content_style":"default","_kad_post_vertical_padding":"default","_kad_post_feature":"","_kad_post_feature_position":"","_kad_post_header":false,"_kad_post_footer":false,"_kad_post_classname":""},"product_brand":[],"product_cat":[337,1234,146],"product_tag":[1557,1558,1559,1560,1561,1562,1563,1564,1565,1566,1567,1568,1569,1570,1571,1572,627,1573,1574,1575,1576,1577,1578,168,1579,1580],"class_list":{"0":"post-9760","1":"product","2":"type-product","3":"status-publish","4":"has-post-thumbnail","6":"product_cat-aminosyror","7":"product_cat-lamberts","8":"product_cat-stressad-och-trott","9":"product_tag-aminosyra-l-teanin","10":"product_tag-avslappning","11":"product_tag-balans-i-kropp-och-sjal","12":"product_tag-fokus-och-koncentration","13":"product_tag-for-battre-somn","14":"product_tag-for-battre-somn-och-avslappning","15":"product_tag-for-energi-utan-koffein","16":"product_tag-for-lugn-och-fokus","17":"product_tag-for-mental-prestation","18":"product_tag-for-mindfulness-och-meditation","19":"product_tag-for-stressade-personer","20":"product_tag-for-stresshantering","21":"product_tag-for-studenter-och-yrkesverksamma","22":"product_tag-fran-gront-te","23":"product_tag-gmo-fritt-tillskott","24":"product_tag-hogkvalitativt-l-teanin","25":"product_tag-l-teanin","26":"product_tag-l-teanin-tillskott","27":"product_tag-mental-klarhet","28":"product_tag-minskad-angest","29":"product_tag-naturligt-extrakt","30":"product_tag-naturligt-l-teanin","31":"product_tag-snabbupptagligt-l-teanin","32":"product_tag-somnkvalitet","33":"product_tag-stressreducering","34":"product_tag-veganskt-l-teanin","36":"first","37":"instock","38":"taxable","39":"shipping-taxable","40":"purchasable","41":"product-type-simple","42":"entry","43":"content-bg","44":"loop-entry"},"taxonomy_info":{"product_cat":[{"value":337,"label":"Aminosyror"},{"value":1234,"label":"Lamberts"},{"value":146,"label":"Stressad &amp; Tr\u00f6tt"}],"product_tag":[{"value":1557,"label":"Aminosyra L-teanin"},{"value":1558,"label":"avslappning"},{"value":1559,"label":"Balans i kropp och sj\u00e4l"},{"value":1560,"label":"Fokus och koncentration"},{"value":1561,"label":"F\u00f6r b\u00e4ttre s\u00f6mn"},{"value":1562,"label":"F\u00f6r b\u00e4ttre s\u00f6mn och avslappning"},{"value":1563,"label":"F\u00f6r energi utan koffein"},{"value":1564,"label":"F\u00f6r lugn och fokus"},{"value":1565,"label":"F\u00f6r mental prestation"},{"value":1566,"label":"F\u00f6r mindfulness och meditation"},{"value":1567,"label":"F\u00f6r stressade personer"},{"value":1568,"label":"F\u00f6r stresshantering"},{"value":1569,"label":"F\u00f6r studenter och yrkesverksamma"},{"value":1570,"label":"Fr\u00e5n gr\u00f6nt te"},{"value":1571,"label":"GMO-fritt tillskott"},{"value":1572,"label":"H\u00f6gkvalitativt L-teanin"},{"value":627,"label":"l teanin"},{"value":1573,"label":"L-teanin tillskott"},{"value":1574,"label":"Mental klarhet"},{"value":1575,"label":"Minskad \u00e5ngest"},{"value":1576,"label":"Naturligt extrakt"},{"value":1577,"label":"Naturligt L-teanin"},{"value":1578,"label":"Snabbupptagligt L-teanin"},{"value":168,"label":"s\u00f6mnkvalitet"},{"value":1579,"label":"Stressreducering"},{"value":1580,"label":"Veganskt L-teanin"}]},"featured_image_src_large":["https:\/\/vitaminbutiken.com\/wp-content\/uploads\/2025\/03\/8320-60-L-theanine-3-780x700.jpg",780,700,true],"author_info":[],"comment_info":0,"_links":{"self":[{"href":"https:\/\/vitaminbutiken.com\/en\/wp-json\/wp\/v2\/product\/9760","targetHints":{"allow":["GET"]}}],"collection":[{"href":"https:\/\/vitaminbutiken.com\/en\/wp-json\/wp\/v2\/product"}],"about":[{"href":"https:\/\/vitaminbutiken.com\/en\/wp-json\/wp\/v2\/types\/product"}],"replies":[{"embeddable":true,"href":"https:\/\/vitaminbutiken.com\/en\/wp-json\/wp\/v2\/comments?post=9760"}],"wp:featuredmedia":[{"embeddable":true,"href":"https:\/\/vitaminbutiken.com\/en\/wp-json\/wp\/v2\/media\/9834"}],"wp:attachment":[{"href":"https:\/\/vitaminbutiken.com\/en\/wp-json\/wp\/v2\/media?parent=9760"}],"wp:term":[{"taxonomy":"product_brand","embeddable":true,"href":"https:\/\/vitaminbutiken.com\/en\/wp-json\/wp\/v2\/product_brand?post=9760"},{"taxonomy":"product_cat","embeddable":true,"href":"https:\/\/vitaminbutiken.com\/en\/wp-json\/wp\/v2\/product_cat?post=9760"},{"taxonomy":"product_tag","embeddable":true,"href":"https:\/\/vitaminbutiken.com\/en\/wp-json\/wp\/v2\/product_tag?post=9760"}],"curies":[{"name":"wp","href":"https:\/\/api.w.org\/{rel}","templated":true}]}}