{"id":9749,"date":"2025-03-19T16:10:11","date_gmt":"2025-03-19T14:10:11","guid":{"rendered":"https:\/\/vitaminbutiken.multi.fi\/?post_type=product&#038;p=9749"},"modified":"2026-03-13T12:16:00","modified_gmt":"2026-03-13T11:16:00","slug":"tranbar-komplex-lamberts","status":"publish","type":"product","link":"https:\/\/vitaminbutiken.com\/en\/produkt\/tranbar-komplex-lamberts\/","title":{"rendered":"Tranb\u00e4r Komplex &#8211; Lamberts"},"content":{"rendered":"<h4><strong>Tranb\u00e4r Komplex &#8211; Lamberts<\/strong><\/h4>\n<p>&nbsp;<\/p>\n<p>Flera kliniska studier har visat att tranb\u00e4r \u00e4r anv\u00e4ndbara f\u00f6r att hj\u00e4lpa kroppen att \u00f6vervinna urinv\u00e4gsinfektioner orsakade av bakterier, som f\u00e4ster vid slemhinnan i urinbl\u00e5san. Bevis tyder p\u00e5 att vissa best\u00e5ndsdelar i tranb\u00e4r kan st\u00f6ra denna vidh\u00e4ftning och d\u00e4rigenom hj\u00e4lpa kroppen att bek\u00e4mpa infektioner och \u00e4ven minska sannolikheten f\u00f6r att en infektion uppst\u00e5r.<\/p>\n<p>Tranb\u00e4rsjuice \u00e4r dock v\u00e4ldigt skarp i smaken och f\u00f6ljaktligen \u00e4r m\u00e5nga kommersiella tranb\u00e4rsdrycker laddade med socker och h\u00f6ga kalorier.<\/p>\n<p>Lamberts\u00ae Cranberry Complex \u00e4r framst\u00e4llt av f\u00e4rska mogna tranb\u00e4r som f\u00f6rst tv\u00e4ttas och avpektineras f\u00f6r att avl\u00e4gsna o\u00f6nskade \u00e4mnen. Juicen dehydratiseras sedan vid l\u00e5g temperatur sedan tryck och spraytorkas f\u00f6r att ge ett l\u00e5gt sockerkoncentrat. Detta s\u00e4kerst\u00e4ller att tranb\u00e4rens unika egenskaper kan njutas av dem som f\u00f6ljer sockerbegr\u00e4nsade dieter.<\/p>\n<p>Lamberts\u00ae Cranberry Complex inneh\u00e5ller ocks\u00e5 anv\u00e4ndbara niv\u00e5er av ett l\u00f6sligt fiber som kallas frukto-oligosackarid (FOS), en s\u00f6t, l\u00e4ttl\u00f6slig substans extraherad fr\u00e5n cikoriarot. FOS fungerar som ett prebiotikum, vilket inneb\u00e4r att det uppmuntrar tillv\u00e4xten av v\u00e4nliga bakterier, som hj\u00e4lper till att undertrycka patogena, besv\u00e4rliga bakterier.<\/p>\n<p><strong>Dosering<\/strong>: Som kosttillskott, ta 5 till 10 gram dagligen. Str\u00f6 pulvret i kallt vatten eller fruktjuice och blanda noggrant.<\/p>\n<table style=\"height: 80px;\" border=\"1\" width=\"621\" cellspacing=\"0\" cellpadding=\"0\">\n<tbody>\n<tr>\n<td valign=\"top\" width=\"30%\"><strong>5 gram inneh\u00e5ller<\/strong><\/td>\n<td valign=\"top\" width=\"20%\"><strong> M\u00e4ngd<\/strong><\/td>\n<td valign=\"top\" width=\"30%\"><strong>%DRI*<\/strong><\/td>\n<\/tr>\n<tr>\n<td valign=\"top\" width=\"30%\">Vitamin C<\/td>\n<td valign=\"top\" width=\"20%\">60 mg<\/td>\n<td valign=\"top\" width=\"20%\">75 %<\/td>\n<\/tr>\n<tr>\n<td valign=\"top\" width=\"30%\">Tranb\u00e4r\u00a0 (Som 2470 mg av ett 19:1 extrakt)<\/td>\n<td valign=\"top\" width=\"20%\">47 000 mg<\/td>\n<td valign=\"top\" width=\"20%\">**<\/td>\n<\/tr>\n<tr>\n<td valign=\"top\" width=\"30%\">Frukto-oligosackarider<\/td>\n<td valign=\"top\" width=\"20%\">2186 mg<\/td>\n<td valign=\"top\" width=\"20%\">**<\/td>\n<\/tr>\n<\/tbody>\n<\/table>\n<p><strong><em>*DRI \u00e4r dagligt referensintag. **DRI ej fastst\u00e4llt.\u00a0<\/em><\/strong><\/p>\n<p><strong>Ingredienser<\/strong>: Frukto-oligosackarider, tranb\u00e4rskoncentrat (<em>Vaccinium macrocarpon L.<\/em>), Vitamin C (askorbinsyra).<\/p>\n<p>Rekommenderad dos b\u00f6r ej \u00f6verskridas.<br \/>\nKosttillskott ers\u00e4tter inte en varierad kost.<br \/>\nProdukten f\u00f6rvaras o\u00e5tkomligt f\u00f6r sm\u00e5 barn.<br \/>\nRekommenderas inte till gravida och ammande.<\/p>\n","protected":false},"excerpt":{"rendered":"<p>H\u00f6gstyrka tranb\u00e4r med vitamin C och prebiotiska l\u00f6sliga fibrer<\/p>\n<p><strong>100 g\u00a0<\/strong><\/p>\n","protected":false},"featured_media":9819,"comment_status":"closed","ping_status":"closed","template":"","meta":{"_kad_blocks_custom_css":"","_kad_blocks_head_custom_js":"","_kad_blocks_body_custom_js":"","_kad_blocks_footer_custom_js":"","_kadence_starter_templates_imported_post":false,"_kad_post_transparent":"default","_kad_post_title":"","_kad_post_layout":"default","_kad_post_sidebar_id":"","_kad_post_content_style":"default","_kad_post_vertical_padding":"default","_kad_post_feature":"","_kad_post_feature_position":"","_kad_post_header":false,"_kad_post_footer":false,"_kad_post_classname":""},"product_brand":[],"product_cat":[176,1234,198,149],"product_tag":[1517,1518,1519,1506,1520,1521,1507,1508,1509,1522,1523,1524,1525,1511,1513,1526,1514,1209],"class_list":{"0":"post-9749","1":"product","2":"type-product","3":"status-publish","4":"has-post-thumbnail","6":"product_cat-immunforsvar","7":"product_cat-lamberts","8":"product_cat-lever-och-njurar","9":"product_cat-orter","10":"product_tag-47-gram-tranbar-per-tesked","11":"product_tag-60-mg","12":"product_tag-blandas-i-vatten-eller-juice","13":"product_tag-dagligt-tillskott","14":"product_tag-forebygga-urinvagsinfektioner","15":"product_tag-fruktooligosackarider-fos","16":"product_tag-hog-styrka","17":"product_tag-kalorifattig","18":"product_tag-lag-sockerhalt","19":"product_tag-lamplig-for-veganer","20":"product_tag-lamplig-for-vegetarianer","21":"product_tag-lattlosligt-pulver","22":"product_tag-prebiotisk-loslig-fiber","23":"product_tag-sockerfri","24":"product_tag-tranbarsextrakt","25":"product_tag-tranbarskomplex","26":"product_tag-urinvagshalsa","27":"product_tag-vitamin-c","29":"first","30":"instock","31":"taxable","32":"shipping-taxable","33":"purchasable","34":"product-type-simple","35":"entry","36":"content-bg","37":"loop-entry"},"taxonomy_info":{"product_cat":[{"value":176,"label":"Immunf\u00f6rsvar"},{"value":1234,"label":"Lamberts"},{"value":198,"label":"Lever &amp; Njurar"},{"value":149,"label":"\u00d6rter"}],"product_tag":[{"value":1517,"label":"47 gram tranb\u00e4r per tesked"},{"value":1518,"label":"60 mg"},{"value":1519,"label":"blandas i vatten eller juice"},{"value":1506,"label":"Dagligt tillskott"},{"value":1520,"label":"f\u00f6rebygga urinv\u00e4gsinfektioner"},{"value":1521,"label":"fruktooligosackarider (FOS)"},{"value":1507,"label":"h\u00f6g styrka"},{"value":1508,"label":"kalorifattig"},{"value":1509,"label":"l\u00e5g sockerhalt"},{"value":1522,"label":"l\u00e4mplig f\u00f6r veganer"},{"value":1523,"label":"l\u00e4mplig f\u00f6r vegetarianer"},{"value":1524,"label":"l\u00e4ttl\u00f6sligt pulver"},{"value":1525,"label":"prebiotisk l\u00f6slig fiber"},{"value":1511,"label":"sockerfri"},{"value":1513,"label":"tranb\u00e4rsextrakt"},{"value":1526,"label":"tranb\u00e4rskomplex"},{"value":1514,"label":"urinv\u00e4gsh\u00e4lsa"},{"value":1209,"label":"Vitamin C"}]},"featured_image_src_large":["https:\/\/vitaminbutiken.com\/wp-content\/uploads\/2025\/03\/8556-100-Cranberry-780x700.jpg",780,700,true],"author_info":[],"comment_info":0,"_links":{"self":[{"href":"https:\/\/vitaminbutiken.com\/en\/wp-json\/wp\/v2\/product\/9749","targetHints":{"allow":["GET"]}}],"collection":[{"href":"https:\/\/vitaminbutiken.com\/en\/wp-json\/wp\/v2\/product"}],"about":[{"href":"https:\/\/vitaminbutiken.com\/en\/wp-json\/wp\/v2\/types\/product"}],"replies":[{"embeddable":true,"href":"https:\/\/vitaminbutiken.com\/en\/wp-json\/wp\/v2\/comments?post=9749"}],"wp:featuredmedia":[{"embeddable":true,"href":"https:\/\/vitaminbutiken.com\/en\/wp-json\/wp\/v2\/media\/9819"}],"wp:attachment":[{"href":"https:\/\/vitaminbutiken.com\/en\/wp-json\/wp\/v2\/media?parent=9749"}],"wp:term":[{"taxonomy":"product_brand","embeddable":true,"href":"https:\/\/vitaminbutiken.com\/en\/wp-json\/wp\/v2\/product_brand?post=9749"},{"taxonomy":"product_cat","embeddable":true,"href":"https:\/\/vitaminbutiken.com\/en\/wp-json\/wp\/v2\/product_cat?post=9749"},{"taxonomy":"product_tag","embeddable":true,"href":"https:\/\/vitaminbutiken.com\/en\/wp-json\/wp\/v2\/product_tag?post=9749"}],"curies":[{"name":"wp","href":"https:\/\/api.w.org\/{rel}","templated":true}]}}