{"id":9748,"date":"2025-03-19T16:10:11","date_gmt":"2025-03-19T14:10:11","guid":{"rendered":"https:\/\/vitaminbutiken.multi.fi\/?post_type=product&#038;p=9748"},"modified":"2026-03-22T19:51:34","modified_gmt":"2026-03-22T18:51:34","slug":"tranbar-lamberts","status":"publish","type":"product","link":"https:\/\/vitaminbutiken.com\/en\/produkt\/tranbar-lamberts\/","title":{"rendered":"Tranb\u00e4r &#8211; Lamberts"},"content":{"rendered":"<p><strong>Tranb\u00e4r &#8211; Lamberts<\/strong><\/p>\n<p>Tranb\u00e4r har l\u00e4nge varit k\u00e4nda f\u00f6r kvinnor f\u00f6r urinsystemets h\u00e4lsa. D\u00e4remot \u00e4r tranb\u00e4rsjuice mycket skarp i smaken och f\u00f6ljaktligen \u00e4r m\u00e5nga kommersiella tranb\u00e4rsdrycker ofta fyllda med socker och h\u00f6ga kalorier. Ett bekv\u00e4mare s\u00e4tt att ta tranb\u00e4r \u00e4r i form av kapslar men ofta kan dessa vara en kompromiss med styrkan.<\/p>\n<p>Som de ledande experterna inom n\u00e4ring och \u00f6rter har vi utvecklat smakfria kapslar som inneh\u00e5ller o\u00f6vertr\u00e4ffade 375 mg koncentrerat tranb\u00e4rsextrakt, motsvarande hela 18 750 mg hela f\u00e4rska tranb\u00e4r per kapsel. Dessa kapslar med maximal styrka ger en betydande m\u00e4ngd tranb\u00e4r utan allt socker och kalorier.<\/p>\n<p>C-vitamin ing\u00e5r ocks\u00e5, vilket bidrar till immunf\u00f6rsvarets normala funktion.<\/p>\n<p><strong> Dosering<\/strong>: 1 kapsel dagligen i samband med m\u00e5ltid.<\/p>\n<table border=\"1\" cellspacing=\"0\" cellpadding=\"0\">\n<tbody>\n<tr>\n<td valign=\"top\" width=\"30%\"><strong>1 kapsel inneh\u00e5ller:\u00a0<\/strong><\/td>\n<td valign=\"top\" width=\"20%\"><strong>\u00a0M\u00e4ngd\u00a0<\/strong><\/td>\n<td valign=\"top\" width=\"30%\"><strong> % DRI*<\/strong><\/td>\n<\/tr>\n<tr>\n<td valign=\"top\" width=\"30%\">\u00a0Vitamin C<\/td>\n<td valign=\"top\" width=\"20%\">\u00a040 mg<\/td>\n<td valign=\"top\" width=\"20%\">\u00a050 %<\/td>\n<\/tr>\n<tr>\n<td valign=\"top\" width=\"30%\">\u00a0Tranb\u00e4r<br \/>\n(fr\u00e5n ett 375 mg 50:1 extrakt)<\/td>\n<td valign=\"top\" width=\"20%\">\u00a018 750 mg<\/td>\n<td valign=\"top\" width=\"20%\">\u00a0**<\/td>\n<\/tr>\n<\/tbody>\n<\/table>\n<p><strong>DRI \u00e4r dagligt referensintag. **DRI ej fastst\u00e4llt.<\/strong><\/p>\n<p><strong>Ingredienser:<\/strong> Kalciumkarbonat, tranb\u00e4rs-extrakt (Vaccinium Macrocarpon), fyllnadsmedel (cellulosa), vitamin-C (askorbinsyra), ytbehandlingsmedel (geleringsmedel: kalciumkarbonat &amp; isomalt, f\u00e4rg\u00e4mne: j\u00e4rnoxider, hydroxypropylmetylcellulosa), klumpf\u00f6rebyggande medel (kiseldioxid, stearinsyra, magnesiumsalter av fettsyror), tv\u00e4rbunden cellulosagummi.<\/p>\n<p>Rekommenderad dos b\u00f6r ej \u00f6verskridas.<br \/>\nKosttillskott ers\u00e4tter inte en varierad kost.<br \/>\nProdukten f\u00f6rvaras o\u00e5tkomligt f\u00f6r sm\u00e5 barn.<br \/>\nRekommenderas inte till gravida och ammande.<\/p>\n<p>V- L\u00e4mplig f\u00f6r veganer<\/p>\n<p>&nbsp;<\/p>\n","protected":false},"excerpt":{"rendered":"<p>Tranb\u00e4r som tillskott \u00e4r ett bra alternativ till f\u00e4rska tranb\u00e4r eller tranb\u00e4rsjuice f\u00f6r m\u00e4nniskor som har sv\u00e5rt med den starka smaken. Ofta \u00e4r ocks\u00e5 m\u00e5nga torkade tranb\u00e4r och juicer fulla med tillsatt socker.<\/p>\n<p>Tranb\u00e4r har l\u00e4nge varit k\u00e4nd f\u00f6r sina h\u00e4lsof\u00f6rdelar g\u00e4llande urinv\u00e4gsbesv\u00e4r hos kvinnor.<\/p>\n<p>Detta preparat inneh\u00e5ller b\u00e5de C-vitamin och tranb\u00e4rsextrakt.<\/p>\n<p><strong>60 Kapslar<\/strong><\/p>\n","protected":false},"featured_media":9817,"comment_status":"closed","ping_status":"closed","template":"","meta":{"_kad_blocks_custom_css":"","_kad_blocks_head_custom_js":"","_kad_blocks_body_custom_js":"","_kad_blocks_footer_custom_js":"","_kadence_starter_templates_imported_post":false,"_kad_post_transparent":"default","_kad_post_title":"","_kad_post_layout":"default","_kad_post_sidebar_id":"","_kad_post_content_style":"default","_kad_post_vertical_padding":"default","_kad_post_feature":"","_kad_post_feature_position":"","_kad_post_header":false,"_kad_post_footer":false,"_kad_post_classname":""},"product_brand":[],"product_cat":[176,1234,149],"product_tag":[1504,1505,205,1506,1465,1507,1028,1508,1509,1510,1511,1512,1513,1514,1515,1516,1209],"class_list":{"0":"post-9748","1":"product","2":"type-product","3":"status-publish","4":"has-post-thumbnail","6":"product_cat-immunforsvar","7":"product_cat-lamberts","8":"product_cat-orter","9":"product_tag-18-750-mg","10":"product_tag-750-mg-extrakt","11":"product_tag-antioxidant","12":"product_tag-dagligt-tillskott","13":"product_tag-gmp-standard","14":"product_tag-hog-styrka","15":"product_tag-immunforsvar","16":"product_tag-kalorifattig","17":"product_tag-lag-sockerhalt","18":"product_tag-lattsvalda-kapslar","19":"product_tag-sockerfri","20":"product_tag-tranbar","21":"product_tag-tranbarsextrakt","22":"product_tag-urinvagshalsa","23":"product_tag-vegansk","24":"product_tag-vegetarisk","25":"product_tag-vitamin-c","27":"first","28":"instock","29":"taxable","30":"shipping-taxable","31":"purchasable","32":"product-type-simple","33":"entry","34":"content-bg","35":"loop-entry"},"taxonomy_info":{"product_cat":[{"value":176,"label":"Immunf\u00f6rsvar"},{"value":1234,"label":"Lamberts"},{"value":149,"label":"\u00d6rter"}],"product_tag":[{"value":1504,"label":"18 750 mg"},{"value":1505,"label":"750 mg extrakt"},{"value":205,"label":"antioxidant"},{"value":1506,"label":"Dagligt tillskott"},{"value":1465,"label":"GMP-standard"},{"value":1507,"label":"h\u00f6g styrka"},{"value":1028,"label":"immunf\u00f6rsvar"},{"value":1508,"label":"kalorifattig"},{"value":1509,"label":"l\u00e5g sockerhalt"},{"value":1510,"label":"l\u00e4ttsvalda kapslar"},{"value":1511,"label":"sockerfri"},{"value":1512,"label":"tranb\u00e4r"},{"value":1513,"label":"tranb\u00e4rsextrakt"},{"value":1514,"label":"urinv\u00e4gsh\u00e4lsa"},{"value":1515,"label":"vegansk"},{"value":1516,"label":"vegetarisk"},{"value":1209,"label":"Vitamin C"}]},"featured_image_src_large":["https:\/\/vitaminbutiken.com\/wp-content\/uploads\/2025\/03\/8552-60-Cranberry-780x700.jpg",780,700,true],"author_info":[],"comment_info":0,"_links":{"self":[{"href":"https:\/\/vitaminbutiken.com\/en\/wp-json\/wp\/v2\/product\/9748","targetHints":{"allow":["GET"]}}],"collection":[{"href":"https:\/\/vitaminbutiken.com\/en\/wp-json\/wp\/v2\/product"}],"about":[{"href":"https:\/\/vitaminbutiken.com\/en\/wp-json\/wp\/v2\/types\/product"}],"replies":[{"embeddable":true,"href":"https:\/\/vitaminbutiken.com\/en\/wp-json\/wp\/v2\/comments?post=9748"}],"wp:featuredmedia":[{"embeddable":true,"href":"https:\/\/vitaminbutiken.com\/en\/wp-json\/wp\/v2\/media\/9817"}],"wp:attachment":[{"href":"https:\/\/vitaminbutiken.com\/en\/wp-json\/wp\/v2\/media?parent=9748"}],"wp:term":[{"taxonomy":"product_brand","embeddable":true,"href":"https:\/\/vitaminbutiken.com\/en\/wp-json\/wp\/v2\/product_brand?post=9748"},{"taxonomy":"product_cat","embeddable":true,"href":"https:\/\/vitaminbutiken.com\/en\/wp-json\/wp\/v2\/product_cat?post=9748"},{"taxonomy":"product_tag","embeddable":true,"href":"https:\/\/vitaminbutiken.com\/en\/wp-json\/wp\/v2\/product_tag?post=9748"}],"curies":[{"name":"wp","href":"https:\/\/api.w.org\/{rel}","templated":true}]}}