{"id":9747,"date":"2025-03-19T16:10:10","date_gmt":"2025-03-19T14:10:10","guid":{"rendered":"https:\/\/vitaminbutiken.multi.fi\/?post_type=product&#038;p=9747"},"modified":"2026-04-10T11:20:21","modified_gmt":"2026-04-10T09:20:21","slug":"candaway-lamberts","status":"publish","type":"product","link":"https:\/\/vitaminbutiken.com\/en\/produkt\/candaway-lamberts\/","title":{"rendered":"Candaway &#8211; Lamberts"},"content":{"rendered":"<p>Candaway &#8211; Lamberts<\/p>\n<p><span class=\"Y2IQFc\" lang=\"sv\">Detta \u00e4r en h\u00f6gkvalitativ formula som inneh\u00e5ller kraftfulla <strong>extrakt fr\u00e5n kanelbark, olivblad, f\u00e4nk\u00e5lsfr\u00f6 och oreganoblad.<\/p>\n<p>Dosering: <\/strong>2 tabletter dagligen i samband med m\u00e5ltid.<\/span><\/p>\n<table style=\"height: 146px;\" border=\"1\" width=\"934\" cellspacing=\"0\" cellpadding=\"0\">\n<tbody>\n<tr>\n<td valign=\"top\" width=\"30%\"><b>\u00a02 tabletter inneh\u00e5ller:\u00a0<\/b><\/td>\n<td valign=\"top\" width=\"20%\"><strong>\u00a0M\u00e4ngd <\/strong><\/td>\n<td valign=\"top\" width=\"30%\"><strong>\u00a0% DRI*<\/strong><\/td>\n<\/tr>\n<tr>\n<td valign=\"top\" width=\"30%\">\u00a0Kanelbark<\/td>\n<td valign=\"top\" width=\"20%\">\u00a03750 mg\u00a0 (150 mg av ett 25:1 extrakt)<\/td>\n<td valign=\"top\" width=\"30%\">\u00a0**<\/td>\n<\/tr>\n<tr>\n<td valign=\"top\" width=\"30%\">\u00a0Olivblad<\/td>\n<td valign=\"top\" width=\"20%\">\u00a0810 mg (90 mg av ett 9:1 extrakt)<\/td>\n<td valign=\"top\" width=\"30%\">\u00a0**<\/td>\n<\/tr>\n<tr>\n<td valign=\"top\" width=\"30%\">\u00a0Oregano<\/td>\n<td valign=\"top\" width=\"20%\">\u00a0400 mg (100 mg av ett 4:1 extrakt)<\/td>\n<td valign=\"top\" width=\"30%\">\u00a0**<\/td>\n<\/tr>\n<tr>\n<td valign=\"top\" width=\"30%\">\u00a0F\u00e4nk\u00e5lsfr\u00f6n<\/td>\n<td valign=\"top\" width=\"20%\">\u00a0400 mg (100 mg av ett 4:1 extrakt)<\/td>\n<td valign=\"top\" width=\"20%\">\u00a0**<\/td>\n<\/tr>\n<\/tbody>\n<\/table>\n<p>**DRI (Dagligt referensintag) ej fastst\u00e4llt.<\/p>\n<p><strong>Ingredienser:<\/strong> Kalciumkarbonat, kanel (<em>Cinnmun cassia<\/em>) bark extrakt, oliv (<em>Olea europea<\/em>) blad extrakt, oregano (<em>Origanum vulgare<\/em>) blad extrakt, f\u00e4nk\u00e5l (<em>Foeniculum vulgare<\/em>) fr\u00f6 extrakt, ytbehandlingsmedel (hydroxypropylmetylcellulosa), f\u00e4rg\u00e4mne (spirulina, \u00e4pple, safflor, citron), klumpf\u00f6rebyggande medel (stearinsyra, kiseldioxid, magnesiumsalter av fettsyror), bindemedel (tv\u00e4rbundet cellulosagummi), fyllnadsmedel (cellulosa).<\/p>\n<p>Rekommenderad dos b\u00f6r ej \u00f6verskridas.<br \/>\nKosttillskott ers\u00e4tter inte en varierad kost.<br \/>\nProdukten f\u00f6rvaras o\u00e5tkomligt f\u00f6r barn.<br \/>\nRekommenderas inte till gravida och ammande.<\/p>\n","protected":false},"excerpt":{"rendered":"<p>Naturligt complex av \u00f6rter och kryddor, inkluderar kanel och olivblad.<\/p>\n<p>Kan i huvudsak bidra till en h\u00e4lsosam milj\u00f6 och balans i mage och tarm.<\/p>\n<p><strong>60 tabletter<\/strong><\/p>\n","protected":false},"featured_media":9813,"comment_status":"closed","ping_status":"closed","template":"","meta":{"_kad_blocks_custom_css":"","_kad_blocks_head_custom_js":"","_kad_blocks_body_custom_js":"","_kad_blocks_footer_custom_js":"","_kadence_starter_templates_imported_post":false,"_kad_post_transparent":"default","_kad_post_title":"","_kad_post_layout":"default","_kad_post_sidebar_id":"","_kad_post_content_style":"default","_kad_post_vertical_padding":"default","_kad_post_feature":"","_kad_post_feature_position":"","_kad_post_header":false,"_kad_post_footer":false,"_kad_post_classname":""},"product_brand":[],"product_cat":[176,1234,431,2822,149],"product_tag":[],"class_list":{"0":"post-9747","1":"product","2":"type-product","3":"status-publish","4":"has-post-thumbnail","6":"product_cat-immunforsvar","7":"product_cat-lamberts","8":"product_cat-mage-tarm","9":"product_cat-multi-produkter","10":"product_cat-orter","12":"first","13":"instock","14":"taxable","15":"shipping-taxable","16":"purchasable","17":"product-type-simple","18":"entry","19":"content-bg","20":"loop-entry"},"taxonomy_info":{"product_cat":[{"value":176,"label":"Immunf\u00f6rsvar"},{"value":1234,"label":"Lamberts"},{"value":431,"label":"Mage &amp; Tarm"},{"value":2822,"label":"Multi produkter"},{"value":149,"label":"\u00d6rter"}]},"featured_image_src_large":["https:\/\/vitaminbutiken.com\/wp-content\/uploads\/2025\/03\/Candaway-1000x700.jpg",1000,700,true],"author_info":[],"comment_info":0,"_links":{"self":[{"href":"https:\/\/vitaminbutiken.com\/en\/wp-json\/wp\/v2\/product\/9747","targetHints":{"allow":["GET"]}}],"collection":[{"href":"https:\/\/vitaminbutiken.com\/en\/wp-json\/wp\/v2\/product"}],"about":[{"href":"https:\/\/vitaminbutiken.com\/en\/wp-json\/wp\/v2\/types\/product"}],"replies":[{"embeddable":true,"href":"https:\/\/vitaminbutiken.com\/en\/wp-json\/wp\/v2\/comments?post=9747"}],"wp:featuredmedia":[{"embeddable":true,"href":"https:\/\/vitaminbutiken.com\/en\/wp-json\/wp\/v2\/media\/9813"}],"wp:attachment":[{"href":"https:\/\/vitaminbutiken.com\/en\/wp-json\/wp\/v2\/media?parent=9747"}],"wp:term":[{"taxonomy":"product_brand","embeddable":true,"href":"https:\/\/vitaminbutiken.com\/en\/wp-json\/wp\/v2\/product_brand?post=9747"},{"taxonomy":"product_cat","embeddable":true,"href":"https:\/\/vitaminbutiken.com\/en\/wp-json\/wp\/v2\/product_cat?post=9747"},{"taxonomy":"product_tag","embeddable":true,"href":"https:\/\/vitaminbutiken.com\/en\/wp-json\/wp\/v2\/product_tag?post=9747"}],"curies":[{"name":"wp","href":"https:\/\/api.w.org\/{rel}","templated":true}]}}