{"id":9745,"date":"2025-03-19T16:10:07","date_gmt":"2025-03-19T14:10:07","guid":{"rendered":"https:\/\/vitaminbutiken.multi.fi\/?post_type=product&#038;p=9745"},"modified":"2026-03-31T08:41:57","modified_gmt":"2026-03-31T06:41:57","slug":"florisene-kosttillskott-for-haret-kvinnor","status":"publish","type":"product","link":"https:\/\/vitaminbutiken.com\/en\/produkt\/florisene-kosttillskott-for-haret-kvinnor\/","title":{"rendered":"FLORISENE (kosttillskott f\u00f6r h\u00e5ret kvinnor)"},"content":{"rendered":"<p>Lamberts FLORISENE\u00ae \u00e4r ett kosttillskott f\u00f6r h\u00e5ret, anpassat f\u00f6r kvinnors behov. Kosttillskottet inneh\u00e5ller en kombination av vitaminer, mineraler och aminosyran lysin. Produkten inneh\u00e5ller \u00e4ven biotin och selen som bidrar till att uppr\u00e4tth\u00e5lla normalt h\u00e5r.<\/p>\n<p><strong>Dosering: 1 tablett dagligen mellan m\u00e5ltider.<\/strong><\/p>\n<table border=\"1\" cellspacing=\"0\" cellpadding=\"0\">\n<tbody>\n<tr>\n<td valign=\"top\" width=\"106\"><strong>1 tablett inneh\u00e5ller:<\/strong><\/td>\n<td valign=\"top\" width=\"76\">\u00a024 mg<\/td>\n<td valign=\"top\" width=\"85\">\n<p style=\"text-align: left;\" align=\"right\">\u00a030%<\/p>\n<\/td>\n<\/tr>\n<tr>\n<td valign=\"top\" width=\"106\">\u00a0Vitamin C<\/td>\n<td valign=\"top\" width=\"76\">\u00a024 mg<\/td>\n<td valign=\"top\" width=\"85\">\n<p style=\"text-align: left;\" align=\"right\">\u00a030%<\/p>\n<\/td>\n<\/tr>\n<tr>\n<td valign=\"top\" width=\"106\">\u00a0Vitamin B12<\/td>\n<td valign=\"top\" width=\"76\">\u00a03 \u00b5g<\/td>\n<td valign=\"top\" width=\"85\">\n<p style=\"text-align: left;\" align=\"right\">\u00a0120%<\/p>\n<\/td>\n<\/tr>\n<tr>\n<td valign=\"top\" width=\"106\">\u00a0Biotin<\/td>\n<td valign=\"top\" width=\"76\">\u00a050 \u00b5g<\/td>\n<td valign=\"top\" width=\"85\">\n<p style=\"text-align: left;\" align=\"right\">\u00a0100%<\/p>\n<\/td>\n<\/tr>\n<tr>\n<td valign=\"top\" width=\"106\">\u00a0J\u00e4rn(som J\u00e4rnfumarat)<\/td>\n<td valign=\"top\" width=\"76\">\u00a020 mg<\/td>\n<td valign=\"top\" width=\"85\">\n<p style=\"text-align: left;\" align=\"right\">\u00a0143%<\/p>\n<\/td>\n<\/tr>\n<tr>\n<td valign=\"top\" width=\"106\">\u00a0Selen<\/td>\n<td valign=\"top\" width=\"76\">\u00a010 \u00b5g<\/td>\n<td valign=\"top\" width=\"85\">\n<p style=\"text-align: left;\" align=\"right\">\u00a018%<\/p>\n<\/td>\n<\/tr>\n<tr>\n<td valign=\"top\" width=\"106\">\u00a0L-Lysin<\/td>\n<td valign=\"top\" width=\"76\">\u00a0500 mg<\/td>\n<td valign=\"top\" width=\"85\">\n<p style=\"text-align: left;\" align=\"right\">\u00a0**<\/p>\n<\/td>\n<\/tr>\n<\/tbody>\n<\/table>\n<p><em>**%DRI (Dagligt referensintag) ej fastst\u00e4llt.<\/em><\/p>\n<p><strong>Ingredienser: <\/strong>L-Lysin hydroklorid, kalciumkarbonat, cellulosa, j\u00e4rn (som J\u00e4rnfumarat), ytbehandlingsmedel (hydroxypropylmetylcellulosa, acetylerade monoglycerider, F\u00e4rger: titandioxid &amp; j\u00e4rnoxid), vitamin C (askorbinsyra), tv\u00e4rbundet cellulosagummi, kiseldioxid, stearinsyra, biotin, selen (natriumselenit), magnesiumsalter av fettsyror, vitamin B12 (cyanokobalamin).<\/p>\n<p>Rekommenderat intag b\u00f6r inte \u00f6verskridas.<br \/>\nKosttillskott b\u00f6r inte anv\u00e4ndas som alternativ till en varierad kost.<br \/>\nDet \u00e4r viktigt med en m\u00e5ngsidig och balanserad kost och en h\u00e4lsosam livsstil.<\/p>\n<p><strong>Observera:<\/strong>\u00a0Rekommenderas inte att du tar Florisene\u00ae medan..:<br \/>\n&#8211; du tar n\u00e5gra andra j\u00e4rninneh\u00e5llande kosttillskott eller &#8211; du \u00e4ter antibiotika kur<br \/>\nDen h\u00e4r produkten inneh\u00e5ller j\u00e4rn i h\u00f6ga doser som kan vara skadligt f\u00f6r sm\u00e5 barn.<\/p>\n<p>F\u00f6rvaras torrt i rumstemperatur och utom\u00a0 r\u00e4ckh\u00e5ll f\u00f6r barn.<\/p>\n","protected":false},"excerpt":{"rendered":"<p>Lamberts FLORISENE\u00ae \u00e4r ett kosttillskott f\u00f6r h\u00e5ret, anpassat f\u00f6r kvinnors behov. Kosttillskottet inneh\u00e5ller en kombination av vitaminer, mineraler och aminosyran lysin.<br \/>\nProdukten inneh\u00e5ller \u00e4ven biotin och selen som bidrar till att uppr\u00e4tth\u00e5lla normalt h\u00e5r.<\/p>\n<p><strong>90 tabletter<\/strong><\/p>\n","protected":false},"featured_media":9809,"comment_status":"closed","ping_status":"closed","template":"","meta":{"_kad_blocks_custom_css":"","_kad_blocks_head_custom_js":"","_kad_blocks_body_custom_js":"","_kad_blocks_footer_custom_js":"","_kadence_starter_templates_imported_post":false,"_kad_post_transparent":"default","_kad_post_title":"","_kad_post_layout":"default","_kad_post_sidebar_id":"","_kad_post_content_style":"default","_kad_post_vertical_padding":"default","_kad_post_feature":"","_kad_post_feature_position":"","_kad_post_header":false,"_kad_post_footer":false,"_kad_post_classname":""},"product_brand":[],"product_cat":[195,349,1234,2822],"product_tag":[1435,1436,1437,1438,1439,1440,1441,1442,1443,1444,1445,1446,1447,1448,1449,1450,1451,1452,1453,1454,1455,1456,1457,1458,1459,1460],"class_list":{"0":"post-9745","1":"product","2":"type-product","3":"status-publish","4":"has-post-thumbnail","6":"product_cat-hud-skonhet","7":"product_cat-jarn","8":"product_cat-lamberts","9":"product_cat-multi-produkter","10":"product_tag-behandling-av-kroniskt-telogent-effluvium","11":"product_tag-dagligt-tillskott-for-harhalsa","12":"product_tag-florisene","13":"product_tag-for-dem-som-soker-tjockare-och-starkare-har","14":"product_tag-for-kvinnor-med-haravfall","15":"product_tag-for-personer-med-jarnbristrelaterat-haravfall","16":"product_tag-for-tunt-och-livlost-har","17":"product_tag-forbattrar-harkvalitet","18":"product_tag-forbattring-av-harstruktur-och-glans","19":"product_tag-framjar-harvaxt","20":"product_tag-fri-fran-konstgjorda-fargamnen-och-konserveringsmedel","21":"product_tag-haravfallsbehandling","22":"product_tag-harhalsa","23":"product_tag-innehaller-jarn","24":"product_tag-kliniskt-testad-formula","25":"product_tag-komplement-vid-kostrelaterat-haravfall","26":"product_tag-kosttillskott-for-har","27":"product_tag-lattupptagliga-tabletter","28":"product_tag-lysin-och-andra-viktiga-naringsamnen","29":"product_tag-motverkar-haravfall","30":"product_tag-naring-for-haret","31":"product_tag-naringsstod-for-haret","32":"product_tag-naringstillskott-for-optimal-harvaxt","33":"product_tag-rekommenderas-av-experter-inom-harhalsa","34":"product_tag-starker-harrotter","35":"product_tag-stod-vid-diffust-haravfall","37":"first","38":"instock","39":"taxable","40":"shipping-taxable","41":"purchasable","42":"product-type-simple","43":"entry","44":"content-bg","45":"loop-entry"},"taxonomy_info":{"product_cat":[{"value":195,"label":"Hud &amp; Sk\u00f6nhet"},{"value":349,"label":"J\u00e4rn"},{"value":1234,"label":"Lamberts"},{"value":2822,"label":"Multi produkter"}],"product_tag":[{"value":1435,"label":"Behandling av kroniskt telogent effluvium"},{"value":1436,"label":"Dagligt tillskott f\u00f6r h\u00e5rh\u00e4lsa"},{"value":1437,"label":"Florisene"},{"value":1438,"label":"F\u00f6r dem som s\u00f6ker tjockare och starkare h\u00e5r"},{"value":1439,"label":"F\u00f6r kvinnor med h\u00e5ravfall"},{"value":1440,"label":"F\u00f6r personer med j\u00e4rnbristrelaterat h\u00e5ravfall"},{"value":1441,"label":"F\u00f6r tunt och livl\u00f6st h\u00e5r"},{"value":1442,"label":"F\u00f6rb\u00e4ttrar h\u00e5rkvalitet"},{"value":1443,"label":"F\u00f6rb\u00e4ttring av h\u00e5rstruktur och glans"},{"value":1444,"label":"Fr\u00e4mjar h\u00e5rv\u00e4xt"},{"value":1445,"label":"Fri fr\u00e5n konstgjorda f\u00e4rg\u00e4mnen och konserveringsmedel"},{"value":1446,"label":"H\u00e5ravfallsbehandling"},{"value":1447,"label":"H\u00e5rh\u00e4lsa"},{"value":1448,"label":"Inneh\u00e5ller j\u00e4rn"},{"value":1449,"label":"Kliniskt testad formula"},{"value":1450,"label":"Komplement vid kostrelaterat h\u00e5ravfall"},{"value":1451,"label":"Kosttillskott f\u00f6r h\u00e5r"},{"value":1452,"label":"L\u00e4ttupptagliga tabletter"},{"value":1453,"label":"lysin och andra viktiga n\u00e4rings\u00e4mnen"},{"value":1454,"label":"Motverkar h\u00e5ravfall"},{"value":1455,"label":"N\u00e4ring f\u00f6r h\u00e5ret"},{"value":1456,"label":"N\u00e4ringsst\u00f6d f\u00f6r h\u00e5ret"},{"value":1457,"label":"N\u00e4ringstillskott f\u00f6r optimal h\u00e5rv\u00e4xt"},{"value":1458,"label":"Rekommenderas av experter inom h\u00e5rh\u00e4lsa"},{"value":1459,"label":"St\u00e4rker h\u00e5rr\u00f6tter"},{"value":1460,"label":"St\u00f6d vid diffust h\u00e5ravfall"}]},"featured_image_src_large":["https:\/\/vitaminbutiken.com\/wp-content\/uploads\/2025\/03\/8440-90-Florisene-780x700.jpg",780,700,true],"author_info":[],"comment_info":0,"_links":{"self":[{"href":"https:\/\/vitaminbutiken.com\/en\/wp-json\/wp\/v2\/product\/9745","targetHints":{"allow":["GET"]}}],"collection":[{"href":"https:\/\/vitaminbutiken.com\/en\/wp-json\/wp\/v2\/product"}],"about":[{"href":"https:\/\/vitaminbutiken.com\/en\/wp-json\/wp\/v2\/types\/product"}],"replies":[{"embeddable":true,"href":"https:\/\/vitaminbutiken.com\/en\/wp-json\/wp\/v2\/comments?post=9745"}],"wp:featuredmedia":[{"embeddable":true,"href":"https:\/\/vitaminbutiken.com\/en\/wp-json\/wp\/v2\/media\/9809"}],"wp:attachment":[{"href":"https:\/\/vitaminbutiken.com\/en\/wp-json\/wp\/v2\/media?parent=9745"}],"wp:term":[{"taxonomy":"product_brand","embeddable":true,"href":"https:\/\/vitaminbutiken.com\/en\/wp-json\/wp\/v2\/product_brand?post=9745"},{"taxonomy":"product_cat","embeddable":true,"href":"https:\/\/vitaminbutiken.com\/en\/wp-json\/wp\/v2\/product_cat?post=9745"},{"taxonomy":"product_tag","embeddable":true,"href":"https:\/\/vitaminbutiken.com\/en\/wp-json\/wp\/v2\/product_tag?post=9745"}],"curies":[{"name":"wp","href":"https:\/\/api.w.org\/{rel}","templated":true}]}}