{"id":9735,"date":"2025-03-19T16:09:35","date_gmt":"2025-03-19T14:09:35","guid":{"rendered":"https:\/\/vitaminbutiken.multi.fi\/?post_type=product&#038;p=9735"},"modified":"2026-04-02T12:06:25","modified_gmt":"2026-04-02T10:06:25","slug":"havtornsolja-lamberts","status":"publish","type":"product","link":"https:\/\/vitaminbutiken.com\/en\/produkt\/havtornsolja-lamberts\/","title":{"rendered":"Havtornsolja &#8211; Lamberts"},"content":{"rendered":"<p>Havtornsolja &#8211; Lamberts 1000 mg<\/p>\n<p><span class=\"Y2IQFc\" lang=\"sv\">Lamberts\u00ae havtornskapslar inneh\u00e5ller ren havtornsolja fr\u00e5n b\u00e4rmassan (en mycket rikare syra \u00e4n fr\u00f6na), som extraheras utan l\u00f6sningsmedel f\u00f6r att ge h\u00f6gsta kvalitet. Denna utvinningsprocess s\u00e4kerst\u00e4ller ocks\u00e5 att de viktiga egenskaperna beh\u00e5lls.<\/span><\/p>\n<p><span class=\"Y2IQFc\" lang=\"sv\">B\u00e4ren fr\u00e5n havtornsv\u00e4xterna inneh\u00e5ller en av de rikaste syrorna av omega 7-fettsyror. Var och en av v\u00e5ra havtornskapslar inneh\u00e5ller 1000 mg ren olja som ger 270 mg omega 7 (palmitolsyra). F\u00f6rutom dess o\u00f6vertr\u00e4ffade kvalitet g\u00f6r detta den till en av de mest potenta produkterna som finns tillg\u00e4ngliga. <\/span><\/p>\n<p><span class=\"Y2IQFc\" lang=\"sv\">P\u00e5g\u00e5ende forskning och senaste medieuppm\u00e4rksamhet har fokuserat p\u00e5 dess fantastiska egenskaper. De orangea b\u00e4ren har anv\u00e4nts som mat tidigare men p\u00e5 senare tid har de \u00f6kat i popularitet som kosttillskott.<\/span><\/p>\n<p><span class=\"Y2IQFc\" lang=\"sv\">De ockra havtornsb\u00e4ren \u00e4r rikliga p\u00e5 antioxidanter, vilket st\u00f6der kroppens cellers h\u00e4lsa mot fria radikaler. Detta tillskott \u00e4r ett popul\u00e4rt val f\u00f6r kvinnor \u00f6ver 50.<\/span><\/p>\n<p><strong>Dosering: 1-2 kapslar dagligen i samband med m\u00e5ltid.<\/strong><\/p>\n<table border=\"1\" cellspacing=\"0\" cellpadding=\"0\">\n<tbody>\n<tr>\n<td valign=\"top\" width=\"30%\">\u00a0<strong>1 kapsel inneh\u00e5ller<\/strong><\/td>\n<td valign=\"top\" width=\"20%\"><strong>M\u00e4ngd<\/strong><\/td>\n<td valign=\"top\" width=\"20%\"><strong>DRI%<\/strong><\/td>\n<\/tr>\n<tr>\n<td valign=\"top\" width=\"30%\">\u00a0<strong>Havtornsolja<\/strong><br \/>\nSom ger:<br \/>\n<strong>\u00a0Palmitoleinsyra<\/strong> (Omega 7)<\/td>\n<td valign=\"top\" width=\"20%\">\u00a01000 mg<\/p>\n<p>270 mg<\/td>\n<td valign=\"top\" width=\"30%\"><b>\u00a0**<\/b><\/p>\n<p><strong>\u00a0**<\/strong><\/td>\n<\/tr>\n<\/tbody>\n<\/table>\n<p><strong>**DRI (Dagligt referensintag) ej fastst\u00e4llt.<\/strong><\/p>\n<p><strong>Ingredienser:<\/strong> Havtornsolja, vegetabilisk kapsel (modifierad majsst\u00e4rkelse, glycerol, karragenan).<\/p>\n<p>Rekommenderat intag b\u00f6r inte \u00f6verskridas.<br \/>\nKosttillskott ers\u00e4tter inte en varierad kost.<br \/>\nProdukten f\u00f6rvaras o\u00e5tkomligt f\u00f6r sm\u00e5 barn.<\/p>\n<p>F\u00f6rvaras torrt i rumstemperatur.<\/p>\n<p>V &#8211; l\u00e4mpligt f\u00f6r vegetarianer och veganer.<\/p>\n","protected":false},"excerpt":{"rendered":"<p>Lamberts\u00ae havtornskapslar inneh\u00e5ller ren havtornsolja extraherat fr\u00e5n b\u00e4r (en mycket rikare k\u00e4lla \u00e4n fr\u00f6n).<\/p>\n<p>B\u00e4ren fr\u00e5n havtornsv\u00e4xten inneh\u00e5ller en av de rikaste k\u00e4llorna till omega 7-fettsyror. Detta h\u00f6gdos, standardiserade extrakt inneh\u00e5ller en garanterad (minimum) niv\u00e5 p\u00e5 27 % omega 7 fettsyror per kapsel. Den \u00e4r ocks\u00e5 en rik k\u00e4lla till omega3, 6 och 9.<\/p>\n<p><strong>30 kapslar<\/strong><\/p>\n","protected":false},"featured_media":9815,"comment_status":"closed","ping_status":"closed","template":"","meta":{"_kad_blocks_custom_css":"","_kad_blocks_head_custom_js":"","_kad_blocks_body_custom_js":"","_kad_blocks_footer_custom_js":"","_kadence_starter_templates_imported_post":false,"_kad_post_transparent":"default","_kad_post_title":"","_kad_post_layout":"default","_kad_post_sidebar_id":"","_kad_post_content_style":"default","_kad_post_vertical_padding":"default","_kad_post_feature":"","_kad_post_feature_position":"","_kad_post_header":false,"_kad_post_footer":false,"_kad_post_classname":""},"product_brand":[],"product_cat":[328,1234],"product_tag":[1476,1477,1478,1479,1480,1481,1482,1483,1484,1485,1486,1487,1488,285,1489,1490,1491,1492,1493,1494,1495,1496,1497,228,1498,1499,1500,1501,1502,1503],"class_list":{"0":"post-9735","1":"product","2":"type-product","3":"status-publish","4":"has-post-thumbnail","6":"product_cat-fettsyror","7":"product_cat-lamberts","8":"product_tag-ansiktsvard","9":"product_tag-anti-aging-olja","10":"product_tag-aterfuktning","11":"product_tag-ekologisk-havtornsolja","12":"product_tag-ekologiska-produkter","13":"product_tag-hallbar-hudvard","14":"product_tag-har-och-hudvard-med-havtorn","15":"product_tag-harvard","16":"product_tag-havtornsolja","17":"product_tag-holistisk-halsa","18":"product_tag-hudlakning","19":"product_tag-hudvard","20":"product_tag-kallpressad-havtornsolja","21":"product_tag-kosttillskott","22":"product_tag-lakande-olja","23":"product_tag-naring-for-huden","24":"product_tag-naturlig-hudhalsa","25":"product_tag-naturlig-hudvardsolja","26":"product_tag-naturlig-olja","27":"product_tag-naturlig-skonhet","28":"product_tag-omega-7-olja","29":"product_tag-omega-7-fettsyror","30":"product_tag-rik-pa-antioxidanter","31":"product_tag-slemhinnor","32":"product_tag-torr-hud-behandling","33":"product_tag-torra-slemhinnor","34":"product_tag-underlivsklada","35":"product_tag-vaxtbaserad-olja","36":"product_tag-vegansk-hudvard","37":"product_tag-vitamin-a-och-e","39":"first","40":"instock","41":"taxable","42":"shipping-taxable","43":"purchasable","44":"product-type-simple","45":"entry","46":"content-bg","47":"loop-entry"},"taxonomy_info":{"product_cat":[{"value":328,"label":"Fettsyror"},{"value":1234,"label":"Lamberts"}],"product_tag":[{"value":1476,"label":"ansiktsv\u00e5rd"},{"value":1477,"label":"Anti-aging olja"},{"value":1478,"label":"\u00c5terfuktning"},{"value":1479,"label":"Ekologisk havtornsolja"},{"value":1480,"label":"Ekologiska produkter"},{"value":1481,"label":"H\u00e5llbar hudv\u00e5rd"},{"value":1482,"label":"H\u00e5r- och hudv\u00e5rd med havtorn"},{"value":1483,"label":"H\u00e5rv\u00e5rd"},{"value":1484,"label":"havtornsolja"},{"value":1485,"label":"Holistisk h\u00e4lsa"},{"value":1486,"label":"Hudl\u00e4kning"},{"value":1487,"label":"hudv\u00e5rd"},{"value":1488,"label":"Kallpressad havtornsolja"},{"value":285,"label":"kosttillskott"},{"value":1489,"label":"L\u00e4kande olja"},{"value":1490,"label":"N\u00e4ring f\u00f6r huden"},{"value":1491,"label":"Naturlig hudh\u00e4lsa"},{"value":1492,"label":"Naturlig hudv\u00e5rdsolja"},{"value":1493,"label":"Naturlig olja"},{"value":1494,"label":"Naturlig sk\u00f6nhet"},{"value":1495,"label":"Omega-7 olja"},{"value":1496,"label":"Omega-7-fettsyror"},{"value":1497,"label":"Rik p\u00e5 antioxidanter"},{"value":228,"label":"slemhinnor"},{"value":1498,"label":"Torr hud behandling"},{"value":1499,"label":"torra slemhinnor"},{"value":1500,"label":"underlivskl\u00e5da"},{"value":1501,"label":"V\u00e4xtbaserad olja"},{"value":1502,"label":"Vegansk hudv\u00e5rd"},{"value":1503,"label":"Vitamin A och E"}]},"featured_image_src_large":["https:\/\/vitaminbutiken.com\/wp-content\/uploads\/2025\/03\/Havtornsolja-Lamberts-1000x700.jpg",1000,700,true],"author_info":[],"comment_info":0,"_links":{"self":[{"href":"https:\/\/vitaminbutiken.com\/en\/wp-json\/wp\/v2\/product\/9735","targetHints":{"allow":["GET"]}}],"collection":[{"href":"https:\/\/vitaminbutiken.com\/en\/wp-json\/wp\/v2\/product"}],"about":[{"href":"https:\/\/vitaminbutiken.com\/en\/wp-json\/wp\/v2\/types\/product"}],"replies":[{"embeddable":true,"href":"https:\/\/vitaminbutiken.com\/en\/wp-json\/wp\/v2\/comments?post=9735"}],"wp:featuredmedia":[{"embeddable":true,"href":"https:\/\/vitaminbutiken.com\/en\/wp-json\/wp\/v2\/media\/9815"}],"wp:attachment":[{"href":"https:\/\/vitaminbutiken.com\/en\/wp-json\/wp\/v2\/media?parent=9735"}],"wp:term":[{"taxonomy":"product_brand","embeddable":true,"href":"https:\/\/vitaminbutiken.com\/en\/wp-json\/wp\/v2\/product_brand?post=9735"},{"taxonomy":"product_cat","embeddable":true,"href":"https:\/\/vitaminbutiken.com\/en\/wp-json\/wp\/v2\/product_cat?post=9735"},{"taxonomy":"product_tag","embeddable":true,"href":"https:\/\/vitaminbutiken.com\/en\/wp-json\/wp\/v2\/product_tag?post=9735"}],"curies":[{"name":"wp","href":"https:\/\/api.w.org\/{rel}","templated":true}]}}