{"id":9734,"date":"2025-03-19T16:09:34","date_gmt":"2025-03-19T14:09:34","guid":{"rendered":"https:\/\/vitaminbutiken.multi.fi\/?post_type=product&#038;p=9734"},"modified":"2026-04-08T17:16:09","modified_gmt":"2026-04-08T15:16:09","slug":"collagen-perfecting-complex","status":"publish","type":"product","link":"https:\/\/vitaminbutiken.com\/en\/produkt\/collagen-perfecting-complex\/","title":{"rendered":"Collagen Perfecting Complex"},"content":{"rendered":"<p>Collagen Perfecting Complex<\/p>\n<p>Collagen Perfecting Complex har formulerats med Verisol P\u00ae kollagenpeptider, vilka studier har visat att de \u00f6kar hudens elasticitet med upp till 30 % och minskar fina linjer och rynkor med upp till 50 %, vid en dos av 2,5 g per dag, den niv\u00e5 som finns i tre tabletter av Collagen Perfecting Complex.<\/p>\n<p>Vi har \u00e4ven inkluderat C-vitamin, som spelar en roll i normal kollagenbildning, tillsammans med biotin som st\u00f6djer underh\u00e5llet av normal hud. Kiseldioxid har ocks\u00e5 tillsatts med 20 mg per tablett eftersom detta \u00e4r ett viktigt n\u00e4rings\u00e4mne f\u00f6r strukturella v\u00e4vnader.<\/p>\n<p><strong> Dosering<\/strong>: 1-3 tabletter dagligen i samband med m\u00e5ltid.<\/p>\n<table style=\"height: 80px;\" border=\"1\" width=\"621\" cellspacing=\"0\" cellpadding=\"0\">\n<tbody>\n<tr>\n<td valign=\"top\" width=\"30%\"><strong>1 tablett inneh\u00e5ller<\/strong><\/td>\n<td valign=\"top\" width=\"20%\"><strong> M\u00e4ngd<\/strong><\/td>\n<td valign=\"top\" width=\"30%\"><strong>%DRI*<\/strong><\/td>\n<\/tr>\n<tr>\n<td valign=\"top\" width=\"30%\">Vitamin C<\/td>\n<td valign=\"top\" width=\"20%\">12 mg<\/td>\n<td valign=\"top\" width=\"20%\">15 %<\/td>\n<\/tr>\n<tr>\n<td valign=\"top\" width=\"30%\">Biotin<\/td>\n<td valign=\"top\" width=\"20%\">20 \u00b5g<\/td>\n<td valign=\"top\" width=\"20%\">16 %<\/td>\n<\/tr>\n<tr>\n<td valign=\"top\" width=\"30%\">Collagen peptider<\/td>\n<td valign=\"top\" width=\"20%\">833 mg<\/td>\n<td valign=\"top\" width=\"20%\">**<\/td>\n<\/tr>\n<tr>\n<td valign=\"top\" width=\"30%\">Kiseldioxid<\/td>\n<td valign=\"top\" width=\"20%\">20 mg<\/td>\n<td valign=\"top\" width=\"20%\">**<\/td>\n<\/tr>\n<\/tbody>\n<\/table>\n<p><strong><em>*DRI \u00e4r dagligt referensintag. **DRI ej fastst\u00e4llt.\u00a0<\/em><\/strong><\/p>\n<p><strong>Ingredienser: <\/strong>Fyllnadsmedel (cellulosa &amp; kalciumkarbonat),\u00a0 klumpf\u00f6rebyggande medel<br \/>\n(kiseldioxid, stearinsyra, magnesiumsalter av fettsyror), tablettbel\u00e4ggning (hydroxypropylmetylcellulosa &amp; glycerol).<\/p>\n<p><strong>OBS!\u00a0<\/strong>Rekommenderas inte till gravida eller ammande.<\/p>\n<p>Rekommenderad dos b\u00f6r ej \u00f6verskridas.<br \/>\nKosttillskott ers\u00e4tter inte en varierad kost.<br \/>\nProdukten f\u00f6rvaras o\u00e5tkomligt f\u00f6r sm\u00e5 barn.<\/p>\n","protected":false},"excerpt":{"rendered":"<p>Bioaktiva kollagenpeptider typ I och III med vitamin C, biotin och kiseldioxid.<\/p>\n<ul>\n<li>2500mg Verisol P\u00ae kollagen per tre tabletter<\/li>\n<li>Med vitamin C som bidrar till normal kollagenbildning<\/li>\n<li>Biotin f\u00f6r att st\u00f6dja underh\u00e5llet av normal hud<\/li>\n<li>Kiseldioxid fr\u00e5n bambu<\/li>\n<\/ul>\n<p><strong>60 tabletter<\/strong><\/p>\n","protected":false},"featured_media":9807,"comment_status":"closed","ping_status":"closed","template":"","meta":{"_kad_blocks_custom_css":"","_kad_blocks_head_custom_js":"","_kad_blocks_body_custom_js":"","_kad_blocks_footer_custom_js":"","_kadence_starter_templates_imported_post":false,"_kad_post_transparent":"default","_kad_post_title":"","_kad_post_layout":"default","_kad_post_sidebar_id":"","_kad_post_content_style":"default","_kad_post_vertical_padding":"default","_kad_post_feature":"","_kad_post_feature_position":"","_kad_post_header":false,"_kad_post_footer":false,"_kad_post_classname":""},"product_brand":[],"product_cat":[195,1234,2822,277],"product_tag":[1415,1416,1417,1418,214,1419,1420,1421,1422,1423,1424,1425,1426,1427,1428,1429,1430,1431,1432,1433,1434],"class_list":{"0":"post-9734","1":"product","2":"type-product","3":"status-publish","4":"has-post-thumbnail","6":"product_cat-hud-skonhet","7":"product_cat-lamberts","8":"product_cat-multi-produkter","9":"product_cat-muskler-och-leder","10":"product_tag-anti-aging","11":"product_tag-collagen-perfecting-complex","12":"product_tag-fukt-och-lyster","13":"product_tag-har-och-naglar","14":"product_tag-hud","15":"product_tag-hudens-elasticitet","16":"product_tag-hyaluronsyra","17":"product_tag-hyaluronsyra-och-vitamin-c","18":"product_tag-kollagen-for-fast-hud","19":"product_tag-kollagen-typ-i-och-iii","20":"product_tag-kollagenpeptider","21":"product_tag-kollagenproduktion","22":"product_tag-kollagentillskott","23":"product_tag-lamberts-kollagen","24":"product_tag-muskel-och-ledfunktion","25":"product_tag-premium-skonhetstillskott","26":"product_tag-reviva-finland","27":"product_tag-skonhet-inifran","28":"product_tag-starkt-har-och-naglar","29":"product_tag-stod-for-leder-och-brosk","30":"product_tag-stod-for-rynkor-och-aldrande","32":"first","33":"instock","34":"taxable","35":"shipping-taxable","36":"purchasable","37":"product-type-simple","38":"entry","39":"content-bg","40":"loop-entry"},"taxonomy_info":{"product_cat":[{"value":195,"label":"Hud &amp; Sk\u00f6nhet"},{"value":1234,"label":"Lamberts"},{"value":2822,"label":"Multi produkter"},{"value":277,"label":"Muskler &amp; Leder"}],"product_tag":[{"value":1415,"label":"Anti-aging"},{"value":1416,"label":"Collagen Perfecting Complex"},{"value":1417,"label":"Fukt och lyster"},{"value":1418,"label":"h\u00e5r och naglar"},{"value":214,"label":"hud"},{"value":1419,"label":"Hudens elasticitet"},{"value":1420,"label":"Hyaluronsyra"},{"value":1421,"label":"Hyaluronsyra och vitamin C"},{"value":1422,"label":"Kollagen f\u00f6r fast hud"},{"value":1423,"label":"Kollagen typ I och III"},{"value":1424,"label":"Kollagenpeptider"},{"value":1425,"label":"Kollagenproduktion"},{"value":1426,"label":"Kollagentillskott"},{"value":1427,"label":"Lamberts kollagen"},{"value":1428,"label":"Muskel- och ledfunktion"},{"value":1429,"label":"Premium sk\u00f6nhetstillskott"},{"value":1430,"label":"Reviva Finland"},{"value":1431,"label":"Sk\u00f6nhet inifr\u00e5n"},{"value":1432,"label":"Starkt h\u00e5r och naglar"},{"value":1433,"label":"St\u00f6d f\u00f6r leder och brosk"},{"value":1434,"label":"St\u00f6d f\u00f6r rynkor och \u00e5ldrande"}]},"featured_image_src_large":["https:\/\/vitaminbutiken.com\/wp-content\/uploads\/2025\/03\/8530-60-Collagen-perfecting-complex-780x700.jpg",780,700,true],"author_info":[],"comment_info":0,"_links":{"self":[{"href":"https:\/\/vitaminbutiken.com\/en\/wp-json\/wp\/v2\/product\/9734","targetHints":{"allow":["GET"]}}],"collection":[{"href":"https:\/\/vitaminbutiken.com\/en\/wp-json\/wp\/v2\/product"}],"about":[{"href":"https:\/\/vitaminbutiken.com\/en\/wp-json\/wp\/v2\/types\/product"}],"replies":[{"embeddable":true,"href":"https:\/\/vitaminbutiken.com\/en\/wp-json\/wp\/v2\/comments?post=9734"}],"wp:featuredmedia":[{"embeddable":true,"href":"https:\/\/vitaminbutiken.com\/en\/wp-json\/wp\/v2\/media\/9807"}],"wp:attachment":[{"href":"https:\/\/vitaminbutiken.com\/en\/wp-json\/wp\/v2\/media?parent=9734"}],"wp:term":[{"taxonomy":"product_brand","embeddable":true,"href":"https:\/\/vitaminbutiken.com\/en\/wp-json\/wp\/v2\/product_brand?post=9734"},{"taxonomy":"product_cat","embeddable":true,"href":"https:\/\/vitaminbutiken.com\/en\/wp-json\/wp\/v2\/product_cat?post=9734"},{"taxonomy":"product_tag","embeddable":true,"href":"https:\/\/vitaminbutiken.com\/en\/wp-json\/wp\/v2\/product_tag?post=9734"}],"curies":[{"name":"wp","href":"https:\/\/api.w.org\/{rel}","templated":true}]}}