{"id":9707,"date":"2025-03-19T16:08:01","date_gmt":"2025-03-19T14:08:01","guid":{"rendered":"https:\/\/vitaminbutiken.multi.fi\/?post_type=product&#038;p=9707"},"modified":"2026-04-07T19:00:09","modified_gmt":"2026-04-07T17:00:09","slug":"crataegus","status":"publish","type":"product","link":"https:\/\/vitaminbutiken.com\/en\/produkt\/crataegus\/","title":{"rendered":"Crataegus"},"content":{"rendered":"<div class=\"woocommerce-tabs wc-tabs-wrapper\">\n<div id=\"tab-description\" class=\"woocommerce-Tabs-panel woocommerce-Tabs-panel--description panel entry-content wc-tab\" role=\"tabpanel\" aria-labelledby=\"tab-title-description\">\n<p>Hagtorn eller Crataegus<\/p>\n<p>Produktinformation: 60 kapslar. 1 kapsel inneh\u00e5ller 500 mg extrakt av hagtorn.<br \/>\nCrataegusextrakt (standardiserad till 2 % flavonoider, crataegus pinnatifida).<\/p>\n<p>Verksamma \u00e4mnen: flavonoidglykosider, saponiner, procyanidiner, trimetylamin, tanniner,<br \/>\ntriterpensyror, kv\u00e4vef\u00f6reningar (bl.a. kolin, acetylkolin och etanolarnin) samt purin\u00e4mnen.<\/p>\n<p>Anv\u00e4nda delar: blommor, blad och b\u00e4r.<\/p>\n<p>Dosering: 1 kapsel 2 g\u00e5nger\/dag. Effekterna kommer efter l\u00e4ngre tids anv\u00e4ndning (minst sex veckor).<\/p>\n<p>Huvudsaklig anv\u00e4ndning: Hagtorn \u00e4r ett av v\u00e5ra mest v\u00e4rdefulla medel f\u00f6r hj\u00e4rta och cirkulation.<\/p>\n<\/div>\n<\/div>\n<div class=\"nutrition-declaration\">\n<p><strong><br \/>\nDosering:<\/strong> 1 kapsel 2 ggr\/dag<\/p>\n<table style=\"height: 80px;\" border=\"1\" width=\"600\" cellspacing=\"0\" cellpadding=\"0\">\n<tbody>\n<tr>\n<td style=\"width: 25.3862%;\"><strong>2 kapslar inneh\u00e5ller:<\/strong><\/td>\n<td style=\"width: 17.7652%;\"><strong>M\u00e4ngd<\/strong><\/td>\n<td style=\"width: 17.7652%;\"><strong>%DRI*<\/strong><\/td>\n<\/tr>\n<tr>\n<td style=\"width: 25.3862%;\">Crataegus extrakt<\/td>\n<td style=\"width: 17.7652%;\">1000 mg<\/td>\n<td style=\"width: 17.7652%;\"><strong>**<\/strong><\/td>\n<\/tr>\n<\/tbody>\n<\/table>\n<p><strong>*DRI (dagligt referensintag) ej fastst\u00e4llt.<\/strong><\/p>\n<p><strong>Ingredienser:<\/strong> Crataegus extrakt 10:1 <em>(crataegus cansuensi, frukt), <\/em>fyllnadsmedel (mikrokristallinsk cellulosa), kapsel (gelatin), klumpf\u00f6rebyggande medel (magnesiumsalter av fettsyror, kiseldioxid).<\/p>\n<p>Rekommenderad dos b\u00f6r ej \u00f6verskridas.<br \/>\nKosttillskott ers\u00e4tter inte en varierad kost.<br \/>\nProdukter f\u00f6rvaras o\u00e5tkomligt f\u00f6r sm\u00e5barn.<\/p>\n<p>&nbsp;<\/p>\n<\/div>\n","protected":false},"excerpt":{"rendered":"<p><strong>Hagtorn \u00e4r ett av v\u00e5ra mest v\u00e4rdefulla medel f\u00f6r hj\u00e4rta och cirkulation.<\/strong><\/p>\n<p>Crataegus som ocks\u00e5 kallas f\u00f6r Hagtorn \u00e4r en \u00f6rt som man fr\u00e4mst tar f\u00f6r att bidra till sund hj\u00e4rt- och k\u00e4rlh\u00e4lsa. Crataegus \u00e4r ett naturligt alternativ f\u00f6r dig som vill st\u00f6dja ditt hj\u00e4rta. Detta tillskott \u00e4r p\u00e5litligt att ta och noggrant utvald r\u00e5vara av h\u00f6g kvalitet. Den inneh\u00e5ller inga extra tillsats\u00e4mnen. En naturlig och effektiv n\u00e4ringsk\u00e4lla f\u00f6r ditt v\u00e4lbefinnande.<\/p>\n<p>Dosering: 1 kapsel 2 g\u00e5nger\/dag. Effekterna kommer efter l\u00e4ngre tids anv\u00e4ndning (minst sex veckor).<\/p>\n<p><strong>60 kapslar<\/strong><\/p>\n","protected":false},"featured_media":500103878,"comment_status":"open","ping_status":"closed","template":"","meta":{"_kad_blocks_custom_css":"","_kad_blocks_head_custom_js":"","_kad_blocks_body_custom_js":"","_kad_blocks_footer_custom_js":"","_kadence_starter_templates_imported_post":false,"_kad_post_transparent":"default","_kad_post_title":"","_kad_post_layout":"default","_kad_post_sidebar_id":"","_kad_post_content_style":"default","_kad_post_vertical_padding":"default","_kad_post_feature":"","_kad_post_feature_position":"","_kad_post_header":false,"_kad_post_footer":false,"_kad_post_classname":""},"product_brand":[],"product_cat":[149,843],"product_tag":[1372,1373,1374,1375,1376,1377,1378,1379,1380,1381,1382,1383,1384,1385,1386,1387,1388,1389,1390,1391],"class_list":{"0":"post-9707","1":"product","2":"type-product","3":"status-publish","4":"has-post-thumbnail","6":"product_cat-orter","7":"product_cat-reviva-nutrition","8":"product_tag-basta-hagtornstillskottet","9":"product_tag-crataegus-biverkningar","10":"product_tag-crataegus-extrakt","11":"product_tag-crataegus-for-hjartat","12":"product_tag-crataegus-fordelar","13":"product_tag-crataegus-hjarthalsa","14":"product_tag-crataegus-mot-angest","15":"product_tag-crataegus-och-cirkulation","16":"product_tag-crataegus-och-stress","17":"product_tag-hagtorn-blodtryck","18":"product_tag-hagtorn-blodtrycksreglering","19":"product_tag-hagtorn-for-aderforkalkning","20":"product_tag-hagtorn-for-hjart-karlhalsa","21":"product_tag-hagtorn-kosttillskott","22":"product_tag-hagtorn-mot-hjartproblem","23":"product_tag-hagtorn-naturlakemedel","24":"product_tag-hagtorn-och-blodkarl","25":"product_tag-hagtorn-och-kolesterol","26":"product_tag-hur-fungerar-hagtorn","27":"product_tag-kop-crataegus-online","29":"first","30":"instock","31":"taxable","32":"shipping-taxable","33":"purchasable","34":"product-type-simple","35":"entry","36":"content-bg","37":"loop-entry"},"taxonomy_info":{"product_cat":[{"value":149,"label":"\u00d6rter"},{"value":843,"label":"Reviva Nutrition"}],"product_tag":[{"value":1372,"label":"B\u00e4sta hagtornstillskottet"},{"value":1373,"label":"Crataegus biverkningar"},{"value":1374,"label":"Crataegus extrakt"},{"value":1375,"label":"Crataegus f\u00f6r hj\u00e4rtat"},{"value":1376,"label":"Crataegus f\u00f6rdelar"},{"value":1377,"label":"Crataegus hj\u00e4rth\u00e4lsa"},{"value":1378,"label":"Crataegus mot \u00e5ngest"},{"value":1379,"label":"Crataegus och cirkulation"},{"value":1380,"label":"Crataegus och stress"},{"value":1381,"label":"Hagtorn blodtryck"},{"value":1382,"label":"Hagtorn blodtrycksreglering"},{"value":1383,"label":"Hagtorn f\u00f6r \u00e5derf\u00f6rkalkning"},{"value":1384,"label":"Hagtorn f\u00f6r hj\u00e4rt-k\u00e4rlh\u00e4lsa"},{"value":1385,"label":"Hagtorn kosttillskott"},{"value":1386,"label":"Hagtorn mot hj\u00e4rtproblem"},{"value":1387,"label":"Hagtorn naturl\u00e4kemedel"},{"value":1388,"label":"Hagtorn och blodk\u00e4rl"},{"value":1389,"label":"Hagtorn och kolesterol"},{"value":1390,"label":"Hur fungerar hagtorn?"},{"value":1391,"label":"K\u00f6p Crataegus online"}]},"featured_image_src_large":["https:\/\/vitaminbutiken.com\/wp-content\/uploads\/2025\/03\/REV009-Crataegus-Photoroom-e1771585483565-973x700.png",973,700,true],"author_info":[],"comment_info":0,"_links":{"self":[{"href":"https:\/\/vitaminbutiken.com\/en\/wp-json\/wp\/v2\/product\/9707","targetHints":{"allow":["GET"]}}],"collection":[{"href":"https:\/\/vitaminbutiken.com\/en\/wp-json\/wp\/v2\/product"}],"about":[{"href":"https:\/\/vitaminbutiken.com\/en\/wp-json\/wp\/v2\/types\/product"}],"replies":[{"embeddable":true,"href":"https:\/\/vitaminbutiken.com\/en\/wp-json\/wp\/v2\/comments?post=9707"}],"wp:featuredmedia":[{"embeddable":true,"href":"https:\/\/vitaminbutiken.com\/en\/wp-json\/wp\/v2\/media\/500103878"}],"wp:attachment":[{"href":"https:\/\/vitaminbutiken.com\/en\/wp-json\/wp\/v2\/media?parent=9707"}],"wp:term":[{"taxonomy":"product_brand","embeddable":true,"href":"https:\/\/vitaminbutiken.com\/en\/wp-json\/wp\/v2\/product_brand?post=9707"},{"taxonomy":"product_cat","embeddable":true,"href":"https:\/\/vitaminbutiken.com\/en\/wp-json\/wp\/v2\/product_cat?post=9707"},{"taxonomy":"product_tag","embeddable":true,"href":"https:\/\/vitaminbutiken.com\/en\/wp-json\/wp\/v2\/product_tag?post=9707"}],"curies":[{"name":"wp","href":"https:\/\/api.w.org\/{rel}","templated":true}]}}