{"id":9705,"date":"2025-03-19T16:07:58","date_gmt":"2025-03-19T14:07:58","guid":{"rendered":"https:\/\/vitaminbutiken.multi.fi\/?post_type=product&#038;p=9705"},"modified":"2026-04-07T17:15:08","modified_gmt":"2026-04-07T15:15:08","slug":"ginkgo-biloba","status":"publish","type":"product","link":"https:\/\/vitaminbutiken.com\/en\/produkt\/ginkgo-biloba\/","title":{"rendered":"Ginkgo Biloba"},"content":{"rendered":"<div class=\"woocommerce-tabs wc-tabs-wrapper\">\n<div id=\"tab-description\" class=\"woocommerce-Tabs-panel woocommerce-Tabs-panel--description panel entry-content wc-tab\" role=\"tabpanel\" aria-labelledby=\"tab-title-description\">\n<p>2 kapslar inneh\u00e5ller 120 mg Ginkgo Biloba extrakt varav 24 % glykosider och 6 % terpenlaktoner.<\/p>\n<\/div>\n<\/div>\n<div class=\"nutrition-declaration\">\n<p>&nbsp;<\/p>\n<p><strong>Dosering:<\/strong> 1 kapsel 2 g\u00e5nger per dag.<\/p>\n<table style=\"height: 80px;\" border=\"1\" width=\"621\" cellspacing=\"0\" cellpadding=\"0\">\n<tbody>\n<tr>\n<td valign=\"top\" width=\"30%\"><strong>2 kapslar inneh\u00e5ller<\/strong><\/td>\n<td valign=\"top\" width=\"20%\"><strong> M\u00e4ngd<\/strong><\/td>\n<td valign=\"top\" width=\"30%\"><strong>*DRI% <\/strong><\/td>\n<\/tr>\n<tr>\n<td valign=\"top\" width=\"30%\">Ginko Biloba extrakt<br \/>\nvarav 24 % glykosider och 6 % terpenlaktoner.<\/td>\n<td valign=\"top\" width=\"20%\">120 mg<\/td>\n<td valign=\"top\" width=\"20%\">**<\/td>\n<\/tr>\n<\/tbody>\n<\/table>\n<p><strong>*DRI (dagligt referensintag) ej fastst\u00e4llt.<\/strong><\/p>\n<p><strong>Ingredienser:<\/strong> Fyllnadsmedel (mikrokristallinsk cellulosa), ginkgo biloba extrakt (<em>ginkgo biloba blad<\/em>), kapsel (gelatin), klumpf\u00f6rebyggande medel (magnesiumsalter av fettsyror, kiseldioxid).<\/p>\n<p>Rekommenderad dos b\u00f6r ej \u00f6verskridas.<br \/>\nKosttillskott ers\u00e4tter inte en varierad kost.<br \/>\nProdukten f\u00f6rvaras o\u00e5tkomligt f\u00f6r sm\u00e5 barn.<br \/>\nRekommenderas inte till gravida och ammande.<\/p>\n<\/div>\n","protected":false},"excerpt":{"rendered":"<p>Ginkgo Biloba Beskrivning: Upplev f\u00f6rdelarna med Ginkgo Biloba, en naturlig \u00f6rt som har anv\u00e4nts i \u00e5rhundraden f\u00f6r att fr\u00e4mja mental klarhet och st\u00f6dja kognitiv funktion. Med dess unika egenskaper och antioxidanter kan Ginkgo Biloba hj\u00e4lpa till att f\u00f6rb\u00e4ttra minnet och koncentrationen. Upplev den naturliga kraften hos Ginkgo Biloba idag.<\/p>\n<p><strong>60 kapslar<\/strong><\/p>\n","protected":false},"featured_media":500103882,"comment_status":"closed","ping_status":"closed","template":"","meta":{"_kad_blocks_custom_css":"","_kad_blocks_head_custom_js":"","_kad_blocks_body_custom_js":"","_kad_blocks_footer_custom_js":"","_kadence_starter_templates_imported_post":false,"_kad_post_transparent":"default","_kad_post_title":"","_kad_post_layout":"default","_kad_post_sidebar_id":"","_kad_post_content_style":"default","_kad_post_vertical_padding":"default","_kad_post_feature":"","_kad_post_feature_position":"","_kad_post_header":false,"_kad_post_footer":false,"_kad_post_classname":""},"product_brand":[],"product_cat":[149,843],"product_tag":[1370],"class_list":{"0":"post-9705","1":"product","2":"type-product","3":"status-publish","4":"has-post-thumbnail","6":"product_cat-orter","7":"product_cat-reviva-nutrition","8":"product_tag-ginkgo","10":"first","11":"instock","12":"taxable","13":"shipping-taxable","14":"purchasable","15":"product-type-simple","16":"entry","17":"content-bg","18":"loop-entry"},"taxonomy_info":{"product_cat":[{"value":149,"label":"\u00d6rter"},{"value":843,"label":"Reviva Nutrition"}],"product_tag":[{"value":1370,"label":"ginkgo"}]},"featured_image_src_large":["https:\/\/vitaminbutiken.com\/wp-content\/uploads\/2025\/03\/REV004-Ginkgo-biloba-Photoroom-e1771585759713-770x700.png",770,700,true],"author_info":[],"comment_info":0,"_links":{"self":[{"href":"https:\/\/vitaminbutiken.com\/en\/wp-json\/wp\/v2\/product\/9705","targetHints":{"allow":["GET"]}}],"collection":[{"href":"https:\/\/vitaminbutiken.com\/en\/wp-json\/wp\/v2\/product"}],"about":[{"href":"https:\/\/vitaminbutiken.com\/en\/wp-json\/wp\/v2\/types\/product"}],"replies":[{"embeddable":true,"href":"https:\/\/vitaminbutiken.com\/en\/wp-json\/wp\/v2\/comments?post=9705"}],"wp:featuredmedia":[{"embeddable":true,"href":"https:\/\/vitaminbutiken.com\/en\/wp-json\/wp\/v2\/media\/500103882"}],"wp:attachment":[{"href":"https:\/\/vitaminbutiken.com\/en\/wp-json\/wp\/v2\/media?parent=9705"}],"wp:term":[{"taxonomy":"product_brand","embeddable":true,"href":"https:\/\/vitaminbutiken.com\/en\/wp-json\/wp\/v2\/product_brand?post=9705"},{"taxonomy":"product_cat","embeddable":true,"href":"https:\/\/vitaminbutiken.com\/en\/wp-json\/wp\/v2\/product_cat?post=9705"},{"taxonomy":"product_tag","embeddable":true,"href":"https:\/\/vitaminbutiken.com\/en\/wp-json\/wp\/v2\/product_tag?post=9705"}],"curies":[{"name":"wp","href":"https:\/\/api.w.org\/{rel}","templated":true}]}}