{"id":9695,"date":"2025-03-19T16:07:01","date_gmt":"2025-03-19T14:07:01","guid":{"rendered":"https:\/\/vitaminbutiken.multi.fi\/?post_type=product&#038;p=9695"},"modified":"2026-04-06T16:35:08","modified_gmt":"2026-04-06T14:35:08","slug":"johannesort","status":"publish","type":"product","link":"https:\/\/vitaminbutiken.com\/en\/produkt\/johannesort\/","title":{"rendered":"Johannes\u00f6rt"},"content":{"rendered":"<p>Johannes\u00f6rt extrakt 10:1 (hypericum perforatum)<\/p>\n<p>Kan f\u00f6rb\u00e4ttra hum\u00f6ret.<\/p>\n<p>Studier har visat att Johannes\u00f6rt kan vara effektivt f\u00f6r vissa personer med mild till m\u00e5ttlig depression, \u00e4ven om det \u00e4r viktigt att notera att det inte \u00e4r lika effektivt f\u00f6r alla.<\/p>\n<p><strong>Dosering:<\/strong> 1 kapsel 2 g\u00e5nger per dag.<\/p>\n<table style=\"height: 80px;\" border=\"1\" width=\"621\" cellspacing=\"0\" cellpadding=\"0\">\n<tbody>\n<tr>\n<td valign=\"top\" width=\"30%\"><strong>1 kapsel inneh\u00e5ller:<\/strong><\/td>\n<td valign=\"top\" width=\"20%\"><strong> M\u00e4ngd<\/strong><\/td>\n<td valign=\"top\" width=\"30%\"><strong>*DRI% <\/strong><\/td>\n<\/tr>\n<tr>\n<td valign=\"top\" width=\"30%\">Johannes\u00f6rt 300 mg* (extrakthalt 10:1)<\/td>\n<td valign=\"top\" width=\"20%\">120 mg<\/td>\n<td valign=\"top\" width=\"20%\">**<\/td>\n<\/tr>\n<\/tbody>\n<\/table>\n<p><strong>*DRI (dagligt referensintag) ej fastst\u00e4llt.<\/strong><\/p>\n<p><strong>Ingredienser:<\/strong> Johannes\u00f6rt extrakt 10:1 (<em>hypericum perforatum<\/em>), fyllnadsmedel (mikrokristallinsk cellulosa), kapsel (gelatin), klumpf\u00f6rebyggande medel (magnesiumsalter av fettsyror, kiseldioxid).<\/p>\n<p><strong>OBS!\u00a0<\/strong>Johannes\u00f6rt kan interagera med vissa l\u00e4kemedel. D\u00e4rf\u00f6r rekommenderas att diskutera med din l\u00e4kare f\u00f6r att s\u00e4kerst\u00e4lla trygg anv\u00e4ndning av preparatet.<\/p>\n<p>Rekommenderad dos b\u00f6r ej \u00f6verskridas.<br \/>\nKosttillskott ers\u00e4tter inte en varierad kost.<br \/>\nProdukten f\u00f6rvaras o\u00e5tkomligt f\u00f6r sm\u00e5 barn.<\/p>\n","protected":false},"excerpt":{"rendered":"<p>V\u00e5r h\u00f6gkvalitativa johannes\u00f6rt har sk\u00f6rdats noggrant f\u00f6r att s\u00e4kerst\u00e4lla dess renhet och potens. Upplev f\u00f6rdelarna med denna naturliga produkt, som kan hj\u00e4lpa till att fr\u00e4mja avslappning och v\u00e4lbefinnande. Uppm\u00e4rksamma att enligt lag om kosttillskott, kan vi inte g\u00f6ra n\u00e5gra h\u00e4lsop\u00e5st\u00e5enden om produkten. Johannes\u00f6rt extrakt 10:1 (hypericum perforatum)<\/p>\n<p>Kan f\u00f6rb\u00e4ttra hum\u00f6ret.<\/p>\n<p><strong>60 kapslar<\/strong><\/p>\n","protected":false},"featured_media":500103894,"comment_status":"closed","ping_status":"closed","template":"","meta":{"_kad_blocks_custom_css":"","_kad_blocks_head_custom_js":"","_kad_blocks_body_custom_js":"","_kad_blocks_footer_custom_js":"","_kadence_starter_templates_imported_post":false,"_kad_post_transparent":"default","_kad_post_title":"","_kad_post_layout":"default","_kad_post_sidebar_id":"","_kad_post_content_style":"default","_kad_post_vertical_padding":"default","_kad_post_feature":"","_kad_post_feature_position":"","_kad_post_header":false,"_kad_post_footer":false,"_kad_post_classname":""},"product_brand":[],"product_cat":[149,843,146],"product_tag":[1392],"class_list":{"0":"post-9695","1":"product","2":"type-product","3":"status-publish","4":"has-post-thumbnail","6":"product_cat-orter","7":"product_cat-reviva-nutrition","8":"product_cat-stressad-och-trott","9":"product_tag-johannesort","11":"first","12":"instock","13":"taxable","14":"shipping-taxable","15":"purchasable","16":"product-type-simple","17":"entry","18":"content-bg","19":"loop-entry"},"taxonomy_info":{"product_cat":[{"value":149,"label":"\u00d6rter"},{"value":843,"label":"Reviva Nutrition"},{"value":146,"label":"Stressad &amp; Tr\u00f6tt"}],"product_tag":[{"value":1392,"label":"johannes\u00f6rt"}]},"featured_image_src_large":["https:\/\/vitaminbutiken.com\/wp-content\/uploads\/2025\/03\/REV006-Johannesort-Photoroom-e1771586200876-883x700.png",883,700,true],"author_info":[],"comment_info":0,"_links":{"self":[{"href":"https:\/\/vitaminbutiken.com\/en\/wp-json\/wp\/v2\/product\/9695","targetHints":{"allow":["GET"]}}],"collection":[{"href":"https:\/\/vitaminbutiken.com\/en\/wp-json\/wp\/v2\/product"}],"about":[{"href":"https:\/\/vitaminbutiken.com\/en\/wp-json\/wp\/v2\/types\/product"}],"replies":[{"embeddable":true,"href":"https:\/\/vitaminbutiken.com\/en\/wp-json\/wp\/v2\/comments?post=9695"}],"wp:featuredmedia":[{"embeddable":true,"href":"https:\/\/vitaminbutiken.com\/en\/wp-json\/wp\/v2\/media\/500103894"}],"wp:attachment":[{"href":"https:\/\/vitaminbutiken.com\/en\/wp-json\/wp\/v2\/media?parent=9695"}],"wp:term":[{"taxonomy":"product_brand","embeddable":true,"href":"https:\/\/vitaminbutiken.com\/en\/wp-json\/wp\/v2\/product_brand?post=9695"},{"taxonomy":"product_cat","embeddable":true,"href":"https:\/\/vitaminbutiken.com\/en\/wp-json\/wp\/v2\/product_cat?post=9695"},{"taxonomy":"product_tag","embeddable":true,"href":"https:\/\/vitaminbutiken.com\/en\/wp-json\/wp\/v2\/product_tag?post=9695"}],"curies":[{"name":"wp","href":"https:\/\/api.w.org\/{rel}","templated":true}]}}