{"id":9694,"date":"2025-03-19T16:07:01","date_gmt":"2025-03-19T14:07:01","guid":{"rendered":"https:\/\/vitaminbutiken.multi.fi\/?post_type=product&#038;p=9694"},"modified":"2026-04-09T11:01:45","modified_gmt":"2026-04-09T09:01:45","slug":"griffonia-5-htp","status":"publish","type":"product","link":"https:\/\/vitaminbutiken.com\/en\/produkt\/griffonia-5-htp\/","title":{"rendered":"Griffonia &#8211; 5HTP"},"content":{"rendered":"<div class=\"woocommerce-tabs wc-tabs-wrapper\">\n<div id=\"tab-description\" class=\"woocommerce-Tabs-panel woocommerce-Tabs-panel--description panel entry-content wc-tab\" role=\"tabpanel\" aria-labelledby=\"tab-title-description\">\n<p>Griffonia \u00e4r en v\u00e4xt, och en av dess mest k\u00e4nda arter \u00e4r griffonia simplicifolia.<\/p>\n<p>Den \u00e4r fr\u00e4mst k\u00e4nd f\u00f6r att inneh\u00e5lla \u00e4mnet 5-HTP (5-hydroxitryptofan), som \u00e4r en f\u00f6reg\u00e5ngare till signalsubstansen serotonin.<\/p>\n<\/div>\n<\/div>\n<div class=\"nutrition-declaration\">\n<p>&nbsp;<\/p>\n<p><strong>Dosering:<\/strong> 1 kap 2 ggr\/dag<\/p>\n<table style=\"height: 80px;\" border=\"1\" width=\"621\" cellspacing=\"0\" cellpadding=\"0\">\n<tbody>\n<tr>\n<td valign=\"top\" width=\"30%\"><strong>1 kapsel inneh\u00e5ller<\/strong><\/td>\n<td valign=\"top\" width=\"20%\"><strong> M\u00e4ngd<\/strong><\/td>\n<td valign=\"top\" width=\"30%\"><strong>*DRI% <\/strong><\/td>\n<\/tr>\n<tr>\n<td valign=\"top\" width=\"30%\">Griffonia extrakt (som ger 100 mg 5-htp)<\/td>\n<td valign=\"top\" width=\"20%\">500 mg<\/td>\n<td valign=\"top\" width=\"20%\">**<\/td>\n<\/tr>\n<\/tbody>\n<\/table>\n<p><strong>*DRI (dagligt referensintag) ej fastst\u00e4llt.<\/strong><\/p>\n<p><strong>Ingredienser:<\/strong> Griffonia extrakt (Griffonia simplicifola), kapsel (hydroxipropylmetylcellulosa).<\/p>\n<p>Rekommenderad dos b\u00f6r ej \u00f6verskridas.<br \/>\nKosttillskott ers\u00e4tter inte en varierad kost.<br \/>\nProdukten f\u00f6rvaras o\u00e5tkomligt f\u00f6r sm\u00e5 barn.<\/p>\n<\/div>\n","protected":false},"excerpt":{"rendered":"<p>Griffonia &#8211; 5-HTP \u00e4r en naturlig produkt som kan bidra till att fr\u00e4mja v\u00e4lbefinnande och avslappning. Med extrakt fr\u00e5n Griffonia fr\u00f6n, \u00e4r denna produkt utformad f\u00f6r att st\u00f6dja en positiv sinnesst\u00e4mning och en avslappnad k\u00e4nsla. Upplev f\u00f6rdelarna med Griffonia &#8211; 5-HTP och njut av \u00f6kad harmoni i din vardag. Griffonia \u00e4r en v\u00e4xt, och en av dess mest k\u00e4nda arter \u00e4r griffonia simplicifolia.<\/p>\n<p>Den \u00e4r fr\u00e4mst k\u00e4nd f\u00f6r att inneh\u00e5lla \u00e4mnet 5-HTP (5-hydroxitryptofan), som \u00e4r en f\u00f6reg\u00e5ngare till signalsubstansen serotonin.<\/p>\n<p><strong>60 kapslar<\/strong><\/p>\n","protected":false},"featured_media":500103869,"comment_status":"closed","ping_status":"closed","template":"","meta":{"_kad_blocks_custom_css":"","_kad_blocks_head_custom_js":"","_kad_blocks_body_custom_js":"","_kad_blocks_footer_custom_js":"","_kadence_starter_templates_imported_post":false,"_kad_post_transparent":"default","_kad_post_title":"","_kad_post_layout":"default","_kad_post_sidebar_id":"","_kad_post_content_style":"default","_kad_post_vertical_padding":"default","_kad_post_feature":"","_kad_post_feature_position":"","_kad_post_header":false,"_kad_post_footer":false,"_kad_post_classname":""},"product_brand":[],"product_cat":[149,843],"product_tag":[1349,1350,1351,1352,1353,1354,1355,1356,1357,1358,1359,1360,1361,1362,1363,1364,1365,1366,1367],"class_list":{"0":"post-9694","1":"product","2":"type-product","3":"status-publish","4":"has-post-thumbnail","6":"product_cat-orter","7":"product_cat-reviva-nutrition","8":"product_tag-5-htp-biverkningar","9":"product_tag-5-htp-dosering","10":"product_tag-5-htp-for-somn","11":"product_tag-5-htp-for-stress","12":"product_tag-5-htp-fordelar","13":"product_tag-5-htp-mot-depression","14":"product_tag-5-htp-mot-insomni","15":"product_tag-5-htp-naturligt-humorhojande","16":"product_tag-5-htp-och-angest","17":"product_tag-5-htp-och-migran","18":"product_tag-5-htp-och-pms","19":"product_tag-5-htp-och-serotonin","20":"product_tag-5-htp-viktminskning","21":"product_tag-basta-5-htp-tillskottet","22":"product_tag-griffonia-extrakt","23":"product_tag-griffonia-och-5-htp","24":"product_tag-griffonia-simplicifolia-5-htp-kosttillskott","25":"product_tag-hur-fungerar-5-htp","26":"product_tag-kop-5-htp-online","28":"first","29":"instock","30":"taxable","31":"shipping-taxable","32":"purchasable","33":"product-type-simple","34":"entry","35":"content-bg","36":"loop-entry"},"taxonomy_info":{"product_cat":[{"value":149,"label":"\u00d6rter"},{"value":843,"label":"Reviva Nutrition"}],"product_tag":[{"value":1349,"label":"5-HTP biverkningar"},{"value":1350,"label":"5-HTP dosering"},{"value":1351,"label":"5-HTP f\u00f6r s\u00f6mn"},{"value":1352,"label":"5-HTP f\u00f6r stress"},{"value":1353,"label":"5-HTP f\u00f6rdelar"},{"value":1354,"label":"5-HTP mot depression"},{"value":1355,"label":"5-HTP mot insomni"},{"value":1356,"label":"5-HTP naturligt hum\u00f6rh\u00f6jande"},{"value":1357,"label":"5-HTP och \u00e5ngest"},{"value":1358,"label":"5-HTP och migr\u00e4n"},{"value":1359,"label":"5-HTP och PMS"},{"value":1360,"label":"5-HTP och serotonin"},{"value":1361,"label":"5-HTP viktminskning"},{"value":1362,"label":"B\u00e4sta 5-HTP-tillskottet"},{"value":1363,"label":"Griffonia extrakt"},{"value":1364,"label":"Griffonia och 5-HTP"},{"value":1365,"label":"Griffonia simplicifolia 5-HTP kosttillskott"},{"value":1366,"label":"Hur fungerar 5-HTP?"},{"value":1367,"label":"K\u00f6p 5-HTP online"}]},"featured_image_src_large":["https:\/\/vitaminbutiken.com\/wp-content\/uploads\/2025\/03\/REV064-Griffonia-Photoroom-e1771584541402-693x700.png",693,700,true],"author_info":[],"comment_info":0,"_links":{"self":[{"href":"https:\/\/vitaminbutiken.com\/en\/wp-json\/wp\/v2\/product\/9694","targetHints":{"allow":["GET"]}}],"collection":[{"href":"https:\/\/vitaminbutiken.com\/en\/wp-json\/wp\/v2\/product"}],"about":[{"href":"https:\/\/vitaminbutiken.com\/en\/wp-json\/wp\/v2\/types\/product"}],"replies":[{"embeddable":true,"href":"https:\/\/vitaminbutiken.com\/en\/wp-json\/wp\/v2\/comments?post=9694"}],"wp:featuredmedia":[{"embeddable":true,"href":"https:\/\/vitaminbutiken.com\/en\/wp-json\/wp\/v2\/media\/500103869"}],"wp:attachment":[{"href":"https:\/\/vitaminbutiken.com\/en\/wp-json\/wp\/v2\/media?parent=9694"}],"wp:term":[{"taxonomy":"product_brand","embeddable":true,"href":"https:\/\/vitaminbutiken.com\/en\/wp-json\/wp\/v2\/product_brand?post=9694"},{"taxonomy":"product_cat","embeddable":true,"href":"https:\/\/vitaminbutiken.com\/en\/wp-json\/wp\/v2\/product_cat?post=9694"},{"taxonomy":"product_tag","embeddable":true,"href":"https:\/\/vitaminbutiken.com\/en\/wp-json\/wp\/v2\/product_tag?post=9694"}],"curies":[{"name":"wp","href":"https:\/\/api.w.org\/{rel}","templated":true}]}}