{"id":9692,"date":"2025-03-19T16:06:59","date_gmt":"2025-03-19T14:06:59","guid":{"rendered":"https:\/\/vitaminbutiken.multi.fi\/?post_type=product&#038;p=9692"},"modified":"2026-04-09T11:01:45","modified_gmt":"2026-04-09T09:01:45","slug":"kattklo-cats-claw-uncaria-tomentosa","status":"publish","type":"product","link":"https:\/\/vitaminbutiken.com\/en\/produkt\/kattklo-cats-claw-uncaria-tomentosa\/","title":{"rendered":"Kattklo &#8211; Cat\u00b4s Claw &#8211; Uncaria tomentosa"},"content":{"rendered":"<div class=\"woocommerce-tabs wc-tabs-wrapper\">\n<div id=\"tab-description\" class=\"woocommerce-Tabs-panel woocommerce-Tabs-panel--description panel entry-content wc-tab\" role=\"tabpanel\" aria-labelledby=\"tab-title-description\">\n<p>Kattklo, \u00e4ven k\u00e4nt som Uncaria tomentosa, \u00e4r en \u00f6rt som ofta anv\u00e4nds f\u00f6r sina potentiella h\u00e4lsof\u00f6rdelar.<\/p>\n<p><strong>Kattklo \u00e4r bra f\u00f6r lederna, matsm\u00e4ltning, motst\u00e5ndskraft.<\/strong><\/p>\n<p>Detta Cat\u00b4s Claw extrakt anv\u00e4nds fr\u00e4mst f\u00f6r motst\u00e5ndskraft och ledh\u00e4lsa.<\/p>\n<p>Kattklo \u00e4r en kl\u00e4ngv\u00e4xt som finns i Amazonas regnskogar i Sydamerika. Dess bark och r\u00f6tter anv\u00e4nds traditionellt av ursprungsbefolkningen i omr\u00e5det. Kattklo har blivit popul\u00e4rt som ett kosttillskott p\u00e5 grund av dess potentiella h\u00e4lsof\u00f6rdelar.<\/p>\n<p>Kattklo tas med f\u00f6rdel tillsammans med Gurkmeja Complex, Harpago och\/eller Omega-3 tillskott.<\/p>\n<\/div>\n<\/div>\n<div class=\"nutrition-declaration\">\n<h3><\/h3>\n<p><strong>Dosering:<\/strong> 1 kapsel 2 g\u00e5nger\/dag<\/p>\n<table style=\"height: 80px;\" border=\"1\" width=\"621\" cellspacing=\"0\" cellpadding=\"0\">\n<tbody>\n<tr>\n<td valign=\"top\" width=\"30%\"><strong>2 kapslar inneh\u00e5ller<\/strong><\/td>\n<td valign=\"top\" width=\"20%\"><strong> M\u00e4ngd<\/strong><\/td>\n<td valign=\"top\" width=\"30%\"><strong>*DRI% <\/strong><\/td>\n<\/tr>\n<tr>\n<td valign=\"top\" width=\"30%\">Cat\u00b4s claw extrakt<\/td>\n<td valign=\"top\" width=\"20%\">1000 mg<\/td>\n<td valign=\"top\" width=\"20%\">**<\/td>\n<\/tr>\n<\/tbody>\n<\/table>\n<p><strong><em>*DRI (dagligt referensintag) ej fastst\u00e4llt.<\/em><\/strong><\/p>\n<p><strong>Ingredienser: <\/strong>Cat\u00b4s Claw extrakt 10:1, kapsel (hydroxipropylmetylcellulosa).<\/p>\n<p><strong>Kattklo biverkningar:<\/strong><br \/>\nCat&#8217;s Claw \u00e4r inte l\u00e4mplig f\u00f6r kvinnor som planerar en graviditet, \u00e4r gravida eller ammar. Kattklopreparat b\u00f6r inte heller anv\u00e4ndas i kombination med\u00a0 immunsuppressiva l\u00e4kemedel som f\u00f6rsvagar kroppens immunf\u00f6rsvar. Kattklo kan ha blodtryckss\u00e4nkande egenskaper.<\/p>\n<p>Rekommenderad dos b\u00f6r ej \u00f6verskridas.<br \/>\nKosttillskott ers\u00e4tter inte en varierad kost.<br \/>\nProdukten f\u00f6rvaras o\u00e5tkomligt f\u00f6r sm\u00e5 barn.<\/p>\n<\/div>\n","protected":false},"excerpt":{"rendered":"<p>Kattklo, \u00e4ven k\u00e4nt som Cat&#8217;s Claw p\u00e5 engelska, \u00e4r en v\u00e4xt med m\u00e5nga f\u00f6rdelaktiga egenskaper. Detta preparat inneh\u00e5ller r\u00e5vara av h\u00f6g kvalitet utan extra tillsatser.<\/p>\n<p>Kattklo, \u00e4ven k\u00e4nt som Uncaria tomentosa, \u00e4r en \u00f6rt som ofta anv\u00e4nds f\u00f6r sina potentiella h\u00e4lsof\u00f6rdelar. Detta Cat\u00b4s Claw extrakt anv\u00e4nds fr\u00e4mst f\u00f6r motst\u00e5ndskraft och ledh\u00e4lsa.<\/p>\n<p><strong>60 kapslar<\/strong><\/p>\n","protected":false},"featured_media":500103866,"comment_status":"closed","ping_status":"closed","template":"","meta":{"_kad_blocks_custom_css":"","_kad_blocks_head_custom_js":"","_kad_blocks_body_custom_js":"","_kad_blocks_footer_custom_js":"","_kadence_starter_templates_imported_post":false,"_kad_post_transparent":"default","_kad_post_title":"","_kad_post_layout":"default","_kad_post_sidebar_id":"","_kad_post_content_style":"default","_kad_post_vertical_padding":"default","_kad_post_feature":"","_kad_post_feature_position":"","_kad_post_header":false,"_kad_post_footer":false,"_kad_post_classname":""},"product_brand":[],"product_cat":[176,277,149,843],"product_tag":[788,1311,1038,1312,1313,1314,1315,1316,1317,1318,1319,1320,1321,1322,1323,1324,1325,1326,1327,1328],"class_list":{"0":"post-9692","1":"product","2":"type-product","3":"status-publish","4":"has-post-thumbnail","6":"product_cat-immunforsvar","7":"product_cat-muskler-och-leder","8":"product_cat-orter","9":"product_cat-reviva-nutrition","10":"product_tag-antiinflammatorisk","11":"product_tag-basta-cats-claw-tillskottet","12":"product_tag-blodtryck","13":"product_tag-cats-claw-erfarenheter","14":"product_tag-cats-claw-fordelar","15":"product_tag-cats-claw-hpv","16":"product_tag-cats-claw-immunforsvar","17":"product_tag-cats-claw-inflammation","18":"product_tag-cats-claw-kosttillskott","19":"product_tag-cats-claw-ledsmarta","20":"product_tag-cats-claw-me-cfs","21":"product_tag-cats-claw-mot-allergier","22":"product_tag-cats-claw-naturlig-medicin","23":"product_tag-cats-claw-och-kronisk-inflammation","24":"product_tag-cats-claw-sockerbalans","25":"product_tag-cats-claw-stresshantering","26":"product_tag-cats-claw-virusbekampning","27":"product_tag-hur-fungerar-cats-claw","28":"product_tag-kop-cats-claw-online","29":"product_tag-naturligt-antiinflammatoriskt-tillskott","31":"first","32":"instock","33":"taxable","34":"shipping-taxable","35":"purchasable","36":"product-type-simple","37":"entry","38":"content-bg","39":"loop-entry"},"taxonomy_info":{"product_cat":[{"value":176,"label":"Immunf\u00f6rsvar"},{"value":277,"label":"Muskler &amp; Leder"},{"value":149,"label":"\u00d6rter"},{"value":843,"label":"Reviva Nutrition"}],"product_tag":[{"value":788,"label":"antiinflammatorisk"},{"value":1311,"label":"B\u00e4sta Cat's Claw-tillskottet"},{"value":1038,"label":"blodtryck"},{"value":1312,"label":"Cat's Claw erfarenheter"},{"value":1313,"label":"Cat's Claw f\u00f6rdelar"},{"value":1314,"label":"Cat's Claw HPV"},{"value":1315,"label":"Cat's Claw immunf\u00f6rsvar"},{"value":1316,"label":"Cat's Claw inflammation"},{"value":1317,"label":"Cat's Claw kosttillskott"},{"value":1318,"label":"Cat's Claw ledsm\u00e4rta"},{"value":1319,"label":"Cat's Claw ME\/CFS"},{"value":1320,"label":"Cat's Claw mot allergier"},{"value":1321,"label":"Cat's Claw naturlig medicin"},{"value":1322,"label":"Cat's Claw och kronisk inflammation"},{"value":1323,"label":"Cat's Claw sockerbalans"},{"value":1324,"label":"Cat's Claw stresshantering"},{"value":1325,"label":"Cat's Claw virusbek\u00e4mpning"},{"value":1326,"label":"Hur fungerar Cat's Claw?"},{"value":1327,"label":"K\u00f6p Cat's Claw online"},{"value":1328,"label":"Naturligt antiinflammatoriskt tillskott"}]},"featured_image_src_large":["https:\/\/vitaminbutiken.com\/wp-content\/uploads\/2025\/03\/REV065-cats-claw-Photoroom-e1771584408912-707x700.png",707,700,true],"author_info":[],"comment_info":0,"_links":{"self":[{"href":"https:\/\/vitaminbutiken.com\/en\/wp-json\/wp\/v2\/product\/9692","targetHints":{"allow":["GET"]}}],"collection":[{"href":"https:\/\/vitaminbutiken.com\/en\/wp-json\/wp\/v2\/product"}],"about":[{"href":"https:\/\/vitaminbutiken.com\/en\/wp-json\/wp\/v2\/types\/product"}],"replies":[{"embeddable":true,"href":"https:\/\/vitaminbutiken.com\/en\/wp-json\/wp\/v2\/comments?post=9692"}],"wp:featuredmedia":[{"embeddable":true,"href":"https:\/\/vitaminbutiken.com\/en\/wp-json\/wp\/v2\/media\/500103866"}],"wp:attachment":[{"href":"https:\/\/vitaminbutiken.com\/en\/wp-json\/wp\/v2\/media?parent=9692"}],"wp:term":[{"taxonomy":"product_brand","embeddable":true,"href":"https:\/\/vitaminbutiken.com\/en\/wp-json\/wp\/v2\/product_brand?post=9692"},{"taxonomy":"product_cat","embeddable":true,"href":"https:\/\/vitaminbutiken.com\/en\/wp-json\/wp\/v2\/product_cat?post=9692"},{"taxonomy":"product_tag","embeddable":true,"href":"https:\/\/vitaminbutiken.com\/en\/wp-json\/wp\/v2\/product_tag?post=9692"}],"curies":[{"name":"wp","href":"https:\/\/api.w.org\/{rel}","templated":true}]}}