{"id":9679,"date":"2025-03-19T16:06:31","date_gmt":"2025-03-19T14:06:31","guid":{"rendered":"https:\/\/vitaminbutiken.multi.fi\/?post_type=product&#038;p=9679"},"modified":"2026-04-10T09:31:15","modified_gmt":"2026-04-10T07:31:15","slug":"tribulus","status":"publish","type":"product","link":"https:\/\/vitaminbutiken.com\/en\/produkt\/tribulus\/","title":{"rendered":"Tribulus"},"content":{"rendered":"<div class=\"x1e56ztr\"><span class=\"x193iq5w xeuugli x13faqbe x1vvkbs x1xmvt09 x6prxxf xvq8zen xo1l8bm xzsf02u\">Tribulus terrestris \u00e4r en v\u00e4xt som producerar frukt t\u00e4ckt med taggar. Det \u00e4r traditionellt k\u00e4nt som ett afrodisiakum i olika kulturer. Tribulus har kemikalier som kan \u00f6ka niv\u00e5erna av vissa hormoner.\u00a0<\/span><\/div>\n<div><\/div>\n<div>\n<p><strong>Dosering:<\/strong> 1 kap 3 g\u00e5nger per dag.<\/p>\n<table style=\"height: 80px;\" border=\"1\" width=\"600\" cellspacing=\"0\" cellpadding=\"0\">\n<tbody>\n<tr>\n<td style=\"width: 10.166%;\"><strong>3 kapslar inneh\u00e5ller:<\/strong><\/td>\n<td style=\"width: 33.8873%;\"><strong>M\u00e4ngd<\/strong><\/td>\n<td style=\"width: 33.8873%;\"><b>%DRI*<\/b><\/td>\n<\/tr>\n<tr>\n<td style=\"width: 10.166%;\">Tribulus extrakt, som ger 600 mg saponin<\/td>\n<td style=\"width: 33.8873%;\">1 500 mg*<\/td>\n<td style=\"width: 33.8873%;\"><strong>**<\/strong><\/td>\n<\/tr>\n<\/tbody>\n<\/table>\n<p><strong>**DRI (dagligt referensintag) ej fastst\u00e4llt.<\/strong><\/p>\n<p><strong>Ingredienser:<\/strong> Tribulus (extrakt tribulus terrestris 10:1 (frukt)), fyllnadsmedel (mikrokristallinsk cellulosa), kapsel (pullulan), klumpf\u00f6rebyggande medel (magnesiumsalter av fettsyror).<\/p>\n<p>Rekommenderad daglig dos b\u00f6r ej \u00f6verskridas.<br \/>\nKosttillskott ers\u00e4tter inte en varierad kost.<br \/>\nProdukten f\u00f6rvaras o\u00e5tkomligt f\u00f6r sm\u00e5 barn.<\/p>\n<\/div>\n","protected":false},"excerpt":{"rendered":"<div class=\"x1e56ztr\">\n<div>Tribulus extrakt, som ger 600 mg saponin<\/div>\n<div><\/div>\n<div>\n<p><strong>90 kapslar<\/strong><\/p>\n<\/div>\n<\/div>\n","protected":false},"featured_media":500103745,"comment_status":"closed","ping_status":"closed","template":"","meta":{"_kad_blocks_custom_css":"","_kad_blocks_head_custom_js":"","_kad_blocks_body_custom_js":"","_kad_blocks_footer_custom_js":"","_kadence_starter_templates_imported_post":false,"_kad_post_transparent":"default","_kad_post_title":"","_kad_post_layout":"default","_kad_post_sidebar_id":"","_kad_post_content_style":"default","_kad_post_vertical_padding":"default","_kad_post_feature":"","_kad_post_feature_position":"","_kad_post_header":false,"_kad_post_footer":false,"_kad_post_classname":""},"product_brand":[],"product_cat":[149,146,1307],"product_tag":[1306],"class_list":{"0":"post-9679","1":"product","2":"type-product","3":"status-publish","4":"has-post-thumbnail","6":"product_cat-orter","7":"product_cat-stressad-och-trott","8":"product_cat-synergos","9":"product_tag-tribulus","11":"first","12":"instock","13":"taxable","14":"shipping-taxable","15":"purchasable","16":"product-type-simple","17":"entry","18":"content-bg","19":"loop-entry"},"taxonomy_info":{"product_cat":[{"value":149,"label":"\u00d6rter"},{"value":146,"label":"Stressad &amp; Tr\u00f6tt"},{"value":1307,"label":"Synergos"}],"product_tag":[{"value":1306,"label":"Tribulus"}]},"featured_image_src_large":["https:\/\/vitaminbutiken.com\/wp-content\/uploads\/2025\/03\/488-Tribulus-Photoroom-e1771312106376-677x700.png",677,700,true],"author_info":[],"comment_info":0,"_links":{"self":[{"href":"https:\/\/vitaminbutiken.com\/en\/wp-json\/wp\/v2\/product\/9679","targetHints":{"allow":["GET"]}}],"collection":[{"href":"https:\/\/vitaminbutiken.com\/en\/wp-json\/wp\/v2\/product"}],"about":[{"href":"https:\/\/vitaminbutiken.com\/en\/wp-json\/wp\/v2\/types\/product"}],"replies":[{"embeddable":true,"href":"https:\/\/vitaminbutiken.com\/en\/wp-json\/wp\/v2\/comments?post=9679"}],"wp:featuredmedia":[{"embeddable":true,"href":"https:\/\/vitaminbutiken.com\/en\/wp-json\/wp\/v2\/media\/500103745"}],"wp:attachment":[{"href":"https:\/\/vitaminbutiken.com\/en\/wp-json\/wp\/v2\/media?parent=9679"}],"wp:term":[{"taxonomy":"product_brand","embeddable":true,"href":"https:\/\/vitaminbutiken.com\/en\/wp-json\/wp\/v2\/product_brand?post=9679"},{"taxonomy":"product_cat","embeddable":true,"href":"https:\/\/vitaminbutiken.com\/en\/wp-json\/wp\/v2\/product_cat?post=9679"},{"taxonomy":"product_tag","embeddable":true,"href":"https:\/\/vitaminbutiken.com\/en\/wp-json\/wp\/v2\/product_tag?post=9679"}],"curies":[{"name":"wp","href":"https:\/\/api.w.org\/{rel}","templated":true}]}}