{"id":9678,"date":"2025-03-19T16:06:31","date_gmt":"2025-03-19T14:06:31","guid":{"rendered":"https:\/\/vitaminbutiken.multi.fi\/?post_type=product&#038;p=9678"},"modified":"2026-04-22T07:40:13","modified_gmt":"2026-04-22T05:40:13","slug":"ipe-roxe-lapacho-pau-darco-te","status":"publish","type":"product","link":"https:\/\/vitaminbutiken.com\/en\/produkt\/ipe-roxe-lapacho-pau-darco-te\/","title":{"rendered":"Ipe Roxo &#8211; Pau Darco te"},"content":{"rendered":"<p><strong>IPE ROXE &#8211; Te <\/strong>Lapacho Pau Darco<\/p>\n<p>Sydamerikansk \u00d6rtte<\/p>\n<p>75 gram bark av Pau Darco<\/p>\n<p><strong>Traditionell anv\u00e4ndning:<\/strong><\/p>\n<p>1 kopp avkok av barken 1-3 ggr\/dag<\/p>\n<p><strong>Dosering:<\/strong><\/p>\n<p>1 msk\/liter vatten. L\u00e5t sjuda ca 15 minuter.<\/p>\n","protected":false},"excerpt":{"rendered":"<p>Te av Ipe Roxe, \u00e4ven k\u00e4nt som Pau Darco te. K\u00e4rt barn har m\u00e5nga namn s\u00e5 \u00e4r det ocks\u00e5 med denna k\u00e4nda bark; Pau Darco, Lapacho, Ipe Roxe. Koka upp Pau darco te och h\u00e4ll i en termos. Drick flera koppar om dagen d\u00e5 motst\u00e5ndskraften \u00e4r f\u00f6rsvagad och du beh\u00f6ver hj\u00e4lp att preparera.<\/p>\n<p><strong>IPE ROXE<\/strong><\/p>\n<p>Lapacho Pau Darco<\/p>\n<p>Sydamerikansk \u00d6rtt\u00e9e<\/p>\n<p><strong>75 gram<\/strong><\/p>\n","protected":false},"featured_media":9761,"comment_status":"closed","ping_status":"closed","template":"","meta":{"_kad_blocks_custom_css":"","_kad_blocks_head_custom_js":"","_kad_blocks_body_custom_js":"","_kad_blocks_footer_custom_js":"","_kadence_starter_templates_imported_post":false,"_kad_post_transparent":"default","_kad_post_title":"","_kad_post_layout":"default","_kad_post_sidebar_id":"","_kad_post_content_style":"default","_kad_post_vertical_padding":"default","_kad_post_feature":"","_kad_post_feature_position":"","_kad_post_header":false,"_kad_post_footer":false,"_kad_post_classname":""},"product_brand":[],"product_cat":[1293,176,149],"product_tag":[634],"class_list":{"0":"post-9678","1":"product","2":"type-product","3":"status-publish","4":"has-post-thumbnail","6":"product_cat-evp-nutrition","7":"product_cat-immunforsvar","8":"product_cat-orter","9":"product_tag-ipe-roxe","11":"first","12":"instock","13":"taxable","14":"shipping-taxable","15":"purchasable","16":"product-type-simple","17":"entry","18":"content-bg","19":"loop-entry"},"taxonomy_info":{"product_cat":[{"value":1293,"label":"EVP Nutrition"},{"value":176,"label":"Immunf\u00f6rsvar"},{"value":149,"label":"\u00d6rter"}],"product_tag":[{"value":634,"label":"Ipe Roxe"}]},"featured_image_src_large":["https:\/\/vitaminbutiken.com\/wp-content\/uploads\/2025\/03\/Ipe-Roxe-2-1300x700.png",1300,700,true],"author_info":[],"comment_info":0,"_links":{"self":[{"href":"https:\/\/vitaminbutiken.com\/en\/wp-json\/wp\/v2\/product\/9678","targetHints":{"allow":["GET"]}}],"collection":[{"href":"https:\/\/vitaminbutiken.com\/en\/wp-json\/wp\/v2\/product"}],"about":[{"href":"https:\/\/vitaminbutiken.com\/en\/wp-json\/wp\/v2\/types\/product"}],"replies":[{"embeddable":true,"href":"https:\/\/vitaminbutiken.com\/en\/wp-json\/wp\/v2\/comments?post=9678"}],"wp:featuredmedia":[{"embeddable":true,"href":"https:\/\/vitaminbutiken.com\/en\/wp-json\/wp\/v2\/media\/9761"}],"wp:attachment":[{"href":"https:\/\/vitaminbutiken.com\/en\/wp-json\/wp\/v2\/media?parent=9678"}],"wp:term":[{"taxonomy":"product_brand","embeddable":true,"href":"https:\/\/vitaminbutiken.com\/en\/wp-json\/wp\/v2\/product_brand?post=9678"},{"taxonomy":"product_cat","embeddable":true,"href":"https:\/\/vitaminbutiken.com\/en\/wp-json\/wp\/v2\/product_cat?post=9678"},{"taxonomy":"product_tag","embeddable":true,"href":"https:\/\/vitaminbutiken.com\/en\/wp-json\/wp\/v2\/product_tag?post=9678"}],"curies":[{"name":"wp","href":"https:\/\/api.w.org\/{rel}","templated":true}]}}