{"id":9677,"date":"2025-03-19T16:06:30","date_gmt":"2025-03-19T14:06:30","guid":{"rendered":"https:\/\/vitaminbutiken.multi.fi\/?post_type=product&#038;p=9677"},"modified":"2026-03-30T14:20:11","modified_gmt":"2026-03-30T12:20:11","slug":"chaga-sprangticka","status":"publish","type":"product","link":"https:\/\/vitaminbutiken.com\/en\/produkt\/chaga-sprangticka\/","title":{"rendered":"Chaga &#8211; Spr\u00e4ngticka"},"content":{"rendered":"<p><strong>Chaga &#8211; Spr\u00e4ngticka (Inonotus obliquus)<br \/>\nAllm\u00e4nt om Chaga:<br \/>\n<\/strong><\/p>\n<p>Chaga \u00e4r en svamp av familjen Hymenochaetaceae. Den parasiterar p\u00e5 fram f\u00f6r allt bj\u00f6rktr\u00e4d.<br \/>\nEn stor del av fruktkropp av svampen bildar en svart massa p\u00e5 grund av n\u00e4rvaron av stora m\u00e4ngder av melanin.<\/p>\n<p>Chaga har en antioxidativ verkan.<br \/>\nKemisk analys visar att Chaga svamp inneh\u00e5ller en rad metaboliter vilket inkluderar fenolf\u00f6reningar s\u00e5som melaniner och triterpener<br \/>\nsamt en mindre del betulinsyra.<\/p>\n<p><strong>Biokemiska aktiva best\u00e5ndsdelar i Chaga.<\/strong><br \/>\nInotodiol<br \/>\nMelanin<br \/>\nTrametanol syra<br \/>\nBetulin syra<\/p>\n<p><strong>Dosering:\u00a0<\/strong>2 kapslar per dag, morgon och kv\u00e4ll.<\/p>\n<table style=\"height: 80px;\" border=\"1\" width=\"621\" cellspacing=\"0\" cellpadding=\"0\">\n<tbody>\n<tr>\n<td valign=\"top\" width=\"30%\"><strong>2 kapslar inneh\u00e5ller:<\/strong><\/td>\n<td valign=\"top\" width=\"20%\"><strong> M\u00e4ngd<\/strong><\/td>\n<td valign=\"top\" width=\"30%\"><strong>*DRI% <\/strong><\/td>\n<\/tr>\n<tr>\n<td valign=\"top\" width=\"30%\">Chaga extrakt (10:1)<br \/>\n(motsvarar 5000mg torkad r\u00e5vara)<\/td>\n<td valign=\"top\" width=\"20%\">1 000 mg<\/td>\n<td valign=\"top\" width=\"20%\">**<\/td>\n<\/tr>\n<\/tbody>\n<\/table>\n<p><strong><em>*DRI \u00e4r dagligt referensintag. **DRI ej fastst\u00e4llt.<\/em><\/strong><\/p>\n<p><strong>Ingredienser:<\/strong> Chaga (extrakt, inonotus obliquus), fyllnadsmedel (mikrokristallin cellulosa), klumpf\u00f6rebyggande medel (magnesiumsalter av fettsyror), kapsel (hydroxipropylmetylcellulosa).<\/p>\n<p>Rekommenderad daglig dos b\u00f6r ej \u00f6verskridas.<br \/>\nKosttillskott ers\u00e4tter inte en varierad kost.<br \/>\nProdukten f\u00f6rvaras o\u00e5tkomligt f\u00f6r sm\u00e5 barn.<\/p>\n","protected":false},"excerpt":{"rendered":"<p>Chaga &#8211; \u00e4ven kallat Spr\u00e4ngticka.<\/p>\n<p>Upplev kraften av naturen med v\u00e5r Chaga &#8211; Spr\u00e4ngticka produkt. Denna unika svamp \u00e4r k\u00e4nd f\u00f6r sina n\u00e4ringsrika egenskaper och har l\u00e4nge anv\u00e4nts f\u00f6r sitt st\u00f6d f\u00f6r immunsystemet. Med v\u00e5r Chaga &#8211; Spr\u00e4ngticka kan du njuta av en naturlig boost. L\u00e5t naturen ta hand om dig med v\u00e5r Chaga &#8211; Spr\u00e4ngticka!<\/p>\n<ul>\n<li>Chaga har en antioxidativ verkan<\/li>\n<\/ul>\n<p><strong>60 kapslar<\/strong><\/p>\n","protected":false},"featured_media":9756,"comment_status":"closed","ping_status":"closed","template":"","meta":{"_kad_blocks_custom_css":"","_kad_blocks_head_custom_js":"","_kad_blocks_body_custom_js":"","_kad_blocks_footer_custom_js":"","_kadence_starter_templates_imported_post":false,"_kad_post_transparent":"default","_kad_post_title":"","_kad_post_layout":"default","_kad_post_sidebar_id":"","_kad_post_content_style":"default","_kad_post_vertical_padding":"default","_kad_post_feature":"","_kad_post_feature_position":"","_kad_post_header":false,"_kad_post_footer":false,"_kad_post_classname":""},"product_brand":[],"product_cat":[1293,176,149],"product_tag":[788,1294,1295,1296,1297,460,1298,1299,1300,1301,553,1302,193,1303,1304,1305],"class_list":{"0":"post-9677","1":"product","2":"type-product","3":"status-publish","4":"has-post-thumbnail","6":"product_cat-evp-nutrition","7":"product_cat-immunforsvar","8":"product_cat-orter","9":"product_tag-antiinflammatorisk","10":"product_tag-apoptos-stimulantia","11":"product_tag-forgiftningstillstand","12":"product_tag-hudirritationer","13":"product_tag-immunstarkande","14":"product_tag-inflammationer","15":"product_tag-insektsbett","16":"product_tag-insulin-balanserande","17":"product_tag-lymfatiska-besvar","18":"product_tag-lymfatiska-tillstand","19":"product_tag-makuladegeneration","20":"product_tag-melanin","21":"product_tag-oxidativ-stress","22":"product_tag-stark-antioxidant","23":"product_tag-tuberkulos","24":"product_tag-vitiligo","26":"first","27":"instock","28":"taxable","29":"shipping-taxable","30":"purchasable","31":"product-type-simple","32":"entry","33":"content-bg","34":"loop-entry"},"taxonomy_info":{"product_cat":[{"value":1293,"label":"EVP Nutrition"},{"value":176,"label":"Immunf\u00f6rsvar"},{"value":149,"label":"\u00d6rter"}],"product_tag":[{"value":788,"label":"antiinflammatorisk"},{"value":1294,"label":"apoptos stimulantia"},{"value":1295,"label":"f\u00f6rgiftningstillst\u00e5nd"},{"value":1296,"label":"hudirritationer"},{"value":1297,"label":"immunst\u00e4rkande"},{"value":460,"label":"inflammationer"},{"value":1298,"label":"insektsbett"},{"value":1299,"label":"insulin balanserande"},{"value":1300,"label":"lymfatiska besv\u00e4r"},{"value":1301,"label":"lymfatiska tillst\u00e5nd"},{"value":553,"label":"makuladegeneration"},{"value":1302,"label":"melanin"},{"value":193,"label":"oxidativ stress"},{"value":1303,"label":"stark antioxidant"},{"value":1304,"label":"tuberkulos"},{"value":1305,"label":"vitiligo"}]},"featured_image_src_large":["https:\/\/vitaminbutiken.com\/wp-content\/uploads\/2025\/03\/Chaga-1440x700.png",1440,700,true],"author_info":[],"comment_info":0,"_links":{"self":[{"href":"https:\/\/vitaminbutiken.com\/en\/wp-json\/wp\/v2\/product\/9677","targetHints":{"allow":["GET"]}}],"collection":[{"href":"https:\/\/vitaminbutiken.com\/en\/wp-json\/wp\/v2\/product"}],"about":[{"href":"https:\/\/vitaminbutiken.com\/en\/wp-json\/wp\/v2\/types\/product"}],"replies":[{"embeddable":true,"href":"https:\/\/vitaminbutiken.com\/en\/wp-json\/wp\/v2\/comments?post=9677"}],"wp:featuredmedia":[{"embeddable":true,"href":"https:\/\/vitaminbutiken.com\/en\/wp-json\/wp\/v2\/media\/9756"}],"wp:attachment":[{"href":"https:\/\/vitaminbutiken.com\/en\/wp-json\/wp\/v2\/media?parent=9677"}],"wp:term":[{"taxonomy":"product_brand","embeddable":true,"href":"https:\/\/vitaminbutiken.com\/en\/wp-json\/wp\/v2\/product_brand?post=9677"},{"taxonomy":"product_cat","embeddable":true,"href":"https:\/\/vitaminbutiken.com\/en\/wp-json\/wp\/v2\/product_cat?post=9677"},{"taxonomy":"product_tag","embeddable":true,"href":"https:\/\/vitaminbutiken.com\/en\/wp-json\/wp\/v2\/product_tag?post=9677"}],"curies":[{"name":"wp","href":"https:\/\/api.w.org\/{rel}","templated":true}]}}