{"id":9668,"date":"2025-03-19T16:06:01","date_gmt":"2025-03-19T14:06:01","guid":{"rendered":"https:\/\/vitaminbutiken.multi.fi\/?post_type=product&#038;p=9668"},"modified":"2026-04-08T18:36:41","modified_gmt":"2026-04-08T16:36:41","slug":"e-vitamin-plus","status":"publish","type":"product","link":"https:\/\/vitaminbutiken.com\/en\/produkt\/e-vitamin-plus\/","title":{"rendered":"E-vitamin Plus"},"content":{"rendered":"<div class=\"woocommerce-tabs wc-tabs-wrapper\">\n<div id=\"tab-description\" class=\"woocommerce-Tabs-panel woocommerce-Tabs-panel--description panel entry-content wc-tab\" role=\"tabpanel\" aria-labelledby=\"tab-title-description\">\n<p>Naturliga tokoferoler &amp; tokotrienoler<\/p>\n<p>Vitamin E bidrar till att skydda cellerna mot oxidativ stress<\/p>\n<\/div>\n<\/div>\n<div class=\"nutrition-declaration\">\n<p>&nbsp;<\/p>\n<p><strong>Dosering<\/strong>: 2 kapslar per dag.<\/p>\n<table style=\"height: 80px;\" border=\"1\" width=\"600\" cellspacing=\"0\" cellpadding=\"0\">\n<tbody>\n<tr>\n<td style=\"width: 11.6528%;\"><strong>2 kapslar inneh\u00e5ller<\/strong><\/td>\n<td style=\"width: 11.3416%;\"><strong>M\u00e4ngd<\/strong><\/td>\n<td style=\"width: 6.71373%;\"><strong>*DRI%<\/strong><\/td>\n<\/tr>\n<tr>\n<td style=\"width: 11.6528%;\">Vitamin E<\/td>\n<td style=\"width: 11.3416%;\">220 mg<\/td>\n<td style=\"width: 6.71373%;\">2200 %<\/td>\n<\/tr>\n<tr>\n<td style=\"width: 11.6528%;\">Leucin<\/td>\n<td style=\"width: 11.3416%;\">30 mg<\/td>\n<td style=\"width: 6.71373%;\">**<\/td>\n<\/tr>\n<\/tbody>\n<\/table>\n<p><strong>*DRI \u00e4r dagligt referensintag. ** DRI ej fastst\u00e4llt.<\/strong><\/p>\n<p><strong>Ingredienser:<\/strong> E-vitamin, naturliga tokoferoler och tokotrienoler, leucin, kapsel (gelatin), fyllnadsmedel (mikrokristallinsk cellulosa).<\/p>\n<p><strong>Produktinformation:<\/strong> E-vitamin Plus \u00e4r ett avancerat kosttillskott som inneh\u00e5ller en bred sammans\u00e4ttning av naturliga tokoferoler. Varje kapsel inneh\u00e5ller 110 mg E-vitamin med naturliga tokoferoler och tokotrienoler varav 10 mg alfa tokoferol, 2 mg beta tokoferol, 27 mg delta tokoferol, 61 mg gamma tokoferol, 15 mg leucin, 10 mg tokotrienoler (alfa tokotrienoler, beta tokotrienoler, delta tokotrienoler och gamma tokotrienoler).<\/p>\n<p>Rekommenderad daglig dos b\u00f6r ej \u00f6verskridas.<br \/>\nKosttillskott ers\u00e4tter inte en varierad kost.<br \/>\nProdukter f\u00f6rvaras o\u00e5tkomligt f\u00f6r sm\u00e5barn.<\/p>\n<\/div>\n","protected":false},"excerpt":{"rendered":"<p>Naturliga tokoferoler &amp; tokotrienoler<\/p>\n<p><strong>Vitamin E bidrar till att skydda cellerna mot oxidativ stress.<\/strong><\/p>\n<p><strong>60 kapslar<\/strong><\/p>\n","protected":false},"featured_media":500103778,"comment_status":"closed","ping_status":"closed","template":"","meta":{"_kad_blocks_custom_css":"","_kad_blocks_head_custom_js":"","_kad_blocks_body_custom_js":"","_kad_blocks_footer_custom_js":"","_kadence_starter_templates_imported_post":false,"_kad_post_transparent":"default","_kad_post_title":"","_kad_post_layout":"default","_kad_post_sidebar_id":"","_kad_post_content_style":"default","_kad_post_vertical_padding":"default","_kad_post_feature":"","_kad_post_feature_position":"","_kad_post_header":false,"_kad_post_footer":false,"_kad_post_classname":""},"product_brand":[],"product_cat":[2805,1307,155],"product_tag":[1274,1275,180,331,1276,1277,1278,512,1279,1280,346,1281,1282,1283,1284,1285,269,187,1286,460,1287,272,1288,193,1289,392,1290,1291,1292,235],"class_list":{"0":"post-9668","1":"product","2":"type-product","3":"status-publish","4":"has-post-thumbnail","6":"product_cat-e-vitamin","7":"product_cat-synergos","8":"product_cat-vitaminer","9":"product_tag-alfa-tokoferol","10":"product_tag-alfatokotrienoler","11":"product_tag-artarstelhet","12":"product_tag-artrit","13":"product_tag-ataxi","14":"product_tag-beta-tokoferol","15":"product_tag-betatokotrienoler","16":"product_tag-blodproppar","17":"product_tag-delta-tokoferol","18":"product_tag-deltatokotrienoler","19":"product_tag-e-vitamin","20":"product_tag-fettlosligt-vitamin","21":"product_tag-gamma-tokoferol","22":"product_tag-gammatokotrienoler","23":"product_tag-gra-starr","24":"product_tag-hematologiska-storningar","25":"product_tag-hjart-och-karlsjukdomar","26":"product_tag-hogt-blodtryck","27":"product_tag-hyperparatyreiodea","28":"product_tag-inflammationer","29":"product_tag-naturliga-tokoferoler","30":"product_tag-nedsatt-immunforsvar","31":"product_tag-nedsatt-matsmaltning","32":"product_tag-oxidativ-stress","33":"product_tag-peyronies-sjukdom","34":"product_tag-raynauds-syndrom","35":"product_tag-reducerad-fettmetabolism","36":"product_tag-tokoferoler","37":"product_tag-tokotrienoler","38":"product_tag-vitaminer","40":"first","41":"instock","42":"taxable","43":"shipping-taxable","44":"purchasable","45":"product-type-simple","46":"entry","47":"content-bg","48":"loop-entry"},"taxonomy_info":{"product_cat":[{"value":2805,"label":"E-vitamin"},{"value":1307,"label":"Synergos"},{"value":155,"label":"Vitaminer"}],"product_tag":[{"value":1274,"label":"alfa-tokoferol"},{"value":1275,"label":"alfatokotrienoler"},{"value":180,"label":"art\u00e4rstelhet"},{"value":331,"label":"artrit"},{"value":1276,"label":"ataxi"},{"value":1277,"label":"beta-tokoferol"},{"value":1278,"label":"betatokotrienoler"},{"value":512,"label":"Blodproppar"},{"value":1279,"label":"delta-tokoferol"},{"value":1280,"label":"deltatokotrienoler"},{"value":346,"label":"e vitamin"},{"value":1281,"label":"fettl\u00f6sligt vitamin"},{"value":1282,"label":"gamma-tokoferol"},{"value":1283,"label":"gammatokotrienoler"},{"value":1284,"label":"gr\u00e5 starr"},{"value":1285,"label":"hematologiska st\u00f6rningar"},{"value":269,"label":"hj\u00e4rt- och k\u00e4rlsjukdomar"},{"value":187,"label":"h\u00f6gt blodtryck"},{"value":1286,"label":"hyperparatyreiodea"},{"value":460,"label":"inflammationer"},{"value":1287,"label":"naturliga tokoferoler"},{"value":272,"label":"nedsatt immunf\u00f6rsvar"},{"value":1288,"label":"nedsatt matsm\u00e4ltning"},{"value":193,"label":"oxidativ stress"},{"value":1289,"label":"peyronies sjukdom"},{"value":392,"label":"raynauds syndrom"},{"value":1290,"label":"reducerad fettmetabolism"},{"value":1291,"label":"tokoferoler"},{"value":1292,"label":"tokotrienoler"},{"value":235,"label":"vitaminer"}]},"featured_image_src_large":["https:\/\/vitaminbutiken.com\/wp-content\/uploads\/2025\/03\/208-vitamin-E-plus-Photoroom-e1771326178499-780x700.png",780,700,true],"author_info":[],"comment_info":0,"_links":{"self":[{"href":"https:\/\/vitaminbutiken.com\/en\/wp-json\/wp\/v2\/product\/9668","targetHints":{"allow":["GET"]}}],"collection":[{"href":"https:\/\/vitaminbutiken.com\/en\/wp-json\/wp\/v2\/product"}],"about":[{"href":"https:\/\/vitaminbutiken.com\/en\/wp-json\/wp\/v2\/types\/product"}],"replies":[{"embeddable":true,"href":"https:\/\/vitaminbutiken.com\/en\/wp-json\/wp\/v2\/comments?post=9668"}],"wp:featuredmedia":[{"embeddable":true,"href":"https:\/\/vitaminbutiken.com\/en\/wp-json\/wp\/v2\/media\/500103778"}],"wp:attachment":[{"href":"https:\/\/vitaminbutiken.com\/en\/wp-json\/wp\/v2\/media?parent=9668"}],"wp:term":[{"taxonomy":"product_brand","embeddable":true,"href":"https:\/\/vitaminbutiken.com\/en\/wp-json\/wp\/v2\/product_brand?post=9668"},{"taxonomy":"product_cat","embeddable":true,"href":"https:\/\/vitaminbutiken.com\/en\/wp-json\/wp\/v2\/product_cat?post=9668"},{"taxonomy":"product_tag","embeddable":true,"href":"https:\/\/vitaminbutiken.com\/en\/wp-json\/wp\/v2\/product_tag?post=9668"}],"curies":[{"name":"wp","href":"https:\/\/api.w.org\/{rel}","templated":true}]}}