{"id":9667,"date":"2025-03-19T16:06:01","date_gmt":"2025-03-19T14:06:01","guid":{"rendered":"https:\/\/vitaminbutiken.multi.fi\/?post_type=product&#038;p=9667"},"modified":"2026-04-09T11:30:21","modified_gmt":"2026-04-09T09:30:21","slug":"d3k2-d3-vitamin-k2-vitamin","status":"publish","type":"product","link":"https:\/\/vitaminbutiken.com\/en\/produkt\/d3k2-d3-vitamin-k2-vitamin\/","title":{"rendered":"D3K2, D3-vitamin + K2-vitamin"},"content":{"rendered":"<p>Varje kapsel ger 10.000 IE \/ 250 \u00b5g vitamin D3 och 100 \u00b5g vitamin K2<\/p>\n<p>Det \u00e4r viktigt att ha bra niv\u00e5er av D-vitamin under livets alla skeden fr\u00e5n fostertiden och fram\u00e5t. D-vitamin bidrar till att skydda benstommen samt ett antal viktiga system i kroppen som immunitet och kardiovaskul\u00e4r funktion.<br \/>\nEn kombination av D- och K-vitamin kan ge \u00e4nnu b\u00e4ttre skydd f\u00f6r dessa system.<\/p>\n<p><strong>Vitamin D bidrar till:<\/strong><br \/>\n\u2013 normalt upptag\/utnyttjande av kalcium och fosfor<br \/>\n\u2013 normala kalciumniv\u00e5er i blodet<br \/>\n\u2013 att bibeh\u00e5lla normal benstomme<br \/>\n\u2013 att bibeh\u00e5lla normal muskelfunktion<br \/>\n\u2013 att bibeh\u00e5lla normala t\u00e4nder<br \/>\n\u2013 immunsystemets normala funktion<\/p>\n<p>Vitamin D har en roll i celldelningsprocessen.<\/p>\n<p>Vitamin D bidrar till att minska risken f\u00f6r att ramla, vilket \u00e4r kopplat till balansf\u00f6rlust och muskelsvaghet. Att ramla \u00e4r en riskfaktor f\u00f6r frakturer hos m\u00e4n och kvinnor som \u00e4r 60 \u00e5r eller \u00e4ldre.<\/p>\n<p>Vitamin K bidrar till att bibeh\u00e5lla normal benstomme.<\/p>\n<p><strong>Dosering:<\/strong> 1-2 kap\/vecka<\/p>\n<table style=\"height: 80px;\" border=\"1\" width=\"600\" cellspacing=\"0\" cellpadding=\"0\">\n<tbody>\n<tr>\n<td style=\"width: 14.0387%;\"><strong>1 kapsel inneh\u00e5ller:<\/strong><\/td>\n<td style=\"width: 14.1424%;\"><strong>M\u00e4ngd<\/strong><\/td>\n<td style=\"width: 10.9267%;\"><strong>%DRI*<\/strong><\/td>\n<\/tr>\n<tr>\n<td style=\"width: 14.0387%;\">Vitamin D3<\/td>\n<td style=\"width: 14.1424%;\">250 \u00b5g<\/td>\n<td style=\"width: 10.9267%;\">5 000 %<\/td>\n<\/tr>\n<tr>\n<td style=\"width: 14.0387%;\">Vitamin K2<\/td>\n<td style=\"width: 14.1424%;\">100 \u00b5g<\/td>\n<td style=\"width: 10.9267%;\">134 %<\/td>\n<\/tr>\n<\/tbody>\n<\/table>\n<p><strong>*DRI \u00e4r dagligt referensintag.<\/strong><\/p>\n<p><strong>Ingredienser:<\/strong> fyllnadsmedel (dikalciumfosfat), vitamin D3 (kolekalciferol), vitamin K2 (menakinon-7), kapsel (hydroxipropylmetylcellulosa).<\/p>\n<p>Rekommenderad daglig dos b\u00f6r ej \u00f6verskridas.<br \/>\nF\u00f6rvaras o\u00e5tkomligt f\u00f6r sm\u00e5 barn.<br \/>\nKosttillskott b\u00f6r ej anv\u00e4ndas som ett alternativ till en varierad kost.<br \/>\nF\u00f6rvaras torrt i rumstemperatur.<\/p>\n","protected":false},"excerpt":{"rendered":"<p>Varje kapsel ger 10.000 IE \/ 250 \u00b5g vitamin D3 och 100 \u00b5g vitamin K2.<\/p>\n<p><strong>60 kapslar<\/strong><\/p>\n","protected":false},"featured_media":500103575,"comment_status":"closed","ping_status":"closed","template":"","meta":{"_kad_blocks_custom_css":"","_kad_blocks_head_custom_js":"","_kad_blocks_body_custom_js":"","_kad_blocks_footer_custom_js":"","_kadence_starter_templates_imported_post":false,"_kad_post_transparent":"default","_kad_post_title":"","_kad_post_layout":"default","_kad_post_sidebar_id":"","_kad_post_content_style":"default","_kad_post_vertical_padding":"default","_kad_post_feature":"","_kad_post_feature_position":"","_kad_post_header":false,"_kad_post_footer":false,"_kad_post_classname":""},"product_brand":[],"product_cat":[1088,176,1022,1307,155],"product_tag":[432,180,1089,1266,511,415,1267,1023,1024,336,1268,1269,357,302,1025,1092,650,1027,187,767,1093,1270,255,1094,1031,272,426,1271,1095,1032,226,1033,697,1272,1001,1273],"class_list":{"0":"post-9667","1":"product","2":"type-product","3":"status-publish","4":"has-post-thumbnail","6":"product_cat-d-vitamin","7":"product_cat-immunforsvar","8":"product_cat-k-vitamin","9":"product_cat-synergos","10":"product_cat-vitaminer","11":"product_tag-anemi","12":"product_tag-artarstelhet","13":"product_tag-autoimmunitet","14":"product_tag-blamarken","15":"product_tag-blodande-tandkott","16":"product_tag-blodbrist","17":"product_tag-blodets-koagulationsformaga","18":"product_tag-blodsmak-i-munnen","19":"product_tag-brannskador","20":"product_tag-d-vitamin","21":"product_tag-d3-vitamin","22":"product_tag-d3k2","23":"product_tag-depression","24":"product_tag-eksem","25":"product_tag-eloverkanslighet","26":"product_tag-fettlosliga-vitaminer","27":"product_tag-gallsten","28":"product_tag-hardningar-i-brosk","29":"product_tag-hogt-blodtryck","30":"product_tag-k-vitamin","31":"product_tag-kalciumbrist","32":"product_tag-menakinon","33":"product_tag-muskelsvaghet","34":"product_tag-muskelvark","35":"product_tag-nasblodningar","36":"product_tag-nedsatt-immunforsvar","37":"product_tag-njursten","38":"product_tag-okad-blodningsbenagenhet","39":"product_tag-osteomalaci","40":"product_tag-osteoporos","41":"product_tag-psoriasis","42":"product_tag-rikliga-mens","43":"product_tag-solbranna","44":"product_tag-stord-kalciummetabolism","45":"product_tag-virusinfektioner","46":"product_tag-vitamin-k2","48":"first","49":"instock","50":"taxable","51":"shipping-taxable","52":"purchasable","53":"product-type-simple","54":"entry","55":"content-bg","56":"loop-entry"},"taxonomy_info":{"product_cat":[{"value":1088,"label":"D-vitamin"},{"value":176,"label":"Immunf\u00f6rsvar"},{"value":1022,"label":"K-vitamin"},{"value":1307,"label":"Synergos"},{"value":155,"label":"Vitaminer"}],"product_tag":[{"value":432,"label":"anemi"},{"value":180,"label":"art\u00e4rstelhet"},{"value":1089,"label":"autoimmunitet"},{"value":1266,"label":"bl\u00e5m\u00e4rken"},{"value":511,"label":"bl\u00f6dande tandk\u00f6tt"},{"value":415,"label":"blodbrist"},{"value":1267,"label":"blodets koagulationsf\u00f6rm\u00e5ga"},{"value":1023,"label":"blodsmak i munnen"},{"value":1024,"label":"br\u00e4nnskador"},{"value":336,"label":"d vitamin"},{"value":1268,"label":"D3 vitamin"},{"value":1269,"label":"D3+K2"},{"value":357,"label":"depression"},{"value":302,"label":"eksem"},{"value":1025,"label":"el\u00f6verk\u00e4nslighet"},{"value":1092,"label":"fettl\u00f6sliga vitaminer"},{"value":650,"label":"gallsten"},{"value":1027,"label":"h\u00e4rdningar i brosk"},{"value":187,"label":"h\u00f6gt blodtryck"},{"value":767,"label":"k vitamin"},{"value":1093,"label":"kalciumbrist"},{"value":1270,"label":"menakinon"},{"value":255,"label":"muskelsvaghet"},{"value":1094,"label":"muskelv\u00e4rk"},{"value":1031,"label":"n\u00e4sbl\u00f6dningar"},{"value":272,"label":"nedsatt immunf\u00f6rsvar"},{"value":426,"label":"njursten"},{"value":1271,"label":"\u00f6kad bl\u00f6dningsben\u00e4genhet"},{"value":1095,"label":"osteomalaci"},{"value":1032,"label":"osteoporos"},{"value":226,"label":"psoriasis"},{"value":1033,"label":"rikliga mens"},{"value":697,"label":"solbr\u00e4nna"},{"value":1272,"label":"st\u00f6rd kalciummetabolism"},{"value":1001,"label":"virusinfektioner"},{"value":1273,"label":"vitamin K2"}]},"featured_image_src_large":["https:\/\/vitaminbutiken.com\/wp-content\/uploads\/2025\/03\/251-D3K2-Photoroom-e1769769384988-590x700.png",590,700,true],"author_info":[],"comment_info":0,"_links":{"self":[{"href":"https:\/\/vitaminbutiken.com\/en\/wp-json\/wp\/v2\/product\/9667","targetHints":{"allow":["GET"]}}],"collection":[{"href":"https:\/\/vitaminbutiken.com\/en\/wp-json\/wp\/v2\/product"}],"about":[{"href":"https:\/\/vitaminbutiken.com\/en\/wp-json\/wp\/v2\/types\/product"}],"replies":[{"embeddable":true,"href":"https:\/\/vitaminbutiken.com\/en\/wp-json\/wp\/v2\/comments?post=9667"}],"wp:featuredmedia":[{"embeddable":true,"href":"https:\/\/vitaminbutiken.com\/en\/wp-json\/wp\/v2\/media\/500103575"}],"wp:attachment":[{"href":"https:\/\/vitaminbutiken.com\/en\/wp-json\/wp\/v2\/media?parent=9667"}],"wp:term":[{"taxonomy":"product_brand","embeddable":true,"href":"https:\/\/vitaminbutiken.com\/en\/wp-json\/wp\/v2\/product_brand?post=9667"},{"taxonomy":"product_cat","embeddable":true,"href":"https:\/\/vitaminbutiken.com\/en\/wp-json\/wp\/v2\/product_cat?post=9667"},{"taxonomy":"product_tag","embeddable":true,"href":"https:\/\/vitaminbutiken.com\/en\/wp-json\/wp\/v2\/product_tag?post=9667"}],"curies":[{"name":"wp","href":"https:\/\/api.w.org\/{rel}","templated":true}]}}