{"id":9666,"date":"2025-03-19T16:06:00","date_gmt":"2025-03-19T14:06:00","guid":{"rendered":"https:\/\/vitaminbutiken.multi.fi\/?post_type=product&#038;p=9666"},"modified":"2026-04-08T18:21:39","modified_gmt":"2026-04-08T16:21:39","slug":"nsp-aminoacids","status":"publish","type":"product","link":"https:\/\/vitaminbutiken.com\/en\/produkt\/nsp-aminoacids\/","title":{"rendered":"NSP Aminoacids"},"content":{"rendered":"<p>NSP Aminoacids \u00e4r ett avancerat kosttillskott som bygger p\u00e5 synergi- och bredspektrumprincipen. Varje kapsel ger 540 mg av aminosyrorna arginin, citrullin, lysin och N-acetylcystein.<\/p>\n<p><strong>Dosering:<\/strong> 2 kapslar 2 g\u00e5nger per dag.<\/p>\n<table style=\"height: 80px;\" border=\"1\" width=\"600\" cellspacing=\"0\" cellpadding=\"0\">\n<tbody>\n<tr>\n<td style=\"width: 21.7759%;\"><strong>4 kapslar inneh\u00e5ller:<\/strong><\/td>\n<td style=\"width: 15.3277%;\"><strong>M\u00e4ngd<\/strong><\/td>\n<td style=\"width: 15.3277%;\"><strong>%DRI*<\/strong><\/td>\n<\/tr>\n<tr>\n<td style=\"width: 21.7759%;\">L-arginin<\/td>\n<td style=\"width: 15.3277%;\">960 mg*<\/td>\n<td style=\"width: 15.3277%;\"><strong>**<\/strong><\/td>\n<\/tr>\n<tr>\n<td style=\"width: 21.7759%;\">L-citrullin<\/td>\n<td style=\"width: 15.3277%;\">400 mg*<\/td>\n<td style=\"width: 15.3277%;\"><strong>**<\/strong><\/td>\n<\/tr>\n<tr>\n<td style=\"width: 21.7759%;\">L-lysin<\/td>\n<td style=\"width: 15.3277%;\">400 mg*<\/td>\n<td style=\"width: 15.3277%;\"><strong>**<\/strong><\/td>\n<\/tr>\n<tr>\n<td style=\"width: 21.7759%;\">NAC<\/td>\n<td style=\"width: 15.3277%;\">400 mg*<\/td>\n<td style=\"width: 15.3277%;\"><strong>**<\/strong><\/td>\n<\/tr>\n<\/tbody>\n<\/table>\n<p><strong>*DRI \u00e4r dagligt referensintag. **DRI ej fastst\u00e4llt.<\/strong><\/p>\n<p><strong>Ingredienser:<\/strong> L-Arginin, fyllnadsmedel (mikrokristallin cellulosa), L-Citrullin, L-Lysin, NAC (N-Acetylcystein), klumpf\u00f6rebyggande medel (magnesiumsalter av fettsyror, kiseldioxid), kapsel (gelatin av <strong>n\u00f6t<\/strong>).<\/p>\n<p>Rekommenderad daglig dos b\u00f6r ej \u00f6verskridas.<br \/>\nKosttillskott ers\u00e4tter inte en varierad kost.<br \/>\nProdukten f\u00f6rvaras o\u00e5tkomligt f\u00f6r sm\u00e5 barn.<\/p>\n","protected":false},"excerpt":{"rendered":"<p>L-Arginin med L-Citrullin, L-lysin och NAC<\/p>\n<p><strong>120 kapslar<\/strong><\/p>\n","protected":false},"featured_media":500103676,"comment_status":"closed","ping_status":"closed","template":"","meta":{"_kad_blocks_custom_css":"","_kad_blocks_head_custom_js":"","_kad_blocks_body_custom_js":"","_kad_blocks_footer_custom_js":"","_kadence_starter_templates_imported_post":false,"_kad_post_transparent":"default","_kad_post_title":"","_kad_post_layout":"default","_kad_post_sidebar_id":"","_kad_post_content_style":"default","_kad_post_vertical_padding":"default","_kad_post_feature":"","_kad_post_feature_position":"","_kad_post_header":false,"_kad_post_footer":false,"_kad_post_classname":""},"product_brand":[],"product_cat":[337,329,2704,2822,277],"product_tag":[1265],"class_list":{"0":"post-9666","1":"product","2":"type-product","3":"status-publish","4":"has-post-thumbnail","6":"product_cat-aminosyror","7":"product_cat-hjarna-och-minne","8":"product_cat-multi-nutrient","9":"product_cat-multi-produkter","10":"product_cat-muskler-och-leder","11":"product_tag-nsp-aminoacids","13":"first","14":"instock","15":"taxable","16":"shipping-taxable","17":"purchasable","18":"product-type-simple","19":"entry","20":"content-bg","21":"loop-entry"},"taxonomy_info":{"product_cat":[{"value":337,"label":"Aminosyror"},{"value":329,"label":"Hj\u00e4rna &amp; Minne"},{"value":2704,"label":"Multi Nutrient"},{"value":2822,"label":"Multi produkter"},{"value":277,"label":"Muskler &amp; Leder"}],"product_tag":[{"value":1265,"label":"NSP Aminoacids"}]},"featured_image_src_large":["https:\/\/vitaminbutiken.com\/wp-content\/uploads\/2025\/03\/331-NSP-Aminoacids-Photoroom-e1770800061133-840x700.png",840,700,true],"author_info":[],"comment_info":0,"_links":{"self":[{"href":"https:\/\/vitaminbutiken.com\/en\/wp-json\/wp\/v2\/product\/9666","targetHints":{"allow":["GET"]}}],"collection":[{"href":"https:\/\/vitaminbutiken.com\/en\/wp-json\/wp\/v2\/product"}],"about":[{"href":"https:\/\/vitaminbutiken.com\/en\/wp-json\/wp\/v2\/types\/product"}],"replies":[{"embeddable":true,"href":"https:\/\/vitaminbutiken.com\/en\/wp-json\/wp\/v2\/comments?post=9666"}],"wp:featuredmedia":[{"embeddable":true,"href":"https:\/\/vitaminbutiken.com\/en\/wp-json\/wp\/v2\/media\/500103676"}],"wp:attachment":[{"href":"https:\/\/vitaminbutiken.com\/en\/wp-json\/wp\/v2\/media?parent=9666"}],"wp:term":[{"taxonomy":"product_brand","embeddable":true,"href":"https:\/\/vitaminbutiken.com\/en\/wp-json\/wp\/v2\/product_brand?post=9666"},{"taxonomy":"product_cat","embeddable":true,"href":"https:\/\/vitaminbutiken.com\/en\/wp-json\/wp\/v2\/product_cat?post=9666"},{"taxonomy":"product_tag","embeddable":true,"href":"https:\/\/vitaminbutiken.com\/en\/wp-json\/wp\/v2\/product_tag?post=9666"}],"curies":[{"name":"wp","href":"https:\/\/api.w.org\/{rel}","templated":true}]}}