{"id":9659,"date":"2025-03-19T16:05:33","date_gmt":"2025-03-19T14:05:33","guid":{"rendered":"https:\/\/vitaminbutiken.multi.fi\/?post_type=product&#038;p=9659"},"modified":"2026-04-07T11:05:29","modified_gmt":"2026-04-07T09:05:29","slug":"snarjmara","status":"publish","type":"product","link":"https:\/\/vitaminbutiken.com\/en\/produkt\/snarjmara\/","title":{"rendered":"Sn\u00e4rjm\u00e5ra, 50g"},"content":{"rendered":"<p>Sn\u00e4rjm\u00e5ra (Galium aparine L.) \u00e4r en \u00f6rt tillh\u00f6rande familjen m\u00e5rev\u00e4xter.<\/p>\n<p>Sn\u00e4rjm\u00e5ra \u00e4r en av de mest anv\u00e4nda \u00f6rterna f\u00f6r att rena kroppen och \u00f6ka vitaliteten.<\/p>\n<p><strong>Dosering:<\/strong> 2 kryddm\u00e5tt per dag.<\/p>\n<table style=\"height: 80px;\" border=\"1\" width=\"600\" cellspacing=\"0\" cellpadding=\"0\">\n<tbody>\n<tr>\n<td style=\"width: 30.265%;\"><strong>2 kryddm\u00e5tt inneh\u00e5ller:<\/strong><\/td>\n<td style=\"width: 13.4718%;\"><strong>M\u00e4ngd<\/strong><\/td>\n<td style=\"width: 13.4718%;\"><strong>%DRI*<\/strong><\/td>\n<\/tr>\n<tr>\n<td style=\"width: 30.265%;\">Galium Aparine<\/td>\n<td style=\"width: 13.4718%;\">1 000mg<\/td>\n<td style=\"width: 13.4718%;\"><strong>**<\/strong><\/td>\n<\/tr>\n<\/tbody>\n<\/table>\n<p><strong>**DRI (dagligt referensintag) ej fastst\u00e4llt.<\/strong><\/p>\n<p><strong>Ingredienser:<\/strong> Sn\u00e4rjm\u00e5ra (extrakt 10:1, galium aparine).<\/p>\n<p>Rekommenderad daglig dos b\u00f6r ej \u00f6verskridas.<br \/>\nKosttillskott ers\u00e4tter inte en varierad kost.<br \/>\nProdukter f\u00f6rvaras o\u00e5tkomligt f\u00f6r sm\u00e5barn.<\/p>\n","protected":false},"excerpt":{"rendered":"<p>Galium aparine extrakt 10:1.<\/p>\n<ul>\n<li>en av de mest anv\u00e4nda \u00f6rterna f\u00f6r att rena kroppen och \u00f6ka vitaliteten.<\/li>\n<\/ul>\n<p><strong>50 gram<\/strong><\/p>\n","protected":false},"featured_media":500103775,"comment_status":"closed","ping_status":"closed","template":"","meta":{"_kad_blocks_custom_css":"","_kad_blocks_head_custom_js":"","_kad_blocks_body_custom_js":"","_kad_blocks_footer_custom_js":"","_kadence_starter_templates_imported_post":false,"_kad_post_transparent":"default","_kad_post_title":"","_kad_post_layout":"default","_kad_post_sidebar_id":"","_kad_post_content_style":"default","_kad_post_vertical_padding":"default","_kad_post_feature":"","_kad_post_feature_position":"","_kad_post_header":false,"_kad_post_footer":false,"_kad_post_classname":""},"product_brand":[],"product_cat":[1293,149],"product_tag":[1261,1262,1263,1264],"class_list":{"0":"post-9659","1":"product","2":"type-product","3":"status-publish","4":"has-post-thumbnail","6":"product_cat-evp-nutrition","7":"product_cat-orter","8":"product_tag-oka-vitalitet","9":"product_tag-rena-kroppen","10":"product_tag-snarjmara","11":"product_tag-vitalitet","13":"first","14":"instock","15":"taxable","16":"shipping-taxable","17":"purchasable","18":"product-type-simple","19":"entry","20":"content-bg","21":"loop-entry"},"taxonomy_info":{"product_cat":[{"value":1293,"label":"EVP Nutrition"},{"value":149,"label":"\u00d6rter"}],"product_tag":[{"value":1261,"label":"\u00d6ka vitalitet"},{"value":1262,"label":"Rena kroppen"},{"value":1263,"label":"Sn\u00e4rjm\u00e5ra"},{"value":1264,"label":"Vitalitet"}]},"featured_image_src_large":["https:\/\/vitaminbutiken.com\/wp-content\/uploads\/2025\/03\/496-Snarjmara-Photoroom-e1771325959362-810x700.png",810,700,true],"author_info":[],"comment_info":0,"_links":{"self":[{"href":"https:\/\/vitaminbutiken.com\/en\/wp-json\/wp\/v2\/product\/9659","targetHints":{"allow":["GET"]}}],"collection":[{"href":"https:\/\/vitaminbutiken.com\/en\/wp-json\/wp\/v2\/product"}],"about":[{"href":"https:\/\/vitaminbutiken.com\/en\/wp-json\/wp\/v2\/types\/product"}],"replies":[{"embeddable":true,"href":"https:\/\/vitaminbutiken.com\/en\/wp-json\/wp\/v2\/comments?post=9659"}],"wp:featuredmedia":[{"embeddable":true,"href":"https:\/\/vitaminbutiken.com\/en\/wp-json\/wp\/v2\/media\/500103775"}],"wp:attachment":[{"href":"https:\/\/vitaminbutiken.com\/en\/wp-json\/wp\/v2\/media?parent=9659"}],"wp:term":[{"taxonomy":"product_brand","embeddable":true,"href":"https:\/\/vitaminbutiken.com\/en\/wp-json\/wp\/v2\/product_brand?post=9659"},{"taxonomy":"product_cat","embeddable":true,"href":"https:\/\/vitaminbutiken.com\/en\/wp-json\/wp\/v2\/product_cat?post=9659"},{"taxonomy":"product_tag","embeddable":true,"href":"https:\/\/vitaminbutiken.com\/en\/wp-json\/wp\/v2\/product_tag?post=9659"}],"curies":[{"name":"wp","href":"https:\/\/api.w.org\/{rel}","templated":true}]}}