{"id":9658,"date":"2025-03-19T16:05:32","date_gmt":"2025-03-19T14:05:32","guid":{"rendered":"https:\/\/vitaminbutiken.multi.fi\/?post_type=product&#038;p=9658"},"modified":"2026-04-08T15:11:49","modified_gmt":"2026-04-08T13:11:49","slug":"multi-guard-for-kids","status":"publish","type":"product","link":"https:\/\/vitaminbutiken.com\/en\/produkt\/multi-guard-for-kids\/","title":{"rendered":"Multi-Guard for Kids"},"content":{"rendered":"<div class=\"woocommerce-tabs wc-tabs-wrapper\">\n<div id=\"tab-description\" class=\"woocommerce-Tabs-panel woocommerce-Tabs-panel--description panel entry-content wc-tab\" role=\"tabpanel\" aria-labelledby=\"tab-title-description\">\n<p>Ett tuggbart multivitamin och mineraltillskott med s\u00f6tningsmedel (xylitol) f\u00f6r \u00e5ldersgruppen 4 till 14 \u00e5r.<\/p>\n<\/div>\n<\/div>\n<div class=\"nutrition-declaration\">\n<p><strong>Dosering:<\/strong> Barn 4-10 \u00e5r: tugga en tablett dagligen med m\u00e5ltid. Barn 11 \u00e5r och \u00f6ver: tugga 2 tabletter med m\u00e5ltid.<\/p>\n<table style=\"height: 80px;\" border=\"1\" width=\"621\" cellspacing=\"0\" cellpadding=\"0\">\n<tbody>\n<tr style=\"height: 25px;\">\n<td style=\"width: 33.3333%; height: 25px;\"><strong>1 tablett inneh\u00e5ller:<\/strong><\/td>\n<td style=\"width: 33.3333%; height: 25px;\"><strong>M\u00e4ngd<\/strong><\/td>\n<td style=\"width: 33.3333%; height: 25px;\"><strong>DRI%<\/strong><\/td>\n<\/tr>\n<tr style=\"height: 25px;\">\n<td style=\"width: 33.3333%; height: 25px;\">Vitamin A<\/td>\n<td style=\"width: 33.3333%; height: 25px;\">400 mcg<\/td>\n<td style=\"width: 33.3333%; height: 25px;\">50 %<\/td>\n<\/tr>\n<tr style=\"height: 25px;\">\n<td style=\"width: 33.3333%; height: 25px;\">Vitamin D<\/td>\n<td style=\"width: 33.3333%; height: 25px;\">2,5 mcg<\/td>\n<td style=\"width: 33.3333%; height: 25px;\">50 %<\/td>\n<\/tr>\n<tr style=\"height: 25px;\">\n<td style=\"width: 33.3333%; height: 25px;\">Vitamin E<\/td>\n<td style=\"width: 33.3333%; height: 25px;\">5 mg<\/td>\n<td style=\"width: 33.3333%; height: 25px;\">42 %<\/td>\n<\/tr>\n<tr style=\"height: 25px;\">\n<td style=\"width: 33.3333%; height: 25px;\">Vitamin C<\/td>\n<td style=\"width: 33.3333%; height: 25px;\">60 mg<\/td>\n<td style=\"width: 33.3333%; height: 25px;\">75 %<\/td>\n<\/tr>\n<tr style=\"height: 25px;\">\n<td style=\"width: 33.3333%; height: 25px;\">Tiamin<\/td>\n<td style=\"width: 33.3333%; height: 25px;\">0,7 mg<\/td>\n<td style=\"width: 33.3333%; height: 25px;\">64 %<\/td>\n<\/tr>\n<tr style=\"height: 25px;\">\n<td style=\"width: 33.3333%; height: 25px;\">Riboflavin<\/td>\n<td style=\"width: 33.3333%; height: 25px;\">0,8 mg<\/td>\n<td style=\"width: 33.3333%; height: 25px;\">57 %<\/td>\n<\/tr>\n<tr style=\"height: 25px;\">\n<td style=\"width: 33.3333%; height: 25px;\">Niacin<\/td>\n<td style=\"width: 33.3333%; height: 25px;\">9 mg<\/td>\n<td style=\"width: 33.3333%; height: 25px;\">56 %<\/td>\n<\/tr>\n<tr style=\"height: 25px;\">\n<td style=\"width: 33.3333%; height: 25px;\">Vitamin B6<\/td>\n<td style=\"width: 33.3333%; height: 25px;\">1 mg<\/td>\n<td style=\"width: 33.3333%; height: 25px;\">71 %<\/td>\n<\/tr>\n<tr style=\"height: 25px;\">\n<td style=\"width: 33.3333%; height: 25px;\">Folsyra<\/td>\n<td style=\"width: 33.3333%; height: 25px;\">100 mcg<\/td>\n<td style=\"width: 33.3333%; height: 25px;\">50 %<\/td>\n<\/tr>\n<tr style=\"height: 25px;\">\n<td style=\"width: 33.3333%; height: 25px;\">Vitamin B12<\/td>\n<td style=\"width: 33.3333%; height: 25px;\">0,5 mcg<\/td>\n<td style=\"width: 33.3333%; height: 25px;\">20 %<\/td>\n<\/tr>\n<tr style=\"height: 25px;\">\n<td style=\"width: 33.3333%; height: 25px;\">Biotin<\/td>\n<td style=\"width: 33.3333%; height: 25px;\">75 mcg<\/td>\n<td style=\"width: 33.3333%; height: 25px;\">150 %<\/td>\n<\/tr>\n<tr style=\"height: 25px;\">\n<td style=\"width: 33.3333%; height: 25px;\">Pantotensyra<\/td>\n<td style=\"width: 33.3333%; height: 25px;\">3 mg<\/td>\n<td style=\"width: 33.3333%; height: 25px;\">50 %<\/td>\n<\/tr>\n<tr style=\"height: 25px;\">\n<td style=\"width: 33.3333%; height: 25px;\">Kalcium<\/td>\n<td style=\"width: 33.3333%; height: 25px;\">80 mg<\/td>\n<td style=\"width: 33.3333%; height: 25px;\">10 %<\/td>\n<\/tr>\n<tr style=\"height: 25px;\">\n<td style=\"width: 33.3333%; height: 25px;\">Magnesium<\/td>\n<td style=\"width: 33.3333%; height: 25px;\">45 mg<\/td>\n<td style=\"width: 33.3333%; height: 25px;\">12 %<\/td>\n<\/tr>\n<tr style=\"height: 25px;\">\n<td style=\"width: 33.3333%; height: 25px;\">J\u00e4rn<\/td>\n<td style=\"width: 33.3333%; height: 25px;\">2,8 mg<\/td>\n<td style=\"width: 33.3333%; height: 25px;\">20 %<\/td>\n<\/tr>\n<tr style=\"height: 25px;\">\n<td style=\"width: 33.3333%; height: 25px;\">Zink<\/td>\n<td style=\"width: 33.3333%; height: 25px;\">4 mg<\/td>\n<td style=\"width: 33.3333%; height: 25px;\">40 %<\/td>\n<\/tr>\n<tr style=\"height: 25px;\">\n<td style=\"width: 33.3333%; height: 25px;\">Selen<\/td>\n<td style=\"width: 33.3333%; height: 25px;\">20 mcg<\/td>\n<td style=\"width: 33.3333%; height: 25px;\">36 %<\/td>\n<\/tr>\n<tr>\n<td style=\"width: 33.3333%;\">Krom<\/td>\n<td style=\"width: 33.3333%;\">25 mcg<\/td>\n<td style=\"width: 33.3333%;\">62 %<\/td>\n<\/tr>\n<tr>\n<td style=\"width: 33.3333%;\">Jod<\/td>\n<td style=\"width: 33.3333%;\">75 mcg<\/td>\n<td style=\"width: 33.3333%;\">50 %<\/td>\n<\/tr>\n<tr>\n<td style=\"width: 33.3333%;\">Kolinbitartrat<\/td>\n<td style=\"width: 33.3333%;\">1 mg<\/td>\n<td style=\"width: 33.3333%;\">*<\/td>\n<\/tr>\n<tr>\n<td style=\"width: 33.3333%;\">Inositol<\/td>\n<td style=\"width: 33.3333%;\">1 mg<\/td>\n<td style=\"width: 33.3333%;\">*<\/td>\n<\/tr>\n<\/tbody>\n<\/table>\n<p><strong>*DRI (dagligt referensintag) ej fastst\u00e4llt.<\/strong><\/p>\n<p>Rekommenderat intag b\u00f6r inte \u00f6verskridas.<br \/>\nKosttillskott b\u00f6r inte anv\u00e4das som ett alternativ till en varierad kost.<br \/>\nF\u00f6rsvaras torrt i rumstemperatur och utom r\u00e4ckh\u00e5ll f\u00f6r barn.<\/p>\n<p><strong>Ingredienser:\u00a0<\/strong>S\u00f6tningsmedel (xylitol), kalciumkarbonat, fruktooligosackaroider, magnesiumhydroxid, vitamin C (askorbinsyra), smak\u00e4mnen, klumpf\u00f6rebyggande medel (stearinsyra, kiseldioxid, magnesiumsalter av fettsyror, niacin (nikotinamid*), citronsyra, vitamin E (dl-alfa-tokoferolacetat), j\u00e4rn (j\u00e4rnfumarat*), f\u00e4rg\u00e4mne (r\u00f6dbetspulver), zinkoxid*, vitamin A-acetat, vitamin B6 (pyridoxinhydroklorid*), pantotensyra (kalciumpantothenat), tiaminmononitrat, riboflavin*, vitamin D3, kolinbitartrat, inositol, krompikolinat, folsyra, kaliumjodid, biotin, natriumselenit, vitamin 12 (cyanokobalamin). *Mikroinkapslade med mono- och diglycerider av fettsyror f\u00f6r att maskera smaken av den angivna vitaminen\/mineralen.<\/p>\n<\/div>\n","protected":false},"excerpt":{"rendered":"<p>Multi-Guard f\u00f6r barn \u00e4r en m\u00e5ngsidig kosttillskott som \u00e4r s\u00e4rskilt utformat f\u00f6r att st\u00f6dja barns v\u00e4lbefinnande. Detta unika tillskott inneh\u00e5ller en balanserad kombination av n\u00e4rings\u00e4mnen som \u00e4r viktiga f\u00f6r barns tillv\u00e4xt och utveckling. Med Multi-Guard f\u00f6r barn kan du vara trygg i vetskapen om att ditt barn f\u00e5r de n\u00f6dv\u00e4ndiga n\u00e4rings\u00e4mnena f\u00f6r att fr\u00e4mja deras h\u00e4lsa och v\u00e4lm\u00e5ende.<\/p>\n<p>Ett tuggbart multivitamin och mineraltillskott f\u00f6r \u00e5ldersgruppen 4 till 14 \u00e5r.<\/p>\n<p><strong>100 tabletter<\/strong><\/p>\n","protected":false},"featured_media":500102602,"comment_status":"closed","ping_status":"closed","template":"","meta":{"_kad_blocks_custom_css":"","_kad_blocks_head_custom_js":"","_kad_blocks_body_custom_js":"","_kad_blocks_footer_custom_js":"","_kadence_starter_templates_imported_post":false,"_kad_post_transparent":"default","_kad_post_title":"","_kad_post_layout":"default","_kad_post_sidebar_id":"","_kad_post_content_style":"default","_kad_post_vertical_padding":"default","_kad_post_feature":"","_kad_post_feature_position":"","_kad_post_header":false,"_kad_post_footer":false,"_kad_post_classname":""},"product_brand":[],"product_cat":[176,1234,281,2822,2806,155],"product_tag":[1258,1259,1260],"class_list":{"0":"post-9658","1":"product","2":"type-product","3":"status-publish","4":"has-post-thumbnail","6":"product_cat-immunforsvar","7":"product_cat-lamberts","8":"product_cat-mineraler","9":"product_cat-multi-produkter","10":"product_cat-multi-vitamin","11":"product_cat-vitaminer","12":"product_tag-multi-guard","13":"product_tag-multi-guard-for-kids","14":"product_tag-mutli-guard-for-barn","16":"first","17":"instock","18":"taxable","19":"shipping-taxable","20":"purchasable","21":"product-type-simple","22":"entry","23":"content-bg","24":"loop-entry"},"taxonomy_info":{"product_cat":[{"value":176,"label":"Immunf\u00f6rsvar"},{"value":1234,"label":"Lamberts"},{"value":281,"label":"Mineraler"},{"value":2822,"label":"Multi produkter"},{"value":2806,"label":"Multi-vitamin"},{"value":155,"label":"Vitaminer"}],"product_tag":[{"value":1258,"label":"Multi-Guard"},{"value":1259,"label":"Multi-Guard for kids"},{"value":1260,"label":"Mutli-Guard f\u00f6r barn"}]},"featured_image_src_large":["https:\/\/vitaminbutiken.com\/wp-content\/uploads\/2025\/03\/8461-100-780x700.jpg",780,700,true],"author_info":[],"comment_info":0,"_links":{"self":[{"href":"https:\/\/vitaminbutiken.com\/en\/wp-json\/wp\/v2\/product\/9658","targetHints":{"allow":["GET"]}}],"collection":[{"href":"https:\/\/vitaminbutiken.com\/en\/wp-json\/wp\/v2\/product"}],"about":[{"href":"https:\/\/vitaminbutiken.com\/en\/wp-json\/wp\/v2\/types\/product"}],"replies":[{"embeddable":true,"href":"https:\/\/vitaminbutiken.com\/en\/wp-json\/wp\/v2\/comments?post=9658"}],"wp:featuredmedia":[{"embeddable":true,"href":"https:\/\/vitaminbutiken.com\/en\/wp-json\/wp\/v2\/media\/500102602"}],"wp:attachment":[{"href":"https:\/\/vitaminbutiken.com\/en\/wp-json\/wp\/v2\/media?parent=9658"}],"wp:term":[{"taxonomy":"product_brand","embeddable":true,"href":"https:\/\/vitaminbutiken.com\/en\/wp-json\/wp\/v2\/product_brand?post=9658"},{"taxonomy":"product_cat","embeddable":true,"href":"https:\/\/vitaminbutiken.com\/en\/wp-json\/wp\/v2\/product_cat?post=9658"},{"taxonomy":"product_tag","embeddable":true,"href":"https:\/\/vitaminbutiken.com\/en\/wp-json\/wp\/v2\/product_tag?post=9658"}],"curies":[{"name":"wp","href":"https:\/\/api.w.org\/{rel}","templated":true}]}}