{"id":9657,"date":"2025-03-19T16:05:32","date_gmt":"2025-03-19T14:05:32","guid":{"rendered":"https:\/\/vitaminbutiken.multi.fi\/?post_type=product&#038;p=9657"},"modified":"2026-04-08T11:26:15","modified_gmt":"2026-04-08T09:26:15","slug":"gentiana","status":"publish","type":"product","link":"https:\/\/vitaminbutiken.com\/en\/produkt\/gentiana\/","title":{"rendered":"Gentiana"},"content":{"rendered":"<p><strong>Gentiana<\/strong><\/p>\n<p>Varje kapsel inneh\u00e5ller 400 mg torkad rot av gentiana.<\/p>\n<p data-start=\"0\" data-end=\"159\"><strong data-start=\"0\" data-end=\"27\">Gentiana (gentiannarot)<\/strong> \u00e4r en klassisk <strong data-start=\"43\" data-end=\"56\">bitter\u00f6rt<\/strong> som fr\u00e4mst anv\u00e4nds f\u00f6r matsm\u00e4ltning och aptit.<\/p>\n<p><strong>Dosering:<\/strong> 1 kapsel 3 ggr\/dag<\/p>\n<table style=\"height: 80px;\" border=\"1\" width=\"600\" cellspacing=\"0\" cellpadding=\"0\">\n<tbody>\n<tr>\n<td style=\"width: 28.8247%;\"><strong>3 kapslar inneh\u00e5ller<\/strong><\/td>\n<td style=\"width: 14.3977%;\"><strong>M\u00e4ngd<\/strong><\/td>\n<td style=\"width: 14.3977%;\"><strong>%DRI*<\/strong><\/td>\n<\/tr>\n<tr>\n<td style=\"width: 28.8247%;\">Gentiana (torkad rot)<\/td>\n<td style=\"width: 14.3977%;\">1200 mg<\/td>\n<td style=\"width: 14.3977%;\"><strong>**<\/strong><\/td>\n<\/tr>\n<\/tbody>\n<\/table>\n<p><strong>**DRI (dagligt referensintag) saknas.<\/strong><\/p>\n<p><strong>Ingredienser:<\/strong> Gentiana (torkad rot), kapsel (hydroxipropylmetylsellulosa).<\/p>\n<p>Rekommenderad daglig dos b\u00f6r ej \u00f6verskridas.<br \/>\nKosttillskott ers\u00e4tter inte en varierad kost.<br \/>\nProdukten f\u00f6rvaras o\u00e5tkomligt f\u00f6r sm\u00e5 barn.<\/p>\n","protected":false},"excerpt":{"rendered":"<p>Varje kapsel inneh\u00e5ller 400 mg torkad rot av gentiana.<\/p>\n<p><strong>120 kapslar<\/strong><\/p>\n","protected":false},"featured_media":11301,"comment_status":"open","ping_status":"closed","template":"","meta":{"_kad_blocks_custom_css":"","_kad_blocks_head_custom_js":"","_kad_blocks_body_custom_js":"","_kad_blocks_footer_custom_js":"","_kadence_starter_templates_imported_post":false,"_kad_post_transparent":"default","_kad_post_title":"","_kad_post_layout":"default","_kad_post_sidebar_id":"","_kad_post_content_style":"default","_kad_post_vertical_padding":"default","_kad_post_feature":"","_kad_post_feature_position":"","_kad_post_header":false,"_kad_post_footer":false,"_kad_post_classname":""},"product_brand":[],"product_cat":[431,149,1307],"product_tag":[330,236,1240,1241,737,1242,567,1243,738,927,1244,1245,1246,187,523,1247,1158,1248,1249,1250,963,1251,935,1252,1253,1254,1255,1256,1257],"class_list":{"0":"post-9657","1":"product","2":"type-product","3":"status-publish","4":"has-post-thumbnail","6":"product_cat-mage-tarm","7":"product_cat-orter","8":"product_cat-synergos","9":"product_tag-adhd","10":"product_tag-aksjuka","11":"product_tag-anorexia","12":"product_tag-bakterieinfektion","13":"product_tag-bihaleinflammation","14":"product_tag-bittermedel","15":"product_tag-diarre","16":"product_tag-dyspepsi","17":"product_tag-feber","18":"product_tag-galldrivande","19":"product_tag-gallsmak-i-munnen","20":"product_tag-gentiana","21":"product_tag-halsbranna","22":"product_tag-hogt-blodtryck","23":"product_tag-illamaende","24":"product_tag-krakningar","25":"product_tag-magbesvar","26":"product_tag-matallergi","27":"product_tag-menstruationsstorningar","28":"product_tag-okar-salivproduktion","29":"product_tag-ort","30":"product_tag-ortmedicin","31":"product_tag-parasiter","32":"product_tag-parasitinfektion","33":"product_tag-parasitmaskar","34":"product_tag-svag-matsmaltning","35":"product_tag-tonicum","36":"product_tag-torr-i-munnen","37":"product_tag-virusinfektion","39":"first","40":"instock","41":"taxable","42":"shipping-taxable","43":"purchasable","44":"product-type-simple","45":"entry","46":"content-bg","47":"loop-entry"},"taxonomy_info":{"product_cat":[{"value":431,"label":"Mage &amp; Tarm"},{"value":149,"label":"\u00d6rter"},{"value":1307,"label":"Synergos"}],"product_tag":[{"value":330,"label":"ADHD"},{"value":236,"label":"\u00e5ksjuka"},{"value":1240,"label":"anorexia"},{"value":1241,"label":"bakterieinfektion"},{"value":737,"label":"bih\u00e5leinflammation"},{"value":1242,"label":"bittermedel"},{"value":567,"label":"diarr\u00e9"},{"value":1243,"label":"dyspepsi"},{"value":738,"label":"feber"},{"value":927,"label":"galldrivande"},{"value":1244,"label":"gallsmak i munnen"},{"value":1245,"label":"gentiana"},{"value":1246,"label":"halsbr\u00e4nna"},{"value":187,"label":"h\u00f6gt blodtryck"},{"value":523,"label":"Illam\u00e5ende"},{"value":1247,"label":"kr\u00e4kningar"},{"value":1158,"label":"magbesv\u00e4r"},{"value":1248,"label":"matallergi"},{"value":1249,"label":"menstruationsst\u00f6rningar"},{"value":1250,"label":"\u00f6kar salivproduktion"},{"value":963,"label":"\u00f6rt"},{"value":1251,"label":"\u00f6rtmedicin"},{"value":935,"label":"parasiter"},{"value":1252,"label":"parasitinfektion"},{"value":1253,"label":"parasitmaskar"},{"value":1254,"label":"svag matsm\u00e4ltning"},{"value":1255,"label":"tonicum"},{"value":1256,"label":"torr i munnen"},{"value":1257,"label":"virusinfektion"}]},"featured_image_src_large":["https:\/\/vitaminbutiken.com\/wp-content\/uploads\/2025\/03\/Gentiana-495-Photoroom-e1747120934176-1140x700.png",1140,700,true],"author_info":[],"comment_info":0,"_links":{"self":[{"href":"https:\/\/vitaminbutiken.com\/en\/wp-json\/wp\/v2\/product\/9657","targetHints":{"allow":["GET"]}}],"collection":[{"href":"https:\/\/vitaminbutiken.com\/en\/wp-json\/wp\/v2\/product"}],"about":[{"href":"https:\/\/vitaminbutiken.com\/en\/wp-json\/wp\/v2\/types\/product"}],"replies":[{"embeddable":true,"href":"https:\/\/vitaminbutiken.com\/en\/wp-json\/wp\/v2\/comments?post=9657"}],"wp:featuredmedia":[{"embeddable":true,"href":"https:\/\/vitaminbutiken.com\/en\/wp-json\/wp\/v2\/media\/11301"}],"wp:attachment":[{"href":"https:\/\/vitaminbutiken.com\/en\/wp-json\/wp\/v2\/media?parent=9657"}],"wp:term":[{"taxonomy":"product_brand","embeddable":true,"href":"https:\/\/vitaminbutiken.com\/en\/wp-json\/wp\/v2\/product_brand?post=9657"},{"taxonomy":"product_cat","embeddable":true,"href":"https:\/\/vitaminbutiken.com\/en\/wp-json\/wp\/v2\/product_cat?post=9657"},{"taxonomy":"product_tag","embeddable":true,"href":"https:\/\/vitaminbutiken.com\/en\/wp-json\/wp\/v2\/product_tag?post=9657"}],"curies":[{"name":"wp","href":"https:\/\/api.w.org\/{rel}","templated":true}]}}