{"id":9656,"date":"2025-03-19T16:05:31","date_gmt":"2025-03-19T14:05:31","guid":{"rendered":"https:\/\/vitaminbutiken.multi.fi\/?post_type=product&#038;p=9656"},"modified":"2026-04-07T13:05:37","modified_gmt":"2026-04-07T11:05:37","slug":"nattljusolja-pure-evening-primrose-oil-1000-mg-lamberts","status":"publish","type":"product","link":"https:\/\/vitaminbutiken.com\/en\/produkt\/nattljusolja-pure-evening-primrose-oil-1000-mg-lamberts\/","title":{"rendered":"Nattljusolja &#8211; Pure Evening Primrose Oil 1000 mg LAMBERTS"},"content":{"rendered":"<div class=\"x1e56ztr\">\n<div class=\"woocommerce-tabs wc-tabs-wrapper\">\n<div id=\"tab-description\" class=\"woocommerce-Tabs-panel woocommerce-Tabs-panel--description panel entry-content wc-tab\" role=\"tabpanel\" aria-labelledby=\"tab-title-description\">\n<div class=\"x1e56ztr\"><span class=\"x193iq5w xeuugli x13faqbe x1vvkbs x1xmvt09 x6prxxf xvq8zen xo1l8bm xzsf02u\">90 vegetabiliska kapslar. Lamberts Evening Primrose (Nattljusolja) kapslar \u00e4r ett omega 6 vitamin kosttillskott av h\u00f6g kvalitet som kan bidra till att f\u00f6rebygga omega 6-brist symptom och ge annan positiv inverkan p\u00e5 h\u00e4lsan. Evening Primrose olja som \u00e4ven kallas j\u00e4ttenattljusolja inneh\u00e5ller en mycket koncentrerad k\u00e4lla av GLA som visat m\u00e5nga positiva egenskaper p\u00e5 kvinnors h\u00e4lsa.<\/span><\/div>\n<div><\/div>\n<div class=\"x1e56ztr\"><span class=\"x193iq5w xeuugli x13faqbe x1vvkbs x1xmvt09 x6prxxf xvq8zen xo1l8bm xzsf02u\">Huvud\u00e4mnet i nattljusolja \u00e4r GLA, som \u00e4r ett f\u00f6rstadium till prostaglandin och stimulerar kroppens egen produktion av prostaglandiner, vilket bidrar till ett normalt hormonsystem.<\/span><\/div>\n<div><\/div>\n<div class=\"x1e56ztr\"><span class=\"x193iq5w xeuugli x13faqbe x1vvkbs x1xmvt09 x6prxxf xvq8zen xo1l8bm xzsf02u\">Tagen inv\u00e4rtes har nattljusolja (och den \u00e4nnu GLA-rikare gurk\u00f6rtsoljan) gynnsam effekt ocks\u00e5 p\u00e5 hud och naglar. Man har sedan l\u00e4nge haft kunskapen att gammalinolensyra, GLA, ger upphov till \u201dsn\u00e4lla\u201d prostaglandiner i kroppen. Prostaglandinerna reglerar i sin tur m\u00e5nga processer: hormonbalansen, blodtillf\u00f6rseln till v\u00e4vnader, uppbyggnad av hud och h\u00e5r, f\u00f6r att n\u00e4mna n\u00e5gra exempel. GLA \u00e4r dessutom en viktig best\u00e5ndsdel i cellernas membraner och har betydelse f\u00f6r att v\u00e4tska och salter f\u00e5r tilltr\u00e4de till cellerna och att slaggprodukter kan f\u00f6ras ut fr\u00e5n cellerna. Lamberts Evening Primrose oil (J\u00e4ttenattljusolja) framst\u00e4lls av j\u00e4ttenattljusblomman (Nattljus-Oenothera Biennis), v\u00e4xten kommer ursprungligen fr\u00e5n Nordamerika men odlas nu under kontrollerade former. Fr\u00f6na fr\u00e5n blomman kallpressas sedan och oljan tas tillvara.<\/span><\/div>\n<div><\/div>\n<div class=\"x1e56ztr\"><span class=\"x193iq5w xeuugli x13faqbe x1vvkbs x1xmvt09 x6prxxf xvq8zen xo1l8bm xzsf02u\"><b>Behandlingstid:<\/b>\u00a01\u20133 m\u00e5nader med utv\u00e4rdering.<\/span><\/div>\n<div class=\"x1e56ztr\"><span class=\"x193iq5w xeuugli x13faqbe x1vvkbs x1xmvt09 x6prxxf xvq8zen xo1l8bm xzsf02u\"><b>Ber\u00e4knad verkanstid:<\/b>\u00a0Inom en m\u00e5nad.<\/span><\/div>\n<div class=\"x1e56ztr\"><\/div>\n<div class=\"x1e56ztr\"><span class=\"x193iq5w xeuugli x13faqbe x1vvkbs x1xmvt09 x6prxxf xvq8zen xo1l8bm xzsf02u\"><b>Tid f\u00f6r kapseln att l\u00f6sas upp<\/b>: Mindre \u00e4n 1 timma.<\/span><\/div>\n<div class=\"x1e56ztr\"><\/div>\n<div class=\"x1e56ztr\"><span class=\"x193iq5w xeuugli x13faqbe x1vvkbs x1xmvt09 x6prxxf xvq8zen xo1l8bm xzsf02u\"><b>Biotillg\u00e4nglighet.\u00a0<\/b>Biotillg\u00e4ngligheten relaterad till mag-tarm funktionen.<\/span><\/div>\n<div class=\"x1e56ztr\"><\/div>\n<div class=\"x1e56ztr\"><span class=\"x193iq5w xeuugli x13faqbe x1vvkbs x1xmvt09 x6prxxf xvq8zen xo1l8bm xzsf02u\"><b>Graviditet och amning:<\/b>\u00a0Oralt intag av nattljusolja i upp till 4 gram per dag under 10 veckor bed\u00f6ms som s\u00e4kert under graviditeten. Dock kan intag av nattljusolja under de sista veckorna av graviditeten kan f\u00f6rdr\u00f6ja f\u00f6rlossningen.<\/span><\/div>\n<div class=\"x1e56ztr\"><\/div>\n<div class=\"x1e56ztr\"><span class=\"x193iq5w xeuugli x13faqbe x1vvkbs x1xmvt09 x6prxxf xvq8zen xo1l8bm xzsf02u\"><b>Nattljusolja och l\u00e4kemedel.<\/b><\/span><\/div>\n<div class=\"x1e56ztr\"><span class=\"x193iq5w xeuugli x13faqbe x1vvkbs x1xmvt09 x6prxxf xvq8zen xo1l8bm xzsf02u\">\u00b7 Blodf\u00f6rtunnande l\u00e4kemedel kan interagera med nattljusolja. Kombination kan \u00f6ka risken f\u00f6r bl\u00e5m\u00e4rken och bl\u00f6dningar.<\/span><\/div>\n<div class=\"x1e56ztr\"><span class=\"x193iq5w xeuugli x13faqbe x1vvkbs x1xmvt09 x6prxxf xvq8zen xo1l8bm xzsf02u\">\u00b7 L\u00e4kemedel som anv\u00e4nds under operation (anestesi) kan interagera med nattljusolja.<\/span><\/div>\n<div class=\"x1e56ztr\"><span class=\"x193iq5w xeuugli x13faqbe x1vvkbs x1xmvt09 x6prxxf xvq8zen xo1l8bm xzsf02u\">\u00b7 Kliniska intag av nattljusolja tillsammans med fenotiaziner kan \u00f6ka risken f\u00f6r anfall hos vissa epileptiker. Fenotiaziner inkluderar bland annat klorpromazin (Thorazin), flufenazin (Prolixin), trifluoperazin (Stelazin) och tioridazin (Mellaril).<\/span><\/div>\n<div><\/div>\n<p><strong> Dosering<\/strong>: 1-3 kapslar dagligen i samband med m\u00e5ltid.<\/p>\n<table border=\"1\" cellspacing=\"0\" cellpadding=\"0\">\n<tbody>\n<tr>\n<td valign=\"top\" width=\"30%\"><span class=\"x193iq5w xeuugli x13faqbe x1vvkbs x1xmvt09 x6prxxf xvq8zen xo1l8bm xzsf02u\"><b>\u00a01 kapslar inneh\u00e5ller:\u00a0<\/b><\/span><\/td>\n<td valign=\"top\" width=\"20%\"><strong>M\u00e4ngd<\/strong><\/td>\n<td valign=\"top\" width=\"30%\"><strong> % DRI*<\/strong><\/td>\n<\/tr>\n<tr>\n<td valign=\"top\" width=\"30%\">Vitamin E<\/td>\n<td valign=\"top\" width=\"20%\">10 mg<strong><br \/>\n<\/strong><\/td>\n<td valign=\"top\" width=\"30%\">83 %\u00a0<b><br \/>\n<\/b><\/td>\n<\/tr>\n<tr>\n<td valign=\"top\" width=\"30%\">J\u00e4ttenattljusolja<\/td>\n<td valign=\"top\" width=\"20%\">1000 mg<\/td>\n<td valign=\"top\" width=\"30%\">\u00a0**<\/td>\n<\/tr>\n<tr>\n<td valign=\"top\" width=\"30%\">Varav: Gamma-linolensyra (GLA)<\/td>\n<td valign=\"top\" width=\"20%\">90 mg<\/td>\n<td valign=\"top\" width=\"30%\">**<\/td>\n<\/tr>\n<\/tbody>\n<\/table>\n<div>\n<p><strong>*DRI \u00e4r dagligt referensintag. **DRI ej fastst\u00e4llt.<\/strong><\/p>\n<p>&nbsp;<\/p>\n<\/div>\n<div class=\"x1e56ztr\"><strong>Ingredienser<\/strong>: J\u00e4ttenattljusolja, kapselskal (bovint gelatin, glycerin), antioxidant: Vitamin E (dl-alfa-tokoferylacetat).<\/div>\n<div class=\"x1e56ztr\"><\/div>\n<div>Rekommenderad dos b\u00f6r ej \u00f6verskridas.<br \/>\nKosttillskott ers\u00e4tter inte en varierad kost.<br \/>\nProdukten f\u00f6rvaras o\u00e5tkomligt f\u00f6r sm\u00e5 barn.<\/div>\n<div><\/div>\n<div>V- L\u00e4mplig f\u00f6r veganer<\/div>\n<\/div>\n<\/div>\n<\/div>\n","protected":false},"excerpt":{"rendered":"<div class=\"x1e56ztr\"><span class=\"x193iq5w xeuugli x13faqbe x1vvkbs x1xmvt09 x6prxxf xvq8zen xo1l8bm xzsf02u\">\u00a0Nattljusolja &#8211; En ren olja fr\u00e5n lambsorter som kan ge en f\u00f6rb\u00e4ttrad upplevelse f\u00f6r de som anv\u00e4nder\u00a0den. Med en styrka p\u00e5 1000 mg \u00e4r denna produkt perfekt f\u00f6r dem som vill utforska f\u00f6rdelarna med nattljusolja. Ta del av dess potentiella egenskaper. <\/span><\/div>\n<div class=\"x1e56ztr\"><span class=\"x193iq5w xeuugli x13faqbe x1vvkbs x1xmvt09 x6prxxf xvq8zen xo1l8bm xzsf02u\">Lamberts Evening Primrose (Nattljusolja) kapslar \u00e4r ett omega 6 vitamin kosttillskott av h\u00f6g kvalitet som kan bidra till att f\u00f6rebygga omega 6-brist symptom och ge annan positiv inverkan p\u00e5 h\u00e4lsan. Evening Primrose olja som \u00e4ven kallas j\u00e4ttenattljusolja inneh\u00e5ller en mycket koncentrerad k\u00e4lla av GLA som visat m\u00e5nga positiva egenskaper p\u00e5 kvinnors h\u00e4lsa.<\/span><\/div>\n<p>&nbsp;<\/p>\n<p><strong>90 kapslar<\/strong><\/p>\n","protected":false},"featured_media":11423,"comment_status":"closed","ping_status":"closed","template":"","meta":{"_kad_blocks_custom_css":"","_kad_blocks_head_custom_js":"","_kad_blocks_body_custom_js":"","_kad_blocks_footer_custom_js":"","_kadence_starter_templates_imported_post":false,"_kad_post_transparent":"default","_kad_post_title":"","_kad_post_layout":"default","_kad_post_sidebar_id":"","_kad_post_content_style":"default","_kad_post_vertical_padding":"default","_kad_post_feature":"","_kad_post_feature_position":"","_kad_post_header":false,"_kad_post_footer":false,"_kad_post_classname":""},"product_brand":[],"product_cat":[1293,328,195,1234,146],"product_tag":[1235,1236,1237,1238,1239],"class_list":{"0":"post-9656","1":"product","2":"type-product","3":"status-publish","4":"has-post-thumbnail","6":"product_cat-evp-nutrition","7":"product_cat-fettsyror","8":"product_cat-hud-skonhet","9":"product_cat-lamberts","10":"product_cat-stressad-och-trott","11":"product_tag-amning","12":"product_tag-gravid","13":"product_tag-gravid-och-amning","14":"product_tag-nattljusolja","15":"product_tag-vitmin-e","17":"first","18":"instock","19":"taxable","20":"shipping-taxable","21":"purchasable","22":"product-type-simple","23":"entry","24":"content-bg","25":"loop-entry"},"taxonomy_info":{"product_cat":[{"value":1293,"label":"EVP Nutrition"},{"value":328,"label":"Fettsyror"},{"value":195,"label":"Hud &amp; Sk\u00f6nhet"},{"value":1234,"label":"Lamberts"},{"value":146,"label":"Stressad &amp; Tr\u00f6tt"}],"product_tag":[{"value":1235,"label":"amning"},{"value":1236,"label":"Gravid"},{"value":1237,"label":"gravid och amning"},{"value":1238,"label":"Nattljusolja"},{"value":1239,"label":"vitmin e"}]},"featured_image_src_large":["https:\/\/vitaminbutiken.com\/wp-content\/uploads\/2025\/03\/8501-90-Pure-Evening.jpg",300,300,false],"author_info":[],"comment_info":0,"_links":{"self":[{"href":"https:\/\/vitaminbutiken.com\/en\/wp-json\/wp\/v2\/product\/9656","targetHints":{"allow":["GET"]}}],"collection":[{"href":"https:\/\/vitaminbutiken.com\/en\/wp-json\/wp\/v2\/product"}],"about":[{"href":"https:\/\/vitaminbutiken.com\/en\/wp-json\/wp\/v2\/types\/product"}],"replies":[{"embeddable":true,"href":"https:\/\/vitaminbutiken.com\/en\/wp-json\/wp\/v2\/comments?post=9656"}],"wp:featuredmedia":[{"embeddable":true,"href":"https:\/\/vitaminbutiken.com\/en\/wp-json\/wp\/v2\/media\/11423"}],"wp:attachment":[{"href":"https:\/\/vitaminbutiken.com\/en\/wp-json\/wp\/v2\/media?parent=9656"}],"wp:term":[{"taxonomy":"product_brand","embeddable":true,"href":"https:\/\/vitaminbutiken.com\/en\/wp-json\/wp\/v2\/product_brand?post=9656"},{"taxonomy":"product_cat","embeddable":true,"href":"https:\/\/vitaminbutiken.com\/en\/wp-json\/wp\/v2\/product_cat?post=9656"},{"taxonomy":"product_tag","embeddable":true,"href":"https:\/\/vitaminbutiken.com\/en\/wp-json\/wp\/v2\/product_tag?post=9656"}],"curies":[{"name":"wp","href":"https:\/\/api.w.org\/{rel}","templated":true}]}}