{"id":9655,"date":"2025-03-19T16:05:31","date_gmt":"2025-03-19T14:05:31","guid":{"rendered":"https:\/\/vitaminbutiken.multi.fi\/?post_type=product&#038;p=9655"},"modified":"2026-04-10T12:10:51","modified_gmt":"2026-04-10T10:10:51","slug":"lactobifidum-complex-reuteri","status":"publish","type":"product","link":"https:\/\/vitaminbutiken.com\/en\/produkt\/lactobifidum-complex-reuteri\/","title":{"rendered":"Lacto Bifidum Complex Reuteri"},"content":{"rendered":"<p><strong>LactoBifidum complex Reuteri<\/strong><\/p>\n<p>LactoBifidum-komplex Reuteri \u00e4r speciellt framtaget f\u00f6r att st\u00f6dja mag- och tarmh\u00e4lsan. Produkten inneh\u00e5ller en kombination av noggrant utvalda probiotiska bakteriestammar som kan ge en gynnsam effekt p\u00e5 mage och tarm. M\u00e5nga m\u00e4nniskor som anv\u00e4nder LactoBifidum-komplexet har rapporterat att de upplever f\u00f6rb\u00e4ttrad matsm\u00e4ltning och \u00f6kad v\u00e4lbefinnande.<\/p>\n<p>Varje kapsel ger 10 miljarder mj\u00f6lksyrabakterier. Stammarna \u00e4r kraftfulla och \u00f6verlever b\u00e5de saltsyran, gallsyrorna och syre.<\/p>\n<p><strong>Dosering:<\/strong> 1 kapsel 2 ggr\/dag.<\/p>\n<p>2 kapslar inneh\u00e5ller 20 miljarder mj\u00f6lksyrabakterier.<\/p>\n<p><strong>Ingredienser:<\/strong> Bakteriekultur (som ger Lactobacillus Rhamnosus, Bifidobakterium Lactis, Bifidobakterium Longum, Lactobacillus Reuteri, Lactobacillus Casei, Bifidobakterium<br \/>\nAcidophilus) inulin, fyllnadsmedel (vegetabiliska magnesiumsalter av fettsyror), kapsel (hydroxipropylmetylcellulosa).<\/p>\n<p><strong>F\u00f6rvaring:<\/strong> \u00d6ppnad burk b\u00f6r f\u00f6rvaras i kylsk\u00e5p.<\/p>\n<p>Rekommenderad daglig dos b\u00f6r ej \u00f6verskridas.<\/p>\n","protected":false},"excerpt":{"rendered":"<p>LactoBifidum-komplex Reuteri \u00e4r speciellt framtaget f\u00f6r att st\u00f6dja mag- och tarmh\u00e4lsan. Produkten inneh\u00e5ller en kombination av noggrant utvalda probiotiska bakteriestammar som kan ge en gynnsam effekt p\u00e5 mage och tarm. M\u00e5nga m\u00e4nniskor som anv\u00e4nder LactoBifidum-komplexet har rapporterat att de upplever f\u00f6rb\u00e4ttrad matsm\u00e4ltning och \u00f6kad v\u00e4lbefinnande.<\/p>\n<p>Varje kapsel ger 10 miljarder mj\u00f6lksyrabakterier. Stammarna \u00e4r kraftfulla och \u00f6verlever b\u00e5de saltsyran, gallsyrorna och syre.<\/p>\n<p><strong>60 kapslar (syrafasta kapslar)<\/strong><\/p>\n","protected":false},"featured_media":500103781,"comment_status":"open","ping_status":"closed","template":"","meta":{"_kad_blocks_custom_css":"","_kad_blocks_head_custom_js":"","_kad_blocks_body_custom_js":"","_kad_blocks_footer_custom_js":"","_kadence_starter_templates_imported_post":false,"_kad_post_transparent":"default","_kad_post_title":"","_kad_post_layout":"default","_kad_post_sidebar_id":"","_kad_post_content_style":"default","_kad_post_vertical_padding":"default","_kad_post_feature":"","_kad_post_feature_position":"","_kad_post_header":false,"_kad_post_footer":false,"_kad_post_classname":""},"product_brand":[],"product_cat":[176,431,2820,1307],"product_tag":[1212,1233],"class_list":{"0":"post-9655","1":"product","2":"type-product","3":"status-publish","4":"has-post-thumbnail","6":"product_cat-immunforsvar","7":"product_cat-mage-tarm","8":"product_cat-mjolksyrebakterier","9":"product_cat-synergos","10":"product_tag-lactobifidum","11":"product_tag-lactobifidum-complex","13":"first","14":"instock","15":"taxable","16":"shipping-taxable","17":"purchasable","18":"product-type-simple","19":"entry","20":"content-bg","21":"loop-entry"},"taxonomy_info":{"product_cat":[{"value":176,"label":"Immunf\u00f6rsvar"},{"value":431,"label":"Mage &amp; Tarm"},{"value":2820,"label":"Mj\u00f6lksyrebakterier"},{"value":1307,"label":"Synergos"}],"product_tag":[{"value":1212,"label":"Lactobifidum"},{"value":1233,"label":"lactobifidum complex"}]},"featured_image_src_large":["https:\/\/vitaminbutiken.com\/wp-content\/uploads\/2025\/03\/138-Lactobifidum-Reuteri-Photoroom-e1771326327182-680x700.png",680,700,true],"author_info":[],"comment_info":0,"_links":{"self":[{"href":"https:\/\/vitaminbutiken.com\/en\/wp-json\/wp\/v2\/product\/9655","targetHints":{"allow":["GET"]}}],"collection":[{"href":"https:\/\/vitaminbutiken.com\/en\/wp-json\/wp\/v2\/product"}],"about":[{"href":"https:\/\/vitaminbutiken.com\/en\/wp-json\/wp\/v2\/types\/product"}],"replies":[{"embeddable":true,"href":"https:\/\/vitaminbutiken.com\/en\/wp-json\/wp\/v2\/comments?post=9655"}],"wp:featuredmedia":[{"embeddable":true,"href":"https:\/\/vitaminbutiken.com\/en\/wp-json\/wp\/v2\/media\/500103781"}],"wp:attachment":[{"href":"https:\/\/vitaminbutiken.com\/en\/wp-json\/wp\/v2\/media?parent=9655"}],"wp:term":[{"taxonomy":"product_brand","embeddable":true,"href":"https:\/\/vitaminbutiken.com\/en\/wp-json\/wp\/v2\/product_brand?post=9655"},{"taxonomy":"product_cat","embeddable":true,"href":"https:\/\/vitaminbutiken.com\/en\/wp-json\/wp\/v2\/product_cat?post=9655"},{"taxonomy":"product_tag","embeddable":true,"href":"https:\/\/vitaminbutiken.com\/en\/wp-json\/wp\/v2\/product_tag?post=9655"}],"curies":[{"name":"wp","href":"https:\/\/api.w.org\/{rel}","templated":true}]}}