{"id":9643,"date":"2025-03-19T16:05:05","date_gmt":"2025-03-19T14:05:05","guid":{"rendered":"https:\/\/vitaminbutiken.multi.fi\/?post_type=product&#038;p=9643"},"modified":"2026-03-30T14:30:11","modified_gmt":"2026-03-30T12:30:11","slug":"cordyceps","status":"publish","type":"product","link":"https:\/\/vitaminbutiken.com\/en\/produkt\/cordyceps\/","title":{"rendered":"Cordyceps, 50g"},"content":{"rendered":"<p>Cordyceps \u00e4r ett sl\u00e4kte av ascomycetesvampar (s\u00e4cksvampar) som omfattar cirka 600 arter.<\/p>\n<p data-start=\"0\" data-end=\"132\">Cordyceps anv\u00e4nds f\u00f6r energi, uth\u00e5llighet och \u00e5terh\u00e4mtning.<\/p>\n<ul data-start=\"481\" data-end=\"583\">\n<li data-start=\"160\" data-end=\"202\">\n<p data-start=\"162\" data-end=\"202\">Kan \u00f6ka <strong data-start=\"170\" data-end=\"202\">energiniv\u00e5er och uth\u00e5llighet<\/strong><\/p>\n<\/li>\n<li data-start=\"262\" data-end=\"304\">\n<p data-start=\"264\" data-end=\"304\">Popul\u00e4r bland idrottare och vid tr\u00f6tthet<\/p>\n<\/li>\n<li data-start=\"481\" data-end=\"545\">\n<p data-start=\"483\" data-end=\"545\">Har <strong data-start=\"487\" data-end=\"512\">adaptogena egenskaper<\/strong> \u2192 hj\u00e4lper kroppen hantera stress<\/p>\n<\/li>\n<li data-start=\"546\" data-end=\"583\">\n<p data-start=\"548\" data-end=\"583\">St\u00f6djer ett balanserat immunf\u00f6rsvar<\/p>\n<\/li>\n<li data-start=\"616\" data-end=\"659\">\n<p data-start=\"618\" data-end=\"659\">Kan bidra till b\u00e4ttre <strong data-start=\"640\" data-end=\"659\">blodcirkulation<\/strong><\/p>\n<\/li>\n<li data-start=\"660\" data-end=\"739\">\n<p data-start=\"662\" data-end=\"739\">Har traditionellt anv\u00e4nts f\u00f6r libido och vitalitet (hos b\u00e5de m\u00e4n och kvinnor)<\/p>\n<\/li>\n<li data-start=\"762\" data-end=\"829\">\n<p data-start=\"764\" data-end=\"829\">Kan ge b\u00e4ttre <strong data-start=\"778\" data-end=\"796\">mental klarhet<\/strong> och minska k\u00e4nslan av utmattning<\/p>\n<\/li>\n<\/ul>\n<p><strong>Dosering:<\/strong> 1 kryddm\u00e5tt per dag.<\/p>\n<table style=\"height: 80px;\" border=\"1\" width=\"621\" cellspacing=\"0\" cellpadding=\"0\">\n<tbody>\n<tr>\n<td style=\"width: 35.6849%;\"><strong>1 kryddm\u00e5tt inneh\u00e5ller:<\/strong><\/td>\n<td style=\"width: 14.8815%;\"><strong>M\u00e4ngd<\/strong><\/td>\n<\/tr>\n<tr>\n<td style=\"width: 35.6849%;\">Cordyceps (cordyceps sinensis)<\/td>\n<td style=\"width: 14.8815%;\">400 mg*<\/td>\n<\/tr>\n<\/tbody>\n<\/table>\n<p><strong>*DRI (rekommenderat dagligt dos) saknas.<\/strong><\/p>\n<p><strong>Ingredienser:\u00a0 <\/strong>50 g cordyceps (pulver, cordyceps sinenesis).<\/p>\n<p>Rekommenderad daglig dos b\u00f6rj ej \u00f6verskridas.<br \/>\nKosttillskott ers\u00e4tter inte en varierad m\u00e5ltid.<br \/>\nProdukten f\u00f6rvaras o\u00e5tkomligt f\u00f6r sm\u00e5barn.<\/p>\n","protected":false},"excerpt":{"rendered":"<p>Cordyceps \u00e4r en naturlig svamp som m\u00e4nniskor har anv\u00e4nt i \u00e5rhundraden. Den har blivit popul\u00e4r f\u00f6r sina potentiella h\u00e4lsof\u00f6rdelar. Personer som k\u00f6per Cordyceps kan uppleva en \u00f6kad energi och f\u00f6rb\u00e4ttrad uth\u00e5llighet. Denna svamp kan ocks\u00e5 ha positiva effekter p\u00e5 immunsystemet.<\/p>\n<p><strong>50 g<\/strong><\/p>\n","protected":false},"featured_media":9728,"comment_status":"closed","ping_status":"closed","template":"","meta":{"_kad_blocks_custom_css":"","_kad_blocks_head_custom_js":"","_kad_blocks_body_custom_js":"","_kad_blocks_footer_custom_js":"","_kadence_starter_templates_imported_post":false,"_kad_post_transparent":"default","_kad_post_title":"","_kad_post_layout":"default","_kad_post_sidebar_id":"","_kad_post_content_style":"default","_kad_post_vertical_padding":"default","_kad_post_feature":"","_kad_post_feature_position":"","_kad_post_header":false,"_kad_post_footer":false,"_kad_post_classname":""},"product_brand":[],"product_cat":[1293,176,149],"product_tag":[1229],"class_list":{"0":"post-9643","1":"product","2":"type-product","3":"status-publish","4":"has-post-thumbnail","6":"product_cat-evp-nutrition","7":"product_cat-immunforsvar","8":"product_cat-orter","9":"product_tag-cordyceps","11":"first","12":"instock","13":"taxable","14":"shipping-taxable","15":"purchasable","16":"product-type-simple","17":"entry","18":"content-bg","19":"loop-entry"},"taxonomy_info":{"product_cat":[{"value":1293,"label":"EVP Nutrition"},{"value":176,"label":"Immunf\u00f6rsvar"},{"value":149,"label":"\u00d6rter"}],"product_tag":[{"value":1229,"label":"Cordyceps"}]},"featured_image_src_large":["https:\/\/vitaminbutiken.com\/wp-content\/uploads\/2025\/03\/cordyceps-1000x700.png",1000,700,true],"author_info":[],"comment_info":0,"_links":{"self":[{"href":"https:\/\/vitaminbutiken.com\/en\/wp-json\/wp\/v2\/product\/9643","targetHints":{"allow":["GET"]}}],"collection":[{"href":"https:\/\/vitaminbutiken.com\/en\/wp-json\/wp\/v2\/product"}],"about":[{"href":"https:\/\/vitaminbutiken.com\/en\/wp-json\/wp\/v2\/types\/product"}],"replies":[{"embeddable":true,"href":"https:\/\/vitaminbutiken.com\/en\/wp-json\/wp\/v2\/comments?post=9643"}],"wp:featuredmedia":[{"embeddable":true,"href":"https:\/\/vitaminbutiken.com\/en\/wp-json\/wp\/v2\/media\/9728"}],"wp:attachment":[{"href":"https:\/\/vitaminbutiken.com\/en\/wp-json\/wp\/v2\/media?parent=9643"}],"wp:term":[{"taxonomy":"product_brand","embeddable":true,"href":"https:\/\/vitaminbutiken.com\/en\/wp-json\/wp\/v2\/product_brand?post=9643"},{"taxonomy":"product_cat","embeddable":true,"href":"https:\/\/vitaminbutiken.com\/en\/wp-json\/wp\/v2\/product_cat?post=9643"},{"taxonomy":"product_tag","embeddable":true,"href":"https:\/\/vitaminbutiken.com\/en\/wp-json\/wp\/v2\/product_tag?post=9643"}],"curies":[{"name":"wp","href":"https:\/\/api.w.org\/{rel}","templated":true}]}}