{"id":9642,"date":"2025-03-19T16:05:05","date_gmt":"2025-03-19T14:05:05","guid":{"rendered":"https:\/\/vitaminbutiken.multi.fi\/?post_type=product&#038;p=9642"},"modified":"2026-04-04T10:05:45","modified_gmt":"2026-04-04T08:05:45","slug":"lions-mane","status":"publish","type":"product","link":"https:\/\/vitaminbutiken.com\/en\/produkt\/lions-mane\/","title":{"rendered":"Lions mane, 50g"},"content":{"rendered":"<p><strong>Lion\u00b4s mane<\/strong><\/p>\n<p>Hericium erinaceus (\u00e4ven kallad lions mane) \u00e4r en \u00e4tlig svamp som tillh\u00f6r tandsvampgruppen. Den \u00e4r f\u00f6rekommande i Nordamerika, Europa och Asien och kan den identifieras genom sina l\u00e5nga taggar (mer \u00e4n 1 cm l\u00e5nga). Fruktkropparna kan sk\u00f6rdas f\u00f6r kulinariskt bruk. Hericium erinaceus inneh\u00e5ller ett antal fytokemikalier, inklusive polysackarider, s\u00e5som \u03b2-glukan, samt hericenoner och erinaciner.<\/p>\n<p><strong><span style=\"vertical-align: inherit;\">Dosering:<\/span><\/strong><span style=\"vertical-align: inherit;\"> Ett kryddm\u00e5tt per dag.<\/span><\/p>\n<p><span style=\"vertical-align: inherit;\">1 kryddm\u00e5tt inneh\u00e5ller:<\/span><\/p>\n<table style=\"height: 80px;\" border=\"1\" width=\"600\" cellspacing=\"0\" cellpadding=\"0\">\n<tbody>\n<tr>\n<td style=\"width: 71.8944%;\"><strong><span style=\"vertical-align: inherit;\">\u00c4mne<\/span><\/strong><\/td>\n<td style=\"width: 28.4491%;\"><strong><span style=\"vertical-align: inherit;\">Dos<\/span><\/strong><\/td>\n<td style=\"width: 28.4491%;\"><strong><span style=\"vertical-align: inherit;\">%DRI*\u00a0\u00a0<\/span><\/strong><\/td>\n<\/tr>\n<tr>\n<td style=\"width: 71.8944%;\"><span style=\"vertical-align: inherit;\">Lion&#8217;s Mane (hericum erinaceus)<\/span><\/td>\n<td style=\"width: 28.4491%;\"><span style=\"vertical-align: inherit;\">600 mg<\/span><\/td>\n<td style=\"width: 28.4491%;\"><strong><span style=\"vertical-align: inherit;\">**<\/span><\/strong><\/td>\n<\/tr>\n<\/tbody>\n<\/table>\n<p><strong><span style=\"vertical-align: inherit;\">**DRI (dagligt referensintag) ej fastst\u00e4llt.<\/span><\/strong><\/p>\n<p><strong><span style=\"vertical-align: inherit;\">Ingredienser:<\/span><\/strong><span style=\"vertical-align: inherit;\"> 50 gram Lion&#8217;s mane (fruit body extract, hericum erinaceus).<\/span><\/p>\n<p>Rekommenderad daglig dos b\u00f6r ej \u00f6verskridas.<br \/>\nKosttillskott ers\u00e4tter inte en varierad kost.<br \/>\nProdukten f\u00f6rvaras o\u00e5tkomligt f\u00f6r sm\u00e5 barn.<\/p>\n","protected":false},"excerpt":{"rendered":"<p><span style=\"vertical-align: inherit;\"><span style=\"vertical-align: inherit;\">Lion\u00b4s mane kan ge en f\u00f6rb\u00e4ttrad koncentration och mentalt fokus. Svampen har ocks\u00e5 anv\u00e4nts f\u00f6r att st\u00f6dja en balanserad mental h\u00e4lsa och en naturlig kognitiv funktion.\u00a0<\/span><\/span><\/p>\n<p><strong><span style=\"vertical-align: inherit;\"><span style=\"vertical-align: inherit;\">50 g<\/span><\/span><\/strong><\/p>\n","protected":false},"featured_media":500103760,"comment_status":"closed","ping_status":"closed","template":"","meta":{"_kad_blocks_custom_css":"","_kad_blocks_head_custom_js":"","_kad_blocks_body_custom_js":"","_kad_blocks_footer_custom_js":"","_kadence_starter_templates_imported_post":false,"_kad_post_transparent":"default","_kad_post_title":"","_kad_post_layout":"default","_kad_post_sidebar_id":"","_kad_post_content_style":"default","_kad_post_vertical_padding":"default","_kad_post_feature":"","_kad_post_feature_position":"","_kad_post_header":false,"_kad_post_footer":false,"_kad_post_classname":""},"product_brand":[],"product_cat":[1293,176,149],"product_tag":[1228],"class_list":{"0":"post-9642","1":"product","2":"type-product","3":"status-publish","4":"has-post-thumbnail","6":"product_cat-evp-nutrition","7":"product_cat-immunforsvar","8":"product_cat-orter","9":"product_tag-lions-mane","11":"first","12":"instock","13":"taxable","14":"shipping-taxable","15":"purchasable","16":"product-type-simple","17":"entry","18":"content-bg","19":"loop-entry"},"taxonomy_info":{"product_cat":[{"value":1293,"label":"EVP Nutrition"},{"value":176,"label":"Immunf\u00f6rsvar"},{"value":149,"label":"\u00d6rter"}],"product_tag":[{"value":1228,"label":"Lion\u00b4s mane"}]},"featured_image_src_large":["https:\/\/vitaminbutiken.com\/wp-content\/uploads\/2025\/03\/Lions-Mane-Photoroom-e1771312744351-867x700.png",867,700,true],"author_info":[],"comment_info":0,"_links":{"self":[{"href":"https:\/\/vitaminbutiken.com\/en\/wp-json\/wp\/v2\/product\/9642","targetHints":{"allow":["GET"]}}],"collection":[{"href":"https:\/\/vitaminbutiken.com\/en\/wp-json\/wp\/v2\/product"}],"about":[{"href":"https:\/\/vitaminbutiken.com\/en\/wp-json\/wp\/v2\/types\/product"}],"replies":[{"embeddable":true,"href":"https:\/\/vitaminbutiken.com\/en\/wp-json\/wp\/v2\/comments?post=9642"}],"wp:featuredmedia":[{"embeddable":true,"href":"https:\/\/vitaminbutiken.com\/en\/wp-json\/wp\/v2\/media\/500103760"}],"wp:attachment":[{"href":"https:\/\/vitaminbutiken.com\/en\/wp-json\/wp\/v2\/media?parent=9642"}],"wp:term":[{"taxonomy":"product_brand","embeddable":true,"href":"https:\/\/vitaminbutiken.com\/en\/wp-json\/wp\/v2\/product_brand?post=9642"},{"taxonomy":"product_cat","embeddable":true,"href":"https:\/\/vitaminbutiken.com\/en\/wp-json\/wp\/v2\/product_cat?post=9642"},{"taxonomy":"product_tag","embeddable":true,"href":"https:\/\/vitaminbutiken.com\/en\/wp-json\/wp\/v2\/product_tag?post=9642"}],"curies":[{"name":"wp","href":"https:\/\/api.w.org\/{rel}","templated":true}]}}