{"id":9632,"date":"2025-03-19T16:04:40","date_gmt":"2025-03-19T14:04:40","guid":{"rendered":"https:\/\/vitaminbutiken.multi.fi\/?post_type=product&#038;p=9632"},"modified":"2026-04-08T18:36:47","modified_gmt":"2026-04-08T16:36:47","slug":"inositol-synergos","status":"publish","type":"product","link":"https:\/\/vitaminbutiken.com\/en\/produkt\/inositol-synergos\/","title":{"rendered":"Inositol &#8211; Synergos"},"content":{"rendered":"<p>Inositol Synergos \u00e4r ett avancerat kosttillskott som bygger p\u00e5 synergi- och bredspektrumprincipen. Varje tablett ger 300 mg inositol tillsammans med en rad inositolsynergister.<\/p>\n<p><span style=\"font-weight: 400;\"><strong>Dosering:<\/strong> 1 tablett 2 ggr\/dag i samband med m\u00e5ltid.<\/span><\/p>\n<table style=\"height: 80px;\" border=\"1\" width=\"600\" cellspacing=\"0\" cellpadding=\"0\">\n<tbody>\n<tr style=\"height: 25px;\">\n<td style=\"width: 20.8486%; height: 25px;\"><strong>2 tabletter inneh\u00e5ller<\/strong><\/td>\n<td style=\"width: 18.8902%; height: 25px;\"><strong>M\u00e4ngd<\/strong><\/td>\n<td style=\"width: 15.9527%; height: 25px;\"><strong>%DRI*<\/strong><\/td>\n<\/tr>\n<tr style=\"height: 25px;\">\n<td style=\"width: 20.8486%; height: 25px;\">Tiamin(B1)<\/td>\n<td style=\"width: 18.8902%; height: 25px;\">10 mg<\/td>\n<td style=\"width: 15.9527%; height: 25px;\">910 %<\/td>\n<\/tr>\n<tr style=\"height: 25px;\">\n<td style=\"width: 20.8486%; height: 25px;\">Riboflavin(B2)<\/td>\n<td style=\"width: 18.8902%; height: 25px;\">10 mg<\/td>\n<td style=\"width: 15.9527%; height: 25px;\">714 %<\/td>\n<\/tr>\n<tr style=\"height: 25px;\">\n<td style=\"width: 20.8486%; height: 25px;\">Niacin(B3)<\/td>\n<td style=\"width: 18.8902%; height: 25px;\">60 mg<\/td>\n<td style=\"width: 15.9527%; height: 25px;\">374 %<\/td>\n<\/tr>\n<tr style=\"height: 25px;\">\n<td style=\"width: 20.8486%; height: 25px;\">Pantotensyra (B5)<\/td>\n<td style=\"width: 18.8902%; height: 25px;\">40 mg<\/td>\n<td style=\"width: 15.9527%; height: 25px;\">666 %<\/td>\n<\/tr>\n<tr style=\"height: 25px;\">\n<td style=\"width: 20.8486%; height: 25px;\">Vitamin B6<\/td>\n<td style=\"width: 18.8902%; height: 25px;\">10 mg<\/td>\n<td style=\"width: 15.9527%; height: 25px;\">714 %<\/td>\n<\/tr>\n<tr style=\"height: 25px;\">\n<td style=\"width: 20.8486%; height: 25px;\">Vitamin B12<\/td>\n<td style=\"width: 18.8902%; height: 25px;\">100 \u00b5g<\/td>\n<td style=\"width: 15.9527%; height: 25px;\">4000 %<\/td>\n<\/tr>\n<tr style=\"height: 25px;\">\n<td style=\"width: 20.8486%; height: 25px;\">Folsyra<\/td>\n<td style=\"width: 18.8902%; height: 25px;\">80 \u00b5g<\/td>\n<td style=\"width: 15.9527%; height: 25px;\">40 %<\/td>\n<\/tr>\n<tr style=\"height: 25px;\">\n<td style=\"width: 20.8486%; height: 25px;\">Biotin<\/td>\n<td style=\"width: 18.8902%; height: 25px;\">60 \u00b5g<\/td>\n<td style=\"width: 15.9527%; height: 25px;\">120 %<\/td>\n<\/tr>\n<tr style=\"height: 25px;\">\n<td style=\"width: 20.8486%; height: 25px;\">Kolin<\/td>\n<td style=\"width: 18.8902%; height: 25px;\">100 mg<\/td>\n<td style=\"width: 15.9527%; height: 25px;\">**<\/td>\n<\/tr>\n<tr style=\"height: 25px;\">\n<td style=\"width: 20.8486%; height: 25px;\">PABA<\/td>\n<td style=\"width: 18.8902%; height: 25px;\">50 mg<\/td>\n<td style=\"width: 15.9527%; height: 25px;\">**<\/td>\n<\/tr>\n<tr style=\"height: 25px;\">\n<td style=\"width: 20.8486%; height: 25px;\">Inositol<\/td>\n<td style=\"width: 18.8902%; height: 25px;\">600 mg<\/td>\n<td style=\"width: 15.9527%; height: 25px;\">**<\/td>\n<\/tr>\n<tr>\n<td style=\"width: 20.8486%;\">Zink<\/td>\n<td style=\"width: 18.8902%;\">6 mg<\/td>\n<td style=\"width: 15.9527%;\">60 %<\/td>\n<\/tr>\n<\/tbody>\n<\/table>\n<p><strong>*DRI \u00e4r dagligt referensintag. **DRI ej fastst\u00e4llt.<\/strong><\/p>\n<p><strong>Ingredienser:<\/strong> Inositol, fyllnadsmedel (dikalciumfosfat, mikrokristallin cellulosa), kolin (L-kolinbitartrat), fyllnadsmedel (stearinsyra), B3-vitamin (nikotinamid), PABA (p-aminobensoesyra), B5-vitamin (kalcium-D-pantotenat), anti-klumpmedel (magnesiumsalter av fettsyror), zink (zinksitraat), tiamin (tiaminmononitrat), B6-vitamin (pyridoxinhydroklorid), B2-vitamin (riboflavin), B12-vitamin (cyanokobalamin), folsyra (pteroylmonoglutaminsyra), biotin (D-biotin).<\/p>\n<p><span style=\"font-weight: 400;\">Rekommenderad daglig dos b\u00f6r ej \u00f6verskridas.<br \/>\nKosttillskott ers\u00e4tter inte en varierad kost.<br \/>\nProdukter f\u00f6rvaras o\u00e5tkomligt f\u00f6r sm\u00e5barn.<\/span><\/p>\n","protected":false},"excerpt":{"rendered":"<p>Inositol Synergos \u00e4r ett avancerat kosttillskott som bygger p\u00e5 synergi- och bredspektrumprincipen.<\/p>\n<p><strong>60 tabletter<\/strong><\/p>\n","protected":false},"featured_media":9718,"comment_status":"open","ping_status":"closed","template":"","meta":{"_kad_blocks_custom_css":"","_kad_blocks_head_custom_js":"","_kad_blocks_body_custom_js":"","_kad_blocks_footer_custom_js":"","_kadence_starter_templates_imported_post":false,"_kad_post_transparent":"default","_kad_post_title":"","_kad_post_layout":"default","_kad_post_sidebar_id":"","_kad_post_content_style":"default","_kad_post_vertical_padding":"default","_kad_post_feature":"","_kad_post_feature_position":"","_kad_post_header":false,"_kad_post_footer":false,"_kad_post_classname":""},"product_brand":[],"product_cat":[348,2806,1307,155],"product_tag":[1225,710,285,221,229,234,235],"class_list":{"0":"post-9632","1":"product","2":"type-product","3":"status-publish","4":"has-post-thumbnail","6":"product_cat-b-vitamin","7":"product_cat-multi-vitamin","8":"product_cat-synergos","9":"product_cat-vitaminer","10":"product_tag-antioxidant-inositol-synergos","11":"product_tag-inositol","12":"product_tag-kosttillskott","13":"product_tag-naturtillskott","14":"product_tag-starka-immunforsvar","15":"product_tag-vitamin","16":"product_tag-vitaminer","18":"first","19":"instock","20":"taxable","21":"shipping-taxable","22":"purchasable","23":"product-type-simple","24":"entry","25":"content-bg","26":"loop-entry"},"taxonomy_info":{"product_cat":[{"value":348,"label":"B-vitamin"},{"value":2806,"label":"Multi-vitamin"},{"value":1307,"label":"Synergos"},{"value":155,"label":"Vitaminer"}],"product_tag":[{"value":1225,"label":"antioxidant inositol synergos"},{"value":710,"label":"inositol"},{"value":285,"label":"kosttillskott"},{"value":221,"label":"naturtillskott"},{"value":229,"label":"st\u00e4rka immunf\u00f6rsvar"},{"value":234,"label":"vitamin"},{"value":235,"label":"vitaminer"}]},"featured_image_src_large":["https:\/\/vitaminbutiken.com\/wp-content\/uploads\/2025\/03\/Inositol-synergos-1440x700.png",1440,700,true],"author_info":[],"comment_info":0,"_links":{"self":[{"href":"https:\/\/vitaminbutiken.com\/en\/wp-json\/wp\/v2\/product\/9632","targetHints":{"allow":["GET"]}}],"collection":[{"href":"https:\/\/vitaminbutiken.com\/en\/wp-json\/wp\/v2\/product"}],"about":[{"href":"https:\/\/vitaminbutiken.com\/en\/wp-json\/wp\/v2\/types\/product"}],"replies":[{"embeddable":true,"href":"https:\/\/vitaminbutiken.com\/en\/wp-json\/wp\/v2\/comments?post=9632"}],"wp:featuredmedia":[{"embeddable":true,"href":"https:\/\/vitaminbutiken.com\/en\/wp-json\/wp\/v2\/media\/9718"}],"wp:attachment":[{"href":"https:\/\/vitaminbutiken.com\/en\/wp-json\/wp\/v2\/media?parent=9632"}],"wp:term":[{"taxonomy":"product_brand","embeddable":true,"href":"https:\/\/vitaminbutiken.com\/en\/wp-json\/wp\/v2\/product_brand?post=9632"},{"taxonomy":"product_cat","embeddable":true,"href":"https:\/\/vitaminbutiken.com\/en\/wp-json\/wp\/v2\/product_cat?post=9632"},{"taxonomy":"product_tag","embeddable":true,"href":"https:\/\/vitaminbutiken.com\/en\/wp-json\/wp\/v2\/product_tag?post=9632"}],"curies":[{"name":"wp","href":"https:\/\/api.w.org\/{rel}","templated":true}]}}